{"id":9748,"date":"2025-05-23T14:58:32","date_gmt":"2025-05-23T07:58:32","guid":{"rendered":"https:\/\/hibucenter.com\/index.php\/js-asakashi-loc-gio-dieu-hoa-ac408j-danh-cho-xe-mazda2-cx3-xuat-xu-nhat\/"},"modified":"2025-05-28T14:18:57","modified_gmt":"2025-05-28T07:18:57","slug":"js-asakashi-loc-gio-dieu-hoa-ac408j-danh-cho-xe-mazda2-cx3-xuat-xu-nhat","status":"publish","type":"product","link":"https:\/\/hibucenter.com\/index.php\/js-asakashi-loc-gio-dieu-hoa-ac408j-danh-cho-xe-mazda2-cx3-xuat-xu-nhat\/","title":{"rendered":"JS ASAKASHI L\u1ecdc Gi\u00f3 \u0110i\u1ec1u H\u00f2a AC408J D\u00e0nh Cho xe Mazda2, CX3 &#8211; Xu\u1ea5t x\u1ee9 Nh\u1eadt"},"content":{"rendered":"<p>L\u1ecdc Gi\u00f3 \u0110i\u1ec3u H\u00f2a JS ASAKASHI AC408J D\u00e0nh Cho xe Mazda2, CX3 &#8211; Xu\u1ea5t x\u1ee9 Nh\u1eadt<\/p>\n<p>  L\u01afU \u00dd : Qu\u00fd kh\u00e1ch h\u00e0ng vui l\u00f2ng li\u00ean h\u1ec7 cho shop qua c\u00f4ng c\u1ee5 chat c\u1ee7a shopee tr\u01b0\u1edbc khi mua h\u00e0ng \u0111\u1ec3 \u0111\u01b0\u1ee3c nh\u00e2n vi\u00ean k\u1ef9 thu\u1eadt t\u01b0 v\u1ea5n h\u1ed7 tr\u1ee3 nh\u00e9. Tr\u00e1nh tr\u01b0\u1eddng h\u1ee3p \u0111\u1eb7t sai m\u00e3 sai k\u00edch th\u01b0\u1edbc \u1ea1 . Xin c\u1ea3m \u01a1n !!<\/p>\n<p>< > TH\u00d4NG TIN S\u1ea2N PH\u1ea8M:<br \/>\n&#8211; Nh\u00e0 s\u1ea3n xu\u1ea5t\tJS Asakashi<br \/>\n&#8211; Xu\u1ea5t x\u1ee9: Nh\u1eadt B\u1ea3n<br \/>\n&#8211; M\u00e3 s\u1ea3n ph\u1ea9m: \tAC408J<br \/>\n&#8211; K\u00edch th\u01b0\u1edbc (DxRxC): 203 (mm) x 200 (mm) x 22 (mm)<\/p>\n<p>https:\/\/cf.shopee.vn\/file\/vn-11134208-7r98o-lo2ddcway0sa07<br \/>\nhttps:\/\/cf.shopee.vn\/file\/vn-11134208-7r98o-lo2ddcway0vha1<br \/>\n\u1ee8ng D\u1ee5ng Thay Th\u1ebf :     MAZDA 2 ( 14 &#8211;  ), CX-3 ( 18- )<\/p>\n<p>MAZDA D09V-V9-030<br \/>\nMAZDA D09W-61-J6X<\/p>\n<p>#loc_gio_dieu_hoa_mazda2#loc_gio_may_lanh_mazda2<br \/>\n#loc_gio_dieu_hoa_mazda_cx3#loc_gio_may_lanh_mazda_cx3<br \/>\n#AC408J#cx_3#js_asakashi<\/p>\n","protected":false},"excerpt":{"rendered":"<p>L\u1ecdc Gi\u00f3 \u0110i\u1ec3u H\u00f2a JS ASAKASHI AC408J D\u00e0nh Cho xe Mazda2, CX3 &#8211; Xu\u1ea5t x\u1ee9 Nh\u1eadt L\u01afU \u00dd : Qu\u00fd kh\u00e1ch h\u00e0ng vui l\u00f2ng li\u00ean h\u1ec7 cho shop qua c\u00f4ng c\u1ee5 chat c\u1ee7a shopee tr\u01b0\u1edbc khi mua h\u00e0ng \u0111\u1ec3 \u0111\u01b0\u1ee3c nh\u00e2n vi\u00ean k\u1ef9 thu\u1eadt t\u01b0 v\u1ea5n h\u1ed7 tr\u1ee3 nh\u00e9. Tr\u00e1nh tr\u01b0\u1eddng h\u1ee3p \u0111\u1eb7t sai m\u00e3&hellip;<\/p>\n","protected":false},"featured_media":9752,"comment_status":"closed","ping_status":"open","template":"","meta":[],"product_cat":[117,95],"product_tag":[],"class_list":{"0":"post-9748","1":"product","2":"type-product","3":"status-publish","4":"has-post-thumbnail","6":"product_brand-js-asakashi","7":"product_cat-cham-soc-o-to-xe-hoi","8":"product_cat-san-pham","10":"first","11":"instock","12":"product-type-simple","13":"col-xs-6 col-sm-4","14":"col-md-3 col-lg-3","15":"un-4-cols"},"_links":{"self":[{"href":"https:\/\/hibucenter.com\/index.php\/wp-json\/wp\/v2\/product\/9748","targetHints":{"allow":["GET"]}}],"collection":[{"href":"https:\/\/hibucenter.com\/index.php\/wp-json\/wp\/v2\/product"}],"about":[{"href":"https:\/\/hibucenter.com\/index.php\/wp-json\/wp\/v2\/types\/product"}],"replies":[{"embeddable":true,"href":"https:\/\/hibucenter.com\/index.php\/wp-json\/wp\/v2\/comments?post=9748"}],"version-history":[{"count":1,"href":"https:\/\/hibucenter.com\/index.php\/wp-json\/wp\/v2\/product\/9748\/revisions"}],"predecessor-version":[{"id":9751,"href":"https:\/\/hibucenter.com\/index.php\/wp-json\/wp\/v2\/product\/9748\/revisions\/9751"}],"wp:featuredmedia":[{"embeddable":true,"href":"https:\/\/hibucenter.com\/index.php\/wp-json\/wp\/v2\/media\/9752"}],"wp:attachment":[{"href":"https:\/\/hibucenter.com\/index.php\/wp-json\/wp\/v2\/media?parent=9748"}],"wp:term":[{"taxonomy":"product_cat","embeddable":true,"href":"https:\/\/hibucenter.com\/index.php\/wp-json\/wp\/v2\/product_cat?post=9748"},{"taxonomy":"product_tag","embeddable":true,"href":"https:\/\/hibucenter.com\/index.php\/wp-json\/wp\/v2\/product_tag?post=9748"}],"curies":[{"name":"wp","href":"https:\/\/api.w.org\/{rel}","templated":true}]}}