{"id":9690,"date":"2025-05-23T14:58:32","date_gmt":"2025-05-23T07:58:32","guid":{"rendered":"https:\/\/hibucenter.com\/index.php\/js-asakashi-loc-gio-may-lanh-than-hoat-tinh-ac8503c-honda-city-civic-hrv-crv\/"},"modified":"2025-05-28T14:18:57","modified_gmt":"2025-05-28T07:18:57","slug":"js-asakashi-loc-gio-may-lanh-than-hoat-tinh-ac8503c-honda-city-civic-hrv-crv","status":"publish","type":"product","link":"https:\/\/hibucenter.com\/index.php\/js-asakashi-loc-gio-may-lanh-than-hoat-tinh-ac8503c-honda-city-civic-hrv-crv\/","title":{"rendered":"JS ASAKASHI L\u1ecdc Gi\u00f3 M\u00e1y L\u1ea1nh Than Ho\u1ea1t T\u00ednh AC8503C | Honda City, Civic, HRV, CRV"},"content":{"rendered":"<p>L\u1ecdc Gi\u00f3 M\u00e1y L\u1ea1nh Than Ho\u1ea1t T\u00ednh JS ASAKASHI AC8503C | Honda City (08 &#8211; ), Civic (16 &#8211; ), HRV (14 -), CRV (17 &#8211; )..<\/p>\n<p>  L\u01afU \u00dd : Qu\u00fd kh\u00e1ch h\u00e0ng vui l\u00f2ng li\u00ean h\u1ec7 cho shop qua c\u00f4ng c\u1ee5 chat c\u1ee7a shopee tr\u01b0\u1edbc khi mua h\u00e0ng \u0111\u1ec3 \u0111\u01b0\u1ee3c nh\u00e2n vi\u00ean k\u1ef9 thu\u1eadt t\u01b0 v\u1ea5n h\u1ed7 tr\u1ee3 nh\u00e9. Tr\u00e1nh tr\u01b0\u1eddng h\u1ee3p \u0111\u1eb7t sai m\u00e3 sai k\u00edch th\u01b0\u1edbc \u1ea1!! Xin c\u1ea3m \u01a1n !!<\/p>\n<p> TH\u00d4NG TIN S\u1ea2N PH\u1ea8M:<br \/>\n&#8211; Nh\u00e0 s\u1ea3n xu\u1ea5t\tJS Asakashi<br \/>\n&#8211; Xu\u1ea5t x\u1ee9: Nh\u1eadt B\u1ea3n<br \/>\n&#8211; M\u00e3 s\u1ea3n ph\u1ea9m: \tAC8503C<br \/>\n&#8211; K\u00edch th\u01b0\u1edbc: 210 (mm) x 205 (mm) x 30 (mm)<\/p>\n<p>  \u1ee8NG D\u1ee4NG:<br \/>\nHONDA\u00a0\u00bb\u00a0City ( 2008 &#8211; 2011) \/ ( 2017 &#8211; )<br \/>\nHONDA\u00a0\u00bb\u00a0Jazz ( 08 &#8211; 11)<br \/>\nHONDA\u00a0\u00bb\u00a0Civic ( 2016 ~ )<br \/>\nHONDA\u00a0\u00bb\u00a0HR-V (2014 ~ )<br \/>\nHONDA\u00a0\u00bb\u00a0CR-V (2017 ~ )<br \/>\nHONDA\u00a0\u00bb\u00a0BR-V (2016 ~ )<br \/>\nHONDA\u00a0\u00bb\u00a0Brio (2018 ~ )<\/p>\n<p>https:\/\/cf.shopee.vn\/file\/vn-11134208-7r98o-lswgpfv89q55c4<\/p>\n<p>https:\/\/cf.shopee.vn\/file\/sg-11134202-22120-nchvhsi5gvkv52<\/p>\n<p>  \u0110\u1eb7c t\u00ednh k\u1ef9 thu\u1eadt s\u1ea3n ph\u1ea9m:<br \/>\n    \u00a0\u2666\u00a0\u00a0B\u1ea3o v\u1ec7 h\u00e0nh kh\u00e1ch trong xe kh\u1ecfi c\u00e1c ch\u1ea5t b\u1ee5i b\u1ea9n trong kh\u00f4ng kh\u00ed.<br \/>\n\u00a0\u00a0\u00a0\u00a0\u00a0\u2666\u00a0\u00a0Ng\u0103n ch\u1eb7n kh\u00ed \u0111\u1ed9c, m\u00f9i kh\u00f3 ch\u1ecbu, hi\u1ec7n t\u01b0\u1ee3ng d\u1ecb \u1ee9ng nh\u1edd c\u1ea5u t\u1ea1o b\u1eb1ng than ho\u1ea1t t\u00ednh.<br \/>\n\u00a0\u00a0\u00a0\u00a0\u00a0\u2666\u00a0\u00a0B\u1ea3o v\u1ec7 h\u1ec7 th\u1ed1ng \u0111i\u1ec1u h\u00f2a nhi\u1ec7t \u0111\u1ed9.<br \/>\n\u00a0<br \/>\n\u00a0\u00a0\u00a0\u00a0\u00a0\u25ba\u00a0Thay m\u1edbi l\u1ecdc gi\u00f3 \u0111i\u1ec1u h\u00f2a m\u1ed7i 15.000 km ho\u1eb7c m\u1ed7i n\u0103m.<\/p>\n<p>#loc_dieu_hoa #loc_may_lanh #ac8503c #js_asakashi<br \/>\n#loc_gio_may_lanh_honda_city #loc_dieu_hoa_honda_city #loc_dieu_hoa_ac8503c<br \/>\n#hibucenter<\/p>\n","protected":false},"excerpt":{"rendered":"<p>L\u1ecdc Gi\u00f3 M\u00e1y L\u1ea1nh Than Ho\u1ea1t T\u00ednh JS ASAKASHI AC8503C | Honda City (08 &#8211; ), Civic (16 &#8211; ), HRV (14 -), CRV (17 &#8211; ).. L\u01afU \u00dd : Qu\u00fd kh\u00e1ch h\u00e0ng vui l\u00f2ng li\u00ean h\u1ec7 cho shop qua c\u00f4ng c\u1ee5 chat c\u1ee7a shopee tr\u01b0\u1edbc khi mua h\u00e0ng \u0111\u1ec3 \u0111\u01b0\u1ee3c nh\u00e2n vi\u00ean k\u1ef9 thu\u1eadt&hellip;<\/p>\n","protected":false},"featured_media":9694,"comment_status":"closed","ping_status":"open","template":"","meta":[],"product_cat":[117,95],"product_tag":[],"class_list":{"0":"post-9690","1":"product","2":"type-product","3":"status-publish","4":"has-post-thumbnail","6":"product_brand-js-asakashi","7":"product_cat-cham-soc-o-to-xe-hoi","8":"product_cat-san-pham","10":"first","11":"instock","12":"product-type-simple","13":"col-xs-6 col-sm-4","14":"col-md-3 col-lg-3","15":"un-4-cols"},"_links":{"self":[{"href":"https:\/\/hibucenter.com\/index.php\/wp-json\/wp\/v2\/product\/9690","targetHints":{"allow":["GET"]}}],"collection":[{"href":"https:\/\/hibucenter.com\/index.php\/wp-json\/wp\/v2\/product"}],"about":[{"href":"https:\/\/hibucenter.com\/index.php\/wp-json\/wp\/v2\/types\/product"}],"replies":[{"embeddable":true,"href":"https:\/\/hibucenter.com\/index.php\/wp-json\/wp\/v2\/comments?post=9690"}],"version-history":[{"count":1,"href":"https:\/\/hibucenter.com\/index.php\/wp-json\/wp\/v2\/product\/9690\/revisions"}],"predecessor-version":[{"id":9693,"href":"https:\/\/hibucenter.com\/index.php\/wp-json\/wp\/v2\/product\/9690\/revisions\/9693"}],"wp:featuredmedia":[{"embeddable":true,"href":"https:\/\/hibucenter.com\/index.php\/wp-json\/wp\/v2\/media\/9694"}],"wp:attachment":[{"href":"https:\/\/hibucenter.com\/index.php\/wp-json\/wp\/v2\/media?parent=9690"}],"wp:term":[{"taxonomy":"product_cat","embeddable":true,"href":"https:\/\/hibucenter.com\/index.php\/wp-json\/wp\/v2\/product_cat?post=9690"},{"taxonomy":"product_tag","embeddable":true,"href":"https:\/\/hibucenter.com\/index.php\/wp-json\/wp\/v2\/product_tag?post=9690"}],"curies":[{"name":"wp","href":"https:\/\/api.w.org\/{rel}","templated":true}]}}