{"id":9680,"date":"2025-05-23T14:58:32","date_gmt":"2025-05-23T07:58:32","guid":{"rendered":"https:\/\/hibucenter.com\/index.php\/js-asakashi-loc-gio-dong-co-a1536-xe-toyota-cross-2022-auris-camry-venza-suzuki-across\/"},"modified":"2025-05-28T14:18:57","modified_gmt":"2025-05-28T07:18:57","slug":"js-asakashi-loc-gio-dong-co-a1536-xe-toyota-cross-2022-auris-camry-venza-suzuki-across","status":"publish","type":"product","link":"https:\/\/hibucenter.com\/index.php\/js-asakashi-loc-gio-dong-co-a1536-xe-toyota-cross-2022-auris-camry-venza-suzuki-across\/","title":{"rendered":"JS ASAKASHI L\u1ecdc Gi\u00f3 \u0110\u1ed9ng C\u01a1 A1536 Xe Toyota Cross 2022\/ Auris\/ Camry\/ Venza, Suzuki Across,&#8230;"},"content":{"rendered":"<p>L\u1ecdc Gi\u00f3 \u0110\u1ed9ng C\u01a1 AJS ASAKASHI Nh\u1eadt A1536 Xe Toyota Cross 2022\/ Auris\/ Camry\/ Venza, Suzuki Across, Lexus ES300H\/UX200,&#8230;<\/p>\n<p>  L\u01afU \u00dd : Qu\u00fd kh\u00e1ch h\u00e0ng vui l\u00f2ng li\u00ean h\u1ec7 cho shop qua c\u00f4ng c\u1ee5 chat c\u1ee7a shopee tr\u01b0\u1edbc khi mua h\u00e0ng \u0111\u1ec3 \u0111\u01b0\u1ee3c nh\u00e2n vi\u00ean k\u1ef9 thu\u1eadt t\u01b0 v\u1ea5n h\u1ed7 tr\u1ee3 nh\u00e9. Tr\u00e1nh tr\u01b0\u1eddng h\u1ee3p \u0111\u1eb7t sai m\u00e3 sai k\u00edch th\u01b0\u1edbc \u1ea1!! Xin c\u1ea3m \u01a1n !!<\/p>\n<p>https:\/\/cf.shopee.vn\/file\/sg-11134202-22110-bgtum0p5lfkv41<br \/>\nSpecification<br \/>\nHeight 1 (mm): 37.5<br \/>\nWidth 1 (mm): 151<br \/>\nLength(mm): 269<br \/>\n&#8212;&#8212;&#8212;&#8212;&#8212;&#8212;-<\/p>\n<p>https:\/\/cf.shopee.vn\/file\/sg-11134202-22110-jau6xwy5lfkv4d<br \/>\nCross reference<br \/>\nSUZUKI: T1780-17705<br \/>\nTOYOTA: 17801-0T060<br \/>\nTOYOTA: 17801-77050<br \/>\nTOYOTA: 17801-77050-79<br \/>\nTOYOTA: 17801-F0020<br \/>\nTOYOTA: 17801-F0030<br \/>\nTOYOTA: 17801-F0040<br \/>\nTOYOTA: 17801-F2010<\/p>\n<p>https:\/\/cf.shopee.vn\/file\/sg-11134202-22110-8sg35s85lfkvab<br \/>\nLEXUS \u00a0 \u00bb \u00a0 ES300H<br \/>\nLEXUS \u00a0 \u00bb \u00a0 UX200<br \/>\nSUZUKI \u00a0 \u00bb \u00a0 Across<br \/>\nTOYOTA \u00a0 \u00bb \u00a0 86<br \/>\nTOYOTA \u00a0 \u00bb \u00a0 Allion<br \/>\nTOYOTA \u00a0 \u00bb \u00a0 Auris<br \/>\nTOYOTA \u00a0 \u00bb \u00a0 Avalon<br \/>\nTOYOTA \u00a0 \u00bb \u00a0 C-HR<br \/>\nTOYOTA \u00a0 \u00bb \u00a0 Camry<br \/>\nTOYOTA \u00a0 \u00bb \u00a0 Comfort<br \/>\nTOYOTA \u00a0 \u00bb \u00a0 Corolla<br \/>\nTOYOTA \u00a0 \u00bb \u00a0 Corolla Altis<br \/>\nTOYOTA \u00a0 \u00bb \u00a0 Corolla Cross<br \/>\nTOYOTA \u00a0 \u00bb \u00a0 Corolla HB<br \/>\nTOYOTA \u00a0 \u00bb \u00a0 Harrier<br \/>\nTOYOTA \u00a0 \u00bb \u00a0 Highlander<br \/>\nTOYOTA \u00a0 \u00bb \u00a0 Levin<br \/>\nTOYOTA \u00a0 \u00bb \u00a0 RAV 4<br \/>\nTOYOTA \u00a0 \u00bb \u00a0 RAV 4 PHV<br \/>\nTOYOTA \u00a0 \u00bb \u00a0 RAV 4 Prime<br \/>\nTOYOTA \u00a0 \u00bb \u00a0 Sienna<br \/>\nTOYOTA \u00a0 \u00bb \u00a0 Venza<br \/>\n\u00a0<br \/>\nhibucenter #jsasakashi#CabinFilterA1536 #JSAsakashi #ac1536#locasakashi<\/p>\n","protected":false},"excerpt":{"rendered":"<p>L\u1ecdc Gi\u00f3 \u0110\u1ed9ng C\u01a1 AJS ASAKASHI Nh\u1eadt A1536 Xe Toyota Cross 2022\/ Auris\/ Camry\/ Venza, Suzuki Across, Lexus ES300H\/UX200,&#8230; L\u01afU \u00dd : Qu\u00fd kh\u00e1ch h\u00e0ng vui l\u00f2ng li\u00ean h\u1ec7 cho shop qua c\u00f4ng c\u1ee5 chat c\u1ee7a shopee tr\u01b0\u1edbc khi mua h\u00e0ng \u0111\u1ec3 \u0111\u01b0\u1ee3c nh\u00e2n vi\u00ean k\u1ef9 thu\u1eadt t\u01b0 v\u1ea5n h\u1ed7 tr\u1ee3 nh\u00e9. Tr\u00e1nh tr\u01b0\u1eddng h\u1ee3p&hellip;<\/p>\n","protected":false},"featured_media":9685,"comment_status":"closed","ping_status":"open","template":"","meta":[],"product_cat":[117,95],"product_tag":[],"class_list":{"0":"post-9680","1":"product","2":"type-product","3":"status-publish","4":"has-post-thumbnail","6":"product_brand-js-asakashi","7":"product_cat-cham-soc-o-to-xe-hoi","8":"product_cat-san-pham","10":"first","11":"instock","12":"product-type-simple","13":"col-xs-6 col-sm-4","14":"col-md-3 col-lg-3","15":"un-4-cols"},"_links":{"self":[{"href":"https:\/\/hibucenter.com\/index.php\/wp-json\/wp\/v2\/product\/9680","targetHints":{"allow":["GET"]}}],"collection":[{"href":"https:\/\/hibucenter.com\/index.php\/wp-json\/wp\/v2\/product"}],"about":[{"href":"https:\/\/hibucenter.com\/index.php\/wp-json\/wp\/v2\/types\/product"}],"replies":[{"embeddable":true,"href":"https:\/\/hibucenter.com\/index.php\/wp-json\/wp\/v2\/comments?post=9680"}],"version-history":[{"count":1,"href":"https:\/\/hibucenter.com\/index.php\/wp-json\/wp\/v2\/product\/9680\/revisions"}],"predecessor-version":[{"id":9684,"href":"https:\/\/hibucenter.com\/index.php\/wp-json\/wp\/v2\/product\/9680\/revisions\/9684"}],"wp:featuredmedia":[{"embeddable":true,"href":"https:\/\/hibucenter.com\/index.php\/wp-json\/wp\/v2\/media\/9685"}],"wp:attachment":[{"href":"https:\/\/hibucenter.com\/index.php\/wp-json\/wp\/v2\/media?parent=9680"}],"wp:term":[{"taxonomy":"product_cat","embeddable":true,"href":"https:\/\/hibucenter.com\/index.php\/wp-json\/wp\/v2\/product_cat?post=9680"},{"taxonomy":"product_tag","embeddable":true,"href":"https:\/\/hibucenter.com\/index.php\/wp-json\/wp\/v2\/product_tag?post=9680"}],"curies":[{"name":"wp","href":"https:\/\/api.w.org\/{rel}","templated":true}]}}