{"id":9636,"date":"2025-05-23T14:58:32","date_gmt":"2025-05-23T07:58:32","guid":{"rendered":"https:\/\/hibucenter.com\/index.php\/loc-gio-dong-co-js-asakashi-a1019-danh-cho-xe-toyota-camry-2-0-2-4-lexus-es240-es250-es350\/"},"modified":"2025-05-28T14:18:57","modified_gmt":"2025-05-28T07:18:57","slug":"loc-gio-dong-co-js-asakashi-a1019-danh-cho-xe-toyota-camry-2-0-2-4-lexus-es240-es250-es350","status":"publish","type":"product","link":"https:\/\/hibucenter.com\/index.php\/loc-gio-dong-co-js-asakashi-a1019-danh-cho-xe-toyota-camry-2-0-2-4-lexus-es240-es250-es350\/","title":{"rendered":"L\u1ecdc Gi\u00f3 \u0110\u1ed9ng C\u01a1 JS ASAKASHI A1019 | D\u00e0nh Cho Xe Toyota Camry 2.0 \/ 2.4, Lexus ES240, ES250, ES350"},"content":{"rendered":"<p>L\u1ecdc Gi\u00f3 \u0110\u1ed9ng C\u01a1 JS ASAKASHI A1019 | D\u00e0nh Cho Xe Toyota Camry 2.0 \/ 2.4 (06-12), Lexus ES240, ES250, ES350 ..<\/p>\n<p> L\u01b0u \u00fd quan tr\u1ecdng  :<br \/>\n1. QU\u00dd KH\u00c1CH VUI L\u00d2NG \u0110O L\u1ea0I K\u00cdCH TH\u01af\u1edaC TR\u01af\u1edaC KHI \u0110\u1eb6T H\u00c0NG<br \/>\n2. HO\u1eb6C QU\u00dd KH\u00c1CH CUNG C\u1ea4P TH\u00d4NG TIN CHI TI\u1ebeT V\u1ec0 XE (NH\u00c3N HI\u1ec6U\/ MODEL \/ N\u0102M S\u1ea2N XU\u1ea4T) ho\u1eb7c CH\u1ee4P \u1ea2NH \u0110\u0102NG KI\u1ec2M G\u1eecI CHO SHOP \u0110\u1ec2 NH\u00c2N VI\u00caN KI\u1ec2M TRA K\u00cdCH TH\u01af\u1edaC CH\u00cdNH X\u00c1C NH\u1ea4T<\/p>\n<p> TH\u00d4NG TIN S\u1ea2N PH\u1ea8M:<br \/>\n&#8211; Nh\u00e0 s\u1ea3n xu\u1ea5t\tJS Asakashi<br \/>\n Xu\u1ea5t x\u1ee9: Nh\u1eadt B\u1ea3n<br \/>\n&#8211; M\u00e3 s\u1ea3n ph\u1ea9m: \tA1019<br \/>\n&#8211; Chi\u1ec1u d\u00e0i: \t 292 mm<br \/>\n&#8211; Chi\u1ec1u r\u1ed9ng: \t200.5 mm<br \/>\n&#8211; Chi\u1ec1u cao: \t42 mm<\/p>\n<p> \u1ee8NG D\u1ee4NG:<br \/>\n\u2013 TOYOTA\u00a0\u00bb\u00a0Camry 2.0 , 2.4 , 2.5 (2006 &#8211; 2017)<br \/>\n\u2013 LEXUS\u00a0\u00bb\u00a0ES240 2.4 (2009- 2012)<br \/>\n&#8211; LEXUS\u00a0\u00bb\u00a0ES250 2.5 (2012- 2018)<br \/>\n&#8211; LEXUS\u00a0\u00bb\u00a0ES350 3.5 (2006 &#8211; 2012)<\/p>\n<p>https:\/\/cf.shopee.vn\/file\/vn-11134208-7r98o-lphsj2i897vzef<\/p>\n<p> M\u00e3 Thay th\u1ebf:<br \/>\nTOYOTA 17801-0H030<br \/>\nTOYOTA 17801-0H050<br \/>\nTOYOTA 17801-0H080<br \/>\nTOYOTA 17801-28030<br \/>\nTOYOTA 17801-28030-8E<\/p>\n<p>#loc_gio_dong_co_js_asakashi#loc_dong_co_ford_everest#loc_gio_dong_co_ford_ranger<br \/>\n#loc_js_asakashi<\/p>\n","protected":false},"excerpt":{"rendered":"<p>L\u1ecdc Gi\u00f3 \u0110\u1ed9ng C\u01a1 JS ASAKASHI A1019 | D\u00e0nh Cho Xe Toyota Camry 2.0 \/ 2.4 (06-12), Lexus ES240, ES250, ES350 .. L\u01b0u \u00fd quan tr\u1ecdng : 1. QU\u00dd KH\u00c1CH VUI L\u00d2NG \u0110O L\u1ea0I K\u00cdCH TH\u01af\u1edaC TR\u01af\u1edaC KHI \u0110\u1eb6T H\u00c0NG 2. HO\u1eb6C QU\u00dd KH\u00c1CH CUNG C\u1ea4P TH\u00d4NG TIN CHI TI\u1ebeT V\u1ec0 XE (NH\u00c3N HI\u1ec6U\/ MODEL&hellip;<\/p>\n","protected":false},"featured_media":9639,"comment_status":"closed","ping_status":"open","template":"","meta":[],"product_cat":[117,95],"product_tag":[],"class_list":{"0":"post-9636","1":"product","2":"type-product","3":"status-publish","4":"has-post-thumbnail","6":"product_brand-js-asakashi","7":"product_cat-cham-soc-o-to-xe-hoi","8":"product_cat-san-pham","10":"first","11":"instock","12":"product-type-simple","13":"col-xs-6 col-sm-4","14":"col-md-3 col-lg-3","15":"un-4-cols"},"_links":{"self":[{"href":"https:\/\/hibucenter.com\/index.php\/wp-json\/wp\/v2\/product\/9636","targetHints":{"allow":["GET"]}}],"collection":[{"href":"https:\/\/hibucenter.com\/index.php\/wp-json\/wp\/v2\/product"}],"about":[{"href":"https:\/\/hibucenter.com\/index.php\/wp-json\/wp\/v2\/types\/product"}],"replies":[{"embeddable":true,"href":"https:\/\/hibucenter.com\/index.php\/wp-json\/wp\/v2\/comments?post=9636"}],"version-history":[{"count":1,"href":"https:\/\/hibucenter.com\/index.php\/wp-json\/wp\/v2\/product\/9636\/revisions"}],"predecessor-version":[{"id":9638,"href":"https:\/\/hibucenter.com\/index.php\/wp-json\/wp\/v2\/product\/9636\/revisions\/9638"}],"wp:featuredmedia":[{"embeddable":true,"href":"https:\/\/hibucenter.com\/index.php\/wp-json\/wp\/v2\/media\/9639"}],"wp:attachment":[{"href":"https:\/\/hibucenter.com\/index.php\/wp-json\/wp\/v2\/media?parent=9636"}],"wp:term":[{"taxonomy":"product_cat","embeddable":true,"href":"https:\/\/hibucenter.com\/index.php\/wp-json\/wp\/v2\/product_cat?post=9636"},{"taxonomy":"product_tag","embeddable":true,"href":"https:\/\/hibucenter.com\/index.php\/wp-json\/wp\/v2\/product_tag?post=9636"}],"curies":[{"name":"wp","href":"https:\/\/api.w.org\/{rel}","templated":true}]}}