{"id":9592,"date":"2025-05-23T14:58:32","date_gmt":"2025-05-23T07:58:32","guid":{"rendered":"https:\/\/hibucenter.com\/index.php\/loc-gio-dong-co-js-asakashi-a25003-danh-cho-xe-ford-ranger-2-2-3-2-mazda-bt-50-2-2-2-5-3-2\/"},"modified":"2025-05-28T14:18:58","modified_gmt":"2025-05-28T07:18:58","slug":"loc-gio-dong-co-js-asakashi-a25003-danh-cho-xe-ford-ranger-2-2-3-2-mazda-bt-50-2-2-2-5-3-2","status":"publish","type":"product","link":"https:\/\/hibucenter.com\/index.php\/loc-gio-dong-co-js-asakashi-a25003-danh-cho-xe-ford-ranger-2-2-3-2-mazda-bt-50-2-2-2-5-3-2\/","title":{"rendered":"L\u1ecdc Gi\u00f3 \u0110\u1ed9ng C\u01a1 JS ASAKASHI A25003 D\u00e0nh Cho Xe Ford Ranger 2.2 \/ 3.2 , Mazda BT-50 2.2\/ 2.5 \/ 3.2"},"content":{"rendered":"<p>L\u01b0u \u00fd quan tr\u1ecdng  :<br \/>\n1. QU\u00dd KH\u00c1CH VUI L\u00d2NG \u0110O L\u1ea0I K\u00cdCH TH\u01af\u1edaC TR\u01af\u1edaC KHI \u0110\u1eb6T H\u00c0NG (Tr\u00e1nh nh\u1ea7m l\u1eabn v\u1edbi l\u1ecdc tr\u1ee5 kh\u00e1c)<br \/>\n2. Ho\u1eb7c QU\u00dd KH\u00c1CH VUI L\u00d2NG CUNG C\u1ea4P TH\u00d4NG TIN CHI TI\u1ebeT V\u1ec0 XE (NH\u00c3N HI\u1ec6U\/ MODEL \/ N\u0102M S\u1ea2N XU\u1ea4T) ho\u1eb7c CH\u1ee4P \u1ea2NH \u0110\u0102NG KI\u1ec2M G\u1eecI CHO SHOP \u0110\u1ec2 NH\u00c2N VI\u00caN KI\u1ec2M TRA K\u00cdCH TH\u01af\u1edaC CH\u00cdNH X\u00c1C NH\u1ea4T<\/p>\n<p> TH\u00d4NG TIN S\u1ea2N PH\u1ea8M:<br \/>\n&#8211; Nh\u00e0 s\u1ea3n xu\u1ea5t\tJS Asakashi<br \/>\n&#8211; Xu\u1ea5t x\u1ee9: Nh\u1eadt B\u1ea3n<br \/>\n&#8211; M\u00e3 s\u1ea3n ph\u1ea9m: \tA25003<br \/>\n&#8211; Chi\u1ec1u cao: 139 (mm)<br \/>\n&#8211; \u0110\u01b0\u1eddng k\u00ednh ngo\u00e0i: 221 (mm)<br \/>\n&#8211; \u0110\u01b0\u1eddng k\u00ednh trong: 136\u00a0(mm)<\/p>\n<p> \u1ee8NG D\u1ee4NG:<br \/>\n\u2013 Ford Ranger (2009 &#8211; 2019 )<br \/>\n\u2013 Mazda BT-50 (2010 &#8211; 2015 )<\/p>\n<p>https:\/\/cf.shopee.vn\/file\/vn-11134208-7r98o-lphsj2i8amgf2b<br \/>\nhttps:\/\/cf.shopee.vn\/file\/vn-11134208-7r98o-lphsj2i8c10vd0<br \/>\nhttps:\/\/cf.shopee.vn\/file\/vn-11134208-7r98o-lphsj2i8dflbbc<\/p>\n<p> C\u00f3 th\u1ec3 thay th\u1ebf c\u00e1c m\u00e3 sau:<br \/>\nFORD\t1 720 719<br \/>\nFORD\t1 921 356<br \/>\nFORD\tAB39-9601-AB<br \/>\nFORD\tAB39-9601-AD<br \/>\nFORD\tAB3Z-9601-A<br \/>\nFORD\tJ2MZ-9601-C<br \/>\nMAZDA\t1D00-13-Z40<br \/>\nMAZDA\t1D01-13-Z40<br \/>\nMAZDA\tSFA U2Y0<br \/>\nMAZDA\tU201-13-Z40<br \/>\nMAZDA \tU2Y0-13-Z40<br \/>\nMAZDA \tU2Y0-13-Z40A<\/p>\n<p>#loc_gio_dong_co_js_asakashi#loc_dong_co_mazda_BT50#loc_gio_dong_co_ford_ranger<br \/>\n#loc_js_asakashi<\/p>\n","protected":false},"excerpt":{"rendered":"<p>L\u01b0u \u00fd quan tr\u1ecdng : 1. QU\u00dd KH\u00c1CH VUI L\u00d2NG \u0110O L\u1ea0I K\u00cdCH TH\u01af\u1edaC TR\u01af\u1edaC KHI \u0110\u1eb6T H\u00c0NG (Tr\u00e1nh nh\u1ea7m l\u1eabn v\u1edbi l\u1ecdc tr\u1ee5 kh\u00e1c) 2. Ho\u1eb7c QU\u00dd KH\u00c1CH VUI L\u00d2NG CUNG C\u1ea4P TH\u00d4NG TIN CHI TI\u1ebeT V\u1ec0 XE (NH\u00c3N HI\u1ec6U\/ MODEL \/ N\u0102M S\u1ea2N XU\u1ea4T) ho\u1eb7c CH\u1ee4P \u1ea2NH \u0110\u0102NG KI\u1ec2M G\u1eecI CHO SHOP \u0110\u1ec2&hellip;<\/p>\n","protected":false},"featured_media":9597,"comment_status":"closed","ping_status":"open","template":"","meta":[],"product_cat":[117,95],"product_tag":[],"class_list":{"0":"post-9592","1":"product","2":"type-product","3":"status-publish","4":"has-post-thumbnail","6":"product_brand-js-asakashi","7":"product_cat-cham-soc-o-to-xe-hoi","8":"product_cat-san-pham","10":"first","11":"instock","12":"product-type-simple","13":"col-xs-6 col-sm-4","14":"col-md-3 col-lg-3","15":"un-4-cols"},"_links":{"self":[{"href":"https:\/\/hibucenter.com\/index.php\/wp-json\/wp\/v2\/product\/9592","targetHints":{"allow":["GET"]}}],"collection":[{"href":"https:\/\/hibucenter.com\/index.php\/wp-json\/wp\/v2\/product"}],"about":[{"href":"https:\/\/hibucenter.com\/index.php\/wp-json\/wp\/v2\/types\/product"}],"replies":[{"embeddable":true,"href":"https:\/\/hibucenter.com\/index.php\/wp-json\/wp\/v2\/comments?post=9592"}],"version-history":[{"count":1,"href":"https:\/\/hibucenter.com\/index.php\/wp-json\/wp\/v2\/product\/9592\/revisions"}],"predecessor-version":[{"id":9596,"href":"https:\/\/hibucenter.com\/index.php\/wp-json\/wp\/v2\/product\/9592\/revisions\/9596"}],"wp:featuredmedia":[{"embeddable":true,"href":"https:\/\/hibucenter.com\/index.php\/wp-json\/wp\/v2\/media\/9597"}],"wp:attachment":[{"href":"https:\/\/hibucenter.com\/index.php\/wp-json\/wp\/v2\/media?parent=9592"}],"wp:term":[{"taxonomy":"product_cat","embeddable":true,"href":"https:\/\/hibucenter.com\/index.php\/wp-json\/wp\/v2\/product_cat?post=9592"},{"taxonomy":"product_tag","embeddable":true,"href":"https:\/\/hibucenter.com\/index.php\/wp-json\/wp\/v2\/product_tag?post=9592"}],"curies":[{"name":"wp","href":"https:\/\/api.w.org\/{rel}","templated":true}]}}