{"id":9555,"date":"2025-05-23T14:56:22","date_gmt":"2025-05-23T07:56:22","guid":{"rendered":"https:\/\/hibucenter.com\/index.php\/js-asakashi-loc-gio-dong-co-a1531-kich-thuoc-323-x-240-x-55-danh-cho-xe-fortuner-hilux\/"},"modified":"2025-05-28T14:18:58","modified_gmt":"2025-05-28T07:18:58","slug":"js-asakashi-loc-gio-dong-co-a1531-kich-thuoc-323-x-240-x-55-danh-cho-xe-fortuner-hilux","status":"publish","type":"product","link":"https:\/\/hibucenter.com\/index.php\/js-asakashi-loc-gio-dong-co-a1531-kich-thuoc-323-x-240-x-55-danh-cho-xe-fortuner-hilux\/","title":{"rendered":"JS ASAKASHI L\u1ecdc Gi\u00f3 \u0110\u1ed9ng C\u01a1  A1531, K\u00edch th\u01b0\u1edbc 323 x 240 x 55 D\u00e0nh cho xe Fortuner, Hilux,"},"content":{"rendered":"<p>L\u1ecdc Gi\u00f3 \u0110\u1ed9ng C\u01a1 JS ASAKASHI A1531, Xu\u1ea5t x\u1ee9 Nh\u1eadt, K\u00edch th\u01b0\u1edbc 323 x 240 x 55 D\u00e0nh cho xe Fortuner, Hilux, Innova<\/p>\n<p>  L\u01afU \u00dd : Qu\u00fd kh\u00e1ch h\u00e0ng vui l\u00f2ng li\u00ean h\u1ec7 cho shop qua c\u00f4ng c\u1ee5 chat c\u1ee7a shopee tr\u01b0\u1edbc khi mua h\u00e0ng \u0111\u1ec3 \u0111\u01b0\u1ee3c nh\u00e2n vi\u00ean k\u1ef9 thu\u1eadt t\u01b0 v\u1ea5n h\u1ed7 tr\u1ee3 nh\u00e9. Tr\u00e1nh tr\u01b0\u1eddng h\u1ee3p \u0111\u1eb7t sai m\u00e3 sai k\u00edch th\u01b0\u1edbc \u1ea1!! Xin c\u1ea3m \u01a1n !!<\/p>\n<p>>> TH\u00d4NG TIN S\u1ea2N PH\u1ea8M:<br \/>\n&#8211; Nh\u00e0 s\u1ea3n xu\u1ea5t\tJS Asakashi<br \/>\n&#8211; Xu\u1ea5t x\u1ee9: Nh\u1eadt B\u1ea3n<br \/>\n&#8211; M\u00e3 s\u1ea3n ph\u1ea9m: \tA1531<br \/>\n&#8211; Chi\u1ec1u d\u00e0i: \t 323 mm<br \/>\n&#8211; Chi\u1ec1u r\u1ed9ng: \t240 mm<br \/>\n&#8211; Chi\u1ec1u cao: \t55 mm<\/p>\n<p>https:\/\/cf.shopee.vn\/file\/vn-11134208-7qukw-lk7nue01z4ead1<\/p>\n<p>https:\/\/cf.shopee.vn\/file\/vn-11134208-7qukw-lk7nue024qo2e1<\/p>\n<p>>> \u1ee8NG D\u1ee4NG:<br \/>\n\u2013 TOYOTA\u00a0\u00bb\u00a0Fortuner<br \/>\n\u2013 TOYOTA\u00a0\u00bb\u00a0Hilux<br \/>\n\u2013 TOYOTA\u00a0\u00bb\u00a0Innova<\/p>\n<p>https:\/\/cf.shopee.vn\/file\/vn-11134208-7qukw-lk7nue020iyqd5<\/p>\n<p>https:\/\/cf.shopee.vn\/file\/vn-11134208-7qukw-lk7nue021xj6c7<br \/>\nhttps:\/\/cf.shopee.vn\/file\/vn-11134208-7qukw-lk7nue023c3m21<\/p>\n<p>#loc_gio_dong_co_js_asakashi #loc_dong_co_Fortuner #loc_gio_dong_co_Hilux#loc_gio_dong_co_Innova<br \/>\n#loc_js_asakashi #A1511<\/p>\n","protected":false},"excerpt":{"rendered":"<p>L\u1ecdc Gi\u00f3 \u0110\u1ed9ng C\u01a1 JS ASAKASHI A1531, Xu\u1ea5t x\u1ee9 Nh\u1eadt, K\u00edch th\u01b0\u1edbc 323 x 240 x 55 D\u00e0nh cho xe Fortuner, Hilux, Innova L\u01afU \u00dd : Qu\u00fd kh\u00e1ch h\u00e0ng vui l\u00f2ng li\u00ean h\u1ec7 cho shop qua c\u00f4ng c\u1ee5 chat c\u1ee7a shopee tr\u01b0\u1edbc khi mua h\u00e0ng \u0111\u1ec3 \u0111\u01b0\u1ee3c nh\u00e2n vi\u00ean k\u1ef9 thu\u1eadt t\u01b0 v\u1ea5n h\u1ed7 tr\u1ee3&hellip;<\/p>\n","protected":false},"featured_media":9562,"comment_status":"closed","ping_status":"open","template":"","meta":[],"product_cat":[117,95],"product_tag":[],"class_list":{"0":"post-9555","1":"product","2":"type-product","3":"status-publish","4":"has-post-thumbnail","6":"product_brand-js-asakashi","7":"product_cat-cham-soc-o-to-xe-hoi","8":"product_cat-san-pham","10":"first","11":"instock","12":"product-type-simple","13":"col-xs-6 col-sm-4","14":"col-md-3 col-lg-3","15":"un-4-cols"},"_links":{"self":[{"href":"https:\/\/hibucenter.com\/index.php\/wp-json\/wp\/v2\/product\/9555","targetHints":{"allow":["GET"]}}],"collection":[{"href":"https:\/\/hibucenter.com\/index.php\/wp-json\/wp\/v2\/product"}],"about":[{"href":"https:\/\/hibucenter.com\/index.php\/wp-json\/wp\/v2\/types\/product"}],"replies":[{"embeddable":true,"href":"https:\/\/hibucenter.com\/index.php\/wp-json\/wp\/v2\/comments?post=9555"}],"version-history":[{"count":1,"href":"https:\/\/hibucenter.com\/index.php\/wp-json\/wp\/v2\/product\/9555\/revisions"}],"predecessor-version":[{"id":9561,"href":"https:\/\/hibucenter.com\/index.php\/wp-json\/wp\/v2\/product\/9555\/revisions\/9561"}],"wp:featuredmedia":[{"embeddable":true,"href":"https:\/\/hibucenter.com\/index.php\/wp-json\/wp\/v2\/media\/9562"}],"wp:attachment":[{"href":"https:\/\/hibucenter.com\/index.php\/wp-json\/wp\/v2\/media?parent=9555"}],"wp:term":[{"taxonomy":"product_cat","embeddable":true,"href":"https:\/\/hibucenter.com\/index.php\/wp-json\/wp\/v2\/product_cat?post=9555"},{"taxonomy":"product_tag","embeddable":true,"href":"https:\/\/hibucenter.com\/index.php\/wp-json\/wp\/v2\/product_tag?post=9555"}],"curies":[{"name":"wp","href":"https:\/\/api.w.org\/{rel}","templated":true}]}}