{"id":9541,"date":"2025-05-23T14:56:22","date_gmt":"2025-05-23T07:56:22","guid":{"rendered":"https:\/\/hibucenter.com\/index.php\/js-asakashi-loc-gio-dong-co-a21031-air-filter-danh-cho-xe-toyota-corolla-altis-hybrid-04-12\/"},"modified":"2025-05-28T14:18:58","modified_gmt":"2025-05-28T07:18:58","slug":"js-asakashi-loc-gio-dong-co-a21031-air-filter-danh-cho-xe-toyota-corolla-altis-hybrid-04-12","status":"publish","type":"product","link":"https:\/\/hibucenter.com\/index.php\/js-asakashi-loc-gio-dong-co-a21031-air-filter-danh-cho-xe-toyota-corolla-altis-hybrid-04-12\/","title":{"rendered":"JS ASAKASHI L\u1ecdc Gi\u00f3 \u0110\u1ed9ng C\u01a1 A21031 Air Filter D\u00e0nh Cho Xe TOYOTA Corolla Altis , Hybrid (04.12-),&#8230;"},"content":{"rendered":"<p>L\u01afU \u00dd : Qu\u00fd kh\u00e1ch h\u00e0ng vui l\u00f2ng li\u00ean h\u1ec7 cho shop qua c\u00f4ng c\u1ee5 chat c\u1ee7a shopee tr\u01b0\u1edbc khi mua h\u00e0ng \u0111\u1ec3 \u0111\u01b0\u1ee3c nh\u00e2n vi\u00ean k\u1ef9 thu\u1eadt t\u01b0 v\u1ea5n h\u1ed7 tr\u1ee3 nh\u00e9. Tr\u00e1nh tr\u01b0\u1eddng h\u1ee3p \u0111\u1eb7t sai m\u00e3 sai k\u00edch th\u01b0\u1edbc \u1ea1 . Xin c\u1ea3m \u01a1n !!<\/p>\n<p>< > TH\u00d4NG TIN S\u1ea2N PH\u1ea8M : <\/p>\n<p>&#8211; Nh\u00e0 s\u1ea3n xu\u1ea5t\t : JS Asakashi<br \/>\n&#8211; M\u00e3 s\u1ea3n ph\u1ea9m : A21031<br \/>\n* K\u00edch th\u01b0\u1edbc :<br \/>\n&#8211; Chi\u1ec1u d\u00e0i : 178 mm<br \/>\n&#8211; Chi\u1ec1u r\u1ed9ng : 117 mm<br \/>\n&#8211; Chi\u1ec1u cao : 37 mm<\/p>\n<p>< > \u1ee8NG D\u1ee4NG :<br \/>\nSUZUKI   \u00bb   Swace  ( 05.20 &#8211; )<br \/>\nTOYOTA   \u00bb   Auris ( 06.18 &#8211; )<br \/>\nTOYOTA   \u00bb   Aygo ( 06.14 &#8211; )<br \/>\nDAIHATSU   \u00bb   Rocky (11.21 &#8211; )<br \/>\n_____ \u0110ang c\u1eadp nh\u1eadt _____<\/p>\n<p>**** Tham chi\u1ebfu ch\u00e9o<br \/>\nDAIHATSU  17801-21060<br \/>\nPeugeot \/ Citroen    1612496780<br \/>\nPeugeot \/ Citroen    1616368880<br \/>\nSUZUKI   T1780-10M04<br \/>\nTOYOTA   17801-0M030<br \/>\nTOYOTA   17801-0M040<br \/>\nTOYOTA   17801-0T090<br \/>\nTOYOTA   17801-0T100<br \/>\nTOYOTA    17801-0T110<br \/>\nTOYOTA    17801-21060<br \/>\nTOYOTA   17801-AZC01<\/p>\n<p>#HIBUCENTER#loc_gio_dong_co_JSASAKASHI_A21031#Loc_gio_dong_co_xe_TOYOTA#Loc_gio_dong_co_xe_SUZUKI#<\/p>\n","protected":false},"excerpt":{"rendered":"<p>L\u01afU \u00dd : Qu\u00fd kh\u00e1ch h\u00e0ng vui l\u00f2ng li\u00ean h\u1ec7 cho shop qua c\u00f4ng c\u1ee5 chat c\u1ee7a shopee tr\u01b0\u1edbc khi mua h\u00e0ng \u0111\u1ec3 \u0111\u01b0\u1ee3c nh\u00e2n vi\u00ean k\u1ef9 thu\u1eadt t\u01b0 v\u1ea5n h\u1ed7 tr\u1ee3 nh\u00e9. Tr\u00e1nh tr\u01b0\u1eddng h\u1ee3p \u0111\u1eb7t sai m\u00e3 sai k\u00edch th\u01b0\u1edbc \u1ea1 . Xin c\u1ea3m \u01a1n !! < > TH\u00d4NG TIN S\u1ea2N PH\u1ea8M :&hellip;<\/p>\n","protected":false},"featured_media":9543,"comment_status":"closed","ping_status":"open","template":"","meta":[],"product_cat":[117,95],"product_tag":[],"class_list":{"0":"post-9541","1":"product","2":"type-product","3":"status-publish","4":"has-post-thumbnail","6":"product_brand-js-asakashi","7":"product_cat-cham-soc-o-to-xe-hoi","8":"product_cat-san-pham","10":"first","11":"instock","12":"product-type-simple","13":"col-xs-6 col-sm-4","14":"col-md-3 col-lg-3","15":"un-4-cols"},"_links":{"self":[{"href":"https:\/\/hibucenter.com\/index.php\/wp-json\/wp\/v2\/product\/9541","targetHints":{"allow":["GET"]}}],"collection":[{"href":"https:\/\/hibucenter.com\/index.php\/wp-json\/wp\/v2\/product"}],"about":[{"href":"https:\/\/hibucenter.com\/index.php\/wp-json\/wp\/v2\/types\/product"}],"replies":[{"embeddable":true,"href":"https:\/\/hibucenter.com\/index.php\/wp-json\/wp\/v2\/comments?post=9541"}],"version-history":[{"count":1,"href":"https:\/\/hibucenter.com\/index.php\/wp-json\/wp\/v2\/product\/9541\/revisions"}],"predecessor-version":[{"id":9542,"href":"https:\/\/hibucenter.com\/index.php\/wp-json\/wp\/v2\/product\/9541\/revisions\/9542"}],"wp:featuredmedia":[{"embeddable":true,"href":"https:\/\/hibucenter.com\/index.php\/wp-json\/wp\/v2\/media\/9543"}],"wp:attachment":[{"href":"https:\/\/hibucenter.com\/index.php\/wp-json\/wp\/v2\/media?parent=9541"}],"wp:term":[{"taxonomy":"product_cat","embeddable":true,"href":"https:\/\/hibucenter.com\/index.php\/wp-json\/wp\/v2\/product_cat?post=9541"},{"taxonomy":"product_tag","embeddable":true,"href":"https:\/\/hibucenter.com\/index.php\/wp-json\/wp\/v2\/product_tag?post=9541"}],"curies":[{"name":"wp","href":"https:\/\/api.w.org\/{rel}","templated":true}]}}