{"id":9523,"date":"2025-05-23T14:56:22","date_gmt":"2025-05-23T07:56:22","guid":{"rendered":"https:\/\/hibucenter.com\/index.php\/loc-gio-dong-co-xe-mitsubishi-xpander-1-5-js-asakashi-a3035-xuat-xu-nhat\/"},"modified":"2025-05-28T14:18:58","modified_gmt":"2025-05-28T07:18:58","slug":"loc-gio-dong-co-xe-mitsubishi-xpander-1-5-js-asakashi-a3035-xuat-xu-nhat","status":"publish","type":"product","link":"https:\/\/hibucenter.com\/index.php\/loc-gio-dong-co-xe-mitsubishi-xpander-1-5-js-asakashi-a3035-xuat-xu-nhat\/","title":{"rendered":"L\u1ecdc Gi\u00f3 \u0110\u1ed9ng C\u01a1 Xe Mitsubishi Xpander 1.5 JS ASAKASHI A3035, Xu\u1ea5t X\u1ee9 Nh\u1eadt"},"content":{"rendered":"<p>L\u01afU \u00dd : Qu\u00fd kh\u00e1ch h\u00e0ng vui l\u00f2ng li\u00ean h\u1ec7 cho shop qua c\u00f4ng c\u1ee5 chat c\u1ee7a shopee tr\u01b0\u1edbc khi mua h\u00e0ng \u0111\u1ec3 \u0111\u01b0\u1ee3c nh\u00e2n vi\u00ean k\u1ef9 thu\u1eadt t\u01b0 v\u1ea5n h\u1ed7 tr\u1ee3 nh\u00e9. Tr\u00e1nh tr\u01b0\u1eddng h\u1ee3p \u0111\u1eb7t sai m\u00e3 sai k\u00edch th\u01b0\u1edbc \u1ea1. Xin c\u1ea3m \u01a1n!!!<\/p>\n<p>< >  TH\u00d4NG TIN S\u1ea2N PH\u1ea8M:<br \/>\n&#8211; Nh\u00e0 s\u1ea3n xu\u1ea5t\tJS Asakashi<br \/>\n&#8211; Xu\u1ea5t x\u1ee9: Nh\u1eadt B\u1ea3n<br \/>\n&#8211; M\u00e3 s\u1ea3n ph\u1ea9m: \tA3035<br \/>\n&#8211; K\u00edch th\u01b0\u1edbc : \t  253 x 123 x 60 mm<\/p>\n<p>https:\/\/cf.shopee.vn\/file\/vn-11134208-7r98o-lss87n1luuu123<\/p>\n<p>< > M\u00e3 Thay Th\u1ebf :<br \/>\n MITSUBISHI    1500A687<br \/>\n NISSAN           16546-6A00D<\/p>\n<p>< >  \u1ee8NG D\u1ee4NG:<br \/>\nMITSUBISHI\u00a0\u00bb\u00a0Xpander 1.5  (2017 ~ ) <\/p>\n<p>https:\/\/cf.shopee.vn\/file\/vn-11134208-7r98o-lss87n1lw9eh1a<\/p>\n<p>< >  \u0110\u1eb7c t\u00ednh k\u1ef9 thu\u1eadt s\u1ea3n ph\u1ea9m:<br \/>\n     \u2666 B\u1ea3o v\u1ec7 \u0111\u1ed9ng c\u01a1 kh\u1ecfi b\u1ee5i b\u1ea9n, s\u1ef1 \u0103n m\u00f2n.<br \/>\n     \u2666 \u0110\u1ea3m b\u1ea3o cung c\u1ea5p l\u01b0\u1ee3ng kh\u00f4ng kh\u00ed s\u1ea1ch.<br \/>\n     \u2666 Gi\u1ea3m ti\u1ebfng \u1ed3n trong qu\u00e1 tr\u00ecnh v\u1eadn h\u00e0nh xe.<\/p>\n<p>     \u25ba Thay m\u1edbi l\u1ecdc gi\u00f3 \u0111\u1ed9ng c\u01a1 m\u1ed7i 15.000 \u2013 20000 km ho\u1eb7c theo khuy\u1ebfn ngh\u1ecb c\u1ee7a nh\u00e0 s\u1ea3n xu\u1ea5t xe.<\/p>\n<p>#loc_gio_dong_co_js_asakashi #loc_dong_co_Xpander<br \/>\n#loc_js_asakashi #A3035#js_a3035<\/p>\n","protected":false},"excerpt":{"rendered":"<p>L\u01afU \u00dd : Qu\u00fd kh\u00e1ch h\u00e0ng vui l\u00f2ng li\u00ean h\u1ec7 cho shop qua c\u00f4ng c\u1ee5 chat c\u1ee7a shopee tr\u01b0\u1edbc khi mua h\u00e0ng \u0111\u1ec3 \u0111\u01b0\u1ee3c nh\u00e2n vi\u00ean k\u1ef9 thu\u1eadt t\u01b0 v\u1ea5n h\u1ed7 tr\u1ee3 nh\u00e9. Tr\u00e1nh tr\u01b0\u1eddng h\u1ee3p \u0111\u1eb7t sai m\u00e3 sai k\u00edch th\u01b0\u1edbc \u1ea1. Xin c\u1ea3m \u01a1n!!! < > TH\u00d4NG TIN S\u1ea2N PH\u1ea8M: &#8211; Nh\u00e0 s\u1ea3n&hellip;<\/p>\n","protected":false},"featured_media":9527,"comment_status":"closed","ping_status":"open","template":"","meta":[],"product_cat":[117,95],"product_tag":[],"class_list":{"0":"post-9523","1":"product","2":"type-product","3":"status-publish","4":"has-post-thumbnail","6":"product_brand-js-asakashi","7":"product_cat-cham-soc-o-to-xe-hoi","8":"product_cat-san-pham","10":"first","11":"instock","12":"product-type-simple","13":"col-xs-6 col-sm-4","14":"col-md-3 col-lg-3","15":"un-4-cols"},"_links":{"self":[{"href":"https:\/\/hibucenter.com\/index.php\/wp-json\/wp\/v2\/product\/9523","targetHints":{"allow":["GET"]}}],"collection":[{"href":"https:\/\/hibucenter.com\/index.php\/wp-json\/wp\/v2\/product"}],"about":[{"href":"https:\/\/hibucenter.com\/index.php\/wp-json\/wp\/v2\/types\/product"}],"replies":[{"embeddable":true,"href":"https:\/\/hibucenter.com\/index.php\/wp-json\/wp\/v2\/comments?post=9523"}],"version-history":[{"count":1,"href":"https:\/\/hibucenter.com\/index.php\/wp-json\/wp\/v2\/product\/9523\/revisions"}],"predecessor-version":[{"id":9526,"href":"https:\/\/hibucenter.com\/index.php\/wp-json\/wp\/v2\/product\/9523\/revisions\/9526"}],"wp:featuredmedia":[{"embeddable":true,"href":"https:\/\/hibucenter.com\/index.php\/wp-json\/wp\/v2\/media\/9527"}],"wp:attachment":[{"href":"https:\/\/hibucenter.com\/index.php\/wp-json\/wp\/v2\/media?parent=9523"}],"wp:term":[{"taxonomy":"product_cat","embeddable":true,"href":"https:\/\/hibucenter.com\/index.php\/wp-json\/wp\/v2\/product_cat?post=9523"},{"taxonomy":"product_tag","embeddable":true,"href":"https:\/\/hibucenter.com\/index.php\/wp-json\/wp\/v2\/product_tag?post=9523"}],"curies":[{"name":"wp","href":"https:\/\/api.w.org\/{rel}","templated":true}]}}