{"id":9513,"date":"2025-05-23T14:56:22","date_gmt":"2025-05-23T07:56:22","guid":{"rendered":"https:\/\/hibucenter.com\/index.php\/loc-gio-may-lanh-js-asakashi-bo-loc-cabin-sinh-hoc-ac9324b-danh-cho-hyundai-kia\/"},"modified":"2025-05-28T14:18:58","modified_gmt":"2025-05-28T07:18:58","slug":"loc-gio-may-lanh-js-asakashi-bo-loc-cabin-sinh-hoc-ac9324b-danh-cho-hyundai-kia","status":"publish","type":"product","link":"https:\/\/hibucenter.com\/index.php\/loc-gio-may-lanh-js-asakashi-bo-loc-cabin-sinh-hoc-ac9324b-danh-cho-hyundai-kia\/","title":{"rendered":"L\u1ecdc Gi\u00f3 M\u00e1y L\u1ea1nh JS ASAKASHI B\u1ed9 L\u1ecdc Cabin Sinh H\u1ecdc AC9324B D\u00e0nh cho HYUNDAI , KIA"},"content":{"rendered":"<p>* Kh\u00e1ch h\u00e0ng kh\u00f4ng r\u00f5 k\u00edch th\u01b0\u1edbc vui l\u00f2ng li\u00ean h\u1ec7 shop qua c\u00f4ng c\u1ee5 chat c\u1ee7a shopee \u0111\u1ec3 \u0111\u01b0\u1ee3c nh\u00e2n vi\u00ean k\u1ef9 thu\u1eadt t\u01b0 v\u1ea5n \u1ea1  <\/p>\n<p>< > TH\u00d4NG TIN S\u1ea2N PH\u1ea8M : <\/p>\n<p>  L\u1ecdc gi\u00f3 m\u00e1y l\u1ea1nh Cabin Filter Biofunctional  AC9324B:<\/p>\n<p>&#8211; Nh\u00e0 s\u1ea3n xu\u1ea5t :  JS ASAKASHI<br \/>\n&#8211; Xu\u1ea5t x\u1ee9 : Nh\u1eadt B\u1ea3n<br \/>\n&#8211; M\u00e3 s\u1ea3n ph\u1ea9m : AC9324B<br \/>\n&#8211; K\u00edch th\u01b0\u1edbc :<br \/>\n+ Chi\u1ec1u d\u00e0i : 255 mm<br \/>\n+ Chi\u1ec1u r\u1ed9ng : 225mm<br \/>\n+ \u0110\u1ed9 d\u00e0y : 20mm<\/p>\n<p>* Tham chi\u1ebfu ch\u00e9o<br \/>\nHYUNDAI 3SF79AQ000<br \/>\nHYUNDAI 97133-2W000<br \/>\nHYUNDAI 97133-3SAA0<br \/>\nHYUNDAI F784EB9AA<br \/>\nKIA 97133-3SAA0<br \/>\nKIA 97133-A9000<\/p>\n<p>< > \u1ee8NG D\u1ee4NG :<br \/>\nHYUNDAI Santa FE III ( DM ), Sonata VI ( YF), KIA Optima III ( TF),&#8230;<\/p>\n<p>https:\/\/cf.shopee.vn\/file\/vn-11134208-7r98o-ltbwpbyi45vo4e<br \/>\nhttps:\/\/cf.shopee.vn\/file\/vn-11134208-7r98o-ltbwpbyi5kg45f<\/p>\n<p> ** B\u1ed9 l\u1ecdc kh\u00f4ng kh\u00ed cabin ch\u1ee9c n\u0103ng sinh h\u1ecdc<br \/>\n&#8211; D\u1ecb \u1ee9ng l\u00e0 b\u1ec7nh m\u00e3n t\u00ednh quan tr\u1ecdng th\u1ee9 t\u01b0 tr\u00ean th\u1ebf gi\u1edbi theo T\u1ed5 ch\u1ee9c Y t\u1ebf Th\u1ebf gi\u1edbi WHO; Ng\u00e0y c\u00e0ng c\u00f3 nhi\u1ec1u ng\u01b0\u1eddi b\u1ecb d\u1ecb \u1ee9ng &#8211; m\u1ed9t ph\u1ea3n \u1ee9ng m\u1eabn c\u1ea3m trong h\u1ec7 th\u1ed1ng mi\u1ec5n d\u1ecbch c\u1ee7a ch\u00fang ta.<\/p>\n<p>&#8211; Ng\u00e0y nay, v\u1edbi B\u1ed9 l\u1ecdc kh\u00f4ng kh\u00ed cabin ch\u1ee9c n\u0103ng sinh h\u1ecdc \u0111\u01b0\u1ee3c c\u1ea3i ti\u1ebfn h\u01a1n, ch\u00fang t\u00f4i th\u1ef1c hi\u1ec7n th\u00eam m\u1ed9t b\u01b0\u1edbc \u0111\u1ec3 \u0111\u1ea3m b\u1ea3o s\u1ef1 b\u1ea3o v\u1ec7 t\u1ed1i \u0111a c\u1ee7a b\u1ea1n. Ph\u00eda tr\u00ean b\u1ed9 l\u1ecdc h\u1ea1t v\u00e0 c\u00e1c l\u1edbp l\u1ecdc than ho\u1ea1t t\u00ednh, l\u1edbp ch\u1ee9c n\u0103ng sinh h\u1ecdc m\u1edbi ho\u1ea1t \u0111\u1ed9ng nh\u01b0 m\u1ed9t h\u00e0ng r\u00e0o ch\u1ed1ng d\u1ecb \u1ee9ng v\u00e0 kh\u00e1ng khu\u1ea9n t\u1eeb kh\u00f4ng kh\u00ed b\u00ean ngo\u00e0i xe c\u1ee7a b\u1ea1n:<\/p>\n<p>&#8211; H\u1ea5p ph\u1ee5 l\u00ean \u0111\u1ebfn 99,9% ch\u1ea5t g\u00e2y d\u1ecb \u1ee9ng<br \/>\n&#8211; H\u1ea1n ch\u1ebf n\u1ea5m m\u1ed1c v\u00e0 vi khu\u1ea9n ph\u00e1t tri\u1ec3n h\u01a1n 98%<br \/>\n&#8211; Ch\u1eb7n c\u00e1c h\u1ea1t v\u1eadt ch\u1ea5t, nh\u1ecf t\u1edbi PM2.5, g\u1ea7n nh\u01b0 ho\u00e0n to\u00e0n<\/p>\n<p>https:\/\/cf.shopee.vn\/file\/vn-11134208-7r98o-ltbwpbyi6z0k55<\/p>\n<p>#loc_gio_may_lanh_JSASAKASHI#loc_gio_cabin_sinh_hoc#Hibucenter<br \/>\n#loc_gio_may_lanh_xe_HYUNDAI_Santa#loc_gio_may_lanh_xe_KIA Optima<\/p>\n","protected":false},"excerpt":{"rendered":"<p>* Kh\u00e1ch h\u00e0ng kh\u00f4ng r\u00f5 k\u00edch th\u01b0\u1edbc vui l\u00f2ng li\u00ean h\u1ec7 shop qua c\u00f4ng c\u1ee5 chat c\u1ee7a shopee \u0111\u1ec3 \u0111\u01b0\u1ee3c nh\u00e2n vi\u00ean k\u1ef9 thu\u1eadt t\u01b0 v\u1ea5n \u1ea1 < > TH\u00d4NG TIN S\u1ea2N PH\u1ea8M : L\u1ecdc gi\u00f3 m\u00e1y l\u1ea1nh Cabin Filter Biofunctional AC9324B: &#8211; Nh\u00e0 s\u1ea3n xu\u1ea5t : JS ASAKASHI &#8211; Xu\u1ea5t x\u1ee9 : Nh\u1eadt B\u1ea3n&hellip;<\/p>\n","protected":false},"featured_media":9518,"comment_status":"closed","ping_status":"open","template":"","meta":[],"product_cat":[117,95],"product_tag":[],"class_list":{"0":"post-9513","1":"product","2":"type-product","3":"status-publish","4":"has-post-thumbnail","6":"product_brand-js-asakashi","7":"product_cat-cham-soc-o-to-xe-hoi","8":"product_cat-san-pham","10":"first","11":"instock","12":"product-type-simple","13":"col-xs-6 col-sm-4","14":"col-md-3 col-lg-3","15":"un-4-cols"},"_links":{"self":[{"href":"https:\/\/hibucenter.com\/index.php\/wp-json\/wp\/v2\/product\/9513","targetHints":{"allow":["GET"]}}],"collection":[{"href":"https:\/\/hibucenter.com\/index.php\/wp-json\/wp\/v2\/product"}],"about":[{"href":"https:\/\/hibucenter.com\/index.php\/wp-json\/wp\/v2\/types\/product"}],"replies":[{"embeddable":true,"href":"https:\/\/hibucenter.com\/index.php\/wp-json\/wp\/v2\/comments?post=9513"}],"version-history":[{"count":1,"href":"https:\/\/hibucenter.com\/index.php\/wp-json\/wp\/v2\/product\/9513\/revisions"}],"predecessor-version":[{"id":9517,"href":"https:\/\/hibucenter.com\/index.php\/wp-json\/wp\/v2\/product\/9513\/revisions\/9517"}],"wp:featuredmedia":[{"embeddable":true,"href":"https:\/\/hibucenter.com\/index.php\/wp-json\/wp\/v2\/media\/9518"}],"wp:attachment":[{"href":"https:\/\/hibucenter.com\/index.php\/wp-json\/wp\/v2\/media?parent=9513"}],"wp:term":[{"taxonomy":"product_cat","embeddable":true,"href":"https:\/\/hibucenter.com\/index.php\/wp-json\/wp\/v2\/product_cat?post=9513"},{"taxonomy":"product_tag","embeddable":true,"href":"https:\/\/hibucenter.com\/index.php\/wp-json\/wp\/v2\/product_tag?post=9513"}],"curies":[{"name":"wp","href":"https:\/\/api.w.org\/{rel}","templated":true}]}}