{"id":9497,"date":"2025-05-23T14:56:22","date_gmt":"2025-05-23T07:56:22","guid":{"rendered":"https:\/\/hibucenter.com\/index.php\/js-asakashi-loc-gio-dong-co-a25001-cho-xe-mazda-cx5-mazda-3-mazda-6-may-2-0-2-5-hibucenter\/"},"modified":"2025-05-28T14:18:58","modified_gmt":"2025-05-28T07:18:58","slug":"js-asakashi-loc-gio-dong-co-a25001-cho-xe-mazda-cx5-mazda-3-mazda-6-may-2-0-2-5-hibucenter","status":"publish","type":"product","link":"https:\/\/hibucenter.com\/index.php\/js-asakashi-loc-gio-dong-co-a25001-cho-xe-mazda-cx5-mazda-3-mazda-6-may-2-0-2-5-hibucenter\/","title":{"rendered":"JS ASAKASHI  L\u1ecdc Gi\u00f3 \u0110\u1ed9ng C\u01a1 A25001 cho xe Mazda CX5, Mazda 3, Mazda 6 m\u00e1y 2.0 \/ 2.5 | Hibucenter"},"content":{"rendered":"<p>QU\u00dd KH\u00c1CH KH\u00d4NG R\u00d5 K\u00cdCH TH\u01af\u1edaC VUI L\u00d2NG LI\u00caN H\u1ec6 CHO SHOP QUA C\u00d4NG C\u1ee4 CHAT C\u1ee6A SHOPEE \u0110\u1ec2 \u0110\u01af\u1ee2C NH\u00c2N VI\u00caN K\u1ef8 THU\u1eacT H\u1ed6 TR\u1ee2 T\u01af V\u1ea4N NH\u00c9  <\/p>\n<p>< > TH\u00d4NG TIN S\u1ea2N PH\u1ea8M:<br \/>\n&#8211; M\u00e3 s\u1ea3n ph\u1ea9m: A25001<br \/>\n&#8211; Xu\u1ea5t x\u1ee9: Nh\u1eadt B\u1ea3n<br \/>\n&#8211; K\u00edch th\u01b0\u1edbc: D\u00e0i x R\u1ed9ng x Cao:\u00a0\u00a0  271 x 180 x 42 (mm)<br \/>\n\u00a0<br \/>\n< > \u1ee8ng d\u1ee5ng:<br \/>\n        + Mazda CX5 \/ Mazda 3\/ Mazda 6 (m\u00e1y 2.0 \/ 2.5 )<\/p>\n<p>https:\/\/cf.shopee.vn\/file\/vn-11134208-7r98o-ls6q8jl7gsrd1b<\/p>\n<p>C\u00e1c m\u00e3 thay th\u1ebf:<br \/>\nMAZDA PE07-13-3A0A<br \/>\nMAZDA PE7W-13-3A0<br \/>\nMAZDA PEAJ-13-3A0<br \/>\nMAZDA PEAR-13-3A0<br \/>\nNISSAN 16546-HA00C<\/p>\n","protected":false},"excerpt":{"rendered":"<p>QU\u00dd KH\u00c1CH KH\u00d4NG R\u00d5 K\u00cdCH TH\u01af\u1edaC VUI L\u00d2NG LI\u00caN H\u1ec6 CHO SHOP QUA C\u00d4NG C\u1ee4 CHAT C\u1ee6A SHOPEE \u0110\u1ec2 \u0110\u01af\u1ee2C NH\u00c2N VI\u00caN K\u1ef8 THU\u1eacT H\u1ed6 TR\u1ee2 T\u01af V\u1ea4N NH\u00c9 < > TH\u00d4NG TIN S\u1ea2N PH\u1ea8M: &#8211; M\u00e3 s\u1ea3n ph\u1ea9m: A25001 &#8211; Xu\u1ea5t x\u1ee9: Nh\u1eadt B\u1ea3n &#8211; K\u00edch th\u01b0\u1edbc: D\u00e0i x R\u1ed9ng x Cao:\u00a0\u00a0 271 x&hellip;<\/p>\n","protected":false},"featured_media":9500,"comment_status":"closed","ping_status":"open","template":"","meta":[],"product_cat":[117,95],"product_tag":[],"class_list":{"0":"post-9497","1":"product","2":"type-product","3":"status-publish","4":"has-post-thumbnail","6":"product_brand-js-asakashi","7":"product_cat-cham-soc-o-to-xe-hoi","8":"product_cat-san-pham","10":"first","11":"instock","12":"product-type-simple","13":"col-xs-6 col-sm-4","14":"col-md-3 col-lg-3","15":"un-4-cols"},"_links":{"self":[{"href":"https:\/\/hibucenter.com\/index.php\/wp-json\/wp\/v2\/product\/9497","targetHints":{"allow":["GET"]}}],"collection":[{"href":"https:\/\/hibucenter.com\/index.php\/wp-json\/wp\/v2\/product"}],"about":[{"href":"https:\/\/hibucenter.com\/index.php\/wp-json\/wp\/v2\/types\/product"}],"replies":[{"embeddable":true,"href":"https:\/\/hibucenter.com\/index.php\/wp-json\/wp\/v2\/comments?post=9497"}],"version-history":[{"count":1,"href":"https:\/\/hibucenter.com\/index.php\/wp-json\/wp\/v2\/product\/9497\/revisions"}],"predecessor-version":[{"id":9499,"href":"https:\/\/hibucenter.com\/index.php\/wp-json\/wp\/v2\/product\/9497\/revisions\/9499"}],"wp:featuredmedia":[{"embeddable":true,"href":"https:\/\/hibucenter.com\/index.php\/wp-json\/wp\/v2\/media\/9500"}],"wp:attachment":[{"href":"https:\/\/hibucenter.com\/index.php\/wp-json\/wp\/v2\/media?parent=9497"}],"wp:term":[{"taxonomy":"product_cat","embeddable":true,"href":"https:\/\/hibucenter.com\/index.php\/wp-json\/wp\/v2\/product_cat?post=9497"},{"taxonomy":"product_tag","embeddable":true,"href":"https:\/\/hibucenter.com\/index.php\/wp-json\/wp\/v2\/product_tag?post=9497"}],"curies":[{"name":"wp","href":"https:\/\/api.w.org\/{rel}","templated":true}]}}