{"id":9469,"date":"2025-05-23T14:56:22","date_gmt":"2025-05-23T07:56:22","guid":{"rendered":"https:\/\/hibucenter.com\/index.php\/loc-gio-may-lanh-cabin-than-hoat-tinh-js-asakashi-ac0239c-hyundai-accent-creta-kona\/"},"modified":"2025-05-28T14:18:58","modified_gmt":"2025-05-28T07:18:58","slug":"loc-gio-may-lanh-cabin-than-hoat-tinh-js-asakashi-ac0239c-hyundai-accent-creta-kona","status":"publish","type":"product","link":"https:\/\/hibucenter.com\/index.php\/loc-gio-may-lanh-cabin-than-hoat-tinh-js-asakashi-ac0239c-hyundai-accent-creta-kona\/","title":{"rendered":"L\u1ecdc Gi\u00f3 M\u00e1y L\u1ea1nh &#8211; Cabin Than Ho\u1ea1t T\u00ednh JS ASAKASHI AC0239C | HYUNDAI Accent , Creta, Kona.."},"content":{"rendered":"<p>L\u1ecdc Gi\u00f3 M\u00e1y L\u1ea1nh &#8211; Cabin Than Ho\u1ea1t T\u00ednh JS ASAKASHI AC0239C | HYUNDAI Accent (18 &#8211; ), Creta (15 &#8211; 20), Kona (17- ) &#8230;<\/p>\n<p>  QU\u00dd KH\u00c1CH KH\u00d4NG R\u00d5 K\u00cdCH TH\u01af\u1edaC VUI L\u00d2NG LI\u00caN H\u1ec6 CHO SHOP QUA C\u00d4NG C\u1ee4 CHAT C\u1ee6A SHOPEE \u0110\u1ec2 \u0110\u01af\u1ee2C NH\u00c2N VI\u00caN K\u1ef8 THU\u1eacT H\u1ed6 TR\u1ee2 T\u01af V\u1ea4N NH\u00c9  <\/p>\n<p>TH\u00d4NG S\u1ed0 S\u1ea2N PH\u1ea8M:<br \/>\n&#8211; Nh\u00e0 s\u1ea3n xu\u1ea5t\tJS Asakashi<br \/>\n&#8211; Xu\u1ea5t x\u1ee9: Nh\u1eadt B\u1ea3n<br \/>\n&#8211; M\u00e3 s\u1ea3n ph\u1ea9m: \tAC0239C<br \/>\n&#8211; K\u00edch th\u01b0\u1edbc (DxRxC):  225 (mm) x 200 (mm) x 28 (mm)<\/p>\n<p>\u1ee8NG D\u1ee4NG:<br \/>\n     \u25b6 KIA Carens (21 &#8211; ), Rio (16 &#8211; 20), Seltos (20 &#8211; ), Sonet (20 -), Sportage ( 15 &#8211; 20); <\/p>\n<p>     \u25b6 HYUNDAI Accent ( 18 &#8211; ), Creta (15 &#8211; 20), Kona (17 -), Tucson (15 &#8211; 18).<\/p>\n<p>https:\/\/cf.shopee.vn\/file\/vn-11134208-7r98o-lskunqwsn7b81d<br \/>\nAC0239C c\u00f3 th\u1ec3 thay th\u1ebf c\u00e1c m\u00e3 sau<\/p>\n<p>HYUNDAI 97133-1R000<br \/>\nHYUNDAI 97133-D1000<br \/>\nHYUNDAI 97133-D3000<br \/>\nHYUNDAI 97133-D3200<br \/>\nHYUNDAI \/ KIA 97133-D1000<br \/>\nHYUNDAI \/ KIA 97133-D3100<br \/>\nHYUNDAI \/ KIA 97133-J9000<br \/>\nHYUNDAI \/ KIA S97133-D1000<br \/>\nHYUNDAI \/ KIA S97133-D3200<\/p>\n<p>#loc_gio_Accent#loc_gio_Creta#Loc_gio_Kona #Loc_gio_Tucson<br \/>\n#loc_gio_Carens##loc_gio_Sonet #loc_gio_Seltos #loc_gio_Rio #loc_gio_Sportage<br \/>\n#AC0239C #loc_gio_JS_Asakashi<\/p>\n","protected":false},"excerpt":{"rendered":"<p>L\u1ecdc Gi\u00f3 M\u00e1y L\u1ea1nh &#8211; Cabin Than Ho\u1ea1t T\u00ednh JS ASAKASHI AC0239C | HYUNDAI Accent (18 &#8211; ), Creta (15 &#8211; 20), Kona (17- ) &#8230; QU\u00dd KH\u00c1CH KH\u00d4NG R\u00d5 K\u00cdCH TH\u01af\u1edaC VUI L\u00d2NG LI\u00caN H\u1ec6 CHO SHOP QUA C\u00d4NG C\u1ee4 CHAT C\u1ee6A SHOPEE \u0110\u1ec2 \u0110\u01af\u1ee2C NH\u00c2N VI\u00caN K\u1ef8 THU\u1eacT H\u1ed6 TR\u1ee2 T\u01af V\u1ea4N NH\u00c9&hellip;<\/p>\n","protected":false},"featured_media":9472,"comment_status":"closed","ping_status":"open","template":"","meta":[],"product_cat":[117,95],"product_tag":[],"class_list":{"0":"post-9469","1":"product","2":"type-product","3":"status-publish","4":"has-post-thumbnail","6":"product_brand-js-asakashi","7":"product_cat-cham-soc-o-to-xe-hoi","8":"product_cat-san-pham","10":"first","11":"instock","12":"product-type-simple","13":"col-xs-6 col-sm-4","14":"col-md-3 col-lg-3","15":"un-4-cols"},"_links":{"self":[{"href":"https:\/\/hibucenter.com\/index.php\/wp-json\/wp\/v2\/product\/9469","targetHints":{"allow":["GET"]}}],"collection":[{"href":"https:\/\/hibucenter.com\/index.php\/wp-json\/wp\/v2\/product"}],"about":[{"href":"https:\/\/hibucenter.com\/index.php\/wp-json\/wp\/v2\/types\/product"}],"replies":[{"embeddable":true,"href":"https:\/\/hibucenter.com\/index.php\/wp-json\/wp\/v2\/comments?post=9469"}],"version-history":[{"count":1,"href":"https:\/\/hibucenter.com\/index.php\/wp-json\/wp\/v2\/product\/9469\/revisions"}],"predecessor-version":[{"id":9471,"href":"https:\/\/hibucenter.com\/index.php\/wp-json\/wp\/v2\/product\/9469\/revisions\/9471"}],"wp:featuredmedia":[{"embeddable":true,"href":"https:\/\/hibucenter.com\/index.php\/wp-json\/wp\/v2\/media\/9472"}],"wp:attachment":[{"href":"https:\/\/hibucenter.com\/index.php\/wp-json\/wp\/v2\/media?parent=9469"}],"wp:term":[{"taxonomy":"product_cat","embeddable":true,"href":"https:\/\/hibucenter.com\/index.php\/wp-json\/wp\/v2\/product_cat?post=9469"},{"taxonomy":"product_tag","embeddable":true,"href":"https:\/\/hibucenter.com\/index.php\/wp-json\/wp\/v2\/product_tag?post=9469"}],"curies":[{"name":"wp","href":"https:\/\/api.w.org\/{rel}","templated":true}]}}