{"id":9459,"date":"2025-05-23T14:56:22","date_gmt":"2025-05-23T07:56:22","guid":{"rendered":"https:\/\/hibucenter.com\/index.php\/loc-gio-dong-co-js-asakashi-a25004-xuat-xu-nhat-mazda-cx-3-mazda-2-mazda-3\/"},"modified":"2025-05-28T14:18:58","modified_gmt":"2025-05-28T07:18:58","slug":"loc-gio-dong-co-js-asakashi-a25004-xuat-xu-nhat-mazda-cx-3-mazda-2-mazda-3","status":"publish","type":"product","link":"https:\/\/hibucenter.com\/index.php\/loc-gio-dong-co-js-asakashi-a25004-xuat-xu-nhat-mazda-cx-3-mazda-2-mazda-3\/","title":{"rendered":"L\u1ecdc Gi\u00f3 \u0110\u1ed9ng C\u01a1 JS ASAKASHI A25004 Xu\u1ea5t x\u1ee9 Nh\u1eadt | MAZDA CX-3, Mazda 2, Mazda 3"},"content":{"rendered":"<p>L\u1ecdc Gi\u00f3 \u0110\u1ed9ng C\u01a1 JS ASAKASHI A25004 Xu\u1ea5t x\u1ee9 Nh\u1eadt, K\u00edch th\u01b0\u1edbc 227 x 172 x 47 | MAZDA CX-3, Mazda 2, Mazda 3<\/p>\n<p>  QU\u00dd KH\u00c1CH KH\u00d4NG R\u00d5 K\u00cdCH TH\u01af\u1edaC VUI L\u00d2NG LI\u00caN H\u1ec6 CHO SHOP QUA C\u00d4NG C\u1ee4 CHAT C\u1ee6A SHOPEE \u0110\u1ec2 \u0110\u01af\u1ee2C NH\u00c2N VI\u00caN K\u1ef8 THU\u1eacT H\u1ed6 TR\u1ee2 T\u01af V\u1ea4N NH\u00c9  <\/p>\n<p>< > TH\u00d4NG TIN S\u1ea2N PH\u1ea8M:<br \/>\n&#8211; Nh\u00e0 s\u1ea3n xu\u1ea5t\tJS Asakashi<br \/>\n&#8211; Xu\u1ea5t x\u1ee9: Nh\u1eadt B\u1ea3n<br \/>\n&#8211; M\u00e3 s\u1ea3n ph\u1ea9m: \tA25004<br \/>\n&#8211; Chi\u1ec1u d\u00e0i: \t 227 mm<br \/>\n&#8211; Chi\u1ec1u r\u1ed9ng: \t172 mm<br \/>\n&#8211; Chi\u1ec1u cao: \t47 mm<\/p>\n<p>https:\/\/cf.shopee.vn\/file\/vn-11134208-7r98o-lr4d0utcxps444<br \/>\nhttps:\/\/cf.shopee.vn\/file\/vn-11134208-7r98o-lr4d0utcz4ckf2<br \/>\nhttps:\/\/cf.shopee.vn\/file\/vn-11134208-7r98o-lr4d0utd0ix044<\/p>\n<p>< > \u1ee8NG D\u1ee4NG:<br \/>\n\u2013 MAZDA\u00a0\u00bb\u00a0Axela (13 &#8211; 19)<br \/>\n\u2013 MAZDA\u00a0\u00bb\u00a0CX-3 (15 &#8211; )<br \/>\n\u2013 MAZDA\u00a0\u00bb\u00a0Mazda 2 (14 &#8211; )<br \/>\n\u2013 MAZDA\u00a0\u00bb\u00a0Mazda 3 (13 &#8211; )<\/p>\n<p>#loc_gio_dong_co_js_asakashi #loc_dong_co_Mazda2 #loc_gio_dong_co_CX-3#loc_gio_dong_co_Mazda3<br \/>\n#loc_js_asakashi #A25004<\/p>\n","protected":false},"excerpt":{"rendered":"<p>L\u1ecdc Gi\u00f3 \u0110\u1ed9ng C\u01a1 JS ASAKASHI A25004 Xu\u1ea5t x\u1ee9 Nh\u1eadt, K\u00edch th\u01b0\u1edbc 227 x 172 x 47 | MAZDA CX-3, Mazda 2, Mazda 3 QU\u00dd KH\u00c1CH KH\u00d4NG R\u00d5 K\u00cdCH TH\u01af\u1edaC VUI L\u00d2NG LI\u00caN H\u1ec6 CHO SHOP QUA C\u00d4NG C\u1ee4 CHAT C\u1ee6A SHOPEE \u0110\u1ec2 \u0110\u01af\u1ee2C NH\u00c2N VI\u00caN K\u1ef8 THU\u1eacT H\u1ed6 TR\u1ee2 T\u01af V\u1ea4N NH\u00c9 < >&hellip;<\/p>\n","protected":false},"featured_media":9464,"comment_status":"closed","ping_status":"open","template":"","meta":[],"product_cat":[117,95],"product_tag":[],"class_list":{"0":"post-9459","1":"product","2":"type-product","3":"status-publish","4":"has-post-thumbnail","6":"product_brand-js-asakashi","7":"product_cat-cham-soc-o-to-xe-hoi","8":"product_cat-san-pham","10":"first","11":"instock","12":"product-type-simple","13":"col-xs-6 col-sm-4","14":"col-md-3 col-lg-3","15":"un-4-cols"},"_links":{"self":[{"href":"https:\/\/hibucenter.com\/index.php\/wp-json\/wp\/v2\/product\/9459","targetHints":{"allow":["GET"]}}],"collection":[{"href":"https:\/\/hibucenter.com\/index.php\/wp-json\/wp\/v2\/product"}],"about":[{"href":"https:\/\/hibucenter.com\/index.php\/wp-json\/wp\/v2\/types\/product"}],"replies":[{"embeddable":true,"href":"https:\/\/hibucenter.com\/index.php\/wp-json\/wp\/v2\/comments?post=9459"}],"version-history":[{"count":1,"href":"https:\/\/hibucenter.com\/index.php\/wp-json\/wp\/v2\/product\/9459\/revisions"}],"predecessor-version":[{"id":9463,"href":"https:\/\/hibucenter.com\/index.php\/wp-json\/wp\/v2\/product\/9459\/revisions\/9463"}],"wp:featuredmedia":[{"embeddable":true,"href":"https:\/\/hibucenter.com\/index.php\/wp-json\/wp\/v2\/media\/9464"}],"wp:attachment":[{"href":"https:\/\/hibucenter.com\/index.php\/wp-json\/wp\/v2\/media?parent=9459"}],"wp:term":[{"taxonomy":"product_cat","embeddable":true,"href":"https:\/\/hibucenter.com\/index.php\/wp-json\/wp\/v2\/product_cat?post=9459"},{"taxonomy":"product_tag","embeddable":true,"href":"https:\/\/hibucenter.com\/index.php\/wp-json\/wp\/v2\/product_tag?post=9459"}],"curies":[{"name":"wp","href":"https:\/\/api.w.org\/{rel}","templated":true}]}}