{"id":9444,"date":"2025-05-23T14:56:22","date_gmt":"2025-05-23T07:56:22","guid":{"rendered":"https:\/\/hibucenter.com\/index.php\/loc-gio-dong-co-js-asakashi-air-filter-a28011-danh-cho-xe-honda-cr-v-14-18-hibucenter\/"},"modified":"2025-05-28T14:18:58","modified_gmt":"2025-05-28T07:18:58","slug":"loc-gio-dong-co-js-asakashi-air-filter-a28011-danh-cho-xe-honda-cr-v-14-18-hibucenter","status":"publish","type":"product","link":"https:\/\/hibucenter.com\/index.php\/loc-gio-dong-co-js-asakashi-air-filter-a28011-danh-cho-xe-honda-cr-v-14-18-hibucenter\/","title":{"rendered":"L\u1ecdc Gi\u00f3 \u0110\u1ed9ng C\u01a1 JS Asakashi  Air Filter A28011 D\u00e0nh Cho Xe HONDA CR-V ( 14 &#8211; 18 ) | Hibucenter"},"content":{"rendered":"<p>QU\u00dd KH\u00c1CH KH\u00d4NG R\u00d5 K\u00cdCH TH\u01af\u1edaC VUI L\u00d2NG LI\u00caN H\u1ec6 CHO SHOP QUA C\u00d4NG C\u1ee4 CHAT C\u1ee6A SHOPEE \u0110\u1ec2 \u0110\u01af\u1ee2C NH\u00c2N VI\u00caN K\u1ef8 THU\u1eacT H\u1ed6 TR\u1ee2 T\u01af V\u1ea4N NH\u00c9  <\/p>\n<p>< > TH\u00d4NG TIN S\u1ea2N PH\u1ea8M :<br \/>\n&#8211; Xu\u1ea5t x\u1ee9 : Nh\u1eadt B\u1ea3n<br \/>\n&#8211; Th\u01b0\u01a1ng hi\u1ec7u : JS Asakashi<br \/>\n&#8211; M\u00e3 s\u1ea3n ph\u1ea9m : A28011<br \/>\n&#8211; M\u00e3 ph\u1ee5 t\u00f9ng : 17220-R5A-A01<br \/>\n&#8211; K\u00edch th\u01b0\u1edbc :  Length(mm) 257 x Width 1 (mm) 197 x Height 1 (mm) 54<\/p>\n<p>**Tham chi\u1ebfu ch\u00e9o<br \/>\nHONDA :  17220-R5A-A00<br \/>\nHONDA :  17220-R5A-A01<\/p>\n<p>< > \u1ee8NG D\u1ee4NG :<br \/>\n HONDA\u00a0\u00bb\u00a0CR-V 2.4 ( 11 &#8211; 18 )  <\/p>\n<p>** B\u1ed9 l\u1ecdc kh\u00f4ng kh\u00ed \u0111\u1ed9ng c\u01a1:<br \/>\n-L\u1ecdc gi\u00f3 \u0111\u1ed9ng c\u01a1 l\u00e0 b\u1ed9 ph\u1eadn l\u1ecdc gi\u00fap l\u00e0m s\u1ea1ch kh\u00f4ng kh\u00ed \u0111i v\u00e0o p\u00f4 e \u0111\u1ed9ng c\u01a1. Kh\u00f4ng kh\u00ed \u0111\u01b0\u1ee3c l\u1ecdc s\u1ea1ch s\u1ebd gi\u00fap \u0111\u1ed9ng c\u01a1 ho\u1ea1t\u00a0\u0111\u1ed9ng t\u1ed1t, h\u1ea1n ch\u1ebf mu\u1ed9i than\u00a0\u0111\u00f3ng trong lock \u0111\u1ed9ng c\u01a1. Sau kho\u1ea3ng 3.000km ch\u00fang ta ph\u1ea3i v\u1ec7 sinh l\u1ecdc gi\u00f3 \u0111\u1ec3\u00a0\u0111\u1ed9ng c\u01a1 duy tr\u00ec hi\u1ec7u su\u1ea5t v\u1eadn h\u00e0nh. V\u00e0 thay th\u1ebf l\u1ecdc gi\u00f3 sau 20.000km ho\u1eb7c s\u1edbm h\u01a1n kho\u1ea3ng 15.000km trong\u00a0\u0111i\u1ec1u ki\u1ec7n kh\u00f4ng kh\u00ed \u00f4 nhi\u1ec5m nh\u01b0 hi\u1ec7n nay.<br \/>\n#loc_gio_dong_co_JSasakashi#loc_gio_dong_co_A28011_loc_gio_dong_co_xe_HONDA_CR-V<\/p>\n","protected":false},"excerpt":{"rendered":"<p>QU\u00dd KH\u00c1CH KH\u00d4NG R\u00d5 K\u00cdCH TH\u01af\u1edaC VUI L\u00d2NG LI\u00caN H\u1ec6 CHO SHOP QUA C\u00d4NG C\u1ee4 CHAT C\u1ee6A SHOPEE \u0110\u1ec2 \u0110\u01af\u1ee2C NH\u00c2N VI\u00caN K\u1ef8 THU\u1eacT H\u1ed6 TR\u1ee2 T\u01af V\u1ea4N NH\u00c9 < > TH\u00d4NG TIN S\u1ea2N PH\u1ea8M : &#8211; Xu\u1ea5t x\u1ee9 : Nh\u1eadt B\u1ea3n &#8211; Th\u01b0\u01a1ng hi\u1ec7u : JS Asakashi &#8211; M\u00e3 s\u1ea3n ph\u1ea9m : A28011 &#8211;&hellip;<\/p>\n","protected":false},"featured_media":9446,"comment_status":"closed","ping_status":"open","template":"","meta":[],"product_cat":[117,95],"product_tag":[],"class_list":{"0":"post-9444","1":"product","2":"type-product","3":"status-publish","4":"has-post-thumbnail","6":"product_brand-js-asakashi","7":"product_cat-cham-soc-o-to-xe-hoi","8":"product_cat-san-pham","10":"first","11":"instock","12":"product-type-simple","13":"col-xs-6 col-sm-4","14":"col-md-3 col-lg-3","15":"un-4-cols"},"_links":{"self":[{"href":"https:\/\/hibucenter.com\/index.php\/wp-json\/wp\/v2\/product\/9444","targetHints":{"allow":["GET"]}}],"collection":[{"href":"https:\/\/hibucenter.com\/index.php\/wp-json\/wp\/v2\/product"}],"about":[{"href":"https:\/\/hibucenter.com\/index.php\/wp-json\/wp\/v2\/types\/product"}],"replies":[{"embeddable":true,"href":"https:\/\/hibucenter.com\/index.php\/wp-json\/wp\/v2\/comments?post=9444"}],"version-history":[{"count":1,"href":"https:\/\/hibucenter.com\/index.php\/wp-json\/wp\/v2\/product\/9444\/revisions"}],"predecessor-version":[{"id":9445,"href":"https:\/\/hibucenter.com\/index.php\/wp-json\/wp\/v2\/product\/9444\/revisions\/9445"}],"wp:featuredmedia":[{"embeddable":true,"href":"https:\/\/hibucenter.com\/index.php\/wp-json\/wp\/v2\/media\/9446"}],"wp:attachment":[{"href":"https:\/\/hibucenter.com\/index.php\/wp-json\/wp\/v2\/media?parent=9444"}],"wp:term":[{"taxonomy":"product_cat","embeddable":true,"href":"https:\/\/hibucenter.com\/index.php\/wp-json\/wp\/v2\/product_cat?post=9444"},{"taxonomy":"product_tag","embeddable":true,"href":"https:\/\/hibucenter.com\/index.php\/wp-json\/wp\/v2\/product_tag?post=9444"}],"curies":[{"name":"wp","href":"https:\/\/api.w.org\/{rel}","templated":true}]}}