{"id":9437,"date":"2025-05-23T14:56:22","date_gmt":"2025-05-23T07:56:22","guid":{"rendered":"https:\/\/hibucenter.com\/index.php\/loc-gio-dong-co-js-asakashi-a9328-cho-xe-hyundai-elantra-kia-cerato-seltos-hang-chinh-hang\/"},"modified":"2025-05-28T14:18:58","modified_gmt":"2025-05-28T07:18:58","slug":"loc-gio-dong-co-js-asakashi-a9328-cho-xe-hyundai-elantra-kia-cerato-seltos-hang-chinh-hang","status":"publish","type":"product","link":"https:\/\/hibucenter.com\/index.php\/loc-gio-dong-co-js-asakashi-a9328-cho-xe-hyundai-elantra-kia-cerato-seltos-hang-chinh-hang\/","title":{"rendered":"L\u1ecdc Gi\u00f3 \u0110\u1ed9ng C\u01a1 JS ASAKASHI  A9328 Cho Xe HYUNDAI Elantra, KIA  Cerato, Seltos | H\u00e0ng Ch\u00ednh H\u00e3ng"},"content":{"rendered":"<p>QU\u00dd KH\u00c1CH H\u00c0NG VUI L\u00d2NG LI\u00caN H\u1ec6 SHOP QUA C\u00d4NG C\u1ee4 CHAT C\u1ee6A SHOPEE \u0110\u1ec2 \u0110\u01af\u1ee2C NH\u00c2N VI\u00caN K\u1ef8 THU\u1eacT H\u1ed6 TR\u1ee2 T\u01af V\u1ea4N \u1ea0  <\/p>\n<p>< > TH\u00d4NG TIN S\u1ea2N PH\u1ea8M : <\/p>\n<p>&#8211; Nh\u00e0 s\u1ea3n xu\u1ea5t : JS Asakashi<br \/>\n&#8211; M\u00e3 s\u1ea3n ph\u1ea9m : A9328<br \/>\n&#8211; K\u00edch th\u01b0\u1edbc :  242 x 162 x 53 mm<\/p>\n<p>>>  M\u00e3 n\u00e0y c\u00f3 th\u1ec3 thay th\u1ebf :<br \/>\nHyundai  28113F0000<br \/>\nHyundai  28113F2000<br \/>\nKia  28113F2000<br \/>\nSakura  A28930<\/p>\n<p>< > \u1ee8NG D\u1ee4NG :<br \/>\nHyundai Avante\/Elantra (2015-2020)<br \/>\nHyundai i30 (2016 &#8211; )<br \/>\nHyundai Kona (2017 &#8211; )<br \/>\nHyundai Veloster (2018 &#8211; )<br \/>\nKia Cerato (2018 &#8211; )<br \/>\nKia K3 (2018 &#8211; )<br \/>\nKia Soul (2017 &#8211; )<\/p>\n<p>#LOC_GIO_DONG_CO_JSASAKASHI#LOC_GIO_DONG_CO_A9328#HANG_CHINH_HANG<\/p>\n","protected":false},"excerpt":{"rendered":"<p>QU\u00dd KH\u00c1CH H\u00c0NG VUI L\u00d2NG LI\u00caN H\u1ec6 SHOP QUA C\u00d4NG C\u1ee4 CHAT C\u1ee6A SHOPEE \u0110\u1ec2 \u0110\u01af\u1ee2C NH\u00c2N VI\u00caN K\u1ef8 THU\u1eacT H\u1ed6 TR\u1ee2 T\u01af V\u1ea4N \u1ea0 < > TH\u00d4NG TIN S\u1ea2N PH\u1ea8M : &#8211; Nh\u00e0 s\u1ea3n xu\u1ea5t : JS Asakashi &#8211; M\u00e3 s\u1ea3n ph\u1ea9m : A9328 &#8211; K\u00edch th\u01b0\u1edbc : 242 x 162 x 53 mm&hellip;<\/p>\n","protected":false},"featured_media":9439,"comment_status":"closed","ping_status":"open","template":"","meta":[],"product_cat":[117,95],"product_tag":[],"class_list":{"0":"post-9437","1":"product","2":"type-product","3":"status-publish","4":"has-post-thumbnail","6":"product_brand-js-asakashi","7":"product_cat-cham-soc-o-to-xe-hoi","8":"product_cat-san-pham","10":"first","11":"instock","12":"product-type-simple","13":"col-xs-6 col-sm-4","14":"col-md-3 col-lg-3","15":"un-4-cols"},"_links":{"self":[{"href":"https:\/\/hibucenter.com\/index.php\/wp-json\/wp\/v2\/product\/9437","targetHints":{"allow":["GET"]}}],"collection":[{"href":"https:\/\/hibucenter.com\/index.php\/wp-json\/wp\/v2\/product"}],"about":[{"href":"https:\/\/hibucenter.com\/index.php\/wp-json\/wp\/v2\/types\/product"}],"replies":[{"embeddable":true,"href":"https:\/\/hibucenter.com\/index.php\/wp-json\/wp\/v2\/comments?post=9437"}],"version-history":[{"count":1,"href":"https:\/\/hibucenter.com\/index.php\/wp-json\/wp\/v2\/product\/9437\/revisions"}],"predecessor-version":[{"id":9438,"href":"https:\/\/hibucenter.com\/index.php\/wp-json\/wp\/v2\/product\/9437\/revisions\/9438"}],"wp:featuredmedia":[{"embeddable":true,"href":"https:\/\/hibucenter.com\/index.php\/wp-json\/wp\/v2\/media\/9439"}],"wp:attachment":[{"href":"https:\/\/hibucenter.com\/index.php\/wp-json\/wp\/v2\/media?parent=9437"}],"wp:term":[{"taxonomy":"product_cat","embeddable":true,"href":"https:\/\/hibucenter.com\/index.php\/wp-json\/wp\/v2\/product_cat?post=9437"},{"taxonomy":"product_tag","embeddable":true,"href":"https:\/\/hibucenter.com\/index.php\/wp-json\/wp\/v2\/product_tag?post=9437"}],"curies":[{"name":"wp","href":"https:\/\/api.w.org\/{rel}","templated":true}]}}