{"id":9328,"date":"2025-05-22T15:24:00","date_gmt":"2025-05-22T08:24:00","guid":{"rendered":"http:\/\/hibucenter.com\/index.php\/wd-40-nuoc-ngam-rua-ri-set-da-nang-rust-remover-soak-1-gallon-4-lit-dau-tay-ri-set\/"},"modified":"2025-05-23T10:35:39","modified_gmt":"2025-05-23T03:35:39","slug":"wd-40-nuoc-ngam-rua-ri-set-da-nang-rust-remover-soak-1-gallon-4-lit-dau-tay-ri-set","status":"publish","type":"product","link":"https:\/\/hibucenter.com\/index.php\/wd-40-nuoc-ngam-rua-ri-set-da-nang-rust-remover-soak-1-gallon-4-lit-dau-tay-ri-set\/","title":{"rendered":"WD-40 N\u01b0\u1edbc Ng\u00e2m R\u1eeda R\u1ec9 S\u00e9t \u0110a N\u0103ng Rust Remover Soak 1 Gallon 4 L\u00edt- D\u1ea7u T\u1ea9y R\u1ec9 S\u00e9t"},"content":{"rendered":"<p>N\u01b0\u1edbc Ng\u00e2m R\u1eeda R\u1ec9 S\u00e9t \u0110a N\u0103ng WD-40 Rust Remover Soak 1 Gallon 4 L\u00edt- D\u1ea7u T\u1ea9y R\u1ec9 S\u00e9t<\/p>\n<p>  TH\u00d4NG TIN S\u1ea2N PH\u1ea8M:<br \/>\n&#8211; M\u00e3 s\u1ea3n ph\u1ea9m: 300042<br \/>\n&#8211; Dung t\u00edch:1 Gallon ~ 4 L\u00edt<br \/>\n&#8211; Th\u01b0\u01a1ng hi\u1ec7u: WD-40<br \/>\n&#8211; Xu\u1ea5t x\u1ee9 th\u01b0\u01a1ng hi\u1ec7u: USA<\/p>\n<p>  \u0110\u1eb6C \u0110I\u1ec2M S\u1ea2N PH\u1ea8M:<br \/>\n&#8211; N\u01b0\u1edbc Ng\u00e2m R\u1eeda R\u1ec9 S\u00e9t WD 40 Rust Remover Soak \u0111\u01b0\u1ee3c thi\u1ebft k\u1ebf trong can l\u1edbn 1 gallon t\u01b0\u01a1ng \u0111\u01b0\u01a1ng 4 l\u00edt, ph\u00f9 h\u1ee3p v\u1edbi nhu c\u1ea7u s\u1eed d\u1ee5ng nhi\u1ec1u ho\u1eb7c c\u1ea7n ng\u00e2m r\u1eeda \u0111\u1ed3 dung, thi\u1ebft b\u1ecb.<br \/>\n&#8211; N\u01b0\u1edbc Ng\u00e2m R\u1eeda R\u1ec9 S\u00e9t WD 40 Rust Remover Soak v\u1edbi dung t\u00edch l\u1edbn v\u00e0 c\u00f3 th\u1ec3 t\u00e1i s\u1eed d\u1ee5ng nhi\u1ec1u l\u1ea7n gi\u00fap b\u1ea1n ti\u1ebft ki\u1ec7m chi ph\u00ed, th\u1eddi gian v\u00e0 c\u00f4ng s\u1ee9c trong qu\u00e1 tr\u00ecnh s\u1eed d\u1ee5ng.<br \/>\n&#8211; N\u01b0\u1edbc Ng\u00e2m R\u1eeda R\u1ec9 S\u00e9t WD 40 Rust Remover Soak th\u01b0\u1eddng \u0111\u01b0\u1ee3c s\u1eed d\u1ee5ng cho c\u00e1c c\u00f4ng c\u1ee5 c\u1ea7n ng\u00e2m r\u1eeda r\u1ec9 s\u00e9t nh\u01b0 \u1ed1c v\u00edt, bu l\u00f4ng, k\u1ec1m, k\u00e9o, b\u00faa, l\u01b0\u1ee1i c\u01b0a gi\u00fap lo\u1ea1i b\u1ecf r\u1ec9 s\u00e9t, k\u00e9o d\u00e0i tu\u1ed5i th\u1ecd v\u00e0 b\u1ea3o v\u1ec7 ch\u00fang kh\u1ecfi c\u00e1c t\u00e1c nh\u00e2n g\u00e2y hao m\u00f2n.<br \/>\n&#8211; N\u01b0\u1edbc Ng\u00e2m R\u1eeda R\u1ec9 S\u00e9t WD 40 Rust Remover Soak c\u00f2n \u0111\u01b0\u1ee3c d\u00f9ng cho c\u00e1c b\u1ed9 ph\u1eadn xe m\u00e1y, \u00f4 t\u00f4, m\u00e1y m\u00f3c c\u00f4ng nghi\u1ec7p v\u00e0 c\u00e1c thi\u1ebft b\u1ecb \u0111\u1ed3 d\u00f9ng kh\u00e1c,&#8230;<br \/>\nhttps:\/\/cf.shopee.vn\/file\/vn-11134208-7r98o-lsmg37jfcxqc92<br \/>\n&#8211; WD 40 Rust Remover Soak l\u00e0m s\u1ea1ch r\u1ec9 s\u00e9t, d\u1ea7u m\u1ee1, b\u00f4i tr\u01a1n, ch\u1ed1ng g\u1ec9, ch\u1ed1ng \u1ea9m v\u00e0 b\u1ea3o v\u1ec7 c\u00e1c d\u1ee5ng c\u1ee5 kim lo\u1ea1i<br \/>\n&#8211; WD 40 Rust Remover Soak Lo\u1ea1i b\u1ecf s\u1ea1ch r\u1ec9 s\u00e9t m\u00e0 kh\u00f4ng g\u00e2y t\u1ed5n h\u1ea1i \u0111\u1ebfn b\u1ec1 m\u1eb7t, c\u00e1c b\u1ed9 ph\u1eadn xung quanh, v\u00f2ng \u0111\u1ec7m hay l\u1edbp s\u01a1n.<br \/>\n&#8211; WD 40 Rust Remover Soak ph\u1ee5c h\u1ed3i c\u00e1c b\u1ec1 m\u1eb7t b\u1eb1ng kim lo\u1ea1i m\u00e0 kh\u00f4ng c\u1ea7n c\u1ea1o ho\u1eb7c ch\u00e0. \u0110\u1ed1i v\u1edbi b\u1ec1 m\u1eb7t r\u1ec9 s\u00e9t \u00edt th\u00ec n\u00ean ng\u00e2m c\u00e1c b\u1ed9 ph\u1eadn trong 1 \u0111\u1ebfn 3 gi\u1edd v\u00e0 \u0111\u1ed1i v\u1edbi v\u1eadt d\u1ee5ng r\u1ec9 s\u00e9t n\u1eb7ng th\u00ec ng\u00e2m c\u00e1c b\u1ed9 ph\u1eadn trong dung d\u1ecbch qua \u0111\u00eam.<br \/>\n&#8211; WD 40 Rust Remover Soak kh\u00f4ng \u0111\u1ed9c h\u1ea1i v\u00e0 t\u1ef1 ph\u00e2n hu\u1ef7 sinh h\u1ecdc.<br \/>\n&#8211; WD 40 Rust Remover Soak l\u00e0 gi\u1ea3i ph\u00e1p l\u00fd t\u01b0\u1edfng cho vi\u1ec7c ph\u1ee5c h\u1ed3i c\u00e1c b\u1ed9 ph\u1eadn kim lo\u1ea1i b\u1ecb r\u1ec9 s\u00e9t b\u1ec1 m\u1eb7t.<\/p>\n<p>https:\/\/cf.shopee.vn\/file\/vn-11134208-7r98o-lsmg37jfecas98<\/p>\n<p>  H\u01af\u1edaNG D\u1eaaN S\u1eec D\u1ee4NG:<br \/>\nL\u1eafc \u0111\u1ec1u th\u00f9ng tr\u01b0\u1edbc khi s\u1eed d\u1ee5ng, ng\u00e2m ho\u1eb7c phun s\u1ea3n ph\u1ea9m tr\u1ef1c ti\u1ebfp l\u00ean b\u1ec1 m\u1eb7t c\u1ea7n t\u1ea9y r\u1ec9 s\u00e9t r\u1ed3i ch\u00e0 l\u1ea1i b\u1eb1ng gi\u1ea5y nh\u00e1m ho\u1eb7c b\u00e0n ch\u1ea3i.<\/p>\n<p>  L\u01afU \u00dd:<br \/>\n&#8211; B\u1ea3o qu\u1ea3n n\u01a1i tho\u00e1ng m\u00e1t, tr\u00e1nh \u00e1nh n\u1eafng tr\u1ef1c ti\u1ebfp.<br \/>\n&#8211; Tr\u00e1nh xa t\u1ea7m tay tr\u1ebb em.<br \/>\n&#8211; \u0110\u00f3ng n\u1eafp sau khi s\u1eed d\u1ee5ng.<\/p>\n<p>#HBCENTER#WD40#hbcenter#wd40#wd40gallon#gallon#wd3.785l#specialistrustsoak1gallon#wdspecialistrustsoak#specialistrustsoak#chattayruariset#wdchattayruariset#<\/p>\n","protected":false},"excerpt":{"rendered":"<p>N\u01b0\u1edbc Ng\u00e2m R\u1eeda R\u1ec9 S\u00e9t \u0110a N\u0103ng WD-40 Rust Remover Soak 1 Gallon 4 L\u00edt- D\u1ea7u T\u1ea9y R\u1ec9 S\u00e9t TH\u00d4NG TIN S\u1ea2N PH\u1ea8M: &#8211; M\u00e3 s\u1ea3n ph\u1ea9m: 300042 &#8211; Dung t\u00edch:1 Gallon ~ 4 L\u00edt &#8211; Th\u01b0\u01a1ng hi\u1ec7u: WD-40 &#8211; Xu\u1ea5t x\u1ee9 th\u01b0\u01a1ng hi\u1ec7u: USA \u0110\u1eb6C \u0110I\u1ec2M S\u1ea2N PH\u1ea8M: &#8211; N\u01b0\u1edbc Ng\u00e2m R\u1eeda R\u1ec9 S\u00e9t&hellip;<\/p>\n","protected":false},"featured_media":9332,"comment_status":"closed","ping_status":"open","template":"","meta":[],"product_cat":[118],"product_tag":[181],"class_list":{"0":"post-9328","1":"product","2":"type-product","3":"status-publish","4":"has-post-thumbnail","6":"product_brand-wd-40","7":"product_cat-dung-dich-phu-gia-dau-nhon","8":"product_tag-wd-40","10":"first","11":"instock","12":"product-type-simple","13":"col-xs-6 col-sm-4","14":"col-md-3 col-lg-3","15":"un-4-cols"},"_links":{"self":[{"href":"https:\/\/hibucenter.com\/index.php\/wp-json\/wp\/v2\/product\/9328","targetHints":{"allow":["GET"]}}],"collection":[{"href":"https:\/\/hibucenter.com\/index.php\/wp-json\/wp\/v2\/product"}],"about":[{"href":"https:\/\/hibucenter.com\/index.php\/wp-json\/wp\/v2\/types\/product"}],"replies":[{"embeddable":true,"href":"https:\/\/hibucenter.com\/index.php\/wp-json\/wp\/v2\/comments?post=9328"}],"version-history":[{"count":1,"href":"https:\/\/hibucenter.com\/index.php\/wp-json\/wp\/v2\/product\/9328\/revisions"}],"predecessor-version":[{"id":9331,"href":"https:\/\/hibucenter.com\/index.php\/wp-json\/wp\/v2\/product\/9328\/revisions\/9331"}],"wp:featuredmedia":[{"embeddable":true,"href":"https:\/\/hibucenter.com\/index.php\/wp-json\/wp\/v2\/media\/9332"}],"wp:attachment":[{"href":"https:\/\/hibucenter.com\/index.php\/wp-json\/wp\/v2\/media?parent=9328"}],"wp:term":[{"taxonomy":"product_cat","embeddable":true,"href":"https:\/\/hibucenter.com\/index.php\/wp-json\/wp\/v2\/product_cat?post=9328"},{"taxonomy":"product_tag","embeddable":true,"href":"https:\/\/hibucenter.com\/index.php\/wp-json\/wp\/v2\/product_tag?post=9328"}],"curies":[{"name":"wp","href":"https:\/\/api.w.org\/{rel}","templated":true}]}}