{"id":9319,"date":"2025-05-22T15:24:00","date_gmt":"2025-05-22T08:24:00","guid":{"rendered":"http:\/\/hibucenter.com\/index.php\/wd-40-chai-xit-chong-ri-set-multi-use-412ml-300ml-191ml-boi-tron-ve-sinh-lam-sach-da-nang\/"},"modified":"2025-05-23T10:35:39","modified_gmt":"2025-05-23T03:35:39","slug":"wd-40-chai-xit-chong-ri-set-multi-use-412ml-300ml-191ml-boi-tron-ve-sinh-lam-sach-da-nang","status":"publish","type":"product","link":"https:\/\/hibucenter.com\/index.php\/wd-40-chai-xit-chong-ri-set-multi-use-412ml-300ml-191ml-boi-tron-ve-sinh-lam-sach-da-nang\/","title":{"rendered":"WD-40 Chai X\u1ecbt Ch\u1ed1ng R\u1ec9 S\u00e9t Multi Use 412ml &#8211; 300ml &#8211; 191ml B\u00f4i Tr\u01a1n, V\u1ec7 Sinh L\u00e0m S\u1ea1ch \u0110a N\u0103ng"},"content":{"rendered":"<p>TH\u00d4NG TIN S\u1ea2N PH\u1ea8M:<br \/>\n&#8211; Th\u01b0\u01a1ng hi\u1ec7u: WD-40<br \/>\n&#8211; Dung t\u00edch: 191ml &#8211; 300ml &#8211; 412ml <\/p>\n<p>https:\/\/cf.shopee.vn\/file\/vn-11134208-7r98o-lrzeink75eop2e<\/p>\n<p>  \u0110\u1eb6C \u0110I\u1ec2M S\u1ea2N PH\u1ea8M:<br \/>\n  Chai X\u1ecbt Ch\u1ed1ng R\u1ec9 S\u00e9t WD-40 Multi Use th\u01b0\u1eddng \u0111\u01b0\u1ee3c s\u1eed d\u1ee5ng cho c\u1eeda s\u1eaft, c\u1eeda cu\u1ed1n, \u1ed5 kho\u00e1, b\u1ea3n l\u1ec1, b\u00e1nh xe k\u00e9o, b\u1ec1 m\u1eb7t v\u00e0 c\u00e1c kh\u1edbp n\u1ed1i c\u1ee7a xe gi\u00fap b\u1ed9i tr\u01a1n, lo\u1ea1i b\u1ecf c\u00e1c ti\u1ebfng k\u00eau do ma s\u00e1t, k\u00e9o d\u00e0i tu\u1ed5i th\u1ecd v\u00e0 b\u1ea3o v\u1ec7 ch\u00fang kh\u1ecfi c\u00e1c t\u00e1c nh\u00e2n g\u00e2y hao m\u00f2n. <\/p>\n<p>  Chai X\u1ecbt Ch\u1ed1ng R\u1ec9 S\u00e9t WD-40 Multi Use \u0111\u01b0\u1ee3c s\u1eed d\u1ee5ng \u0111\u1ec3 b\u1ea3o v\u1ec7 v\u00e0 b\u00f4i tr\u01a1n c\u00e1c b\u1ed9 ph\u1eadn kim lo\u1ea1i, lo\u1ea1i b\u1ecf r\u1ec9 s\u00e9t, d\u1ea7u m\u1ee1 v\u00e0 c\u00e1c v\u1ebft b\u1ea9n tr\u00ean b\u1ec1 m\u1eb7t m\u1ed9t c\u00e1ch d\u1ec5 d\u00e0ng.<\/p>\n<p> Lo\u1ea1i b\u1ecf v\u00e0 ng\u0103n ch\u1eb7n r\u1ec9 s\u00e9t: Ph\u00e1 v\u1ee1 r\u1ec9 \u0111\u1ec3 d\u1ec5 d\u00e0ng th\u00e1o r\u1ee1 c\u00e1c b\u1ed9 ph\u1eadn kim lo\u1ea1i k\u1eb9t ho\u1eb7c b\u1ecb r\u1ec9 s\u00e9t nh\u01b0 bu l\u00f4ng, \u0111ai \u1ed1c, d\u00e2y c\u00e1p, van v\u00e0 \u1ed1c v\u00edt. <\/p>\n<p>  Chai X\u1ecbt T\u1ea9y R\u1ec9 S\u00e9t WD 40 Multi-Use c\u00f2n c\u00f3 t\u00e1c d\u1ee5ng lo\u1ea1i b\u1ecf c\u00e1c v\u1ebft keo d\u00ednh, k\u1eb9o cao su, sticker,&#8230; tr\u00ean b\u1ec1 m\u1eb7t<\/p>\n<p>  Chai X\u1ecbt T\u1ea9y R\u1ec9 S\u00e9t WD 40 Multi-Use c\u00f2n d\u00f9ng \u0111\u1ec3 v\u1ec7 sinh xe m\u00e1y, oto, xe \u0111\u1ea1p, m\u00e1y m\u00f3c c\u00f4ng nghi\u1ec7p, thi\u1ebft b\u1ecb \u0111i\u1ec7n t\u1eed, \u0111\u1ed3 d\u00f9ng trong nh\u00e0, gi\u00e0y d\u00e9p b\u1eb1ng da,&#8230; gi\u00fap c\u00e1c b\u1ec1 m\u1eb7t s\u1ea1ch v\u00e0 s\u00e1ng b\u00f3ng h\u01a1n.<\/p>\n<p>  X\u1eed l\u00fd c\u00e1c b\u1ed9 ph\u1eadn c\u01a1 kh\u00ed b\u1ecb k\u1eb9t: Hi\u1ec7u qu\u1ea3 th\u00e2m nh\u1eadp m\u1ed9t c\u00e1ch nhanh ch\u00f3ng \u0111\u1ec3 gi\u1ea3i ph\u00f3ng c\u00e1c b\u1ed9 ph\u1eadn b\u1ecb m\u1eafc k\u1eb9t, ch\u1eb3ng h\u1ea1n nh\u01b0 c\u00e1c lo\u1ea1i h\u1ea1t b\u00e1nh xe b\u1ecb k\u1eb9t, b\u00e1nh r\u0103ng v\u00e0 c\u00e1c c\u01a1 ch\u1ebf kh\u00e1c, qua \u0111\u00f3 cho ph\u00e9p thi\u1ebft b\u1ecb ho\u1ea1t \u0111\u1ed9ng tr\u01a1n tru.<\/p>\n<p>  L\u00e0m s\u1ea1ch v\u00e0 b\u1ea3o v\u1ec7: Ph\u00e1 v\u1ee1 nh\u1eefng v\u1ebft b\u1ea9n d\u1ea7u m\u1ee1, b\u1ee5i b\u1ea9n, mu\u1ed9i kh\u00f3i v\u00e0 carbon c\u1ee9ng \u0111\u1ea7u \u0111\u1ec3 l\u00e0m s\u1ea1ch b\u1ec1 m\u1eb7t, t\u1ea1o th\u00e0nh m\u1ed9t r\u00e0o c\u1ea3n ch\u1ed1ng \u0103n m\u00f2n, gi\u00fap ch\u1ed1ng r\u1ec9 s\u00e9t v\u00e0 k\u00e9o d\u00e0i tu\u1ed5i th\u1ecd ho\u1ea1t \u0111\u1ed9ng c\u1ee7a thi\u1ebft b\u1ecb.<\/p>\n<p>  Ng\u0103n ch\u1eb7n \u1ea9m m\u1ed1c: Hi\u1ec7u qu\u1ea3 c\u00e1c thi\u1ebft b\u1ecb ho\u1ea1t \u0111\u1ed9ng \u1edf m\u00f4i tr\u01b0\u1eddng \u1ea9m th\u1ea5p ho\u1eb7c c\u1ea7n tr\u00e1nh \u1ea9m \u01b0\u1edbt, nh\u01b0 l\u00e0 ti\u1ebfp \u0111i\u1ec3m \u1ed5 c\u1eafm, c\u1ea7u dao, ph\u00edch c\u1eafm, bugi xe \u0111\u1ed9ng c\u01a1 \u0111\u1ed1t trong v\u00e0 c\u00e1c c\u00f4ng c\u1ee5 d\u00f9ng \u0111i\u1ec7n.<\/p>\n<p>  B\u00f4i tr\u01a1n v\u00e0 lo\u1ea1i b\u1ecf \u00e2m thanh do ma s\u00e1t g\u00e2y ra: S\u1ea3n ph\u1ea9m c\u00f3 kh\u1ea3 n\u0103ng th\u00e2m nh\u1eadp tuy\u1ec7t v\u1eddi cho ph\u00e9p nhanh ch\u00f3ng b\u00f4i tr\u01a1n b\u00e1nh r\u0103ng, b\u1ea3n l\u1ec1, kh\u00f3a, d\u00e2y k\u00e9o, d\u1ee5ng c\u1ee5 v\u00e0 d\u00e2y chuy\u1ec1n. Hi\u1ec7u qu\u1ea3 lo\u1ea1i b\u1ecf \u00e2m thanh do ma s\u00e1t g\u00e2y ra v\u00e0 kh\u00f4ng \u0111\u1ec3 l\u1ea1i c\u00e1u b\u1ea9n.<\/p>\n<p>  V\u1edbi h\u01a1n 2000 c\u00f4ng d\u1ee5ng.<\/p>\n<p>  \u1ee8NG D\u1ee4NG:<br \/>\nD\u00f9ng tr\u00ean nhi\u1ec1u lo\u1ea1i v\u1eadt li\u1ec7u kh\u00e1c nhau cho nh\u00e0 c\u1eeda, l\u00e0m v\u01b0\u1eddn, xe m\u00e1y, xe h\u01a1i, c\u00f4ng nghi\u1ec7p (c\u00f4ng nghi\u1ec7p in, c\u00f4ng nghi\u1ec7p \u0111\u01b0\u1eddng s\u1eaft, c\u00f4ng nghi\u1ec7p t\u00e0u bi\u1ec3n, khai th\u00e1c kho\u00e1ng s\u1ea3n, n\u0103ng l\u01b0\u1ee3ng gi\u00f3, b\u1ea3o tr\u00ec khu\u00f4n\u2026) Gi\u00fap b\u00f4i tr\u01a1n, l\u00e0m s\u1ea1ch b\u1ec1 m\u1eb7t, ch\u1ed1ng r\u1ec9 s\u00e9t, ch\u1ed1ng \u1ea9m,&#8230;<\/p>\n<p>  H\u01af\u1edaNG D\u1eaaN S\u1eec D\u1ee4NG:<br \/>\n&#8211; Tr\u01b0\u1edbc khi phun x\u1ecbt: L\u1eafc \u0111\u1ec1u v\u00e0 quay van x\u1ecbt m\u00e0u tr\u1eafng v\u1ec1 ngay d\u1ea5u ch\u1ea5m m\u1ef1c.<br \/>\n&#8211; Sau khi s\u1eed d\u1ee5ng xong quay v\u00f2i sang ch\u1ed5 kh\u00e1c nh\u01b0 ban \u0111\u1ea7u.<br \/>\n&#8211; X\u1ecbt tr\u1ef1c ti\u1ebfp l\u00ean c\u00e1c b\u1ec1 m\u1eb7t c\u1ea7n x\u1eed l\u00fd t\u1ea9y s\u00e9t v\u00e0 b\u00f4i tr\u01a1n. An to\u00e0n cho h\u1ea7u h\u1ebft c\u00e1c b\u1ec1 m\u1eb7t.<br \/>\n&#8211; G\u1eafn v\u00f2i x\u1ecbt k\u00e8m theo d\u00f9ng cho c\u00e1c chi ti\u1ebft nh\u1ecf.<\/p>\n<p>https:\/\/cf.shopee.vn\/file\/vn-11134208-7r98o-lrzeink7404915<br \/>\n  L\u01afU \u00dd:<br \/>\n&#8211; B\u1ea3o qu\u1ea3n trong nhi\u1ec7t \u0111\u1ed9 ph\u00f2ng, \u0111\u1ec3 \u1edf n\u01a1i kh\u00f4 r\u00e1o, tho\u00e1ng m\u00e1t v\u00e0 tr\u00e1nh xa ngu\u1ed3n nhi\u1ec7t v\u00e0 \u00e1nh n\u1eafng tr\u1ef1c ti\u1ebfp trong th\u1eddi gian d\u00e0i.<br \/>\n&#8211; Kh\u00f4ng \u0111\u1ee5c th\u1ee7ng ho\u1eb7c \u0111\u1ed1t chai ngay c\u1ea3 khi chai r\u1ed7ng.<br \/>\n&#8211; Tr\u00e1nh xa t\u1ea7m tay tr\u1ebb em.<br \/>\n&#8211; \u0110\u00f3ng n\u1eafp sau khi s\u1eed d\u1ee5ng.<\/p>\n<p>#WD40 #chai_xit_wd40 #chai_xit_boi_tron #chai_xit_ri_set #chai_xit_tay_ri_set #tay_ri_set #tay_dau_mo #dau_chong_ri #dau_chong_ri_set #dau_boi_tron #lam_sach_da_nang<br \/>\n#hibucenter<\/p>\n","protected":false},"excerpt":{"rendered":"<p>TH\u00d4NG TIN S\u1ea2N PH\u1ea8M: &#8211; Th\u01b0\u01a1ng hi\u1ec7u: WD-40 &#8211; Dung t\u00edch: 191ml &#8211; 300ml &#8211; 412ml https:\/\/cf.shopee.vn\/file\/vn-11134208-7r98o-lrzeink75eop2e \u0110\u1eb6C \u0110I\u1ec2M S\u1ea2N PH\u1ea8M: Chai X\u1ecbt Ch\u1ed1ng R\u1ec9 S\u00e9t WD-40 Multi Use th\u01b0\u1eddng \u0111\u01b0\u1ee3c s\u1eed d\u1ee5ng cho c\u1eeda s\u1eaft, c\u1eeda cu\u1ed1n, \u1ed5 kho\u00e1, b\u1ea3n l\u1ec1, b\u00e1nh xe k\u00e9o, b\u1ec1 m\u1eb7t v\u00e0 c\u00e1c kh\u1edbp n\u1ed1i c\u1ee7a xe gi\u00fap b\u1ed9i&hellip;<\/p>\n","protected":false},"featured_media":9323,"comment_status":"closed","ping_status":"open","template":"","meta":[],"product_cat":[118],"product_tag":[181],"class_list":{"0":"post-9319","1":"product","2":"type-product","3":"status-publish","4":"has-post-thumbnail","6":"product_brand-wd-40","7":"product_cat-dung-dich-phu-gia-dau-nhon","8":"product_tag-wd-40","10":"first","11":"instock","12":"product-type-simple","13":"col-xs-6 col-sm-4","14":"col-md-3 col-lg-3","15":"un-4-cols"},"_links":{"self":[{"href":"https:\/\/hibucenter.com\/index.php\/wp-json\/wp\/v2\/product\/9319","targetHints":{"allow":["GET"]}}],"collection":[{"href":"https:\/\/hibucenter.com\/index.php\/wp-json\/wp\/v2\/product"}],"about":[{"href":"https:\/\/hibucenter.com\/index.php\/wp-json\/wp\/v2\/types\/product"}],"replies":[{"embeddable":true,"href":"https:\/\/hibucenter.com\/index.php\/wp-json\/wp\/v2\/comments?post=9319"}],"version-history":[{"count":1,"href":"https:\/\/hibucenter.com\/index.php\/wp-json\/wp\/v2\/product\/9319\/revisions"}],"predecessor-version":[{"id":9322,"href":"https:\/\/hibucenter.com\/index.php\/wp-json\/wp\/v2\/product\/9319\/revisions\/9322"}],"wp:featuredmedia":[{"embeddable":true,"href":"https:\/\/hibucenter.com\/index.php\/wp-json\/wp\/v2\/media\/9323"}],"wp:attachment":[{"href":"https:\/\/hibucenter.com\/index.php\/wp-json\/wp\/v2\/media?parent=9319"}],"wp:term":[{"taxonomy":"product_cat","embeddable":true,"href":"https:\/\/hibucenter.com\/index.php\/wp-json\/wp\/v2\/product_cat?post=9319"},{"taxonomy":"product_tag","embeddable":true,"href":"https:\/\/hibucenter.com\/index.php\/wp-json\/wp\/v2\/product_tag?post=9319"}],"curies":[{"name":"wp","href":"https:\/\/api.w.org\/{rel}","templated":true}]}}