{"id":9231,"date":"2025-05-22T10:29:14","date_gmt":"2025-05-22T03:29:14","guid":{"rendered":"http:\/\/hibucenter.com\/index.php\/kixx-dau-nhot-hop-so-va-cau-xe-geartec-gl-5-80w90-1l-hang-chinh-hang-hibucenter\/"},"modified":"2025-05-23T10:36:20","modified_gmt":"2025-05-23T03:36:20","slug":"kixx-dau-nhot-hop-so-va-cau-xe-geartec-gl-5-80w90-1l-hang-chinh-hang-hibucenter","status":"publish","type":"product","link":"https:\/\/hibucenter.com\/index.php\/kixx-dau-nhot-hop-so-va-cau-xe-geartec-gl-5-80w90-1l-hang-chinh-hang-hibucenter\/","title":{"rendered":"KIXX D\u1ea7u Nh\u1edbt H\u1ed9p S\u1ed1 V\u00e0 C\u1ea7u Xe Geartec GL-5 80W90 1L | H\u00e0ng Ch\u00ednh H\u00e3ng &#8211; HIBUCENTER"},"content":{"rendered":"<p>D\u1ea7u Nh\u1edbt H\u1ed9p S\u1ed1 V\u00e0 C\u1ea7u Xe KIXX Geartec GL-5 80W90 1L | H\u00e0ng Ch\u00ednh H\u00e3ng &#8211; HIBUCENTER<\/p>\n<p><> TH\u00d4NG TIN S\u1ea2N PH\u1ea8M:<br \/>\n&#8211; M\u00e3 s\u1ea3n ph\u1ea9m: KGL580W901L<br \/>\n&#8211; Dung t\u00edch: 1 l\u00edt<br \/>\n&#8211; T\u1ef7 tr\u1ecdng t\u1ea1i 150C (kg\/l): 0.8766<br \/>\n&#8211; \u0110\u1ed9 nh\u1edbt \u0111\u1ed9ng h\u1ecdc t\u1ea1i 400C (mm2\/s): 132.6<br \/>\n&#8211; \u0110\u1ed9 nh\u1edbt \u0111\u1ed9ng h\u1ecdc t\u1ea1i 1000C (mm2\/s): 14.68<br \/>\n&#8211; Ch\u1ec9 s\u1ed1 \u0111\u1ed9 nh\u1edbt: 111<br \/>\n&#8211; \u0110i\u1ec3m \u0111\u00f4ng \u0111\u1eb7c, 0C: -30<br \/>\n&#8211; \u0110i\u1ec3m ch\u1edbp ch\u00e1y (COC), 0C: 225<br \/>\n&#8211; Th\u01b0\u01a1ng hi\u1ec7u: Kixx<br \/>\n&#8211; Xu\u1ea5t x\u1ee9: H\u00c0N QU\u1ed0C<\/p>\n<p>https:\/\/cf.shopee.vn\/file\/vn-11134208-7r98o-lzhjywlmldpdff<\/p>\n<p><> \u0110\u1eb6C \u0110I\u1ec2M S\u1ea2N PH\u1ea8M:<br \/>\n&#8211; Nh\u1edbt h\u1ed9p s\u1ed1, nh\u1edbt c\u1ea7u Kixx Geartec GL-5 80W90 c\u00f3 t\u00ednh \u1ed5n \u0111\u1ecbnh nhi\u1ec7t t\u1ed1t, ph\u1ee5 gia EP ph\u00f9 h\u1ee3p v\u1edbi c\u00e1c h\u1ed9p s\u1ed1 truy\u1ec1n \u0111\u1ed9ng trong \u00f4 t\u00f4 (h\u1ed9p s\u1ed1 s\u00e0n, h\u1ed9p truy\u1ec1n \u0111\u1ed9ng trong xe c\u01a1 gi\u1edbi, c\u1ea7u vi sai).<br \/>\n&#8211; K\u00e9o d\u00e0i tu\u1ed5i th\u1ecd c\u00e1c b\u00e1nh r\u0103ng nh\u1edd c\u00e1c ph\u1ee5 gia c\u00f3 kh\u1ea3 n\u0103ng ch\u1ed1ng m\u00e0i m\u00f2n hi\u1ec7u qu\u1ea3.<br \/>\n&#8211; Ch\u1ed1ng c\u00e1c hi\u1ec7n t\u01b0\u1ee3ng m\u1ecfi b\u1ec1 m\u1eb7t r\u0103ng do s\u1ef1 t\u00e1c \u0111\u1ed9ng c\u1ee7a t\u1ea3i tr\u1ecdng l\u1edbn.<br \/>\n&#8211; D\u1ea7u c\u00f3 kh\u1ea3 n\u0103ng ch\u1ed1ng oxy h\u00f3a t\u1ed1t gi\u00fap tu\u1ed5i th\u1ecd d\u1ea7u k\u00e9o d\u00e0i.<br \/>\n&#8211; Ch\u1ed1ng l\u1ea1i c\u00e1c hi\u1ec7n t\u01b0\u1ee3ng \u0103n m\u00f2n kim lo\u1ea1i v\u00e0 ch\u1ed1ng g\u1ec9.<br \/>\n&#8211; S\u1ea3n ph\u1ea9m \u0111\u01b0\u1ee3c khuy\u1ebfn kh\u00edch s\u1eed d\u1ee5ng cho c\u00e1c lo\u1ea1i h\u1ed9p s\u1ed1 trong \u00f4 t\u00f4, d\u1ea1ng h\u1ed9p s\u1ed1 hypoid \u0111\u1ea1t y\u00eau c\u1ea7u c\u00e1c ti\u00eau chu\u1ea9n MIL-L-2105D, MIL-L-2105C, MIL-L-2105B, API GL-5 v\u00e0 c\u00f3 ph\u1ee5 gia ch\u1ed1ng \u00e1p l\u1ef1c c\u1ef1c tr\u1ecb EP. Ph\u00f9 h\u1ee3p cho nh\u1eefng h\u1ed9p s\u1ed1 c\u00f3 t\u1ea3i tr\u1ecdng n\u1eb7ng v\u00e0 nh\u1eefng h\u1ed9p s\u1ed1 c\u00f3 y\u00eau c\u1ea7u d\u1ea7u v\u1ec1 kh\u1ea3 n\u0103ng ch\u1ecbu nhi\u1ec7t \u0111\u1ed9 cao.<\/p>\n<p>HIBUCENTER chuy\u00ean ph\u00e2n ph\u1ed1i s\u1ea3n ph\u1ea9m KIXX Ch\u00ednh H\u00e3ng \u2013 Uy T\u00edn \u2013 Ch\u1ea5t L\u01b0\u1ee3ng!!!<\/p>\n<p>#Nhot_hop_so#Nhot_cau#nhot_Kixx#nhot_80w90#HIBUCENTER #KIXX<br \/>\n#kixx80w901l #80w901 l#kixx1lit #KIXXGeartecGL5 #KIXXGeartecGL580w90<\/p>\n","protected":false},"excerpt":{"rendered":"<p>D\u1ea7u Nh\u1edbt H\u1ed9p S\u1ed1 V\u00e0 C\u1ea7u Xe KIXX Geartec GL-5 80W90 1L | H\u00e0ng Ch\u00ednh H\u00e3ng &#8211; HIBUCENTER TH\u00d4NG TIN S\u1ea2N PH\u1ea8M: &#8211; M\u00e3 s\u1ea3n ph\u1ea9m: KGL580W901L &#8211; Dung t\u00edch: 1 l\u00edt &#8211; T\u1ef7 tr\u1ecdng t\u1ea1i 150C (kg\/l): 0.8766 &#8211; \u0110\u1ed9 nh\u1edbt \u0111\u1ed9ng h\u1ecdc t\u1ea1i 400C (mm2\/s): 132.6 &#8211; \u0110\u1ed9 nh\u1edbt \u0111\u1ed9ng h\u1ecdc t\u1ea1i 1000C&hellip;<\/p>\n","protected":false},"featured_media":9234,"comment_status":"closed","ping_status":"open","template":"","meta":[],"product_cat":[118],"product_tag":[183],"class_list":{"0":"post-9231","1":"product","2":"type-product","3":"status-publish","4":"has-post-thumbnail","6":"product_brand-kixx","7":"product_cat-dung-dich-phu-gia-dau-nhon","8":"product_tag-dau-nhot-kixx","10":"first","11":"instock","12":"product-type-simple","13":"col-xs-6 col-sm-4","14":"col-md-3 col-lg-3","15":"un-4-cols"},"_links":{"self":[{"href":"https:\/\/hibucenter.com\/index.php\/wp-json\/wp\/v2\/product\/9231","targetHints":{"allow":["GET"]}}],"collection":[{"href":"https:\/\/hibucenter.com\/index.php\/wp-json\/wp\/v2\/product"}],"about":[{"href":"https:\/\/hibucenter.com\/index.php\/wp-json\/wp\/v2\/types\/product"}],"replies":[{"embeddable":true,"href":"https:\/\/hibucenter.com\/index.php\/wp-json\/wp\/v2\/comments?post=9231"}],"version-history":[{"count":1,"href":"https:\/\/hibucenter.com\/index.php\/wp-json\/wp\/v2\/product\/9231\/revisions"}],"predecessor-version":[{"id":9233,"href":"https:\/\/hibucenter.com\/index.php\/wp-json\/wp\/v2\/product\/9231\/revisions\/9233"}],"wp:featuredmedia":[{"embeddable":true,"href":"https:\/\/hibucenter.com\/index.php\/wp-json\/wp\/v2\/media\/9234"}],"wp:attachment":[{"href":"https:\/\/hibucenter.com\/index.php\/wp-json\/wp\/v2\/media?parent=9231"}],"wp:term":[{"taxonomy":"product_cat","embeddable":true,"href":"https:\/\/hibucenter.com\/index.php\/wp-json\/wp\/v2\/product_cat?post=9231"},{"taxonomy":"product_tag","embeddable":true,"href":"https:\/\/hibucenter.com\/index.php\/wp-json\/wp\/v2\/product_tag?post=9231"}],"curies":[{"name":"wp","href":"https:\/\/api.w.org\/{rel}","templated":true}]}}