{"id":9223,"date":"2025-05-22T10:29:14","date_gmt":"2025-05-22T03:29:14","guid":{"rendered":"http:\/\/hibucenter.com\/index.php\/dau-nhot-kixx-pao-c3-api-sn-5w40-4l-100-fully-synthetic-hang-chinh-hang\/"},"modified":"2025-05-23T10:36:20","modified_gmt":"2025-05-23T03:36:20","slug":"dau-nhot-kixx-pao-c3-api-sn-5w40-4l-100-fully-synthetic-hang-chinh-hang","status":"publish","type":"product","link":"https:\/\/hibucenter.com\/index.php\/dau-nhot-kixx-pao-c3-api-sn-5w40-4l-100-fully-synthetic-hang-chinh-hang\/","title":{"rendered":"D\u1ea7u Nh\u1edbt Kixx Pao C3 API SN 5W40 4L 100% Fully Synthetic &#8211; H\u00e0ng Ch\u00ednh H\u00e3ng"},"content":{"rendered":"<p>Kixx PAO C3 l\u00e0 d\u1ea7u \u0111\u1ed9ng c\u01a1 t\u1ed5ng h\u1ee3p ho\u00e0n to\u00e0n \u0111\u01b0\u1ee3c ch\u1ebf t\u1ea1o t\u1eeb d\u1ea7u g\u1ed1c PAO th\u00eam VHVI s\u1eed d\u1ee5ng c\u00f4ng ngh\u1ec7 ph\u1ee5 gia hi\u1ec7u su\u1ea5t cao. S\u1ea3n ph\u1ea9m n\u00e0y \u0111\u00e1p \u1ee9ng c\u00e1c y\u00eau c\u1ea7u c\u1ee7a c\u00e1c ti\u00eau chu\u1ea9n n\u00e2ng cao hi\u1ec7n t\u1ea1i c\u1ee7a API SN v\u00e0 ACEA C3. S\u1ea3n ph\u1ea9m \u0111\u01b0\u1ee3c khuy\u1ebfn c\u00e1o d\u00f9ng cho c\u00e1c lo\u1ea1i xe \u00f4 t\u00f4 h\u1ea1y d\u1ea7u diesel v\u1edbi DPF. S\u1ea3n ph\u1ea9m \u0111\u01b0\u1ee3c thi\u1ebft k\u1ebf \u0111\u1ec3 cung c\u1ea5p kh\u1ea3 n\u0103ng b\u1ea3o v\u1ec7 \u0111\u1ed9ng c\u01a1 v\u01b0\u1ee3t tr\u1ed9i, \u0111\u1ea3m b\u1ea3o k\u00e9o d\u00e0i tu\u1ed5i th\u1ecd \u0111\u1ed9ng c\u01a1.<\/p>\n<p> TH\u00d4NG TIN S\u1ea2N PH\u1ea8M:<br \/>\n&#8211; Th\u01b0\u01a1ng hi\u1ec7u: Kixx<br \/>\n&#8211; Xu\u1ea5t x\u1ee9: H\u00e0n Qu\u1ed1c<br \/>\n&#8211; T\u00ean s\u1ea3n ph\u1ea9m:\u00a0\u00a0Kixx PAO C3 5W-40\u00a0<br \/>\n&#8211; S\u1ea3n xu\u1ea5t: GS Caltex (H\u00e0n Qu\u1ed1c)<br \/>\n&#8211; Ph\u00e2n ph\u1ed1i b\u1edfi: GS Vi\u1ec7t Nam<br \/>\n&#8211; Th\u00e0nh ph\u1ea7n: 100% Synthetic Engine Oil With Applied PAO.<br \/>\n&#8211; Bao b\u00ec: 4L<\/p>\n<p> TI\u00caU CHU\u1ea8N HI\u1ec6U SU\u1ea4T:<br \/>\n\u2022 ACEA C3-16, API SN<br \/>\n\u2022 5W-30 \/ 5W-40 : BMW LL-04, MB 229.31\/229.51, VW 502.00\/505.01 \u0110\u01b0\u1ee3c khuy\u1ebfn c\u00e1o<br \/>\nhttps:\/\/cf.shopee.vn\/file\/vn-11134208-7r98o-lz7ilo2qj5412c<\/p>\n<p>< > \u1ee8NG D\u1ee4NG<br \/>\n&#8211; S\u1eed d\u1ee5ng cho c\u00e1c lo\u1ea1i \u0111\u1ed9ng c\u01a1 diesel xe du l\u1ecbch c\u00f3 DPF\u00a0<br \/>\n&#8211; C\u00e1c lo\u1ea1i xe SUVs, xe b\u00e1n t\u1ea3i, xe con s\u1eed d\u1ee5ng \u0111\u1ed9ng c\u01a1 diesel \u0111\u01b0\u1ee3c nh\u00e0 s\u1ea3n xu\u1ea5t khuy\u1ebfn ngh\u1ecb d\u00f9ng d\u1ea7u \u0111\u1ea1t ph\u1ea9m c\u1ea5p ACEA C3<br \/>\n&#8211; T\u1ea5t c\u1ea3 c\u00e1c lo\u1ea1i xe h\u01a1i h\u1ea1ng sang c\u00e1c h\u00e3ng nh\u01b0 BMV, Mercedes-Benz, Lexus, Mazda, Ford, Kia&#8230; y\u00eau c\u1ea7u d\u1ea7u \u0111\u1ea1t ph\u1ea9m c\u1ea5p nh\u01b0 m\u1ee5c d\u01b0\u1edbi.<\/p>\n<p>< > M\u00f4 t\u1ea3 s\u1ea3n ph\u1ea9m:<br \/>\n\u2013 D\u1ea7u Nh\u1edbt Kixx Pao C3 API SN 5W-40 l\u00e0 lo\u1ea1i d\u1ea7u nh\u1edbt nh\u1eadp kh\u1ea9u 100% tr\u1ef1c ti\u1ebfp t\u1eeb H\u00e0n Qu\u1ed1c, \u0111\u1eb7c bi\u1ec7t d\u00f2ng nh\u1edbt n\u00e0y gi\u00fap ti\u1ebft ki\u1ec7m nhi\u00ean li\u1ec7u r\u1ea5t cao.<br \/>\n\u2013 S\u1ea3n ph\u1ea9m \u0111\u01b0\u1ee3c \u00e1p d\u1ee5ng c\u00f4ng ngh\u1ec7 PAO n\u1ed5i ti\u1ebfng gi\u00fap \u0111\u1ed9ng c\u01a1 ho\u1ea1t \u0111\u1ed9ng \u00eam h\u01a1n m\u01b0\u1ee3t h\u01a1n v\u00e0 duy tr\u00ec \u0111\u01b0\u1ee3c \u0111\u1ed9 b\u1ec1n m\u00e1y,\u2026 V\u1edbi c\u1ea7u tr\u00fac ph\u00e2n t\u1eed b\u1ec1n v\u1eefng c\u00f3 hi\u1ec7u xu\u1ea5t ch\u1ed1ng m\u00e0i m\u00f2n tuy\u1ec7t v\u1eddi d\u01b0\u1edbi \u00e1p l\u1ef1c ma s\u00e1t b\u1ec1 m\u1eb7t.<br \/>\n\u2013 D\u1ea7u Nh\u1edbt Kixx Pao C3 API SN 5W-40 l\u00e0 d\u1ea7u \u0111\u1ed9ng c\u01a1 t\u1ed5ng h\u1ee3p ho\u00e0n to\u00e0n \u0111\u01b0\u1ee3c ch\u1ebf t\u1ea1o t\u1eeb d\u1ea7u g\u1ed1c PAO th\u00eam VHVI s\u1eed d\u1ee5ng c\u00f4ng ngh\u1ec7 ph\u1ee5 gia hi\u1ec7u su\u1ea5t cao. S\u1ea3n ph\u1ea9m n\u00e0y \u0111\u00e1p \u1ee9ng c\u00e1c y\u00eau c\u1ea7u c\u1ee7a c\u00e1c ti\u00eau chu\u1ea9n n\u00e2ng cao hi\u1ec7n t\u1ea1i c\u1ee7a API SN v\u00e0 ACEA C3.<br \/>\n\u2013 C\u00f9ng v\u1edbi \u0111\u1eb7c t\u00ednh ch\u1ecbu nhi\u1ec7t \u0111\u1ed9 th\u1ea5p tuy\u1ec7t v\u1eddi, s\u1ea3n ph\u1ea9m c\u00f3 th\u1ec3 s\u1eed d\u1ee5ng trong m\u00f4i tr\u01b0\u1eddng xung quanh c\u1ef1c l\u1ea1nh m\u00e0 kh\u00f4ng l\u00e0m thay \u0111\u1ed5i tinh ch\u1ea5t c\u1ee7a d\u1ea7u.<br \/>\n\u2013 Ph\u00f9 h\u1ee3p c\u00e1c lo\u1ea1i xe ga cao c\u1ea5p Honda, Suzuki, Yamaha v\u00e0 c\u00e1c d\u00f2ng xe \u00f4 t\u00f4 cao c\u1ea5p \u0111\u1eddi m\u1edbi.<\/p>\n<p> (*) HIBU Center xin cam k\u1ebft chuy\u00ean ph\u00e2n ph\u1ed1i c\u00e1c s\u1ea3n ph\u1ea9m Kixx Ch\u00ednh H\u00e3ng &#8211; Uy T\u00edn &#8211; Ch\u1ea5t L\u01b0\u1ee3ng.<\/p>\n<p>#HBCenter #HBAuto #HibuAuto #HiBuddyShop #HibuShop #Kixx #NhotKixx #DauNhotKixx #NhotKixxPAO #KixxPAO5W-40 #Kixx5W-40 #DauNhot<\/p>\n","protected":false},"excerpt":{"rendered":"<p>Kixx PAO C3 l\u00e0 d\u1ea7u \u0111\u1ed9ng c\u01a1 t\u1ed5ng h\u1ee3p ho\u00e0n to\u00e0n \u0111\u01b0\u1ee3c ch\u1ebf t\u1ea1o t\u1eeb d\u1ea7u g\u1ed1c PAO th\u00eam VHVI s\u1eed d\u1ee5ng c\u00f4ng ngh\u1ec7 ph\u1ee5 gia hi\u1ec7u su\u1ea5t cao. S\u1ea3n ph\u1ea9m n\u00e0y \u0111\u00e1p \u1ee9ng c\u00e1c y\u00eau c\u1ea7u c\u1ee7a c\u00e1c ti\u00eau chu\u1ea9n n\u00e2ng cao hi\u1ec7n t\u1ea1i c\u1ee7a API SN v\u00e0 ACEA C3. S\u1ea3n ph\u1ea9m \u0111\u01b0\u1ee3c khuy\u1ebfn&hellip;<\/p>\n","protected":false},"featured_media":9226,"comment_status":"closed","ping_status":"open","template":"","meta":[],"product_cat":[118],"product_tag":[183],"class_list":{"0":"post-9223","1":"product","2":"type-product","3":"status-publish","4":"has-post-thumbnail","6":"product_brand-kixx","7":"product_cat-dung-dich-phu-gia-dau-nhon","8":"product_tag-dau-nhot-kixx","10":"first","11":"instock","12":"product-type-simple","13":"col-xs-6 col-sm-4","14":"col-md-3 col-lg-3","15":"un-4-cols"},"_links":{"self":[{"href":"https:\/\/hibucenter.com\/index.php\/wp-json\/wp\/v2\/product\/9223","targetHints":{"allow":["GET"]}}],"collection":[{"href":"https:\/\/hibucenter.com\/index.php\/wp-json\/wp\/v2\/product"}],"about":[{"href":"https:\/\/hibucenter.com\/index.php\/wp-json\/wp\/v2\/types\/product"}],"replies":[{"embeddable":true,"href":"https:\/\/hibucenter.com\/index.php\/wp-json\/wp\/v2\/comments?post=9223"}],"version-history":[{"count":1,"href":"https:\/\/hibucenter.com\/index.php\/wp-json\/wp\/v2\/product\/9223\/revisions"}],"predecessor-version":[{"id":9225,"href":"https:\/\/hibucenter.com\/index.php\/wp-json\/wp\/v2\/product\/9223\/revisions\/9225"}],"wp:featuredmedia":[{"embeddable":true,"href":"https:\/\/hibucenter.com\/index.php\/wp-json\/wp\/v2\/media\/9226"}],"wp:attachment":[{"href":"https:\/\/hibucenter.com\/index.php\/wp-json\/wp\/v2\/media?parent=9223"}],"wp:term":[{"taxonomy":"product_cat","embeddable":true,"href":"https:\/\/hibucenter.com\/index.php\/wp-json\/wp\/v2\/product_cat?post=9223"},{"taxonomy":"product_tag","embeddable":true,"href":"https:\/\/hibucenter.com\/index.php\/wp-json\/wp\/v2\/product_tag?post=9223"}],"curies":[{"name":"wp","href":"https:\/\/api.w.org\/{rel}","templated":true}]}}