{"id":9216,"date":"2025-05-22T10:29:14","date_gmt":"2025-05-22T03:29:14","guid":{"rendered":"http:\/\/hibucenter.com\/index.php\/kixx-dau-nhot-cao-cap-pao-a3-b4-5w30-5w40-fully-synthetic-1-lit-nhap-khau-han-quoc\/"},"modified":"2025-05-23T10:36:20","modified_gmt":"2025-05-23T03:36:20","slug":"kixx-dau-nhot-cao-cap-pao-a3-b4-5w30-5w40-fully-synthetic-1-lit-nhap-khau-han-quoc","status":"publish","type":"product","link":"https:\/\/hibucenter.com\/index.php\/kixx-dau-nhot-cao-cap-pao-a3-b4-5w30-5w40-fully-synthetic-1-lit-nhap-khau-han-quoc\/","title":{"rendered":"KIXX D\u1ea7u Nh\u1edbt Cao C\u1ea5p Pao A3\/B4 5W30 &#8211; 5W40 Fully Synthetic 1 L\u00edt   Nh\u1eadp Kh\u1ea9u H\u00e0n Qu\u1ed1c"},"content":{"rendered":"<p>D\u1ea7u Nh\u1edbt Cao C\u1ea5p KIXX Pao A3\/B4 5W30 &#8211; 5W40 Fully Synthetic 1 L\u00edt   Nh\u1eadp Kh\u1ea9u H\u00e0n Qu\u1ed1c<\/p>\n<p>D\u1ea7u \u0111\u1ed9ng c\u01a1 cao c\u1ea5p, \u0111\u01b0\u1ee3c pha ch\u1ebf tr\u00ean c\u00f4ng ngh\u1ec7 d\u1ea7u g\u1ed1c t\u1ed5ng h\u1ee3p v\u00e0 ph\u1ee5 gia ti\u00ean ti\u1ebfn s\u1eed d\u1ee5ng cho t\u1ea5t c\u1ea3 c\u00e1c lo\u1ea1i \u0111\u1ed9ng c\u01a1 xe h\u01a1i, xe t\u1ea3i h\u1ea1ng nh\u1eb9 s\u1eed d\u1ee5ng nhi\u00ean li\u1ec7u x\u0103ng v\u00e0 nhi\u00ean li\u1ec7u d\u1ea7u diesel. \u0110\u1ea3m b\u1ea3o t\u1ed1i \u01b0u h\u00f3a cho c\u00f4ng su\u1ea5t \u0111\u1ed9ng c\u01a1.<\/p>\n<p><  > TH\u00d4NG TIN S\u1ea2N PH\u1ea8M :<\/p>\n<p>&#8211; Th\u01b0\u01a1ng hi\u1ec7u: Kixx<br \/>\n&#8211; Xu\u1ea5t x\u1ee9: H\u00e0n qu\u1ed1c<br \/>\n&#8211; Dung t\u00edch: 1 L\u00edt<br \/>\n&#8211; M\u00e3 Sp: Pao A3\/B4<\/p>\n<p>TI\u00caU CHU\u1ea8N HI\u1ec6U SU\u1ea4T<br \/>\n\u2022 ACEA A3\/B4, API SN<br \/>\n\u2022 MB 229.5 \u0110\u01b0\u1ee3c ph\u00ea duy\u1ec7t, VW 502.00\/505.00, BMW-LL01, RN 0710 \u0110\u01b0\u1ee3c khuy\u1ebfn c\u00e1o<\/p>\n<p><> \u0110\u1eb6C \u0110I\u1ec2M S\u1ea2N PH\u1ea8M:<br \/>\n&#8211; \u0110\u01b0\u1ee3c \u00e1p d\u1ee5ng c\u00f4ng ngh\u1ec7 PAO n\u1ed5i ti\u1ebfng gi\u00fap \u0111\u1ed9ng c\u01a1 ho\u1ea1t \u0111\u1ed9ng \u00eam h\u01a1n m\u01b0\u1ee3t h\u01a1n v\u00e0 duy tr\u00ec \u0111\u01b0\u1ee3c \u0111\u1ed9 b\u1ec1n m\u00e1y .<br \/>\n&#8211;  \u0110\u1eb7c bi\u1ec7t d\u00f2ng nh\u1edbt n\u00e0y gi\u00fap ti\u1ebft ki\u1ec7m nhi\u00ean li\u1ec7u r\u1ea5t cao.<br \/>\n&#8211; D\u1ea7u g\u1ed1c t\u1ed5ng h\u1ee3p PAO \u0111\u01b0\u1ee3c s\u1ea3n xu\u1ea5t, ki\u1ec3m so\u00e1t c\u1ea9n th\u1eadn b\u1edfi quy tr\u00ecnh ph\u1ea3n \u1ee9ng h\u00e1o h\u1ecdc alphaolefin n\u00ean c\u00f3 s\u1ef1 \u1ed5n \u0111\u1ecbnh v\u00e0 hi\u1ec7u su\u1ea5t c\u1ef1c cao trong \u0111i\u1ec1u ki\u1ec7n th\u1eddi ti\u1ebft l\u1ea1nh v\u00e0 \u0111\u1ed9 b\u1ec1n m\u00e0ng d\u1ea7u \u1edf nhi\u1ec7t \u0111\u1ed9 cao. Ch\u1ee7 y\u1ebfu \u0111\u01b0\u1ee3c s\u1eed d\u1ee5ng cho c\u00e1c s\u1ea3n ph\u1ea9m d\u1ea7u nh\u1eddn cao c\u1ea5p nh\u1ea5t.<br \/>\n-C\u00f9ng v\u1edbi \u0111\u1eb7c t\u00ednh ch\u1ecbu nhi\u1ec7t \u0111\u1ed9 th\u1ea5p tuy\u1ec7t v\u1eddi, s\u1ea3n ph\u1ea9m c\u00f3 th\u1ec3 s\u1eed d\u1ee5ng trong m\u00f4i tr\u01b0\u1eddng xung quanh c\u1ef1c l\u1ea1nh m\u00e0 kh\u00f4ng l\u00e0m thay \u0111\u1ed5i tinh ch\u1ea5t c\u1ee7a d\u1ea7u.<br \/>\n&#8211; Ph\u00f9 h\u1ee3p c\u00e1c lo\u1ea1i xe ga cao c\u1ea5p Honda, Suzuki, Yamaha v\u00e0 c\u00e1c d\u00f2ng xe \u00d4 t\u00f4 cao c\u1ea5p \u0111\u1eddi m\u1edbi<\/p>\n<p>#HBCENTER#hbcenter#KIXX#kixx#kixxpao#kixxpaoc3#kixxpaoc35w30#5w30#paoc3#5w30#<\/p>\n","protected":false},"excerpt":{"rendered":"<p>D\u1ea7u Nh\u1edbt Cao C\u1ea5p KIXX Pao A3\/B4 5W30 &#8211; 5W40 Fully Synthetic 1 L\u00edt Nh\u1eadp Kh\u1ea9u H\u00e0n Qu\u1ed1c D\u1ea7u \u0111\u1ed9ng c\u01a1 cao c\u1ea5p, \u0111\u01b0\u1ee3c pha ch\u1ebf tr\u00ean c\u00f4ng ngh\u1ec7 d\u1ea7u g\u1ed1c t\u1ed5ng h\u1ee3p v\u00e0 ph\u1ee5 gia ti\u00ean ti\u1ebfn s\u1eed d\u1ee5ng cho t\u1ea5t c\u1ea3 c\u00e1c lo\u1ea1i \u0111\u1ed9ng c\u01a1 xe h\u01a1i, xe t\u1ea3i h\u1ea1ng nh\u1eb9 s\u1eed d\u1ee5ng&hellip;<\/p>\n","protected":false},"featured_media":9218,"comment_status":"closed","ping_status":"open","template":"","meta":[],"product_cat":[118],"product_tag":[183],"class_list":{"0":"post-9216","1":"product","2":"type-product","3":"status-publish","4":"has-post-thumbnail","6":"product_brand-kixx","7":"product_cat-dung-dich-phu-gia-dau-nhon","8":"product_tag-dau-nhot-kixx","10":"first","11":"instock","12":"product-type-simple","13":"col-xs-6 col-sm-4","14":"col-md-3 col-lg-3","15":"un-4-cols"},"_links":{"self":[{"href":"https:\/\/hibucenter.com\/index.php\/wp-json\/wp\/v2\/product\/9216","targetHints":{"allow":["GET"]}}],"collection":[{"href":"https:\/\/hibucenter.com\/index.php\/wp-json\/wp\/v2\/product"}],"about":[{"href":"https:\/\/hibucenter.com\/index.php\/wp-json\/wp\/v2\/types\/product"}],"replies":[{"embeddable":true,"href":"https:\/\/hibucenter.com\/index.php\/wp-json\/wp\/v2\/comments?post=9216"}],"version-history":[{"count":1,"href":"https:\/\/hibucenter.com\/index.php\/wp-json\/wp\/v2\/product\/9216\/revisions"}],"predecessor-version":[{"id":9217,"href":"https:\/\/hibucenter.com\/index.php\/wp-json\/wp\/v2\/product\/9216\/revisions\/9217"}],"wp:featuredmedia":[{"embeddable":true,"href":"https:\/\/hibucenter.com\/index.php\/wp-json\/wp\/v2\/media\/9218"}],"wp:attachment":[{"href":"https:\/\/hibucenter.com\/index.php\/wp-json\/wp\/v2\/media?parent=9216"}],"wp:term":[{"taxonomy":"product_cat","embeddable":true,"href":"https:\/\/hibucenter.com\/index.php\/wp-json\/wp\/v2\/product_cat?post=9216"},{"taxonomy":"product_tag","embeddable":true,"href":"https:\/\/hibucenter.com\/index.php\/wp-json\/wp\/v2\/product_tag?post=9216"}],"curies":[{"name":"wp","href":"https:\/\/api.w.org\/{rel}","templated":true}]}}