{"id":9151,"date":"2025-05-22T10:27:19","date_gmt":"2025-05-22T03:27:19","guid":{"rendered":"http:\/\/hibucenter.com\/index.php\/kixx-dau-nhot-cho-xe-so-ultra-4t-sn-ma2-10w-40-20w-50-1-lit-nhap-khau-han-quoc\/"},"modified":"2025-05-23T10:36:21","modified_gmt":"2025-05-23T03:36:21","slug":"kixx-dau-nhot-cho-xe-so-ultra-4t-sn-ma2-10w-40-20w-50-1-lit-nhap-khau-han-quoc","status":"publish","type":"product","link":"https:\/\/hibucenter.com\/index.php\/kixx-dau-nhot-cho-xe-so-ultra-4t-sn-ma2-10w-40-20w-50-1-lit-nhap-khau-han-quoc\/","title":{"rendered":"KIXX D\u1ea7u Nh\u1edbt Cho Xe S\u1ed1 Ultra 4T SN\/MA2 10W-40 | 20W-50 1 L\u00edt &#8211; Nh\u1eadp Kh\u1ea9u H\u00e0n Qu\u1ed1c"},"content":{"rendered":"<p>{ Xe S\u1ed1 } D\u1ea7u Nh\u1edbt KIXX Ultra 4T SN\/MA2 10W-40 | 20W-50, 100% Fully Synthetic &#8211; Nh\u1eadp Kh\u1ea9u H\u00e0n Qu\u1ed1c<\/p>\n<p><> TH\u00d4NG TIN S\u1ea2N PH\u1ea8M:<br \/>\n&#8211; Dung t\u00edch : 1 l\u00edt<br \/>\n&#8211; C\u1ea5p nh\u1edbt : 10W-40 , 20W-50<br \/>\n&#8211; Th\u01b0\u01a1ng hi\u1ec7u: Kixx<br \/>\n&#8211; Xu\u1ea5t x\u1ee9: H\u00e0n Qu\u1ed1c<\/p>\n<p><> \u0110\u1eb6C \u0110I\u1ec2M S\u1ea2N PH\u1ea8M:<br \/>\n&#8211; \u0110\u01b0\u1ee3c pha ch\u1ebf t\u1eeb C\u00f4ng ngh\u1ec7 T\u1ed5ng h\u1ee3p \u0111\u00e1p \u1ee9ng y\u00eau c\u1ea7u c\u1ee7a c\u00e1c ph\u1ea9m c\u1ea5p d\u1ea7u \u0111\u1ed9ng c\u01a1 h\u00e0ng \u0111\u1ea7u ti\u00ean ti\u1ebfn hi\u1ec7n nay c\u1ee7a API SN.<br \/>\n&#8211; Ti\u1ebft ki\u1ec7m nhi\u00ean li\u1ec7u, gi\u1ea3m hao m\u00f2n do ma s\u00e1t v\u00e0 t\u0103ng \u0111\u1ed9 b\u1ec1n.<br \/>\n&#8211; Kh\u1ea3 n\u0103ng \u1ed5n \u0111\u1ecbnh trong ph\u1ea1m vi nhi\u1ec7t \u0111\u1ed9 r\u1ed9ng c\u1ee7a d\u1ea7u g\u1ed1c c\u00f4ng ngh\u1ec7 t\u1ed5ng h\u1ee3p \u0111\u1ea3m b\u1ea3o \u0111\u1ed9 nh\u1edbt d\u1ea7u ch\u00ednh x\u00e1c \u0111\u1ec3 gi\u1ea3m ma s\u00e1t khi kh\u1edfi \u0111\u1ed9ng, v\u00e0 cung c\u1ea5p \u0111\u1ed9 b\u00f4i tr\u01a1n t\u1ed1i \u0111a trong khi v\u1eadn h\u00e0nh \u1edf nhi\u1ec7t \u0111\u1ed9 cao.<br \/>\n&#8211; Vi\u1ec7c gi\u1ea3m kh\u00ed th\u1ed5i b\u1eb1ng piston c\u00f9ng v\u1edbi c\u00e1c \u0111\u1eb7c t\u00ednh ch\u1ed1ng \u0111\u00f3ng c\u1eb7n c\u1ee7a d\u1ea7u gi\u00fap duy tr\u00ec c\u00f4ng su\u1ea5t \u0111\u1ed9ng c\u01a1 v\u00e0 \u0111\u1ed9 s\u1ea1ch, nh\u1edd \u0111\u00f3 k\u00e9o d\u00e0i tu\u1ed5i th\u1ecd c\u1ee7a \u0111\u1ed9ng c\u01a1.<br \/>\n&#8211; C\u00f4ng th\u1ee9c d\u1ea7u g\u1ed1c phi truy\u1ec1n th\u1ed1ng ti\u00ean ti\u1ebfn k\u1ebft h\u1ee3p v\u1edbi h\u1ec7 th\u1ed1ng ph\u1ee5 gia hi\u1ec7u qu\u1ea3 cao v\u00e0 ph\u1ee5 gia t\u0103ng ch\u1ec9 s\u1ed1 \u0111\u1ed9 nh\u1edbt h\u00e0ng \u0111\u1ea7u mang l\u1ea1i \u0111\u1ed9 tr\u01b0\u1ee3t \u1ed5n \u0111\u1ecbnh tuy\u1ec7t v\u1eddi v\u00e0 b\u1ea3o v\u1ec7 ch\u1ed1ng m\u00e0i m\u00f2n t\u1ed1i \u0111a trong \u0111i\u1ec1u ki\u1ec7n l\u00e1i xe \u1edf nhi\u1ec7t \u0111\u1ed9 cao, t\u1ed1c \u0111\u1ed9 cao c\u0169ng nh\u01b0 b\u1ea3o v\u1ec7 m\u00e0ng d\u1ea7u nhanh ch\u00f3ng, hi\u1ec7u qu\u1ea3 cao.<br \/>\n&#8211; S\u1ea3n ph\u1ea9m c\u0169ng cung c\u1ea5p kh\u1ea3 n\u0103ng ch\u1ed1ng m\u00e0i m\u00f2n th\u00e0nh ph\u1ea7n trong qu\u00e1 tr\u00ecnh kh\u1edfi \u0111\u1ed9ng l\u1ea1nh \u1edf nhi\u1ec7t \u0111\u1ed9 r\u1ea5t th\u1ea5p.<br \/>\n&#8211; D\u00f9ng cho t\u1ea5t c\u1ea3 c\u00e1c lo\u1ea1i xe ch\u1ea1y b\u1eb1ng x\u0103ng, xe hi\u1ec7u su\u1ea5t cao \u0111\u01b0\u1ee3c trang b\u1ecb DOHC, EFI v\u00e0 VVT. \u0110\u1ed9ng c\u01a1 x\u0103ng b\u1ed1n th\u00ec trong xe m\u00e1y, xe th\u1ec3 thao.<\/p>\n<p>#HBCENTER#hbcenter#KIXX#kixx#kixxnhotxesotonghop#kixxnhotxeso#nhotxesotonghop#kixxultra10w40#10w40#ultra10w40# #20w50 #xeso #winner #excier #rider #honda #yamaha #suzuki<\/p>\n","protected":false},"excerpt":{"rendered":"<p>{ Xe S\u1ed1 } D\u1ea7u Nh\u1edbt KIXX Ultra 4T SN\/MA2 10W-40 | 20W-50, 100% Fully Synthetic &#8211; Nh\u1eadp Kh\u1ea9u H\u00e0n Qu\u1ed1c TH\u00d4NG TIN S\u1ea2N PH\u1ea8M: &#8211; Dung t\u00edch : 1 l\u00edt &#8211; C\u1ea5p nh\u1edbt : 10W-40 , 20W-50 &#8211; Th\u01b0\u01a1ng hi\u1ec7u: Kixx &#8211; Xu\u1ea5t x\u1ee9: H\u00e0n Qu\u1ed1c \u0110\u1eb6C \u0110I\u1ec2M S\u1ea2N PH\u1ea8M: &#8211; \u0110\u01b0\u1ee3c pha ch\u1ebf&hellip;<\/p>\n","protected":false},"featured_media":9153,"comment_status":"closed","ping_status":"open","template":"","meta":[],"product_cat":[118],"product_tag":[183],"class_list":{"0":"post-9151","1":"product","2":"type-product","3":"status-publish","4":"has-post-thumbnail","6":"product_brand-kixx","7":"product_cat-dung-dich-phu-gia-dau-nhon","8":"product_tag-dau-nhot-kixx","10":"first","11":"instock","12":"product-type-simple","13":"col-xs-6 col-sm-4","14":"col-md-3 col-lg-3","15":"un-4-cols"},"_links":{"self":[{"href":"https:\/\/hibucenter.com\/index.php\/wp-json\/wp\/v2\/product\/9151","targetHints":{"allow":["GET"]}}],"collection":[{"href":"https:\/\/hibucenter.com\/index.php\/wp-json\/wp\/v2\/product"}],"about":[{"href":"https:\/\/hibucenter.com\/index.php\/wp-json\/wp\/v2\/types\/product"}],"replies":[{"embeddable":true,"href":"https:\/\/hibucenter.com\/index.php\/wp-json\/wp\/v2\/comments?post=9151"}],"version-history":[{"count":1,"href":"https:\/\/hibucenter.com\/index.php\/wp-json\/wp\/v2\/product\/9151\/revisions"}],"predecessor-version":[{"id":9152,"href":"https:\/\/hibucenter.com\/index.php\/wp-json\/wp\/v2\/product\/9151\/revisions\/9152"}],"wp:featuredmedia":[{"embeddable":true,"href":"https:\/\/hibucenter.com\/index.php\/wp-json\/wp\/v2\/media\/9153"}],"wp:attachment":[{"href":"https:\/\/hibucenter.com\/index.php\/wp-json\/wp\/v2\/media?parent=9151"}],"wp:term":[{"taxonomy":"product_cat","embeddable":true,"href":"https:\/\/hibucenter.com\/index.php\/wp-json\/wp\/v2\/product_cat?post=9151"},{"taxonomy":"product_tag","embeddable":true,"href":"https:\/\/hibucenter.com\/index.php\/wp-json\/wp\/v2\/product_tag?post=9151"}],"curies":[{"name":"wp","href":"https:\/\/api.w.org\/{rel}","templated":true}]}}