{"id":9123,"date":"2025-05-22T10:27:19","date_gmt":"2025-05-22T03:27:19","guid":{"rendered":"http:\/\/hibucenter.com\/index.php\/kixx-dau-nhot-xe-so-ultra-4t-20w-50-sn-ma2-1-lit-hang-chinh-hang\/"},"modified":"2025-05-23T10:36:21","modified_gmt":"2025-05-23T03:36:21","slug":"kixx-dau-nhot-xe-so-ultra-4t-20w-50-sn-ma2-1-lit-hang-chinh-hang","status":"publish","type":"product","link":"https:\/\/hibucenter.com\/index.php\/kixx-dau-nhot-xe-so-ultra-4t-20w-50-sn-ma2-1-lit-hang-chinh-hang\/","title":{"rendered":"KIXX D\u1ea7u Nh\u1edbt Xe S\u1ed1 Ultra 4T 20W-50 Sn\/MA2 1 L\u00edt H\u00e0ng Ch\u00ednh H\u00e3ng"},"content":{"rendered":"<p>D\u1ea7u Nh\u1edbt KIXX Ultra 4T 20W-50 SN\/MA2 1 L\u00edt H\u00e0ng Ch\u00ednh H\u00e3ng<\/p>\n<p><> TH\u00d4NG TIN S\u1ea2N S\u1ea2N PH\u1ea8M:<br \/>\n&#8211; Dung t\u00edch: 1 l\u00edt<br \/>\n&#8211; Th\u00f4ng s\u1ed1: 20W50<br \/>\n&#8211; Bao b\u00ec : chai nh\u1ef1a<br \/>\n&#8211; Ti\u00eau chu\u1ea9n: API SN<br \/>\n&#8211; Th\u01b0\u01a1ng hi\u1ec7u: Kixx<br \/>\n&#8211; Xu\u1ea5t x\u1ee9: H\u00e0n Qu\u1ed1c<\/p>\n<p><> \u0110\u1eb6C \u0110I\u1ec2M S\u1ea2N PH\u1ea8M:<br \/>\n&#8211; C\u00f4ng ngh\u1ec7 d\u1ea7u g\u1ed1c b\u00e1n t\u1ed5ng h\u1ee3p, lo\u1ea1i d\u1ea7u c\u00f3 kho\u1ea3ng \u1ee9ng d\u1ee5ng tr\u00ean d\u00e3y nhi\u1ec7t \u0111\u1ed9 r\u1ed9ng.<br \/>\n&#8211; D\u1ea7u c\u00f3 h\u1ec7 ph\u1ee5 gia ch\u1ed1ng m\u00e0i m\u00f2n ho\u1ea1t \u0111\u1ed9ng tr\u00ean b\u1ec1 m\u1eb7t c\u00e1c chi ti\u1ebft trong \u0111\u1ed9ng c\u01a1 ,kh\u1eafc ph\u1ee5c hi\u1ec7n t\u01b0\u1ee3ng m\u1ecfi tr\u00ean c\u00e1c b\u1ec1 m\u1eb7t ti\u1ebfp x\u00fac khi ho\u1ea1t \u0111\u1ed9ng kh\u1eafc nghi\u1ec7t.<br \/>\n&#8211; D\u1ea7u c\u00f3 kh\u1ea3 n\u0103ng l\u00e0m gi\u1ea3m \u0111\u1ed9 rung v\u00e0 ti\u1ebfng \u1ed5n trong \u0111\u1ed9ng c\u01a1 gi\u00fap xe ch\u1ea1y \u00eam v\u00e0 \u1ed5n \u0111\u1ecbnh h\u01a1n.<br \/>\n&#8211; L\u1edbp m\u00e0ng d\u1ea7u lu\u00f4n \u0111\u01b0\u1ee3c duy tr\u00ec gi\u00fap \u0111\u1ed9ng c\u01a1 ho\u1ea1t \u0111\u1ed9ng v\u1edbi c\u00f4ng su\u1ea5t t\u1ed1i \u0111a v\u00e0 ti\u1ebft ki\u1ec7m nhi\u00ean li\u1ec7u.<br \/>\n&#8211; D\u1ea7u c\u00f3 ch\u1ec9 s\u1ed1 \u0111\u1ed9 nh\u1edbt r\u1ea5t cao, c\u00f3 kh\u1ea3 n\u0103ng ch\u1ed1ng oxy h\u00f3a v\u00e0 c\u00f3 t\u00ednh b\u1ec1n nhi\u1ec7t.<br \/>\n&#8211; Gi\u1ea3m ma s\u00e1t c\u00e1c chi ti\u1ebft ngay t\u1eeb khi kh\u1edfi \u0111\u1ed9ng, b\u00f4i tr\u01a1n tuy\u1ec7t v\u1eddi \u1edf nhi\u1ec7t \u0111\u1ed9 cao.<br \/>\n&#8211; K\u00e9o d\u00e0i tu\u1ed5i th\u1ecd \u0111\u1ed9ng c\u01a1.<\/p>\n<p><> \u1ee8NG D\u1ee4NG:<br \/>\n&#8211; \u0110\u1ed9ng c\u01a1 xe m\u00e1y b\u1ed1n th\u00ec l\u00e0m m\u00e1t b\u1eb1ng kh\u00f4ng kh\u00ed ho\u1eb7c b\u1eb1ng n\u01b0\u1edbc.<br \/>\n&#8211; \u0110\u1eb7c bi\u1ec7t th\u00edch h\u1ee3p cho \u0111\u1ed9ng c\u01a1 xe m\u00e1y Nh\u1eadt B\u1ea3n hi\u1ec7u su\u1ea5t cao.<br \/>\n&#8211; Xe m\u00e1y c\u00f3 ho\u1eb7c kh\u00f4ng c\u00f3 b\u1ed9 ly h\u1ee3p ng\u00e2m trong d\u1ea7u.<br \/>\n&#8211; Xe m\u00e1y c\u00f3 b\u1ed9 truy\u1ec1n \u0111\u1ed9ng n\u1eb1m trong c\u1ee5m \u0111\u1ed9ng c\u01a1 ho\u1eb7c h\u1ed9p s\u1ed1 r\u1eddi \u0111\u01a3\u1ee3c ch\u1ec9 \u0111\u1ecbnh d\u00f9ng d\u1ea7u \u0111a c\u1ea5p.<br \/>\n&#8211; Xe m\u00e1y c\u00f3 b\u1ed9 ph\u1eadn h\u1ea1n ch\u1ebf m\u00f4 men quay ng\u01b0\u1ee3c.<br \/>\n&#8211; Xe m\u00e1y c\u00f3 b\u1ed9 chuy\u1ec3n \u0111\u1ed5i x\u00fac t\u00e1c kh\u00ed th\u1ea3i.<br \/>\n&#8211; \u0110\u1ed9ng c\u01a1 xe tay ga b\u1ed1n th\u00ec th\u1ebf h\u1ec7 \u0111\u1eddi m\u1edbi nh\u1ea5t hi\u1ec7n nay.<br \/>\n&#8211; \u0110\u1ed9ng c\u01a1 x\u0103ng b\u1ed1n th\u00ec l\u1eafp trong thi\u1ebft b\u1ecb \u0111\u1ed9ng l\u1ef1c c\u1ea7m tay, nh\u01b0 m\u00e1y ph\u00e1t \u0111i\u1ec7n, m\u00e1y c\u1eaft c\u1ecf .v..v <\/p>\n<p>HIBUCENTER cam k\u1ebft b\u00e1n t\u1ea5t c\u1ea3 c\u00e1c s\u1ea3n ph\u1ea9m c\u1ee7a KIXX Ch\u00ednh H\u00e3ng \u2013 Uy T\u00edn \u2013 Ch\u1ea5t L\u01b0\u1ee3ng!!!!<\/p>\n<p>#HIBUCENTER#KIXX#hibucenter#kixx#20W50#kixx20W50##kixx20w501l#kixx20w501#daunhotxemaykixx20w501l3daunhotxemaykixx#<\/p>\n","protected":false},"excerpt":{"rendered":"<p>D\u1ea7u Nh\u1edbt KIXX Ultra 4T 20W-50 SN\/MA2 1 L\u00edt H\u00e0ng Ch\u00ednh H\u00e3ng TH\u00d4NG TIN S\u1ea2N S\u1ea2N PH\u1ea8M: &#8211; Dung t\u00edch: 1 l\u00edt &#8211; Th\u00f4ng s\u1ed1: 20W50 &#8211; Bao b\u00ec : chai nh\u1ef1a &#8211; Ti\u00eau chu\u1ea9n: API SN &#8211; Th\u01b0\u01a1ng hi\u1ec7u: Kixx &#8211; Xu\u1ea5t x\u1ee9: H\u00e0n Qu\u1ed1c \u0110\u1eb6C \u0110I\u1ec2M S\u1ea2N PH\u1ea8M: &#8211; C\u00f4ng ngh\u1ec7 d\u1ea7u g\u1ed1c&hellip;<\/p>\n","protected":false},"featured_media":9125,"comment_status":"closed","ping_status":"open","template":"","meta":[],"product_cat":[118],"product_tag":[183],"class_list":{"0":"post-9123","1":"product","2":"type-product","3":"status-publish","4":"has-post-thumbnail","6":"product_brand-kixx","7":"product_cat-dung-dich-phu-gia-dau-nhon","8":"product_tag-dau-nhot-kixx","10":"first","11":"instock","12":"product-type-simple","13":"col-xs-6 col-sm-4","14":"col-md-3 col-lg-3","15":"un-4-cols"},"_links":{"self":[{"href":"https:\/\/hibucenter.com\/index.php\/wp-json\/wp\/v2\/product\/9123","targetHints":{"allow":["GET"]}}],"collection":[{"href":"https:\/\/hibucenter.com\/index.php\/wp-json\/wp\/v2\/product"}],"about":[{"href":"https:\/\/hibucenter.com\/index.php\/wp-json\/wp\/v2\/types\/product"}],"replies":[{"embeddable":true,"href":"https:\/\/hibucenter.com\/index.php\/wp-json\/wp\/v2\/comments?post=9123"}],"version-history":[{"count":1,"href":"https:\/\/hibucenter.com\/index.php\/wp-json\/wp\/v2\/product\/9123\/revisions"}],"predecessor-version":[{"id":9124,"href":"https:\/\/hibucenter.com\/index.php\/wp-json\/wp\/v2\/product\/9123\/revisions\/9124"}],"wp:featuredmedia":[{"embeddable":true,"href":"https:\/\/hibucenter.com\/index.php\/wp-json\/wp\/v2\/media\/9125"}],"wp:attachment":[{"href":"https:\/\/hibucenter.com\/index.php\/wp-json\/wp\/v2\/media?parent=9123"}],"wp:term":[{"taxonomy":"product_cat","embeddable":true,"href":"https:\/\/hibucenter.com\/index.php\/wp-json\/wp\/v2\/product_cat?post=9123"},{"taxonomy":"product_tag","embeddable":true,"href":"https:\/\/hibucenter.com\/index.php\/wp-json\/wp\/v2\/product_tag?post=9123"}],"curies":[{"name":"wp","href":"https:\/\/api.w.org\/{rel}","templated":true}]}}