{"id":9112,"date":"2025-05-22T10:27:19","date_gmt":"2025-05-22T03:27:19","guid":{"rendered":"http:\/\/hibucenter.com\/index.php\/kixx-dau-nhot-xe-tay-ga-ultra-scooter-sn-mb-5w40-0-8-lit-fully-synthetic-hang-chinh-hang\/"},"modified":"2025-05-23T10:36:21","modified_gmt":"2025-05-23T03:36:21","slug":"kixx-dau-nhot-xe-tay-ga-ultra-scooter-sn-mb-5w40-0-8-lit-fully-synthetic-hang-chinh-hang","status":"publish","type":"product","link":"https:\/\/hibucenter.com\/index.php\/kixx-dau-nhot-xe-tay-ga-ultra-scooter-sn-mb-5w40-0-8-lit-fully-synthetic-hang-chinh-hang\/","title":{"rendered":"KIXX D\u1ea7u Nh\u1edbt Xe Tay Ga Ultra Scooter SN\/MB 5W40 0.8 L\u00edt , Fully Synthetic &#8211; H\u00e0ng Ch\u00ednh H\u00e3ng"},"content":{"rendered":"<p>D\u1ea7u Nh\u1edbt Xe Tay Ga KIXX Ultra Scooter SN\/MB 5W40 0.8 L\u00edt , Fully Synthetic &#8211; H\u00e0ng Ch\u00ednh H\u00e3ng<\/p>\n<p>  TH\u00d4NG TIN S\u1ea2N PH\u1ea8M:<br \/>\n&#8211; Dung t\u00edch: 0.8l\u00edt<br \/>\n&#8211; M\u00e3 s\u1ea3n ph\u1ea9m: KUT5W400.8L<br \/>\n&#8211; Th\u01b0\u01a1ng hi\u1ec7u: Kixx<br \/>\n&#8211; Xu\u1ea5t x\u1ee9: H\u00e0n Qu\u1ed1c<\/p>\n<p>https:\/\/cf.shopee.vn\/file\/vn-11134208-7r98o-lstc9v1x7m3d20<\/p>\n<p>  \u0110\u1eb6C \u0110I\u1ec2M S\u1ea2N PH\u1ea8M:<br \/>\n&#8211;  \u0110\u01b0\u1ee3c pha ch\u1ebf t\u1eeb C\u00f4ng ngh\u1ec7 T\u1ed5ng h\u1ee3p \u0111\u00e1p \u1ee9ng y\u00eau c\u1ea7u c\u1ee7a c\u00e1c ph\u1ea9m c\u1ea5p d\u1ea7u \u0111\u1ed9ng c\u01a1 h\u00e0ng \u0111\u1ea7u ti\u00ean ti\u1ebfn hi\u1ec7n nay c\u1ee7a API SN.<br \/>\n&#8211; Ti\u1ebft ki\u1ec7m nhi\u00ean li\u1ec7u<br \/>\n&#8211; Kh\u1ea3 n\u0103ng \u1ed5n \u0111\u1ecbnh trong ph\u1ea1m vi nhi\u1ec7t \u0111\u1ed9 r\u1ed9ng c\u1ee7a d\u1ea7u g\u1ed1c c\u00f4ng ngh\u1ec7 t\u1ed5ng h\u1ee3p \u0111\u1ea3m b\u1ea3o \u0111\u1ed9 nh\u1edbt d\u1ea7u ch\u00ednh x\u00e1c \u0111\u1ec3 gi\u1ea3m ma s\u00e1t khi kh\u1edfi \u0111\u1ed9ng, v\u00e0 cung c\u1ea5p \u0111\u1ed9 b\u00f4i tr\u01a1n t\u1ed1i \u0111a trong khi v\u1eadn h\u00e0nh \u1edf nhi\u1ec7t \u0111\u1ed9 cao.<br \/>\n&#8211; Gi\u1ea3m kh\u00ed th\u1ed5i b\u1eb1ng piston c\u00f9ng v\u1edbi c\u00e1c \u0111\u1eb7c t\u00ednh ch\u1ed1ng \u0111\u00f3ng c\u1eb7n c\u1ee7a d\u1ea7u gi\u00fap duy tr\u00ec c\u00f4ng su\u1ea5t \u0111\u1ed9ng c\u01a1 v\u00e0 \u0111\u1ed9 s\u1ea1ch, nh\u1edd \u0111\u00f3 k\u00e9o d\u00e0i tu\u1ed5i th\u1ecd c\u1ee7a \u0111\u1ed9ng c\u01a1.<br \/>\n&#8211; Kh\u1ea3 n\u0103ng ch\u1ed1ng oxy h\u00f3a tuy\u1ec7t v\u1eddi v\u00e0 \u0111\u1ed9 bay h\u01a1i th\u1ea5p s\u1ebd k\u00e9o d\u00e0i kho\u1ea3ng th\u1eddi gian thay d\u1ea7u.<br \/>\n&#8211; Ch\u1ed1ng m\u00e0i m\u00f2n \u1edf m\u1ecdi nhi\u1ec7t \u0111\u1ed9<br \/>\n&#8211; D\u1ea7u \u0111\u1ed9ng c\u01a1 ch\u1ea5t l\u01b0\u1ee3ng t\u1ed1t, l\u1ef1a ch\u1ecdn ho\u00e0n h\u1ea3o cho xe m\u00e1y tay ga \u0111\u1ed9ng c\u01a1 b\u1ed1n k\u1ef3 (scut\u01a1)<\/p>\n<p>#kixxnhotdongcoxetayga#nhotdongcoxetayga#nhotkixx<br \/>\n#kixxscooter5w40#scooter5w40#5w40 #APISN #JASOMB #scooter #tayga #honda #pcx #vision<\/p>\n","protected":false},"excerpt":{"rendered":"<p>D\u1ea7u Nh\u1edbt Xe Tay Ga KIXX Ultra Scooter SN\/MB 5W40 0.8 L\u00edt , Fully Synthetic &#8211; H\u00e0ng Ch\u00ednh H\u00e3ng TH\u00d4NG TIN S\u1ea2N PH\u1ea8M: &#8211; Dung t\u00edch: 0.8l\u00edt &#8211; M\u00e3 s\u1ea3n ph\u1ea9m: KUT5W400.8L &#8211; Th\u01b0\u01a1ng hi\u1ec7u: Kixx &#8211; Xu\u1ea5t x\u1ee9: H\u00e0n Qu\u1ed1c https:\/\/cf.shopee.vn\/file\/vn-11134208-7r98o-lstc9v1x7m3d20 \u0110\u1eb6C \u0110I\u1ec2M S\u1ea2N PH\u1ea8M: &#8211; \u0110\u01b0\u1ee3c pha ch\u1ebf t\u1eeb C\u00f4ng ngh\u1ec7 T\u1ed5ng h\u1ee3p&hellip;<\/p>\n","protected":false},"featured_media":9115,"comment_status":"closed","ping_status":"open","template":"","meta":[],"product_cat":[118],"product_tag":[183],"class_list":{"0":"post-9112","1":"product","2":"type-product","3":"status-publish","4":"has-post-thumbnail","6":"product_brand-kixx","7":"product_cat-dung-dich-phu-gia-dau-nhon","8":"product_tag-dau-nhot-kixx","10":"first","11":"instock","12":"product-type-simple","13":"col-xs-6 col-sm-4","14":"col-md-3 col-lg-3","15":"un-4-cols"},"_links":{"self":[{"href":"https:\/\/hibucenter.com\/index.php\/wp-json\/wp\/v2\/product\/9112","targetHints":{"allow":["GET"]}}],"collection":[{"href":"https:\/\/hibucenter.com\/index.php\/wp-json\/wp\/v2\/product"}],"about":[{"href":"https:\/\/hibucenter.com\/index.php\/wp-json\/wp\/v2\/types\/product"}],"replies":[{"embeddable":true,"href":"https:\/\/hibucenter.com\/index.php\/wp-json\/wp\/v2\/comments?post=9112"}],"version-history":[{"count":1,"href":"https:\/\/hibucenter.com\/index.php\/wp-json\/wp\/v2\/product\/9112\/revisions"}],"predecessor-version":[{"id":9114,"href":"https:\/\/hibucenter.com\/index.php\/wp-json\/wp\/v2\/product\/9112\/revisions\/9114"}],"wp:featuredmedia":[{"embeddable":true,"href":"https:\/\/hibucenter.com\/index.php\/wp-json\/wp\/v2\/media\/9115"}],"wp:attachment":[{"href":"https:\/\/hibucenter.com\/index.php\/wp-json\/wp\/v2\/media?parent=9112"}],"wp:term":[{"taxonomy":"product_cat","embeddable":true,"href":"https:\/\/hibucenter.com\/index.php\/wp-json\/wp\/v2\/product_cat?post=9112"},{"taxonomy":"product_tag","embeddable":true,"href":"https:\/\/hibucenter.com\/index.php\/wp-json\/wp\/v2\/product_tag?post=9112"}],"curies":[{"name":"wp","href":"https:\/\/api.w.org\/{rel}","templated":true}]}}