{"id":9089,"date":"2025-05-22T10:27:19","date_gmt":"2025-05-22T03:27:19","guid":{"rendered":"http:\/\/hibucenter.com\/index.php\/dau-nhot-dong-co-xang-kixx-g-sl-10w-40-4-lit-chuyen-dung-cho-xe-40k-km-hang-chinh-hang\/"},"modified":"2025-05-23T10:36:21","modified_gmt":"2025-05-23T03:36:21","slug":"dau-nhot-dong-co-xang-kixx-g-sl-10w-40-4-lit-chuyen-dung-cho-xe-40k-km-hang-chinh-hang","status":"publish","type":"product","link":"https:\/\/hibucenter.com\/index.php\/dau-nhot-dong-co-xang-kixx-g-sl-10w-40-4-lit-chuyen-dung-cho-xe-40k-km-hang-chinh-hang\/","title":{"rendered":"D\u1ea7u Nh\u1edbt \u0110\u1ed3ng C\u01a1 X\u0103ng KIXX G SL 10W-40 4 L\u00edt. Chuy\u00ean D\u00f9ng Cho Xe > 40K KM &#8211; H\u00e0ng Ch\u00ednh H\u00e3ng"},"content":{"rendered":"<p>< >  TH\u00d4NG TIN S\u1ea2N PH\u1ea8M:<br \/>\n&#8211; S\u1ea3n xu\u1ea5t : GS Caltex (H\u00e0n Qu\u1ed1c)<br \/>\n&#8211; Ph\u00e2n ph\u1ed1i b\u1edfi: GS Vi\u1ec7t Nam<br \/>\n&#8211; Bao b\u00ec: 4 L\u00edt<br \/>\n&#8211; Ti\u00eau chu\u1ea9n k\u1ef9 thu\u1eadt: D\u1ea7u g\u1ed1c b\u00e1n t\u1ed5ng h\u1ee3p<br \/>\n&#8211; C\u1ea5p \u0111\u1ed9 nh\u1edbt SAE: 10W40<br \/>\n&#8211; C\u1ea5p t\u00ednh n\u0103ng API: SL<br \/>\n&#8211; T\u1ec9 tr\u1ecdng, kg\/L @10oC: 0.860<br \/>\n&#8211; \u0110\u1ed9 nh\u1edbt \u0111\u1ed9ng h\u1ecdc, mm2\/s @ 40oC:  99.5<br \/>\n&#8211; \u0110\u1ed9 nh\u1edbt \u0111\u1ed9ng h\u1ecdc, mm2\/s @ 100oC: 15.1<br \/>\n&#8211; Ch\u1ec9 s\u1ed1 \u0111\u1ed9 nh\u1edbt:  158<br \/>\n&#8211; \u0110i\u1ec3m r\u00f3t ch\u1ea3y, oC: -42<br \/>\n&#8211; \u0110i\u1ec3m ch\u1edbp ch\u00e1y, oC:  246 <\/p>\n<p>https:\/\/cf.shopee.vn\/file\/vn-11134208-7r98o-lqlblmug760n2a<br \/>\nhttps:\/\/cf.shopee.vn\/file\/vn-11134208-7r98o-lqlblmug8kl3f1<br \/>\nhttps:\/\/cf.shopee.vn\/file\/vn-11134208-7r98o-lqlblmug9z5j3e<\/p>\n<p>  \u0110\u1eb6C \u0110I\u1ec2M S\u1ea2N PH\u1ea8M:<br \/>\n&#8211; \u0110\u00e1p \u1ee9ng ti\u00eau chu\u1ea9n cho t\u1ea5t c\u1ea3 c\u00e1c xe kh\u00e1ch v\u00e0 xe t\u1ea3i nh\u1eb9 x\u1eed d\u1ee5ng \u0111\u1ed9ng c\u01a1 x\u0103ng b\u1ed1n th\u00ec h\u00fat kh\u00ed t\u1ef1 nhi\u00ean ho\u1eb7c c\u00f3 turbo t\u0103ng \u00e1p, bao g\u1ed3m c\u1ea3 nh\u1eefng h\u1ec7 th\u1ed1ng van bi\u1ebfn thi\u00ean v\u00e0 b\u1ed9 ki\u1ec3m so\u00e1t kh\u00ed th\u1ea3i ti\u00ean ti\u1ebfn nh\u1ea5t.<br \/>\n&#8211; Th\u00edch h\u1ee3p cho \u0111\u1ed9ng c\u01a1 x\u0103ng b\u1ed1n th\u00ec lo\u1ea1i nh\u1ecf trong xe g\u1eafn m\u00e1y v\u00e0 thi\u1ebft b\u1ecb \u0111\u1ed9ng l\u1ef1c c\u1ea7m tay m\u00e0 nh\u00e0 ch\u1ebf t\u1ea1o khuy\u1ebfn ngh\u1ecb lo\u1ea1i d\u1ea7u \u0111\u1ed9ng c\u01a1 cho xe con th\u00f4ng d\u1ee5ng v\u00e0 kh\u00f4ng \u0111\u00f2i h\u1ecfi b\u00f4i tr\u01a1n \u0111\u00fang m\u1ee5c \u0111\u00edch thi\u1ebft k\u1ebf.<br \/>\n&#8211; \u0110i\u1ec3m \u0111\u00f4ng \u0111\u1eb7c c\u1ee7a d\u1ea7u th\u1ea5p n\u00ean c\u00f3 th\u1ec3 ph\u00f9 h\u1ee3p v\u1edbi t\u1ea5t c\u1ea3 \u0111i\u1ec1u ki\u1ec7n ho\u1ea1t \u0111\u1ed9ng c\u1ee7a t\u1eebng khu v\u1ef1c.<br \/>\n&#8211; K\u00e9o d\u00e0i t\u1ed1i \u0111a tu\u1ed5i th\u1ecd \u0111\u1ed9ng c\u01a1 th\u00f4ng qua t\u00ednh n\u0103ng ki\u1ec3m so\u00e1t m\u00e0i m\u00f2n tuy\u1ec7t v\u1eddi d\u01b0\u1edbi t\u1ea5t c\u1ea3 \u0111i\u1ec1u ki\u1ec7n ho\u1ea1t \u0111\u1ed9ng.<br \/>\n&#8211; Cung c\u1ea5p kh\u1ea3 n\u0103ng ti\u1ebft ki\u1ec7m nhi\u00ean li\u1ec7u t\u1ed1i \u0111a b\u1eb1ng vi\u1ec7c gi\u1ea3m thi\u1ec3u s\u1ef1 hao m\u00f2n do ma s\u00e1t sinh ra trong qu\u00e1 tr\u00ecnh ho\u1ea1t \u0111\u1ed9ng.<br \/>\n&#8211; B\u1ea3o v\u1ec7 v\u00e0 ch\u1ed1ng m\u00e0i m\u00f2n khi b\u1eaft \u0111\u1ea7u kh\u1edfi \u0111\u1ed9ng trong \u0111i\u1ec1u ki\u1ec7n th\u1eddi ti\u1ebft l\u1ea1nh th\u00f4ng qua kh\u1ea3 n\u0103ng ch\u1ecbu nhi\u1ec7t \u0111\u1ed9 th\u1ea5p tuy\u1ec7t v\u1eddi. gi\u1ea3m thi\u1ec3u m\u00e0i m\u00f2n cho c\u00e1c h\u1ec7 th\u1ed1ng xu-p\u00e1p tinh vi nh\u1ea5t k\u1ec3 c\u1ea3 h\u1ec7 th\u1ed1ng c\u00f3 t\u00ednh n\u0103ng \u0111\u1ecbnh gi\u1edd xu-p\u00e1p bi\u1ebfn thi\u00ean.<br \/>\n&#8211; Gi\u00fap \u1ee9c ch\u1ebf \u0103n m\u00f2n, b\u1ea3o v\u1ec7 \u0111\u1ed9ng c\u01a1 v\u00e0 ch\u1ed1ng r\u1ec9 hi\u1ec7u qu\u1ea3<br \/>\n&#8211; Ki\u1ec3m so\u00e1t c\u1eb7n b\u00e1m tr\u00ean p\u00edt t\u00f4ng v\u00e0 x\u00e9c m\u0103ng \u0111\u1ec3 kh\u00f4ng \u1ea3nh h\u01b0\u1edfng c\u00f4ng su\u1ea5t v\u00e0 hi\u1ec7u n\u0103ng<br \/>\n&#8211; Gi\u00fap \u1ed5n \u0111\u1ecbnh nhi\u1ec7t v\u00e0 ch\u1ed1ng Oxy h\u00f3a cao gi\u00fap ng\u0103n ch\u1eb7n qu\u00e1 tr\u00ecnh xu\u1ed1ng c\u1ea5p d\u1ea7u<\/p>\n<p>#dau_dong_co_xang_Kixx#nhot_dong_co_xang#kixx_ban_tong_hop<\/p>\n","protected":false},"excerpt":{"rendered":"<p>< > TH\u00d4NG TIN S\u1ea2N PH\u1ea8M: &#8211; S\u1ea3n xu\u1ea5t : GS Caltex (H\u00e0n Qu\u1ed1c) &#8211; Ph\u00e2n ph\u1ed1i b\u1edfi: GS Vi\u1ec7t Nam &#8211; Bao b\u00ec: 4 L\u00edt &#8211; Ti\u00eau chu\u1ea9n k\u1ef9 thu\u1eadt: D\u1ea7u g\u1ed1c b\u00e1n t\u1ed5ng h\u1ee3p &#8211; C\u1ea5p \u0111\u1ed9 nh\u1edbt SAE: 10W40 &#8211; C\u1ea5p t\u00ednh n\u0103ng API: SL &#8211; T\u1ec9 tr\u1ecdng, kg\/L @10oC: 0.860 &#8211;&hellip;<\/p>\n","protected":false},"featured_media":9094,"comment_status":"closed","ping_status":"open","template":"","meta":[],"product_cat":[118],"product_tag":[183],"class_list":{"0":"post-9089","1":"product","2":"type-product","3":"status-publish","4":"has-post-thumbnail","6":"product_brand-kixx","7":"product_cat-dung-dich-phu-gia-dau-nhon","8":"product_tag-dau-nhot-kixx","10":"first","11":"instock","12":"product-type-simple","13":"col-xs-6 col-sm-4","14":"col-md-3 col-lg-3","15":"un-4-cols"},"_links":{"self":[{"href":"https:\/\/hibucenter.com\/index.php\/wp-json\/wp\/v2\/product\/9089","targetHints":{"allow":["GET"]}}],"collection":[{"href":"https:\/\/hibucenter.com\/index.php\/wp-json\/wp\/v2\/product"}],"about":[{"href":"https:\/\/hibucenter.com\/index.php\/wp-json\/wp\/v2\/types\/product"}],"replies":[{"embeddable":true,"href":"https:\/\/hibucenter.com\/index.php\/wp-json\/wp\/v2\/comments?post=9089"}],"version-history":[{"count":1,"href":"https:\/\/hibucenter.com\/index.php\/wp-json\/wp\/v2\/product\/9089\/revisions"}],"predecessor-version":[{"id":9093,"href":"https:\/\/hibucenter.com\/index.php\/wp-json\/wp\/v2\/product\/9089\/revisions\/9093"}],"wp:featuredmedia":[{"embeddable":true,"href":"https:\/\/hibucenter.com\/index.php\/wp-json\/wp\/v2\/media\/9094"}],"wp:attachment":[{"href":"https:\/\/hibucenter.com\/index.php\/wp-json\/wp\/v2\/media?parent=9089"}],"wp:term":[{"taxonomy":"product_cat","embeddable":true,"href":"https:\/\/hibucenter.com\/index.php\/wp-json\/wp\/v2\/product_cat?post=9089"},{"taxonomy":"product_tag","embeddable":true,"href":"https:\/\/hibucenter.com\/index.php\/wp-json\/wp\/v2\/product_tag?post=9089"}],"curies":[{"name":"wp","href":"https:\/\/api.w.org\/{rel}","templated":true}]}}