{"id":9080,"date":"2025-05-22T10:27:19","date_gmt":"2025-05-22T03:27:19","guid":{"rendered":"http:\/\/hibucenter.com\/index.php\/nhot-hop-so-tu-dong-kixx-atf-dx-vi-1-lit-tro-luc-tay-lai\/"},"modified":"2025-05-23T10:36:21","modified_gmt":"2025-05-23T03:36:21","slug":"nhot-hop-so-tu-dong-kixx-atf-dx-vi-1-lit-tro-luc-tay-lai","status":"publish","type":"product","link":"https:\/\/hibucenter.com\/index.php\/nhot-hop-so-tu-dong-kixx-atf-dx-vi-1-lit-tro-luc-tay-lai\/","title":{"rendered":"Nh\u1edbt H\u1ed9p S\u1ed1 T\u1ef1 \u0110\u1ed9ng KIXX ATF DX VI 1 L\u00edt &#8211;  Tr\u1ee3 L\u1ef1c Tay L\u00e1i"},"content":{"rendered":"<p>Nh\u1edbt H\u1ed9p S\u1ed1 T\u1ef1 \u0110\u1ed9ng KIXX ATF DX VI 1 L\u00edt &#8211;  Tr\u1ee3 L\u1ef1c Tay L\u00e1i<\/p>\n<p>< >  TH\u00d4NG TIN S\u1ea2N PH\u1ea8M:<\/p>\n<p>&#8211; M\u00e3 s\u1ea3n ph\u1ea9m: L2524AL1E1<br \/>\n&#8211; Dung t\u00edch : 1 L\u00edt<br \/>\n&#8211; Th\u01b0\u01a1ng hi\u1ec7u: KIXX<br \/>\n&#8211; S\u1ea3n xu\u1ea5t: GS Caltex (H\u00e0n Qu\u1ed1c)<br \/>\n&#8211; Ph\u00e2n ph\u1ed1i b\u1edfi: GS Vi\u1ec7t Nam<\/p>\n<p><> \u0110\u1eb6C \u0110I\u1ec2N S\u1ea2N PH\u1ea8M:<br \/>\n&#8211; Nh\u1eadp kh\u1ea9u 100% tr\u1ef1c ti\u1ebfp t\u1eeb H\u00e0n Qu\u1ed1c<br \/>\n&#8211; Kixx ATF DX-VI l\u00e0 d\u1ea7u hi\u1ec7u su\u1ea5t cao, \u0111\u1ed9 nh\u1edbt th\u1ea5p \u0111a ph\u01b0\u01a1ng ti\u1ec7n cho h\u1ed9p s\u1ed1 t\u1ef1 \u0111\u1ed9ng hi\u1ec7n \u0111\u1ea1i, \u0111\u01b0\u1ee3c pha tr\u1ed9n v\u1edbi c\u00e1c lo\u1ea1i d\u1ea7u g\u1ed1c t\u1ed5ng h\u1ee3p v\u00e0 ph\u1ee5 gia hi\u1ec7u su\u1ea5t cao ti\u00ean ti\u1ebfn.<br \/>\n&#8211; Kixx ATF DX-VI \u0111\u01b0\u1ee3c ph\u00ea duy\u1ec7t ch\u00ednh th\u1ee9c \u0111\u1ec3 s\u1eed d\u1ee5ng b\u1edfi GM v\u00e0 \u0111\u00e1p \u1ee9ng ho\u1eb7c v\u01b0\u1ee3t qu\u00e1 y\u00eau c\u1ea7u c\u1ee7a c\u00e1c th\u00f4ng s\u1ed1 k\u1ef9 thu\u1eadt OEM m\u1edbi nh\u1ea5t nh\u01b0 Ford MERCON LV, Toyota WS, Nissan Matic S, Hyundai SP-IV\/SP-IV-RR. S\u1ea3n ph\u1ea9m c\u0169ng th\u00edch h\u1ee3p cho h\u1ea7u h\u1ebft c\u00e1c h\u1ed9p s\u1ed1 t\u1ef1 \u0111\u1ed9ng 6+ t\u1ed1c \u0111\u1ed9 hi\u1ec7n \u0111\u1ea1i.<br \/>\n&#8211; S\u1ea3n ph\u1ea9m \u0111\u01b0\u1ee3c thi\u1ebft k\u1ebf \u0111\u1eb7c bi\u1ec7t \u0111\u1ec3 c\u1ea3i thi\u1ec7n ti\u1ebft ki\u1ec7m nhi\u00ean li\u1ec7u v\u00e0 hi\u1ec7u su\u1ea5t ki\u1ec3m so\u00e1t \u0111\u1ed9 rung tuy\u1ec7t v\u1eddi.<br \/>\n&#8211; \u0110\u1ed9 s\u1ea1ch v\u00e0 \u0111\u1ed9 b\u1ec1n truy\u1ec1n d\u1eabn tuy\u1ec7t v\u1eddi b\u1eb1ng qu\u00e1 tr\u00ecnh oxy h\u00f3a \/ \u1ed5n \u0111\u1ecbnh nhi\u1ec7t.<br \/>\n&#8211; Kh\u1edfi \u0111\u1ed9ng t\u1ed1t \u1edf v\u00f9ng kh\u00ed h\u1eadu l\u1ea1nh nh\u1edd t\u00ednh l\u01b0u \u0111\u1ed9ng nhi\u1ec7t \u0111\u1ed9 th\u1ea5p tuy\u1ec7t v\u1eddi.<br \/>\n&#8211; Hi\u1ec7u su\u1ea5t ma s\u00e1t tuy\u1ec7t v\u1eddi v\u00e0 c\u1ea3m gi\u00e1c thay \u0111\u1ed5i \u0111\u1ed9 b\u1ec1n cho chuy\u1ec3n s\u1ed1 tho\u1ea3i m\u00e1i.<br \/>\n&#8211; Hi\u1ec7u su\u1ea5t hao m\u00f2n v\u01b0\u1ee3t tr\u1ed9i cho tu\u1ed5i th\u1ecd thi\u1ebft b\u1ecb d\u00e0i.<\/p>\n<p>https:\/\/cf.shopee.vn\/file\/vn-11134208-7r98o-lqlblmug1jqv37<\/p>\n<p>https:\/\/cf.shopee.vn\/file\/vn-11134208-7r98o-lu8l9ch3zfo1fd<\/p>\n<p>#Nhot_hop_so_tu_dong#nhot_tro_luc_tay_lai<br \/>\n#nhot_hop_so_kixx#Kixx_atf_vi<br \/>\n#hibucenter<\/p>\n","protected":false},"excerpt":{"rendered":"<p>Nh\u1edbt H\u1ed9p S\u1ed1 T\u1ef1 \u0110\u1ed9ng KIXX ATF DX VI 1 L\u00edt &#8211; Tr\u1ee3 L\u1ef1c Tay L\u00e1i < > TH\u00d4NG TIN S\u1ea2N PH\u1ea8M: &#8211; M\u00e3 s\u1ea3n ph\u1ea9m: L2524AL1E1 &#8211; Dung t\u00edch : 1 L\u00edt &#8211; Th\u01b0\u01a1ng hi\u1ec7u: KIXX &#8211; S\u1ea3n xu\u1ea5t: GS Caltex (H\u00e0n Qu\u1ed1c) &#8211; Ph\u00e2n ph\u1ed1i b\u1edfi: GS Vi\u1ec7t Nam \u0110\u1eb6C \u0110I\u1ec2N S\u1ea2N PH\u1ea8M:&hellip;<\/p>\n","protected":false},"featured_media":9084,"comment_status":"closed","ping_status":"open","template":"","meta":[],"product_cat":[118],"product_tag":[183],"class_list":{"0":"post-9080","1":"product","2":"type-product","3":"status-publish","4":"has-post-thumbnail","6":"product_brand-kixx","7":"product_cat-dung-dich-phu-gia-dau-nhon","8":"product_tag-dau-nhot-kixx","10":"first","11":"instock","12":"product-type-simple","13":"col-xs-6 col-sm-4","14":"col-md-3 col-lg-3","15":"un-4-cols"},"_links":{"self":[{"href":"https:\/\/hibucenter.com\/index.php\/wp-json\/wp\/v2\/product\/9080","targetHints":{"allow":["GET"]}}],"collection":[{"href":"https:\/\/hibucenter.com\/index.php\/wp-json\/wp\/v2\/product"}],"about":[{"href":"https:\/\/hibucenter.com\/index.php\/wp-json\/wp\/v2\/types\/product"}],"replies":[{"embeddable":true,"href":"https:\/\/hibucenter.com\/index.php\/wp-json\/wp\/v2\/comments?post=9080"}],"version-history":[{"count":1,"href":"https:\/\/hibucenter.com\/index.php\/wp-json\/wp\/v2\/product\/9080\/revisions"}],"predecessor-version":[{"id":9083,"href":"https:\/\/hibucenter.com\/index.php\/wp-json\/wp\/v2\/product\/9080\/revisions\/9083"}],"wp:featuredmedia":[{"embeddable":true,"href":"https:\/\/hibucenter.com\/index.php\/wp-json\/wp\/v2\/media\/9084"}],"wp:attachment":[{"href":"https:\/\/hibucenter.com\/index.php\/wp-json\/wp\/v2\/media?parent=9080"}],"wp:term":[{"taxonomy":"product_cat","embeddable":true,"href":"https:\/\/hibucenter.com\/index.php\/wp-json\/wp\/v2\/product_cat?post=9080"},{"taxonomy":"product_tag","embeddable":true,"href":"https:\/\/hibucenter.com\/index.php\/wp-json\/wp\/v2\/product_tag?post=9080"}],"curies":[{"name":"wp","href":"https:\/\/api.w.org\/{rel}","templated":true}]}}