{"id":9057,"date":"2025-05-22T10:27:19","date_gmt":"2025-05-22T03:27:19","guid":{"rendered":"http:\/\/hibucenter.com\/index.php\/dau-thuy-luc-chong-an-mon-kixx-hydro-xw-iso-vg-32-20-lit-chinh-hang\/"},"modified":"2025-05-23T10:36:22","modified_gmt":"2025-05-23T03:36:22","slug":"dau-thuy-luc-chong-an-mon-kixx-hydro-xw-iso-vg-32-20-lit-chinh-hang","status":"publish","type":"product","link":"https:\/\/hibucenter.com\/index.php\/dau-thuy-luc-chong-an-mon-kixx-hydro-xw-iso-vg-32-20-lit-chinh-hang\/","title":{"rendered":"D\u1ea7u Th\u1ee7y L\u1ef1c Ch\u1ed1ng \u0102n M\u00f2n KIXX Hydro XW ISO VG 32 20 L\u00edt Ch\u00ednh H\u00e3ng"},"content":{"rendered":"<p>D\u1ea7u Th\u1ee7y L\u1ef1c Ch\u1ed1ng \u0102n M\u00f2n KIXX Hydro XW ISO VG 32  20 L\u00edt Ch\u00ednh H\u00e3ng<\/p>\n<p><> TH\u00d4NG TIN S\u1ea2N PH\u1ea8M:<br \/>\n&#8211; Th\u1ec3 t\u00edch: 20 l\u00edt<br \/>\n&#8211; Th\u00f4ng s\u1ed1: Hydro XW ISO VG 32<br \/>\n&#8211; Kixx Hydro XW l\u00e0 d\u1ea7u th\u1ee7y l\u1ef1c ch\u1ed1ng m\u00f2n ch\u1ea5t l\u01b0\u1ee3ng cao \u0111\u01b0\u1ee3c thi\u1ebft k\u1ebf \u0111\u1ec3 s\u1eed d\u1ee5ng trong c\u00e1c h\u1ec7 th\u1ed1ng th\u1ee7y l\u1ef1c \u00e1p su\u1ea5t cao di \u0111\u1ed9ng v\u00e0 c\u1ed1 \u0111\u1ecbnh.<br \/>\n&#8211; N\u00f3 bao g\u1ed3m m\u1ed9t h\u1ec7 th\u1ed1ng ph\u1ee5 gia k\u1ebdm \u0111\u01b0\u1ee3c b\u1ec1n h\u00f3a v\u1edbi c\u00e1c \u0111\u1eb7c t\u00ednh ch\u1ed1ng m\u00f2n v\u01b0\u1ee3t tr\u1ed9i, c\u0169ng nh\u01b0 t\u00ednh b\u1ec1n \u00f4xy h\u00f3a v\u00e0 nhi\u1ec7t t\u1ed1t.<br \/>\n&#8211; Th\u01b0\u01a1ng hi\u1ec7u: Kixx<br \/>\n&#8211; Xu\u1ea5t x\u1ee9: H\u00e0n Qu\u1ed1c<\/p>\n<p><> TI\u00caU CHU\u1ea8N HI\u1ec6U SU\u1ea4T:<br \/>\n&#8211; Kixx Hydro XW \u0111\u00e1p \u1ee9ng c\u00e1c ti\u00eau chu\u1ea9n v\u1ec1 t\u00ednh hi\u1ec7u qu\u1ea3 nh\u01b0 d\u01b0\u1edbi \u0111\u00e2y.<br \/>\n&#8211; Denison Hydraulics HF-0(ISO VG 32, 46, 68)<br \/>\n&#8211; Eaton products and brochure 03-401-2010 Rev 1(ISO VG 32, 46, 68)<br \/>\n&#8211; Cincinnati Milacron P-68 (ISO VG 32), P-69 (ISO VG 68), P-70 (ISO VG 46)<br \/>\n&#8211; Bosch Rexroth RE 90 220 v\u00e0 RE 07 075<br \/>\n&#8211; Ti\u00eau chu\u1ea9n ISO 6743 Ph\u1ea7n 4, Lo\u1ea1i HM<br \/>\n&#8211; DIN 51524 Ph\u1ea7n 2, HLP<br \/>\n&#8211; GB 11118.1-2011, L-HM<br \/>\n&#8211; Th\u00e9p Hoa K\u1ef3 126 v\u00e0 127<\/p>\n<p><> \u1ee8NG D\u1ee4NG:<br \/>\n&#8211; C\u00e1c thi\u1ebft b\u1ecb th\u1ee7y l\u1ef1c c\u00f4ng nghi\u1ec7p ho\u1ea1t \u0111\u1ed9ng trong c\u00e1c nh\u00e0 m\u00e1y x\u00ed nghi\u1ec7p.<br \/>\n&#8211; C\u00e1c h\u1ec7 th\u1ed1ng th\u1ee7y l\u1ef1c c\u00f4ng nghi\u1ec7p c\u00f3 b\u01a1m c\u00e1nh g\u1ea1t, b\u00e1nh r\u0103ng ho\u1eb7c piston.<br \/>\n&#8211; C\u00e1c h\u1ed9p b\u00e1nh r\u0103ng ho\u1ea1t \u0111\u1ed9ng trong c\u00e1c \u0111i\u1ec1u ki\u1ec7n ch\u1ecbu t\u1ea3i v\u1eeba ph\u1ea3i.<br \/>\n&#8211; C\u00e1c h\u1ec7 th\u1ed1ng tu\u1ea7n ho\u00e0n c\u00f4ng nghi\u1ec7p c\u1ea7n s\u1eed d\u1ee5ng ch\u1ea5t \u1ee9c ch\u1ebf \u00f4xy h\u00f3a v\u00e0 ch\u1ed1ng g\u1ec9 ho\u1eb7c d\u1ea7u ch\u1ed1ng m\u00f2n.<\/p>\n<p>HIBUCENTER cam k\u1ebft b\u00e1n t\u1ea5t c\u1ea3 c\u00e1c s\u1ea3n ph\u1ea9m c\u1ee7a KIXX Ch\u00ednh H\u00e3ng \u2013 Uy T\u00edn \u2013 Ch\u1ea5t L\u01b0\u1ee3ng!!!!<\/p>\n","protected":false},"excerpt":{"rendered":"<p>D\u1ea7u Th\u1ee7y L\u1ef1c Ch\u1ed1ng \u0102n M\u00f2n KIXX Hydro XW ISO VG 32 20 L\u00edt Ch\u00ednh H\u00e3ng TH\u00d4NG TIN S\u1ea2N PH\u1ea8M: &#8211; Th\u1ec3 t\u00edch: 20 l\u00edt &#8211; Th\u00f4ng s\u1ed1: Hydro XW ISO VG 32 &#8211; Kixx Hydro XW l\u00e0 d\u1ea7u th\u1ee7y l\u1ef1c ch\u1ed1ng m\u00f2n ch\u1ea5t l\u01b0\u1ee3ng cao \u0111\u01b0\u1ee3c thi\u1ebft k\u1ebf \u0111\u1ec3 s\u1eed d\u1ee5ng trong c\u00e1c h\u1ec7&hellip;<\/p>\n","protected":false},"featured_media":9059,"comment_status":"closed","ping_status":"open","template":"","meta":[],"product_cat":[118],"product_tag":[183],"class_list":{"0":"post-9057","1":"product","2":"type-product","3":"status-publish","4":"has-post-thumbnail","6":"product_brand-kixx","7":"product_cat-dung-dich-phu-gia-dau-nhon","8":"product_tag-dau-nhot-kixx","10":"first","11":"instock","12":"product-type-simple","13":"col-xs-6 col-sm-4","14":"col-md-3 col-lg-3","15":"un-4-cols"},"_links":{"self":[{"href":"https:\/\/hibucenter.com\/index.php\/wp-json\/wp\/v2\/product\/9057","targetHints":{"allow":["GET"]}}],"collection":[{"href":"https:\/\/hibucenter.com\/index.php\/wp-json\/wp\/v2\/product"}],"about":[{"href":"https:\/\/hibucenter.com\/index.php\/wp-json\/wp\/v2\/types\/product"}],"replies":[{"embeddable":true,"href":"https:\/\/hibucenter.com\/index.php\/wp-json\/wp\/v2\/comments?post=9057"}],"version-history":[{"count":1,"href":"https:\/\/hibucenter.com\/index.php\/wp-json\/wp\/v2\/product\/9057\/revisions"}],"predecessor-version":[{"id":9058,"href":"https:\/\/hibucenter.com\/index.php\/wp-json\/wp\/v2\/product\/9057\/revisions\/9058"}],"wp:featuredmedia":[{"embeddable":true,"href":"https:\/\/hibucenter.com\/index.php\/wp-json\/wp\/v2\/media\/9059"}],"wp:attachment":[{"href":"https:\/\/hibucenter.com\/index.php\/wp-json\/wp\/v2\/media?parent=9057"}],"wp:term":[{"taxonomy":"product_cat","embeddable":true,"href":"https:\/\/hibucenter.com\/index.php\/wp-json\/wp\/v2\/product_cat?post=9057"},{"taxonomy":"product_tag","embeddable":true,"href":"https:\/\/hibucenter.com\/index.php\/wp-json\/wp\/v2\/product_tag?post=9057"}],"curies":[{"name":"wp","href":"https:\/\/api.w.org\/{rel}","templated":true}]}}