{"id":9047,"date":"2025-05-22T10:27:19","date_gmt":"2025-05-22T03:27:19","guid":{"rendered":"http:\/\/hibucenter.com\/index.php\/dau-nhot-cao-cap-kixx-pao1-0w-40-4-lit-tong-hop-toan-phan-hibucenter\/"},"modified":"2025-05-23T10:36:22","modified_gmt":"2025-05-23T03:36:22","slug":"dau-nhot-cao-cap-kixx-pao1-0w-40-4-lit-tong-hop-toan-phan-hibucenter","status":"publish","type":"product","link":"https:\/\/hibucenter.com\/index.php\/dau-nhot-cao-cap-kixx-pao1-0w-40-4-lit-tong-hop-toan-phan-hibucenter\/","title":{"rendered":"D\u1ea7u Nh\u1edbt Cao C\u1ea5p KIXX PAO1 0W-40 4 L\u00edt &#8211; T\u1ed5ng H\u1ee3p To\u00e0n Ph\u1ea7n | HIBUCENTER"},"content":{"rendered":"<p>D\u1ea7u Nh\u1edbt Cao C\u1ea5p KIXX PAO1 0W-30 \/ 0W-40 | 4 L\u00edt | HIBUCENTER<\/p>\n<p> TH\u00d4NG TIN S\u1ea2N PH\u1ea8M:<br \/>\n&#8211; S\u1ea3n xu\u1ea5t: GS Caltex (H\u00e0n Qu\u1ed1c)<br \/>\n&#8211; Ph\u00e2n ph\u1ed1i b\u1edfi: GS Vi\u1ec7t Nam<br \/>\n&#8211; Bao b\u00ec: 4L<br \/>\n&#8211; Ti\u00eau chu\u1ea9n k\u1ef9 thu\u1eadt: D\u1ea7u t\u1ed5ng h\u1ee3p g\u1ed1c PAO cao c\u1ea5p<br \/>\n&#8211; C\u1ea5p \u0111\u1ed9 nh\u1edbt SAE: 0W-40<br \/>\n&#8211; C\u1ea5p t\u00ednh n\u0103ng API: SN<\/p>\n<p>C\u00c1C \u0110\u1eb6C T\u00cdNH CH\u00cdNH:<br \/>\n&#8211; T\u1ec9 tr\u1ecdng, kg\/L \u1edf 15oC : 0.848<br \/>\n&#8211; \u0110\u1ed9 nh\u1edbt, mm2\/s @ 40oC: 84.8<br \/>\n&#8211; \u0110\u1ed9 nh\u1edbt. mm2\/s @ 100oC: 14.9<br \/>\n&#8211; Ch\u1ec9 s\u1ed1 \u0111\u1ed9 nh\u1edbt: 186<br \/>\n&#8211; \u0110i\u1ec3m r\u00f3t oC: -51<br \/>\n&#8211; \u0110i\u1ec3m ch\u00f3p ch\u00e1y, oC : 232<br \/>\nhttps:\/\/cf.shopee.vn\/file\/vn-11134208-7r98o-lqlblmugbdpzd0<\/p>\n<p>https:\/\/cf.shopee.vn\/file\/vn-11134208-7r98o-lqlblmugcsafca<br \/>\nhttps:\/\/cf.shopee.vn\/file\/vn-11134208-7r98o-lqlblmuge6uv4d<\/p>\n<p> \u1ee8NG D\u1ee4NG:<br \/>\n\u2022 \u0110\u1ed9ng c\u01a1 ch\u1ea1y b\u1eb1ng x\u0103ng, \u0111\u1ed9ng c\u01a1 ch\u1ea1y b\u1eb1ng LPG v\u00e0 v\u00e0 \u0111\u1ed9ng c\u01a1 ch\u1ea1y b\u1eb1ng d\u1ea7u diesel h\u00fat kh\u00ed t\u1ef1 nhi\u00ean trong xe kh\u00e1ch<br \/>\n\u2022 \u0110\u1ed9ng c\u01a1 ch\u1ea1y b\u1eb1ng x\u0103ng v\u00e0 b\u1eb1ng d\u1ea7u diesel xe t\u1ea3i nh\u1eb9<br \/>\n\u2022 RV v\u00e0 SUV ch\u1ea1y b\u1eb1ng x\u0103ng v\u00e0 diesel<br \/>\n\u2022 \u0110\u1ed9ng c\u01a1 CRDI tr\u00ean xe kh\u00e1ch<br \/>\n\u2022 Xe kh\u00e1ch c\u00f3 t\u1ed1c \u0111\u1ed9 cao, b\u1ed1n th\u00ec, t\u0103ng \u00e1p v\u00e0 EGR, DPF.<br \/>\n\u2022 \u0110\u1ed9ng c\u01a1 x\u0103ng b\u1ed1n th\u00ec trong xe m\u00e1y v\u00e0 thi\u1ebft b\u1ecb \u0111i\u1ec7n c\u1ea7m tay \u0111\u01b0\u1ee3c nh\u00e0 s\u1ea3n xu\u1ea5t khuy\u1ebfn ngh\u1ecb s\u1eed d\u1ee5ng d\u1ea7u \u0111\u1ed9ng c\u01a1 xe kh\u00e1ch th\u00f4ng th\u01b0\u1eddng<\/p>\n<p>Kixx PAO1  l\u00e0 m\u1ed9t lo\u1ea1i d\u1ea7u \u0111\u1ed9ng c\u01a1 t\u1ed5ng h\u1ee3p ho\u00e0n to\u00e0n cao c\u1ea5p c\u00f3 c\u00f4ng th\u1ee9c PAO (Poly Alpha Olefin). \u0110\u00e1p \u1ee9ng c\u00e1c ti\u00eau chu\u1ea9n API v\u00e0 ACEA m\u1edbi nh\u1ea5t, c\u00e1c s\u1ea3n ph\u1ea9m Kixx PAO ph\u00f9 h\u1ee3p v\u1edbi t\u1ea5t c\u1ea3 c\u00e1c lo\u1ea1i xe ch\u1ea1y b\u1eb1ng x\u0103ng, d\u1ea7u diesel v\u00e0 LPG, d\u00f2ng s\u1ea3n ph\u1ea9m PAO c\u00f3 \u0111\u1ed9 b\u1ec1n cao nh\u1edd s\u1ef1 \u1ed5n \u0111\u1ecbnh v\u1ec1 ch\u1ed1ng \u00f4 xy h\u00f3a tuy\u1ec7t v\u1eddi v\u00e0 \u0111\u1ed9 bay h\u01a1i th\u1ea5p, gi\u00fap d\u1ea7u lu\u00f4n duy tr\u00ec \u0111\u01b0\u1ee3c t\u00ednh ch\u1ea5t ban \u0111\u1ea7u trong th\u1eddi gian d\u00e0i h\u01a1n, gi\u1ea3m l\u01b0\u1ee3ng c\u1eb7n b\u00f9n, gi\u1ea3m s\u1ef1 ti\u00eau hao d\u1ea7u, \u0111\u1ed3ng ngh\u0129a v\u1edbi vi\u1ec7c ti\u1ebft ki\u1ec7m chi ph\u00ed.<br \/>\nD\u1ea7u nh\u1edbt \u0111\u1ed9ng c\u01a1 cao c\u1ea5p Kixx PAO 1 l\u00e0 s\u1ea3n ph\u1ea9m \u0111\u1ea1t c\u00e1c ti\u00eau chu\u1ea9n ch\u1ea5t l\u01b0\u1ee3ng cao nh\u1ea5t hi\u1ec7n nay l\u00e0 API SN, \u0111\u01b0\u1ee3c ph\u00ea duy\u1ec7t b\u1edfi nh\u1eefng \u00f4ng tr\u00f9m xe \u00f4 t\u00f4 cao c\u1ea5p nh\u01b0 BMW, Mercedes-Benz, volvo, Porche. Nh\u1eefng t\u00ednh n\u0103ng \u01b0u vi\u1ec7t c\u1ee7a s\u1ea3n ph\u1ea9m n\u00e0y bao g\u1ed3m:<\/p>\n<p>\u2705 K\u00e9o d\u00e0i tu\u1ed5i th\u1ecd \u0111\u1ed9ng c\u01a1<br \/>\n\u0110\u01b0\u1ee3c s\u1ea3n xu\u1ea5t 100% t\u1eeb d\u1ea7u g\u1ed1c t\u1ed5ng h\u1ee3p PAO, s\u1ea3n ph\u1ea9m cung c\u1ea5p kh\u1ea3 n\u0103ng ho\u1ea1t \u0111\u1ed9ng \u1edf ph\u1ea1m vi nhi\u1ec7t \u0111\u1ed9 r\u1ed9ng, duy tr\u00ec kh\u1ea3 n\u0103ng b\u00f4i tr\u01a1n c\u1ee7a d\u1ea7u. H\u1ec7 ph\u1ee5 gia gi\u00fap gi\u1ea3m thi\u1ec3u s\u1ef1 m\u00e0i m\u00f2n ngay c\u1ea3 trong nh\u1eefng c\u01a1 c\u1ea5u van ph\u1ee9c t\u1ea1p nh\u1ea5t, k\u1ec3 c\u1ea3 h\u1ec7 th\u1ed1ng c\u00f3 van bi\u1ebfn thi\u00ean.<br \/>\n\u2705 T\u1ed1i \u0111a c\u00f4ng su\u1ea5t v\u00e0 hi\u1ec7u su\u1ea5t &#8220;b\u1ea5t ch\u1ea5p&#8221; m\u1ecdi \u0111i\u1ec1u ki\u1ec7n v\u1eadn h\u00e0nh<br \/>\nKixx PAO 1 s\u1eed d\u1ee5ng ch\u1ea5t t\u1ea9y r\u1eeda kim lo\u1ea1i v\u00e0 h\u1ec7 ph\u1ee5 gia ph\u00e2n t\u00e1n, cho ph\u00e9p t\u1ed1i \u0111a h\u00f3a c\u00f4ng su\u1ea5t v\u00e0 hi\u1ec7u su\u1ea5t b\u1eb1ng c\u00e1ch ki\u1ec3m so\u00e1t v\u00e0nh \u0111ai v\u00e0 c\u1eb7n v\u00e1y piston, ngay c\u1ea3 trong \u0111i\u1ec1u ki\u1ec7n v\u1eadn h\u00e0nh kh\u1eafc nghi\u1ec7t nh\u1ea5t. B\u1ed9 \u0111i\u1ec1u ch\u1ec9nh ma s\u00e1t \u0111\u1eb7c bi\u1ec7t h\u1ed7 tr\u1ee3 gi\u1ea3m ma s\u00e1t gi\u00fap ti\u1ebft ki\u1ec7m nhi\u00ean li\u1ec7u t\u1ed1i \u0111a.<br \/>\n\u2705 Ti\u00eau hao d\u1ea7u r\u1ea5t th\u1ea5p<br \/>\nNh\u1edd t\u00ednh b\u1ec1n nhi\u1ec7t cao, \u1ed5n \u0111\u1ecbnh \u1edf m\u1ecdi \u0111i\u1ec1u ki\u1ec7n nhi\u1ec7t \u0111\u1ed9 kh\u1eafc nghi\u1ec7t gi\u00fap gi\u1ea3m s\u1ef1 bay h\u01a1i d\u1ea7u.<br \/>\n\u2705 K\u00e9o d\u00e0i chu k\u1ef3 thay d\u1ea7u<br \/>\n\u0110\u1ed9 b\u1ec1n oxy si\u00eau vi\u1ec7t c\u1ee7a d\u1ea7u t\u1ed5ng h\u1ee3p g\u1ed1c PAO cho kh\u1ea3 n\u0103ng k\u00e9o d\u00e0i chu k\u1ef3 thay d\u1ea7u l\u00ean \u0111\u1ebfn 15.000 km. <\/p>\n<p>#Dau_nhot_kixx_cao_cap_Pao1_0w40#dau_nhot_thuong_han#nhot_oto_cao_cap#Pao1_0w40<\/p>\n","protected":false},"excerpt":{"rendered":"<p>D\u1ea7u Nh\u1edbt Cao C\u1ea5p KIXX PAO1 0W-30 \/ 0W-40 | 4 L\u00edt | HIBUCENTER TH\u00d4NG TIN S\u1ea2N PH\u1ea8M: &#8211; S\u1ea3n xu\u1ea5t: GS Caltex (H\u00e0n Qu\u1ed1c) &#8211; Ph\u00e2n ph\u1ed1i b\u1edfi: GS Vi\u1ec7t Nam &#8211; Bao b\u00ec: 4L &#8211; Ti\u00eau chu\u1ea9n k\u1ef9 thu\u1eadt: D\u1ea7u t\u1ed5ng h\u1ee3p g\u1ed1c PAO cao c\u1ea5p &#8211; C\u1ea5p \u0111\u1ed9 nh\u1edbt SAE: 0W-40 &#8211;&hellip;<\/p>\n","protected":false},"featured_media":9052,"comment_status":"closed","ping_status":"open","template":"","meta":[],"product_cat":[118],"product_tag":[183],"class_list":{"0":"post-9047","1":"product","2":"type-product","3":"status-publish","4":"has-post-thumbnail","6":"product_brand-kixx","7":"product_cat-dung-dich-phu-gia-dau-nhon","8":"product_tag-dau-nhot-kixx","10":"first","11":"instock","12":"product-type-simple","13":"col-xs-6 col-sm-4","14":"col-md-3 col-lg-3","15":"un-4-cols"},"_links":{"self":[{"href":"https:\/\/hibucenter.com\/index.php\/wp-json\/wp\/v2\/product\/9047","targetHints":{"allow":["GET"]}}],"collection":[{"href":"https:\/\/hibucenter.com\/index.php\/wp-json\/wp\/v2\/product"}],"about":[{"href":"https:\/\/hibucenter.com\/index.php\/wp-json\/wp\/v2\/types\/product"}],"replies":[{"embeddable":true,"href":"https:\/\/hibucenter.com\/index.php\/wp-json\/wp\/v2\/comments?post=9047"}],"version-history":[{"count":1,"href":"https:\/\/hibucenter.com\/index.php\/wp-json\/wp\/v2\/product\/9047\/revisions"}],"predecessor-version":[{"id":9051,"href":"https:\/\/hibucenter.com\/index.php\/wp-json\/wp\/v2\/product\/9047\/revisions\/9051"}],"wp:featuredmedia":[{"embeddable":true,"href":"https:\/\/hibucenter.com\/index.php\/wp-json\/wp\/v2\/media\/9052"}],"wp:attachment":[{"href":"https:\/\/hibucenter.com\/index.php\/wp-json\/wp\/v2\/media?parent=9047"}],"wp:term":[{"taxonomy":"product_cat","embeddable":true,"href":"https:\/\/hibucenter.com\/index.php\/wp-json\/wp\/v2\/product_cat?post=9047"},{"taxonomy":"product_tag","embeddable":true,"href":"https:\/\/hibucenter.com\/index.php\/wp-json\/wp\/v2\/product_tag?post=9047"}],"curies":[{"name":"wp","href":"https:\/\/api.w.org\/{rel}","templated":true}]}}