{"id":9039,"date":"2025-05-22T10:27:19","date_gmt":"2025-05-22T03:27:19","guid":{"rendered":"http:\/\/hibucenter.com\/index.php\/kixx-dau-nhot-dong-co-diesel-cao-cap-d1-c3-5w30-5l-acea-c3-hibucenter\/"},"modified":"2025-05-23T10:36:22","modified_gmt":"2025-05-23T03:36:22","slug":"kixx-dau-nhot-dong-co-diesel-cao-cap-d1-c3-5w30-5l-acea-c3-hibucenter","status":"publish","type":"product","link":"https:\/\/hibucenter.com\/index.php\/kixx-dau-nhot-dong-co-diesel-cao-cap-d1-c3-5w30-5l-acea-c3-hibucenter\/","title":{"rendered":"KIXX D\u1ea7u Nh\u1edbt \u0110\u1ed9ng C\u01a1 Diesel Cao C\u1ea5p D1 C3 5W30 5L &#8211; ACEA C3 | Hibucenter"},"content":{"rendered":"<p>D\u1ea7u \u0111\u1ed9ng c\u01a1 diesel ch\u1ea5t l\u01b0\u1ee3ng cao, ph\u00f9 h\u1ee3p ho\u00e0n h\u1ea3o cho c\u00e1c h\u1ec7 th\u1ed1ng x\u1eed l\u00fd sau kh\u00ed th\u1ea3i v\u00e0 \u0111\u1ed9 b\u1ec1n cao Kixx D1 C3<\/p>\n<p>M\u00f4 t\u1ea3<br \/>\nKixx D1 C3 l\u00e0 lo\u1ea1i d\u1ea7u \u0111\u1ed9ng c\u01a1 SAPS Th\u1ea5p t\u1ed5ng h\u1ee3p \u0111\u01b0\u1ee3c thi\u1ebft k\u1ebf theo ti\u00eau chu\u1ea9n qu\u1ed1c t\u1ebf ACEA v\u00e0 API m\u1edbi nh\u1ea5t, cho kh\u1ea3 n\u0103ng b\u00f4i tr\u01a1n v\u01b0\u1ee3t tr\u1ed9i trong ph\u1ea1m vi nhi\u1ec7t \u0111\u1ed9 r\u1ed9ng cho c\u00e1c lo\u1ea1i \u0111\u1ed9ng c\u01a1 hi\u1ec7n \u0111\u1ea1i ho\u1ea1t \u0111\u1ed9ng trong \u0111i\u1ec1u ki\u1ec7n kh\u1eafc nghi\u1ec7t.<\/p>\n<p>\u1ee8ng d\u1ee5ng<br \/>\n&#8211; \u0110\u1ed9ng c\u01a1 diesel \u0111\u01b0\u1ee3c trang b\u1ecb DPF, SCR v\u00e0 c\u00e1c h\u1ec7 th\u1ed1ng sau x\u1eed l\u00fd kh\u00e1c \u0111\u1eb7c bi\u1ec7t c\u1ea7n d\u1ea7u ACEA C3.<br \/>\n&#8211; Xe \u00f4 t\u00f4 ch\u1ea1y d\u1ea7u diesel h\u1ea1ng nh\u1eb9 v\u00e0 \u0111\u1ed9ng c\u01a1 phun x\u0103ng tr\u1ef1c ti\u1ebfp<\/p>\n<p>Ti\u00eau chu\u1ea9n hi\u1ec7u su\u1ea5t<br \/>\n&#8211; ACEA C3-16<br \/>\n&#8211; API SN\/CF<\/p>\n<p>https:\/\/cf.shopee.vn\/file\/vn-11134208-7r98o-lu8l9ch3sett63<\/p>\n<p>>> L\u1ee3i \u00edch c\u1ee7a kh\u00e1ch h\u00e0ng<br \/>\n&#8211; B\u1ea3o v\u1ec7 m\u00e0i m\u00f2n v\u00e0 d\u1ef1 ph\u00f2ng hi\u1ec7u su\u1ea5t v\u01b0\u1ee3t tr\u1ed9i \u0111\u1ec3 t\u1ed1i \u0111a h\u00f3a tu\u1ed5i th\u1ecd c\u1ee7a \u0111\u1ed9ng c\u01a1<br \/>\n&#8211; B\u1ea3o v\u1ec7 DPF v\u00e0 TWC (Chuy\u1ec3n \u0111\u1ed5i x\u00fac t\u00e1c ba chi\u1ec1u) kh\u1ecfi t\u1eafc ngh\u1ebdn do \u0111\u00f3 k\u00e9o d\u00e0i tu\u1ed5i th\u1ecd c\u1ee7a c\u00e1c h\u1ec7 th\u1ed1ng x\u1eed l\u00fd sau<br \/>\n&#8211; B\u1ea3o v\u1ec7 tuy\u1ec7t v\u1eddi \u1edf ng\u01b0\u1ee1ng nhi\u1ec7t \u0111\u1ed9 th\u1ea5p gi\u00fap kh\u1edfi \u0111\u1ed9ng nhanh ch\u00f3ng v\u00e0 d\u1ec5 d\u00e0ng trong th\u1eddi ti\u1ebft l\u1ea1nh<br \/>\n&#8211; Gi\u1eef s\u1ea1ch \u0111\u1ed9ng c\u01a1 th\u00f4ng qua kh\u1ea3 n\u0103ng ch\u1ed1ng h\u00ecnh th\u00e0nh l\u1edbp b\u00e1m \u1edf nhi\u1ec7t \u0111\u1ed9 cao v\u00e0 s\u1ef1 h\u00ecnh th\u00e0nh c\u1eb7n d\u1ea7u \u1edf nhi\u1ec7t \u0111\u1ed9 th\u1ea5p v\u01b0\u1ee3t tr\u1ed9i<br \/>\n&#8211; Ki\u1ec3m so\u00e1t ti\u00eau th\u1ee5 d\u1ea7u tuy\u1ec7t v\u1eddi<\/p>\n","protected":false},"excerpt":{"rendered":"<p>D\u1ea7u \u0111\u1ed9ng c\u01a1 diesel ch\u1ea5t l\u01b0\u1ee3ng cao, ph\u00f9 h\u1ee3p ho\u00e0n h\u1ea3o cho c\u00e1c h\u1ec7 th\u1ed1ng x\u1eed l\u00fd sau kh\u00ed th\u1ea3i v\u00e0 \u0111\u1ed9 b\u1ec1n cao Kixx D1 C3 M\u00f4 t\u1ea3 Kixx D1 C3 l\u00e0 lo\u1ea1i d\u1ea7u \u0111\u1ed9ng c\u01a1 SAPS Th\u1ea5p t\u1ed5ng h\u1ee3p \u0111\u01b0\u1ee3c thi\u1ebft k\u1ebf theo ti\u00eau chu\u1ea9n qu\u1ed1c t\u1ebf ACEA v\u00e0 API m\u1edbi nh\u1ea5t, cho&hellip;<\/p>\n","protected":false},"featured_media":9042,"comment_status":"closed","ping_status":"open","template":"","meta":[],"product_cat":[118],"product_tag":[183],"class_list":{"0":"post-9039","1":"product","2":"type-product","3":"status-publish","4":"has-post-thumbnail","6":"product_brand-kixx","7":"product_cat-dung-dich-phu-gia-dau-nhon","8":"product_tag-dau-nhot-kixx","10":"first","11":"instock","12":"product-type-simple","13":"col-xs-6 col-sm-4","14":"col-md-3 col-lg-3","15":"un-4-cols"},"_links":{"self":[{"href":"https:\/\/hibucenter.com\/index.php\/wp-json\/wp\/v2\/product\/9039","targetHints":{"allow":["GET"]}}],"collection":[{"href":"https:\/\/hibucenter.com\/index.php\/wp-json\/wp\/v2\/product"}],"about":[{"href":"https:\/\/hibucenter.com\/index.php\/wp-json\/wp\/v2\/types\/product"}],"replies":[{"embeddable":true,"href":"https:\/\/hibucenter.com\/index.php\/wp-json\/wp\/v2\/comments?post=9039"}],"version-history":[{"count":1,"href":"https:\/\/hibucenter.com\/index.php\/wp-json\/wp\/v2\/product\/9039\/revisions"}],"predecessor-version":[{"id":9041,"href":"https:\/\/hibucenter.com\/index.php\/wp-json\/wp\/v2\/product\/9039\/revisions\/9041"}],"wp:featuredmedia":[{"embeddable":true,"href":"https:\/\/hibucenter.com\/index.php\/wp-json\/wp\/v2\/media\/9042"}],"wp:attachment":[{"href":"https:\/\/hibucenter.com\/index.php\/wp-json\/wp\/v2\/media?parent=9039"}],"wp:term":[{"taxonomy":"product_cat","embeddable":true,"href":"https:\/\/hibucenter.com\/index.php\/wp-json\/wp\/v2\/product_cat?post=9039"},{"taxonomy":"product_tag","embeddable":true,"href":"https:\/\/hibucenter.com\/index.php\/wp-json\/wp\/v2\/product_tag?post=9039"}],"curies":[{"name":"wp","href":"https:\/\/api.w.org\/{rel}","templated":true}]}}