{"id":9031,"date":"2025-05-22T10:27:19","date_gmt":"2025-05-22T03:27:19","guid":{"rendered":"http:\/\/hibucenter.com\/index.php\/kixx-dau-nhot-tong-hop-toan-phan-g1-api-sn-plus-5w40-4-lit-5-lit-hang-chinh-hang\/"},"modified":"2025-05-23T10:36:22","modified_gmt":"2025-05-23T03:36:22","slug":"kixx-dau-nhot-tong-hop-toan-phan-g1-api-sn-plus-5w40-4-lit-5-lit-hang-chinh-hang","status":"publish","type":"product","link":"https:\/\/hibucenter.com\/index.php\/kixx-dau-nhot-tong-hop-toan-phan-g1-api-sn-plus-5w40-4-lit-5-lit-hang-chinh-hang\/","title":{"rendered":"KIXX D\u1ea7u Nh\u1edbt T\u1ed5ng H\u1ee3p To\u00e0n Ph\u1ea7n G1 API SN PLUS 5W40 4 L\u00edt, 5 L\u00edt &#8211; H\u00e0ng Ch\u00ednh H\u00e3ng"},"content":{"rendered":"<p>< > TH\u00d4NG TIN S\u1ea2N PH\u1ea8M: <\/p>\n<p>&#8211; D\u1ea7u \u0111\u1ed9ng c\u01a1 t\u1ed5ng h\u1ee3p ho\u00e0n to\u00e0n KIXX G1 5W-40<\/p>\n<p>&#8211; C\u1ea5p nh\u1edbt : G1 5W-40<\/p>\n<p>&#8211; S\u1ea3n xu\u1ea5t t\u1ea1i H\u00e0n Qu\u1ed1c<\/p>\n<p>&#8211; L\u1edbp: API SN PLUS<\/p>\n<p>&#8211; \u0110\u00f3ng g\u00f3i: 4L,5L<\/p>\n<p>&#8211; Ph\u00f9 h\u1ee3p v\u1edbi :<br \/>\n\u2022 T\u1ea5t c\u1ea3 c\u00e1c lo\u1ea1i xe ch\u1ea1y b\u1eb1ng x\u0103ng<br \/>\n\u2022 Xe hi\u1ec7u su\u1ea5t cao \u0111\u01b0\u1ee3c trang b\u1ecb T-GDI, GDI, DOHC, EFI v\u00e0 VVT<br \/>\n\u2022 \u0110\u1ed9ng c\u01a1 x\u0103ng b\u1ed1n th\u00ec tr\u00ean xe m\u00e1y<br \/>\n\u2022 Xe th\u1ec3 thao<\/p>\n<p>https:\/\/cf.shopee.vn\/file\/vn-11134208-7r98o-lssa5t9uzjq182<\/p>\n<p>* Kho\u1ea3ng th\u1eddi gian ti\u00eau chu\u1ea9n \u0111\u1ec3 thay d\u1ea7u l\u00e0 10.000 km ho\u1eb7c 6 th\u00e1ng, t\u00f9y theo \u0111i\u1ec1u ki\u1ec7n n\u00e0o \u0111\u1ebfn tr\u01b0\u1edbc \u0111\u1ed1i v\u1edbi d\u1ea7u t\u1ed5ng h\u1ee3p ho\u00e0n to\u00e0n.<\/p>\n","protected":false},"excerpt":{"rendered":"<p>< > TH\u00d4NG TIN S\u1ea2N PH\u1ea8M: &#8211; D\u1ea7u \u0111\u1ed9ng c\u01a1 t\u1ed5ng h\u1ee3p ho\u00e0n to\u00e0n KIXX G1 5W-40 &#8211; C\u1ea5p nh\u1edbt : G1 5W-40 &#8211; S\u1ea3n xu\u1ea5t t\u1ea1i H\u00e0n Qu\u1ed1c &#8211; L\u1edbp: API SN PLUS &#8211; \u0110\u00f3ng g\u00f3i: 4L,5L &#8211; Ph\u00f9 h\u1ee3p v\u1edbi : \u2022 T\u1ea5t c\u1ea3 c\u00e1c lo\u1ea1i xe ch\u1ea1y b\u1eb1ng x\u0103ng \u2022 Xe hi\u1ec7u&hellip;<\/p>\n","protected":false},"featured_media":9034,"comment_status":"closed","ping_status":"open","template":"","meta":[],"product_cat":[118],"product_tag":[183],"class_list":{"0":"post-9031","1":"product","2":"type-product","3":"status-publish","4":"has-post-thumbnail","6":"product_brand-kixx","7":"product_cat-dung-dich-phu-gia-dau-nhon","8":"product_tag-dau-nhot-kixx","10":"first","11":"instock","12":"product-type-simple","13":"col-xs-6 col-sm-4","14":"col-md-3 col-lg-3","15":"un-4-cols"},"_links":{"self":[{"href":"https:\/\/hibucenter.com\/index.php\/wp-json\/wp\/v2\/product\/9031","targetHints":{"allow":["GET"]}}],"collection":[{"href":"https:\/\/hibucenter.com\/index.php\/wp-json\/wp\/v2\/product"}],"about":[{"href":"https:\/\/hibucenter.com\/index.php\/wp-json\/wp\/v2\/types\/product"}],"replies":[{"embeddable":true,"href":"https:\/\/hibucenter.com\/index.php\/wp-json\/wp\/v2\/comments?post=9031"}],"version-history":[{"count":1,"href":"https:\/\/hibucenter.com\/index.php\/wp-json\/wp\/v2\/product\/9031\/revisions"}],"predecessor-version":[{"id":9033,"href":"https:\/\/hibucenter.com\/index.php\/wp-json\/wp\/v2\/product\/9031\/revisions\/9033"}],"wp:featuredmedia":[{"embeddable":true,"href":"https:\/\/hibucenter.com\/index.php\/wp-json\/wp\/v2\/media\/9034"}],"wp:attachment":[{"href":"https:\/\/hibucenter.com\/index.php\/wp-json\/wp\/v2\/media?parent=9031"}],"wp:term":[{"taxonomy":"product_cat","embeddable":true,"href":"https:\/\/hibucenter.com\/index.php\/wp-json\/wp\/v2\/product_cat?post=9031"},{"taxonomy":"product_tag","embeddable":true,"href":"https:\/\/hibucenter.com\/index.php\/wp-json\/wp\/v2\/product_tag?post=9031"}],"curies":[{"name":"wp","href":"https:\/\/api.w.org\/{rel}","templated":true}]}}