{"id":9023,"date":"2025-05-22T10:27:19","date_gmt":"2025-05-22T03:27:19","guid":{"rendered":"http:\/\/hibucenter.com\/index.php\/dau-phanh-o-to-kixx-dot-3-0-5l-nhap-khau-chinh-hang-hibucenter\/"},"modified":"2025-05-23T10:36:22","modified_gmt":"2025-05-23T03:36:22","slug":"dau-phanh-o-to-kixx-dot-3-0-5l-nhap-khau-chinh-hang-hibucenter","status":"publish","type":"product","link":"https:\/\/hibucenter.com\/index.php\/dau-phanh-o-to-kixx-dot-3-0-5l-nhap-khau-chinh-hang-hibucenter\/","title":{"rendered":"D\u1ea7u Phanh \u00d4 T\u00f4 KIXX DOT-3 0.5L Nh\u1eadp Kh\u1ea9u Ch\u00ednh H\u00e3ng | Hibucenter"},"content":{"rendered":"<p>D\u1ea7u Phanh \u00d4 T\u00f4 KIXX DOT-3 0.5L Nh\u1eadp Kh\u1ea9u Ch\u00ednh H\u00e3ng <\/p>\n<p><> TH\u00d4NG TIN S\u1ea2N PH\u1ea8M:<br \/>\n&#8211; M\u00e3 s\u1ea3n ph\u1ea9m: KDOT3<br \/>\n&#8211; Dung t\u00edch: 0.5l<br \/>\n&#8211; C\u1ea5p \u0111\u1ed9 FMVSS: DOT 3<br \/>\n&#8211; Tr\u1ecdng l\u01b0\u1ee3ng ri\u00eang: 1.07<br \/>\n&#8211; \u0110i\u1ec3m s\u00f4i ho\u00e0n l\u01b0u c\u00e2n b\u1eb1ng, 0C: 234<br \/>\n&#8211; \u0110i\u1ec3m s\u00f4i ho\u00e0n l\u01b0u c\u00e2n b\u1eb1ng \u01b0\u1edbt, 0C: 151<br \/>\n&#8211; \u0110\u1ed9 nh\u1edbt \u0111\u1ed9ng h\u1ecdc t\u1ea1i 400C (mm2\/s): 1225<br \/>\n&#8211; \u0110\u1ed9 nh\u1edbt \u0111\u1ed9ng h\u1ecdc t\u1ea1i 1000C (mm2\/s): 2.8<br \/>\n&#8211; \u0110\u1ed9 PH: 9.58<br \/>\n&#8211; Th\u01b0\u01a1ng hi\u1ec7u: KIXX<br \/>\n&#8211; Xu\u1ea5t x\u1ee9: H\u00e0n Qu\u1ed1c<\/p>\n<p>https:\/\/cf.shopee.vn\/file\/vn-11134208-7r98o-lstc9v1x67ix30<\/p>\n<p><> \u0110\u1eb6C \u0110I\u1ec2M S\u1ea2N PH\u1ea8M:<br \/>\n&#8211; D\u1ea7u phanh \u00f4 t\u00f4 ch\u1ea5t l\u01b0\u1ee3ng cao, kh\u00f4ng ph\u1ea3i g\u1ed1c d\u1ea7u m\u1ecf, \u0111\u01b0\u1ee3c pha ch\u1ebf \u0111\u1ec3 s\u1eed d\u1ee5ng cho m\u1ed9t lo\u1ea1t c\u00e1c h\u1ec7 th\u1ed1ng thu\u1ef7 l\u1ef1c v\u00e0 ly h\u1ee3p th\u00f4ng th\u01b0\u1eddng &#8230;<br \/>\n&#8211; \u0110\u1ed9 bay h\u01a1i th\u1ea5p gi\u00fap gi\u1ea3m thi\u1ec3u kh\u1ea3 n\u0103ng bay h\u01a1i tr\u00ean m\u1ed9t ph\u1ea1m vi nhi\u1ec7t \u0111\u1ed9 r\u1ed9ng, \u0111\u1ea3m b\u1ea3o hi\u1ec7u qu\u1ea3 cho h\u1ec7 th\u1ed1ng phanh t\u1ed1t v\u00e0 cung c\u1ea5p bi\u00ean \u0111\u1ed9 an to\u00e0n \u0111\u1ec3 ch\u1ed1ng l\u1ea1i hi\u1ec7n t\u01b0\u1ee3ng bay h\u01a1i d\u01b0\u1edbi \u0111i\u1ec1u ki\u1ec7n ho\u1ea1t \u0111\u1ed9ng kh\u1eafc nghi\u1ec7t.<br \/>\n&#8211; Kh\u1ea3 n\u0103ng b\u1ec1n nhi\u1ec7t v\u00e0 b\u1ec1n \u00f4xy ho\u00e1 cao gi\u00fap ng\u0103n ch\u1eb7n d\u1ea7u xu\u1ed1ng c\u1ea5p v\u00e0 ch\u1ed1ng l\u1ea1i s\u1ef1 h\u00ecnh th\u00e0nh c\u1eb7n b\u00e1m c\u00f3 h\u1ea1i ngay c\u1ea3 trong \u0111i\u1ec1u ki\u1ec7n ho\u1ea1t \u0111\u1ed9ng kh\u1eafc nghi\u1ec7t.<br \/>\n&#8211; T\u00ednh t\u01b0\u01a1ng th\u00edch v\u1edbi t\u1ea5t c\u1ea3 c\u00e1c kim lo\u1ea1i, nh\u1ef1a v\u00e0 c\u00e1c th\u00e0nh ph\u1ea7n \u0111\u00e0n h\u1ed3i nh\u01b0 gio\u0103ng ph\u1edbt, \u0111\u1ed9 nh\u1edbt th\u00edch h\u1ee3p \u0111em l\u1ea1i kh\u1ea3 n\u0103ng b\u00f4i tr\u01a1n v\u00e0 gi\u00fap b\u1ea3o v\u1ec7 ch\u1ed1ng \u0103n m\u00f2n trong to\u00e0n b\u1ed9 h\u1ec7 th\u1ed1ng phanh\/ly h\u1ee3p.<br \/>\n&#8211; \u1ee8ng d\u1ee5ng r\u1ed9ng r\u00e3i, ph\u00f9 h\u1ee3p cho t\u1ea5t c\u1ea3 c\u00e1c xe c\u00f3 \u0111\u1ed9ng c\u01a1 kh\u00e1c nhau v\u00ec s\u1ea3n ph\u1ea9m c\u00f3 th\u1ec3 s\u1eed d\u1ee5ng \u0111\u01b0\u1ee3c trong t\u1ea5t c\u1ea3 c\u00e1c h\u1ec7 th\u1ed1ng phanh \u0111\u01b0\u1ee3c thi\u1ebft k\u1ebf cho DOT 3<\/p>\n<p>Shop chuy\u00ean ph\u00e2n ph\u1ed1i s\u1ea3n ph\u1ea9m KIXX Ch\u00ednh H\u00e3ng \u2013 Uy T\u00edn \u2013 Ch\u1ea5t L\u01b0\u1ee3ng!!!<\/p>\n<p>#KIXX#kixx#dauthang#dauphanh#dauthangphanh#kixxbrakedot3#kixxbrake#dot3#dot4#congnghiep#kixxdot3#hangchinhhang#kixxchinhhang<\/p>\n","protected":false},"excerpt":{"rendered":"<p>D\u1ea7u Phanh \u00d4 T\u00f4 KIXX DOT-3 0.5L Nh\u1eadp Kh\u1ea9u Ch\u00ednh H\u00e3ng TH\u00d4NG TIN S\u1ea2N PH\u1ea8M: &#8211; M\u00e3 s\u1ea3n ph\u1ea9m: KDOT3 &#8211; Dung t\u00edch: 0.5l &#8211; C\u1ea5p \u0111\u1ed9 FMVSS: DOT 3 &#8211; Tr\u1ecdng l\u01b0\u1ee3ng ri\u00eang: 1.07 &#8211; \u0110i\u1ec3m s\u00f4i ho\u00e0n l\u01b0u c\u00e2n b\u1eb1ng, 0C: 234 &#8211; \u0110i\u1ec3m s\u00f4i ho\u00e0n l\u01b0u c\u00e2n b\u1eb1ng \u01b0\u1edbt, 0C: 151 &#8211;&hellip;<\/p>\n","protected":false},"featured_media":9026,"comment_status":"closed","ping_status":"open","template":"","meta":[],"product_cat":[118],"product_tag":[183],"class_list":{"0":"post-9023","1":"product","2":"type-product","3":"status-publish","4":"has-post-thumbnail","6":"product_brand-kixx","7":"product_cat-dung-dich-phu-gia-dau-nhon","8":"product_tag-dau-nhot-kixx","10":"first","11":"instock","12":"product-type-simple","13":"col-xs-6 col-sm-4","14":"col-md-3 col-lg-3","15":"un-4-cols"},"_links":{"self":[{"href":"https:\/\/hibucenter.com\/index.php\/wp-json\/wp\/v2\/product\/9023","targetHints":{"allow":["GET"]}}],"collection":[{"href":"https:\/\/hibucenter.com\/index.php\/wp-json\/wp\/v2\/product"}],"about":[{"href":"https:\/\/hibucenter.com\/index.php\/wp-json\/wp\/v2\/types\/product"}],"replies":[{"embeddable":true,"href":"https:\/\/hibucenter.com\/index.php\/wp-json\/wp\/v2\/comments?post=9023"}],"version-history":[{"count":1,"href":"https:\/\/hibucenter.com\/index.php\/wp-json\/wp\/v2\/product\/9023\/revisions"}],"predecessor-version":[{"id":9025,"href":"https:\/\/hibucenter.com\/index.php\/wp-json\/wp\/v2\/product\/9023\/revisions\/9025"}],"wp:featuredmedia":[{"embeddable":true,"href":"https:\/\/hibucenter.com\/index.php\/wp-json\/wp\/v2\/media\/9026"}],"wp:attachment":[{"href":"https:\/\/hibucenter.com\/index.php\/wp-json\/wp\/v2\/media?parent=9023"}],"wp:term":[{"taxonomy":"product_cat","embeddable":true,"href":"https:\/\/hibucenter.com\/index.php\/wp-json\/wp\/v2\/product_cat?post=9023"},{"taxonomy":"product_tag","embeddable":true,"href":"https:\/\/hibucenter.com\/index.php\/wp-json\/wp\/v2\/product_tag?post=9023"}],"curies":[{"name":"wp","href":"https:\/\/api.w.org\/{rel}","templated":true}]}}