{"id":8991,"date":"2025-05-22T10:17:59","date_gmt":"2025-05-22T03:17:59","guid":{"rendered":"http:\/\/hibucenter.com\/index.php\/suc-bec-xang-liqui-moly-300ml-1803-lam-sach-he-thong-phun-xang-hibucenter\/"},"modified":"2025-05-23T10:37:07","modified_gmt":"2025-05-23T03:37:07","slug":"suc-bec-xang-liqui-moly-300ml-1803-lam-sach-he-thong-phun-xang-hibucenter","status":"publish","type":"product","link":"https:\/\/hibucenter.com\/index.php\/suc-bec-xang-liqui-moly-300ml-1803-lam-sach-he-thong-phun-xang-hibucenter\/","title":{"rendered":"S\u00fac B\u00e9c X\u0103ng Liqui Moly 300ml 1803 L\u00e0m S\u1ea1ch H\u1ec7 Th\u1ed1ng Phun X\u0103ng | Hibucenter"},"content":{"rendered":"<p>S\u00fac b\u00e9c x\u0103ng Liqui Moly 1803 300ml<\/p>\n<p>\u2728\u2728HB CENTER xin gi\u1edbi thi\u1ec7u s\u1ea3n ph\u1ea9m S\u00fac b\u00e9c x\u0103ng Liqui Moly 1803 300ml<br \/>\nNh\u00e0 s\u1ea3n xu\u1ea5t: LIQUI MOLY<br \/>\nM\u00e3 s\u1ea3n ph\u1ea9m: 1803<\/p>\n<p>\u2728\u2728M\u00f4 t\u1ea3<br \/>\n\u0110\u01b0\u1ee3c t\u1ed5ng h\u1ee3p t\u1eeb c\u00e1c ch\u1ea5t c\u00f3 hi\u1ec7u l\u1ef1c l\u00e0m s\u1ea1ch v\u00e0 b\u1ea3o v\u1ec7 t\u1ed1i \u01b0u cho h\u1ec7 th\u1ed1ng phun x\u0103ng. S\u1ea3n ph\u1ea9m \u0111\u01b0\u1ee3c s\u1ea3n xu\u1ea5t theo ti\u00eau chu\u1ea9n k\u1ef9 thu\u1eadt ti\u00ean ti\u1ebfn nh\u1ea5t v\u1ec1 nhi\u00ean li\u1ec7u, ph\u1ee5 gia v\u00e0 \u0111\u00e1p \u1ee9ng \u0111\u01b0\u1ee3c nhu c\u1ea7u c\u1ee7a c\u00e1c \u0111\u1ed9ng c\u01a1, thi\u1ebft b\u1ecb v\u1eadn h\u00e0nh ng\u00e0y nay. Th\u00edch h\u1ee3p v\u1edbi c\u00e1c h\u1ec7 th\u1ed1ng phun x\u0103ng nh\u01b0 K, KE and L-Jetronic.<\/p>\n<p>\u2728\u2728\u0110\u1eb7c \u0111i\u1ec3m<br \/>\n&#8211; L\u00e0m s\u1ea1ch h\u1ec7 th\u1ed1ng phun x\u0103ng<br \/>\n&#8211; T\u1ea9y s\u1ea1ch c\u1eb7n carbon trong \u1ed1ng d\u1eabn kh\u00ed v\u00e0 bu\u1ed3ng \u0111\u1ed1t<br \/>\n&#8211; Gi\u1ea3m thi\u1ec3u kh\u00ed x\u1ea3 \u00f4 nhi\u1ec5m<br \/>\n&#8211; T\u1ed1i \u01b0u h\u00f3a li\u1ec1u l\u01b0\u1ee3ng s\u1eed d\u1ee5ng.<br \/>\n&#8211; L\u1ee3i \u00edch kinh t\u1ebf cao do li\u1ec1u l\u01b0\u1ee3ng chu\u1ea9n.<br \/>\n&#8211; B\u1ea3o \u0111\u1ea3m m\u1ee9c ti\u00eau hao nhi\u00ean li\u1ec7u th\u1ea5p<br \/>\n&#8211; \u0110\u00e3 \u0111\u01b0\u1ee3c ki\u1ec3m ch\u1ee9ngv\u1edbi tua bin t\u0103ng \u00e1p v\u00e0 b\u1ed9 x\u00fac t\u00e1c<\/p>\n<p>\u2728\u2728Th\u00f4ng tin k\u1ef9 thu\u1eadt<br \/>\nM\u00f9i: m\u00f9i \u0111\u1eb7c tr\u01b0ng<br \/>\nM\u00e0u s\u1eafc: v\u00e0ng<br \/>\nD\u1ea1ng: ch\u1ea5t l\u1ecfng<br \/>\n\u0110i\u1ec3m ch\u00e1y: 63\u00b0C<br \/>\nT\u1ef7 tr\u1ecdng \u1edf 15\u00b0C: 0,806g\/cm3<br \/>\n\u0110\u1ed9 b\u00e1m d\u00ednh \u1edf40\u00b0C : < 0,07mm2\/s\n\n\u2728\u2728\u1ee8ng d\u1ee5ng\nNh\u1eb1m kh\u1eafc ph\u1ee5c nh\u1eefng v\u1ea5n \u0111\u1ec1 nh\u01b0 tr\u1ee5c tr\u1eb7c trong qu\u00e1 tr\u00ecnh kh\u1edfi \u0111\u1ed9ng, \u0111\u1ed9ng c\u01a1 kh\u00f4ng ho\u1ea1t \u0111\u1ed9ng, ngh\u1eb9t \u0111\u1ea7u phun, gi\u1ea3m hi\u1ec7u su\u1ea5t, n\u1ed5 kh\u00f4ng \u0111\u1ec1u do h\u1ed7n h\u1ee3p c\u1eb7n b\u1ea9n v\u00e0 c\u00e1c ch\u1ea5t g\u00e2y \u00f4 nhi\u1ec5m l\u00e0m h\u01b0 h\u1ecfng h\u1ec7 th\u1ed1ng phun x\u0103ng.\nL\u1eb7p l\u1ea1i quy tr\u00ecnh n\u1ebfu v\u1ea5n \u0111\u1ec1 t\u00e1i hi\u1ec7n. Th\u00edch h\u1ee3p s\u1eed d\u1ee5ng cho t\u1ea5t c\u1ea3 h\u1ec7 th\u1ed1ng phun x\u0103ng.\n\n\u2728\u2728C\u00e1ch s\u1eed d\u1ee5ng\n\u0110\u1ed5 v\u00e0o b\u00ecnh x\u0103ng c\u1ee7a xe. M\u1ed9t chai s\u00fac b\u00e9c x\u0103ng 300ml c\u00f3 th\u1ec3 \u0111\u1ee7 d\u00f9ng t\u1edbi 70 l\u00edt x\u0103ng. Hi\u1ec7u qu\u1ea3 tr\u00ean 2,000km cho m\u1ed7i l\u1ea7n s\u1eed d\u1ee5ng. S\u1ea3n ph\u1ea9m s\u1ebd ph\u00e1t huy t\u00e1c d\u1ee5ng ngay khi h\u00f2a v\u00e0o x\u0103ng.\nDung t\u00edch: 300ml\n\nHB CENTER cam k\u1ebft b\u00e1n c\u00e1c s\u1ea3n ph\u1ea9m ch\u00ednh h\u00e3ng c\u1ee7a Liqui Moly\n\n#HBCENTER #hbcenter #LiquiMoly #1803\n<\/p>\n","protected":false},"excerpt":{"rendered":"<p>S\u00fac b\u00e9c x\u0103ng Liqui Moly 1803 300ml \u2728\u2728HB CENTER xin gi\u1edbi thi\u1ec7u s\u1ea3n ph\u1ea9m S\u00fac b\u00e9c x\u0103ng Liqui Moly 1803 300ml Nh\u00e0 s\u1ea3n xu\u1ea5t: LIQUI MOLY M\u00e3 s\u1ea3n ph\u1ea9m: 1803 \u2728\u2728M\u00f4 t\u1ea3 \u0110\u01b0\u1ee3c t\u1ed5ng h\u1ee3p t\u1eeb c\u00e1c ch\u1ea5t c\u00f3 hi\u1ec7u l\u1ef1c l\u00e0m s\u1ea1ch v\u00e0 b\u1ea3o v\u1ec7 t\u1ed1i \u01b0u cho h\u1ec7 th\u1ed1ng phun x\u0103ng. S\u1ea3n ph\u1ea9m&hellip;<\/p>\n","protected":false},"featured_media":8993,"comment_status":"closed","ping_status":"open","template":"","meta":[],"product_cat":[118],"product_tag":[184],"class_list":{"0":"post-8991","1":"product","2":"type-product","3":"status-publish","4":"has-post-thumbnail","6":"product_brand-liqui","7":"product_cat-dung-dich-phu-gia-dau-nhon","8":"product_tag-liqui-moly","10":"first","11":"instock","12":"product-type-simple","13":"col-xs-6 col-sm-4","14":"col-md-3 col-lg-3","15":"un-4-cols"},"_links":{"self":[{"href":"https:\/\/hibucenter.com\/index.php\/wp-json\/wp\/v2\/product\/8991","targetHints":{"allow":["GET"]}}],"collection":[{"href":"https:\/\/hibucenter.com\/index.php\/wp-json\/wp\/v2\/product"}],"about":[{"href":"https:\/\/hibucenter.com\/index.php\/wp-json\/wp\/v2\/types\/product"}],"replies":[{"embeddable":true,"href":"https:\/\/hibucenter.com\/index.php\/wp-json\/wp\/v2\/comments?post=8991"}],"version-history":[{"count":1,"href":"https:\/\/hibucenter.com\/index.php\/wp-json\/wp\/v2\/product\/8991\/revisions"}],"predecessor-version":[{"id":8992,"href":"https:\/\/hibucenter.com\/index.php\/wp-json\/wp\/v2\/product\/8991\/revisions\/8992"}],"wp:featuredmedia":[{"embeddable":true,"href":"https:\/\/hibucenter.com\/index.php\/wp-json\/wp\/v2\/media\/8993"}],"wp:attachment":[{"href":"https:\/\/hibucenter.com\/index.php\/wp-json\/wp\/v2\/media?parent=8991"}],"wp:term":[{"taxonomy":"product_cat","embeddable":true,"href":"https:\/\/hibucenter.com\/index.php\/wp-json\/wp\/v2\/product_cat?post=8991"},{"taxonomy":"product_tag","embeddable":true,"href":"https:\/\/hibucenter.com\/index.php\/wp-json\/wp\/v2\/product_tag?post=8991"}],"curies":[{"name":"wp","href":"https:\/\/api.w.org\/{rel}","templated":true}]}}