{"id":8973,"date":"2025-05-22T10:17:59","date_gmt":"2025-05-22T03:17:59","guid":{"rendered":"http:\/\/hibucenter.com\/index.php\/nuoc-lam-mat-do-liqui-moly-1l-lam-dong-co-dam-dac-pha-san-6924-hibucenter\/"},"modified":"2025-05-23T10:37:07","modified_gmt":"2025-05-23T03:37:07","slug":"nuoc-lam-mat-do-liqui-moly-1l-lam-dong-co-dam-dac-pha-san-6924-hibucenter","status":"publish","type":"product","link":"https:\/\/hibucenter.com\/index.php\/nuoc-lam-mat-do-liqui-moly-1l-lam-dong-co-dam-dac-pha-san-6924-hibucenter\/","title":{"rendered":"N\u01b0\u1edbc L\u00e0m M\u00e1t \u0110\u1ecf LIQUI MOLY 1L | L\u00e0m \u0110\u1ed9ng C\u01a1 &#8211; \u0110\u1eadm \u0110\u1eb7c &#8211; Pha S\u1eb5n 6924 | Hibucenter"},"content":{"rendered":"<p>N\u01b0\u1edbc L\u00e0m M\u00e1t \u0110\u1ecf LIQUI MOLY 6924 1L | L\u00e0m \u0110\u1ed9ng C\u01a1 &#8211; \u0110\u1eadm \u0110\u1eb7c &#8211; Pha S\u1eb5n | Hibucenter<\/p>\n<p>B\u1ea3o v\u1ec7 h\u1ec7 th\u1ed1ng l\u00e0m m\u00e1t \u0111\u1ed9ng c\u01a1, ch\u1ed1ng \u0111\u00f4ng, ch\u1ed1ng \u0103n m\u00f2n, \u00f4-xi h\u00f3a, r\u1ec9 s\u00e9t, ch\u1ed1ng h\u00ecnh th\u00e0nh rong r\u00eau c\u1eb7n b\u1ea9n trong h\u1ec7 th\u1ed1ng. <\/p>\n<p>Th\u00f4ng s\u1ed1 k\u1ef9 thu\u1eadt:<br \/>\n&#8211; Th\u01b0\u01a1ng hi\u1ec7u: Liqui Moly<br \/>\n&#8211; M\u00e3 s\u1ea3n ph\u1ea9m: 6924<br \/>\n&#8211; T\u00ean Ti\u1ebfng Anh : Coolant Ready Mix RAF 12+<br \/>\n&#8211; Dung t\u00edch: 1 l\u00edt<\/p>\n<p>M\u00f4 t\u1ea3 s\u1ea3n ph\u1ea9m:<br \/>\nN\u01b0\u1edbc L\u00e0m M\u00e1t \u0110\u1ecf LIQUI MOLY 6924 1L<br \/>\nN\u01b0\u1edbc l\u00e0m m\u00e1t cao c\u1ea5p m\u00e0u \u0111\u1ecf\u00a0pha s\u1eb5n cho h\u1ec7 th\u1ed1ng l\u00e0m m\u00e1t \u0111\u1ed9ng c\u01a1, m\u00e1y m\u00f3c.<\/p>\n<p>+ Ch\u1ed1ng \u0103n m\u00f2n, r\u1ec9 s\u00e9t hi\u1ec7u qu\u1ea3<br \/>\n+ Ng\u0103n ng\u1eeba h\u1ec7 th\u1ed1ng l\u00e0m m\u00e1t b\u1ecb \u0111\u00f4ng hay qu\u00e1 nhi\u1ec7t<br \/>\n+ \u0110\u1eb7c bi\u1ec7t th\u00edch h\u1ee3p cho \u0111\u1ed9ng c\u01a1 nh\u00f4m ho\u1ea1t \u0111\u1ed9ng c\u00f4ng su\u1ea5t cao.<br \/>\n+ Kh\u00f4ng ch\u1ee9a amin, nitrit, photphat hay silicat<br \/>\n+ Ng\u0103n ng\u1eeba tr\u1ee5c tr\u1eb7c trong qu\u00e1 tr\u00ecnh v\u1eadn h\u00e0nh<br \/>\n+ T\u0103ng c\u1ef1 ly s\u1eed d\u1ee5ng (l\u01b0u \u00fd h\u01b0\u1edbng d\u1eabn c\u1ee7a nh\u00e0 s\u1ea3n xu\u1ea5t)<br \/>\n+ D\u1ec5 d\u00e0ng s\u1eed d\u1ee5ng.<\/p>\n<p>C\u00f4ng d\u1ee5ng:<br \/>\nGi\u1ea3i nhi\u1ec7t \u0111\u1ed9ng c\u01a1, ch\u1ed1ng \u0111\u00f4ng, ch\u1ed1ng \u0103n m\u00f2n, ch\u1ed1ng h\u00ecnh th\u00e0nh rong r\u00eau c\u1eb7n b\u1ea9n trong h\u1ec7 th\u1ed1ng.<br \/>\nCoolant Ready Mix RAF 12+\u00a0\u0111\u00e3 \u0111\u01b0\u1ee3c pha s\u1eb5n n\u00ean kh\u00f4ng c\u1ea7n pha th\u00eam n\u01b0\u1edbc, ti\u1ec7n l\u1ee3i khi s\u1eed d\u1ee5ng.<\/p>\n<p>M\u00e3 s\u1ea3n ph\u1ea9m\u00a0\u00a0\u00a0Dung t\u00edch\u00a0\u00a0\u00a0  \u0110\u00f3ng g\u00f3i<br \/>\n    6924\u00a0\u00a0\u00a0\u00a0\u00a0\u00a0\u00a0\u00a0    \u00a0\u00a0\u00a01 lit\u00a0\u00a0\u00a0\u00a0\u00a0\u00a0     \u00a0\u00a012 chai<br \/>\nH\u1ea1n s\u1eed d\u1ee5ng: 5 n\u0103m k\u1ec3 t\u1eeb ng\u00e0y s\u1ea3n xu\u1ea5t\u00a0<\/p>\n<p> (+) C\u00e1ch S\u1eed D\u1ee5ng:<br \/>\n&#8211; N\u00ean S\u00fac r\u1eeda h\u1ec7 th\u1ed1ng b\u1eb1ng chai v\u1ec7 sinh k\u00e9t n\u01b0\u1edbc l\u00e0m m\u00e1t Liqui Moly Radiator Cleaner 1804 tr\u01b0\u1edbc.<br \/>\n&#8211; \u0110\u1ed5 dung d\u1ecbch v\u00e0o k\u00e9t n\u01b0\u1edbc c\u00f9ng v\u1edbi n\u01b0\u1edbc c\u1ea5t theo t\u1ef7 l\u1ec7 1:1 (pha dung d\u1ecbch v\u1edbi n\u01b0\u1edbc theo t\u1ef7 l\u1ec7 1:1).<\/p>\n<p>HIbucenter xin cam k\u1ebft chuy\u00ean ph\u00e2n ph\u1ed1i c\u00e1c s\u1ea3n ph\u1ea9m Liqui Moly Ch\u00ednh H\u00e3ng &#8211; Uy T\u00edn &#8211; Ch\u1ea5t L\u01b0\u1ee3ng.<\/p>\n<p>#HiBbCenter<br \/>\n#LiquiMoly#NuocMatDongCoLiquiMolyDamDac1Lit6924#LM6924#NuocLamMatDongCo#NuocMat<br \/>\n#nuoc_mat_pha_san#nuoc_lam_mat_do#nuoc-lam-mat-dam-dac<\/p>\n","protected":false},"excerpt":{"rendered":"<p>N\u01b0\u1edbc L\u00e0m M\u00e1t \u0110\u1ecf LIQUI MOLY 6924 1L | L\u00e0m \u0110\u1ed9ng C\u01a1 &#8211; \u0110\u1eadm \u0110\u1eb7c &#8211; Pha S\u1eb5n | Hibucenter B\u1ea3o v\u1ec7 h\u1ec7 th\u1ed1ng l\u00e0m m\u00e1t \u0111\u1ed9ng c\u01a1, ch\u1ed1ng \u0111\u00f4ng, ch\u1ed1ng \u0103n m\u00f2n, \u00f4-xi h\u00f3a, r\u1ec9 s\u00e9t, ch\u1ed1ng h\u00ecnh th\u00e0nh rong r\u00eau c\u1eb7n b\u1ea9n trong h\u1ec7 th\u1ed1ng. Th\u00f4ng s\u1ed1 k\u1ef9 thu\u1eadt: &#8211; Th\u01b0\u01a1ng hi\u1ec7u: Liqui&hellip;<\/p>\n","protected":false},"featured_media":8975,"comment_status":"closed","ping_status":"open","template":"","meta":[],"product_cat":[118],"product_tag":[184],"class_list":{"0":"post-8973","1":"product","2":"type-product","3":"status-publish","4":"has-post-thumbnail","6":"product_brand-liqui","7":"product_cat-dung-dich-phu-gia-dau-nhon","8":"product_tag-liqui-moly","10":"first","11":"instock","12":"product-type-simple","13":"col-xs-6 col-sm-4","14":"col-md-3 col-lg-3","15":"un-4-cols"},"_links":{"self":[{"href":"https:\/\/hibucenter.com\/index.php\/wp-json\/wp\/v2\/product\/8973","targetHints":{"allow":["GET"]}}],"collection":[{"href":"https:\/\/hibucenter.com\/index.php\/wp-json\/wp\/v2\/product"}],"about":[{"href":"https:\/\/hibucenter.com\/index.php\/wp-json\/wp\/v2\/types\/product"}],"replies":[{"embeddable":true,"href":"https:\/\/hibucenter.com\/index.php\/wp-json\/wp\/v2\/comments?post=8973"}],"version-history":[{"count":1,"href":"https:\/\/hibucenter.com\/index.php\/wp-json\/wp\/v2\/product\/8973\/revisions"}],"predecessor-version":[{"id":8974,"href":"https:\/\/hibucenter.com\/index.php\/wp-json\/wp\/v2\/product\/8973\/revisions\/8974"}],"wp:featuredmedia":[{"embeddable":true,"href":"https:\/\/hibucenter.com\/index.php\/wp-json\/wp\/v2\/media\/8975"}],"wp:attachment":[{"href":"https:\/\/hibucenter.com\/index.php\/wp-json\/wp\/v2\/media?parent=8973"}],"wp:term":[{"taxonomy":"product_cat","embeddable":true,"href":"https:\/\/hibucenter.com\/index.php\/wp-json\/wp\/v2\/product_cat?post=8973"},{"taxonomy":"product_tag","embeddable":true,"href":"https:\/\/hibucenter.com\/index.php\/wp-json\/wp\/v2\/product_tag?post=8973"}],"curies":[{"name":"wp","href":"https:\/\/api.w.org\/{rel}","templated":true}]}}