{"id":8924,"date":"2025-05-22T10:17:59","date_gmt":"2025-05-22T03:17:59","guid":{"rendered":"http:\/\/hibucenter.com\/index.php\/chai-xit-bao-duong-day-liqui-moly-cuaroa-v-belt-pray-4085-400ml\/"},"modified":"2025-05-23T10:37:08","modified_gmt":"2025-05-23T03:37:08","slug":"chai-xit-bao-duong-day-liqui-moly-cuaroa-v-belt-pray-4085-400ml","status":"publish","type":"product","link":"https:\/\/hibucenter.com\/index.php\/chai-xit-bao-duong-day-liqui-moly-cuaroa-v-belt-pray-4085-400ml\/","title":{"rendered":"Chai X\u1ecbt B\u1ea3o D\u01b0\u1ee1ng D\u00e2y LIQUI MOLY Cuaroa V-Belt Pray 4085 400ml"},"content":{"rendered":"<p>Chai X\u1ecbt B\u1ea3o D\u01b0\u1ee1ng D\u00e2y LIQUI MOLY Cuaroa V-Belt Pray 4085 400ml<\/p>\n<p><> TH\u00d4NG TIN S\u1ea2N PH\u1ea8M:<br \/>\n&#8211; Th\u01b0\u01a1ng hi\u1ec7u: Liqui Moly Ch\u00ednh h\u00e3ng<br \/>\n&#8211; Xu\u1ea5t x\u1ee9: \u0110\u1ee9c<br \/>\n&#8211; S\u1ea3n xu\u1ea5t t\u1ea1i: \u0110\u1ee9c<br \/>\n&#8211; M\u00e3 s\u1ea3n ph\u1ea9m: 4085<br \/>\n&#8211; Dung t\u00edch: 400ml<br \/>\n&#8211; M\u00e0u: kh\u00f4ng m\u00e0u<br \/>\n&#8211; M\u00f9i: m\u00f9i \u0111\u1eb7c tr\u01b0ng<br \/>\n&#8211; Th\u00e0nh ph\u1ea7n ch\u00ednh: ch\u1ea5t keo tan trong d\u1ea7u h\u1ecfa, c\u1ed3n<br \/>\n&#8211; T\u1ef7 tr\u1ecdng: 0,7 g\/cm3<br \/>\n&#8211; V\u00f9ng nhi\u1ec7t \u0111\u1ed9 ho\u1ea1t \u0111\u1ed9ng: -20\u00b0C \u0111\u1ebfn 70 \u00b0C<br \/>\n&#8211; D\u1ea1ng: d\u1ea1ng x\u1ecbt, ch\u1ea5t l\u1ecfng<br \/>\n&#8211; \u0110i\u1ec3m ch\u00e1y: -60 \u00b0C<\/p>\n<p><> \u0110\u1eaeC \u0110I\u1ec2M S\u1ea2N PH\u1ea8M:<br \/>\n&#8211; Hi\u1ec7u qu\u1ea3 s\u1eed d\u1ee5ng t\u1ed1i \u01b0u<br \/>\n&#8211; \u0110a ch\u1ee9c n\u0103ng s\u1eed d\u1ee5ng<br \/>\n&#8211; Ng\u0103n ng\u1eeba l\u00e3o h\u00f3a<br \/>\n&#8211; Ch\u0103m s\u00f3c v\u00e0 b\u1ea3o v\u1ec7<br \/>\n&#8211; T\u1ea1o l\u1edbp m\u00e0ng b\u1ea3o v\u1ec7 cho d\u00e2y cua-roa v\u00e0 r\u00f2ng r\u1ecdc.<br \/>\n&#8211; Ng\u0103n tr\u1eadt d\u00e2y cua-roa<br \/>\n&#8211; Lo\u1ea1i b\u1ecf ti\u1ebfng r\u00edt<br \/>\n&#8211; Kh\u00f4ng ph\u00f9 h\u1ee3p s\u1eed d\u1ee5ng cho d\u00e2y cua-roa ph\u1eb3ng.<\/p>\n<p><> H\u01af\u1edaNG D\u1eaaN S\u1eec D\u1ee4NG:<br \/>\n&#8211; \u0110\u1ec3 c\u00e1ch kho\u1ea3ng 20cm v\u00e0 x\u1ecbt \u0111\u1ec1u l\u00ean b\u1ec1 m\u1eb7t d\u00e2y cua-roa.<br \/>\n&#8211; X\u1ecbt th\u00eam m\u1ed9t l\u1edbp n\u1eefa d\u00e0y h\u01a1n n\u1ebfu c\u1ea7n thi\u1ebft.<br \/>\n&#8211; Ch\u1edd kho\u1ea3ng 10 ph\u00fat \u0111\u1ec3 s\u1ea3n ph\u1ea9m ph\u00e1t huy hi\u1ec7u qu\u1ea3 tr\u01b0\u1edbc khi b\u1eaft \u0111\u1ea7u cho d\u00e2y cua-roa ho\u1ea1t \u0111\u1ed9ng.<\/p>\n<p>HIBUCENTER xin cam k\u1ebft b\u00e1n t\u1ea5t c\u1ea3 s\u1ea3n ph\u1ea9m Liqui Moly Ch\u00ednh H\u00e3ng &#8211; Uy T\u00edn &#8211; Ch\u1ea5t L\u01b0\u1ee3ng !!!<\/p>\n<p>#HIBUCENTER#HiBucenter #LiquiMoly #XitDuongDayCuaRoaLiquiMoly #BaoDuongDayCuaRoaLiquiMoly<\/p>\n","protected":false},"excerpt":{"rendered":"<p>Chai X\u1ecbt B\u1ea3o D\u01b0\u1ee1ng D\u00e2y LIQUI MOLY Cuaroa V-Belt Pray 4085 400ml TH\u00d4NG TIN S\u1ea2N PH\u1ea8M: &#8211; Th\u01b0\u01a1ng hi\u1ec7u: Liqui Moly Ch\u00ednh h\u00e3ng &#8211; Xu\u1ea5t x\u1ee9: \u0110\u1ee9c &#8211; S\u1ea3n xu\u1ea5t t\u1ea1i: \u0110\u1ee9c &#8211; M\u00e3 s\u1ea3n ph\u1ea9m: 4085 &#8211; Dung t\u00edch: 400ml &#8211; M\u00e0u: kh\u00f4ng m\u00e0u &#8211; M\u00f9i: m\u00f9i \u0111\u1eb7c tr\u01b0ng &#8211; Th\u00e0nh ph\u1ea7n ch\u00ednh: ch\u1ea5t&hellip;<\/p>\n","protected":false},"featured_media":8926,"comment_status":"closed","ping_status":"open","template":"","meta":[],"product_cat":[118],"product_tag":[184],"class_list":{"0":"post-8924","1":"product","2":"type-product","3":"status-publish","4":"has-post-thumbnail","6":"product_brand-liqui","7":"product_cat-dung-dich-phu-gia-dau-nhon","8":"product_tag-liqui-moly","10":"first","11":"instock","12":"product-type-simple","13":"col-xs-6 col-sm-4","14":"col-md-3 col-lg-3","15":"un-4-cols"},"_links":{"self":[{"href":"https:\/\/hibucenter.com\/index.php\/wp-json\/wp\/v2\/product\/8924","targetHints":{"allow":["GET"]}}],"collection":[{"href":"https:\/\/hibucenter.com\/index.php\/wp-json\/wp\/v2\/product"}],"about":[{"href":"https:\/\/hibucenter.com\/index.php\/wp-json\/wp\/v2\/types\/product"}],"replies":[{"embeddable":true,"href":"https:\/\/hibucenter.com\/index.php\/wp-json\/wp\/v2\/comments?post=8924"}],"version-history":[{"count":1,"href":"https:\/\/hibucenter.com\/index.php\/wp-json\/wp\/v2\/product\/8924\/revisions"}],"predecessor-version":[{"id":8925,"href":"https:\/\/hibucenter.com\/index.php\/wp-json\/wp\/v2\/product\/8924\/revisions\/8925"}],"wp:featuredmedia":[{"embeddable":true,"href":"https:\/\/hibucenter.com\/index.php\/wp-json\/wp\/v2\/media\/8926"}],"wp:attachment":[{"href":"https:\/\/hibucenter.com\/index.php\/wp-json\/wp\/v2\/media?parent=8924"}],"wp:term":[{"taxonomy":"product_cat","embeddable":true,"href":"https:\/\/hibucenter.com\/index.php\/wp-json\/wp\/v2\/product_cat?post=8924"},{"taxonomy":"product_tag","embeddable":true,"href":"https:\/\/hibucenter.com\/index.php\/wp-json\/wp\/v2\/product_tag?post=8924"}],"curies":[{"name":"wp","href":"https:\/\/api.w.org\/{rel}","templated":true}]}}