{"id":8919,"date":"2025-05-22T10:17:59","date_gmt":"2025-05-22T03:17:59","guid":{"rendered":"http:\/\/hibucenter.com\/index.php\/chai-xit-tay-gi-set-boi-tron-da-nang-liqui-moly-multi-spray-plus7-500ml-3305\/"},"modified":"2025-05-23T10:37:08","modified_gmt":"2025-05-23T03:37:08","slug":"chai-xit-tay-gi-set-boi-tron-da-nang-liqui-moly-multi-spray-plus7-500ml-3305","status":"publish","type":"product","link":"https:\/\/hibucenter.com\/index.php\/chai-xit-tay-gi-set-boi-tron-da-nang-liqui-moly-multi-spray-plus7-500ml-3305\/","title":{"rendered":"Chai X\u1ecbt T\u1ea9y G\u1ec9 S\u00e9t B\u00f4i Tr\u01a1n \u0110a N\u0103ng LIQUI MOLY Multi Spray Plus7 500ml 3305"},"content":{"rendered":"<p>Chai X\u1ecbt T\u1ea9y G\u1ec9 S\u00e9t B\u00f4i Tr\u01a1n \u0110a N\u0103ng LIQUI MOLY Multi Spray Plus7 3305 500ml<\/p>\n<p><> TH\u00d4NG TIN S\u1ea2N PH\u1ea8M:<br \/>\n&#8211; M\u00e3 s\u1ea3n ph\u1ea9m: 3305<br \/>\n&#8211; Dung t\u00edch: 500ml<br \/>\n&#8211; C\u00f4ng d\u1ee5ng: t\u1ea9y g\u1ec9 s\u00e9t, b\u00f4i tr\u01a1n<br \/>\n&#8211; Qui c\u00e1ch: 1 chai<br \/>\n&#8211; Th\u01b0\u01a1ng hi\u1ec7u: Liqui moly<\/p>\n<p><> \u0110\u1eb6C \u0110I\u1ec2M S\u1ea2N PH\u1ea8M:<br \/>\n&#8211; Chai x\u1ecbt t\u1ea9y g\u1ec9 s\u00e9t, b\u00f4i tr\u01a1n Multi-Spray 7 l\u00e0 m\u1ed9t k\u1ebft h\u1ee3p c\u00e1c ch\u1ee9c n\u0103ng \u0111a d\u1ee5ng trong m\u1ed9t s\u1ea3n ph\u1ea9m t\u1ed1i \u01b0u gi\u00fap b\u1ea3o v\u1ec7, t\u1ea9y s\u1ea1ch c\u00e1c g\u1ec9 s\u00e9t, b\u00f4i tr\u01a1n v\u00e0 t\u0103ng kh\u1ea3 n\u0103ng ch\u1ed1ng \u1ea9m.<br \/>\n&#8211; Kh\u00f4ng ch\u1ee9a silicone<br \/>\n&#8211; Ho\u00e0n to\u00e0n kh\u00f4ng g\u00e2y h\u1ea1i cho b\u1ec1 m\u1eb7t nh\u1ef1a, s\u01a1n, kim lo\u1ea1i v\u00e0 g\u1ed7<br \/>\n&#8211; C\u00f3 th\u00e0nh ph\u1ea7n gi\u00fap b\u00f4i tr\u01a1n gi\u1ea3m ma s\u00e1t<br \/>\n&#8211; B\u1ea3o v\u1ec7 ch\u1ed1ng \u0103n m\u00f2n s\u1ea3n ph\u1ea9m<br \/>\n&#8211; H\u00f2a tan g\u1ec9 s\u00e9t, gi\u00fap t\u1ea9y s\u1ea1ch v\u00e0 ng\u0103n r\u1ec9 s\u00e9t<br \/>\n&#8211; \u0110\u1ed9 th\u1ea9m th\u1ea5u t\u1ed1i \u01b0u, gi\u00fap b\u1ea3o v\u1ec7 s\u1ea3n ph\u1ea9m v\u00e0 ti\u1ebft ki\u1ec7m chi ph\u00ed nh\u1ea5t<br \/>\n&#8211; \u1ee8ng d\u1ee5ng trong nhi\u1ec1u l\u0129nh v\u1ef1c<br \/>\n&#8211; T\u1ea9y s\u1ea1ch b\u1ee5i b\u1ea9n v\u00e0 t\u0103ng kh\u1ea3 n\u0103ng kh\u00e1ng \u1ea9m, kh\u00e1ng n\u01b0\u1edbc, b\u1ea3o v\u1ec7 s\u1ea3n ph\u1ea9m t\u1ed1i \u0111a<\/p>\n<p><> H\u01af\u1edaNG D\u1eaaN S\u1eec D\u1ee4NG:<br \/>\n&#8211; L\u1eafc \u0111\u1ec1u v\u00e0 x\u1ecbt tr\u1ef1c ti\u1ebfp b\u00ean b\u1ec1 m\u1eb7t s\u1ea3n ph\u1ea9m<br \/>\n&#8211; Sau \u0111\u00f3 c\u00f3 th\u1ec3 d\u00f9ng kh\u0103n v\u00e0 c\u1ecd l\u00e0m s\u1ea1ch b\u1ec1 m\u1eb7t<br \/>\n&#8211; C\u00f3 th\u1ec3 thao t\u00e1c 2-3 l\u1ea7n \u0111\u1ec3 \u0111\u1ea1t k\u1ebft qu\u1ea3 mong mu\u1ed1n<\/p>\n<p>HIBUCENTER xin cam k\u1ebft b\u00e1n t\u1ea5t c\u1ea3 s\u1ea3n ph\u1ea9m LIQUI MOLY Ch\u00ednh H\u00e3ng &#8211; Uy T\u00edn &#8211; Ch\u1ea5t L\u01b0\u1ee3ng !!!<\/p>\n<p>#hibucenter#DauBoiTronDaNangChongRiLiquiMoly #ChaiXitTayGiSetBoiTronDaNangLiquiMolyPlus3305500ML<\/p>\n","protected":false},"excerpt":{"rendered":"<p>Chai X\u1ecbt T\u1ea9y G\u1ec9 S\u00e9t B\u00f4i Tr\u01a1n \u0110a N\u0103ng LIQUI MOLY Multi Spray Plus7 3305 500ml TH\u00d4NG TIN S\u1ea2N PH\u1ea8M: &#8211; M\u00e3 s\u1ea3n ph\u1ea9m: 3305 &#8211; Dung t\u00edch: 500ml &#8211; C\u00f4ng d\u1ee5ng: t\u1ea9y g\u1ec9 s\u00e9t, b\u00f4i tr\u01a1n &#8211; Qui c\u00e1ch: 1 chai &#8211; Th\u01b0\u01a1ng hi\u1ec7u: Liqui moly \u0110\u1eb6C \u0110I\u1ec2M S\u1ea2N PH\u1ea8M: &#8211; Chai x\u1ecbt t\u1ea9y&hellip;<\/p>\n","protected":false},"featured_media":8921,"comment_status":"closed","ping_status":"open","template":"","meta":[],"product_cat":[118],"product_tag":[184],"class_list":{"0":"post-8919","1":"product","2":"type-product","3":"status-publish","4":"has-post-thumbnail","6":"product_brand-liqui","7":"product_cat-dung-dich-phu-gia-dau-nhon","8":"product_tag-liqui-moly","10":"first","11":"instock","12":"product-type-simple","13":"col-xs-6 col-sm-4","14":"col-md-3 col-lg-3","15":"un-4-cols"},"_links":{"self":[{"href":"https:\/\/hibucenter.com\/index.php\/wp-json\/wp\/v2\/product\/8919","targetHints":{"allow":["GET"]}}],"collection":[{"href":"https:\/\/hibucenter.com\/index.php\/wp-json\/wp\/v2\/product"}],"about":[{"href":"https:\/\/hibucenter.com\/index.php\/wp-json\/wp\/v2\/types\/product"}],"replies":[{"embeddable":true,"href":"https:\/\/hibucenter.com\/index.php\/wp-json\/wp\/v2\/comments?post=8919"}],"version-history":[{"count":1,"href":"https:\/\/hibucenter.com\/index.php\/wp-json\/wp\/v2\/product\/8919\/revisions"}],"predecessor-version":[{"id":8920,"href":"https:\/\/hibucenter.com\/index.php\/wp-json\/wp\/v2\/product\/8919\/revisions\/8920"}],"wp:featuredmedia":[{"embeddable":true,"href":"https:\/\/hibucenter.com\/index.php\/wp-json\/wp\/v2\/media\/8921"}],"wp:attachment":[{"href":"https:\/\/hibucenter.com\/index.php\/wp-json\/wp\/v2\/media?parent=8919"}],"wp:term":[{"taxonomy":"product_cat","embeddable":true,"href":"https:\/\/hibucenter.com\/index.php\/wp-json\/wp\/v2\/product_cat?post=8919"},{"taxonomy":"product_tag","embeddable":true,"href":"https:\/\/hibucenter.com\/index.php\/wp-json\/wp\/v2\/product_tag?post=8919"}],"curies":[{"name":"wp","href":"https:\/\/api.w.org\/{rel}","templated":true}]}}