{"id":8888,"date":"2025-05-22T10:05:24","date_gmt":"2025-05-22T03:05:24","guid":{"rendered":"http:\/\/hibucenter.com\/index.php\/phu-gia-dong-co-voi-chat-ceramol-senfineco-9971-300ml-engine-protector-ceramol\/"},"modified":"2025-05-23T11:10:27","modified_gmt":"2025-05-23T04:10:27","slug":"phu-gia-dong-co-voi-chat-ceramol-senfineco-9971-300ml-engine-protector-ceramol","status":"publish","type":"product","link":"https:\/\/hibucenter.com\/index.php\/phu-gia-dong-co-voi-chat-ceramol-senfineco-9971-300ml-engine-protector-ceramol\/","title":{"rendered":"Ph\u1ee5 Gia \u0110\u1ed9ng C\u01a1 V\u1edbi Ch\u1ea5t Ceramol Senfineco 9971 \u2013 300ML Engine Protector CeraMol"},"content":{"rendered":"<p>Ph\u1ee5 Gia \u0110\u1ed9ng C\u01a1 V\u1edbi Ch\u1ea5t Ceramol Senfineco 9971 \u2013 300ML Engine Protector CeraMol H\u00e0ng \u0110\u1ee9c Ch\u00ednh H\u00e3ng \u2013 HIBUCENTER<\/p>\n<p>Ph\u1ee5 Gia \u0111\u1ed9ng c\u01a1 v\u1edbi ch\u1ea5t Ceramol Senfineco 9971 \u2013 300ML c\u00f3 hi\u1ec7u qu\u1ea3 cao cho c\u00e1c lo\u1ea1i d\u1ea7u \u0111\u1ed9ng c\u01a1 hi\u1ec7n \u0111\u1ea1i c\u1ee7a xe \u00f4 t\u00f4 ch\u1ea1y x\u0103ng v\u00e0 d\u1ea7u diesel. B\u1ea3o v\u1ec7 v\u00f2ng p\u00edt-t\u00f4ng v\u00e0 ta-r\u00f4 th\u1ee7y l\u1ef1c ch\u1ed1ng m\u00e0i m\u00f2n v\u00e0 \u0103n m\u00f2n do d\u01b0 l\u01b0\u1ee3ng \u0111\u1ed1t ch\u00e1y nhi\u00ean li\u1ec7u t\u00edch c\u1ef1c. S\u1ef1 ra \u0111\u1eddi c\u1ee7a c\u00f4ng ngh\u1ec7 CeraMol gi\u00fap gi\u1ea3m \u0111\u00e1ng k\u1ec3 ma s\u00e1t v\u00e0 hi\u1ec7n t\u01b0\u1ee3ng qu\u00e1 nhi\u1ec7t kh\u00f4ng c\u1ea7n thi\u1ebft trong \u0111\u1ed9ng c\u01a1. Vi\u1ec7c s\u1eed d\u1ee5ng v\u1eadt li\u1ec7u th\u00f4ng minh CeraMol ng\u0103n c\u1ea3n s\u1ef1 ti\u1ebfp x\u00fac tr\u1ef1c ti\u1ebfp gi\u1eefa kim lo\u1ea1i v\u1edbi kim lo\u1ea1i v\u00e0 t\u0103ng kh\u1ea3 n\u0103ng ch\u1ed1ng m\u00e0i m\u00f2n c\u1ee7a c\u00e1c b\u1ed9 ph\u1eadn \u0111\u1ed9ng c\u01a1 v\u00e0 \u0103n m\u00f2n \u1edf nhi\u1ec7t \u0111\u1ed9 cao. Ng\u0103n m\u00e0ng d\u1ea7u b\u1ecb v\u1ee1, \u0111\u1ea3m b\u1ea3o \u0111i\u1ec1u ki\u1ec7n ma s\u00e1t thu\u1eadn l\u1ee3i, gi\u1ea3m ti\u00eau hao nhi\u00ean li\u1ec7u v\u00e0 \u0111\u1ea3m b\u1ea3o \u0111\u1ed9ng c\u01a1 ho\u1ea1t \u0111\u1ed9ng \u0111\u00e1ng tin c\u1eady trong c\u00e1c \u0111i\u1ec1u ki\u1ec7n kh\u00f3 kh\u0103n. S\u1ea3n ph\u1ea9m n\u00e0y c\u00f3 th\u1ec3 tr\u1ed9n v\u1edbi b\u1ea5t k\u1ef3 lo\u1ea1i d\u1ea7u n\u00e0o v\u00e0 c\u00f3 th\u1ec3 \u00e1p d\u1ee5ng cho b\u1ea5t k\u1ef3 \u0111\u1ed9ng c\u01a1 x\u0103ng v\u00e0 diesel n\u00e0o c\u00f3 b\u1ed9 chuy\u1ec3n \u0111\u1ed5i x\u00fac t\u00e1c, b\u1ed9 t\u0103ng \u00e1p v\u00e0 kh\u00f4ng c\u00f3, c\u1ea3 trong v\u1eadn t\u1ea3i h\u00e0nh kh\u00e1ch v\u00e0 th\u01b0\u01a1ng m\u1ea1i. <\/p>\n<p>&#8211; Dung t\u00edch: 300ML<br \/>\n&#8211; Th\u01b0\u01a1ng hi\u1ec7u: Senfineco<br \/>\n&#8211; Nh\u1eadp Kh\u1ea9u: Germany &#8211; \u0110\u1ee9c<br \/>\n&#8211; T\u00ean s\u1ea3n ph\u1ea9m: Engine Protector CeraMol &#8211; Ph\u1ee5 Gia \u0110\u1ed9ng C\u01a1 V\u1edbi Ch\u1ea5t Ceramol<\/p>\n<p>T\u00ednh ch\u1ea5t<br \/>\n&#8211; B\u1ea3o v\u1ec7 v\u00f2ng piston v\u00e0 tappets th\u1ee7y l\u1ef1c<br \/>\n&#8211; Trung h\u00f2a d\u01b0 l\u01b0\u1ee3ng \u0111\u1ed1t ch\u00e1y nhi\u00ean li\u1ec7u t\u00edch c\u1ef1c<br \/>\n&#8211; T\u0103ng s\u1ee9c \u0111\u1ec1 kh\u00e1ng c\u1ee7a \u0111\u1ed9ng c\u01a1<br \/>\n&#8211; T\u0103ng c\u01b0\u1eddng m\u00e0ng d\u1ea7u \u1edf nhi\u1ec7t \u0111\u1ed9 cao<br \/>\n&#8211; C\u1ea3i thi\u1ec7n \u0111\u1ed9 tin c\u1eady v\u00e0 hi\u1ec7u su\u1ea5t c\u1ee7a \u0111\u1ed9ng c\u01a1<br \/>\n&#8211; B\u1ea3o v\u1ec7 ch\u1ed1ng l\u1ea1i s\u1ef1 \u0103n m\u00f2n, oxy h\u00f3a, r\u1ec9 s\u00e9t v\u00e0 m\u00e0i m\u00f2n<br \/>\n&#8211; T\u01b0\u01a1ng th\u00edch v\u1edbi t\u1ea5t c\u1ea3 c\u00e1c lo\u1ea1i d\u1ea7u kho\u00e1ng v\u00e0 t\u1ed5ng h\u1ee3p<br \/>\n&#8211; Kh\u00f4ng g\u00e2y h\u1ea1i cho b\u1ed9 chuy\u1ec3n \u0111\u1ed5i x\u00fac t\u00e1c ho\u1eb7c b\u1ed9 l\u1ecdc h\u1ea1t Diesel<\/p>\n<p>\u1ee8ng d\u1ee5ng<br \/>\n+ H\u00e0m l\u01b0\u1ee3ng trong lon \u0111\u1ee7 cho t\u1ed1i \u0111a 6L d\u1ea7u \u0111\u1ed9ng c\u01a1, l\u1eafc lon tr\u01b0\u1edbc khi s\u1eed d\u1ee5ng!<br \/>\n+ \u0110\u01b0\u1ee3c khuy\u1ebfn ngh\u1ecb cho t\u1ea5t c\u1ea3 c\u00e1c \u0111\u1ed9ng c\u01a1 x\u0103ng v\u00e0 diesel c\u1ee7a xe v\u00e0 thi\u1ebft b\u1ecb c\u1ed1 \u0111\u1ecbnh c\u00f3 \u0111i\u1ec1u ki\u1ec7n ho\u1ea1t \u0111\u1ed9ng kh\u00f3 kh\u0103n ho\u1eb7c ch\u1ea5t l\u01b0\u1ee3ng nhi\u00ean li\u1ec7u k\u00e9m.<br \/>\n+ Th\u00eam h\u00e0m l\u01b0\u1ee3ng v\u00e0o d\u1ea7u \u0111\u1ed9ng c\u01a1 ngu\u1ed9i. L\u00e0m n\u00f3ng \u0111\u1ed9ng c\u01a1 khi ch\u1ea1y kh\u00f4ng t\u1ea3i.<br \/>\n+ Vi\u1ec7c b\u1ed5 sung c\u00f3 th\u1ec3 \u0111\u01b0\u1ee3c th\u1ef1c hi\u1ec7n b\u1ea5t c\u1ee9 l\u00fac n\u00e0o.<\/p>\n<p>HIBUCENTER cam k\u1ebft b\u00e1n t\u1ea5t c\u1ea3 c\u00e1c s\u1ea3n ph\u1ea9m c\u1ee7a SENFINECO Ch\u00ednh H\u00e3ng \u2013 Uy T\u00edn \u2013 Ch\u1ea5t L\u01b0\u1ee3ng!!!!<\/p>\n<p>#SENFINECO #HIBUCENTER #ChamSocXeMay #ChamSocOto #MadeInGermany #XuatXuDuc #SenfinecoGermany #CarCare #PhuGiaChamSocXe #Rider #Motorbike #Senfineco9971 #PhuGiaDongCoVoiChatCeramol9971<\/p>\n","protected":false},"excerpt":{"rendered":"<p>Ph\u1ee5 Gia \u0110\u1ed9ng C\u01a1 V\u1edbi Ch\u1ea5t Ceramol Senfineco 9971 \u2013 300ML Engine Protector CeraMol H\u00e0ng \u0110\u1ee9c Ch\u00ednh H\u00e3ng \u2013 HIBUCENTER Ph\u1ee5 Gia \u0111\u1ed9ng c\u01a1 v\u1edbi ch\u1ea5t Ceramol Senfineco 9971 \u2013 300ML c\u00f3 hi\u1ec7u qu\u1ea3 cao cho c\u00e1c lo\u1ea1i d\u1ea7u \u0111\u1ed9ng c\u01a1 hi\u1ec7n \u0111\u1ea1i c\u1ee7a xe \u00f4 t\u00f4 ch\u1ea1y x\u0103ng v\u00e0 d\u1ea7u diesel. B\u1ea3o v\u1ec7 v\u00f2ng&hellip;<\/p>\n","protected":false},"featured_media":8890,"comment_status":"closed","ping_status":"open","template":"","meta":[],"product_cat":[118],"product_tag":[187],"class_list":{"0":"post-8888","1":"product","2":"type-product","3":"status-publish","4":"has-post-thumbnail","6":"product_brand-senfineco","7":"product_cat-dung-dich-phu-gia-dau-nhon","8":"product_tag-senfineco","10":"first","11":"instock","12":"product-type-simple","13":"col-xs-6 col-sm-4","14":"col-md-3 col-lg-3","15":"un-4-cols"},"_links":{"self":[{"href":"https:\/\/hibucenter.com\/index.php\/wp-json\/wp\/v2\/product\/8888","targetHints":{"allow":["GET"]}}],"collection":[{"href":"https:\/\/hibucenter.com\/index.php\/wp-json\/wp\/v2\/product"}],"about":[{"href":"https:\/\/hibucenter.com\/index.php\/wp-json\/wp\/v2\/types\/product"}],"replies":[{"embeddable":true,"href":"https:\/\/hibucenter.com\/index.php\/wp-json\/wp\/v2\/comments?post=8888"}],"version-history":[{"count":1,"href":"https:\/\/hibucenter.com\/index.php\/wp-json\/wp\/v2\/product\/8888\/revisions"}],"predecessor-version":[{"id":8889,"href":"https:\/\/hibucenter.com\/index.php\/wp-json\/wp\/v2\/product\/8888\/revisions\/8889"}],"wp:featuredmedia":[{"embeddable":true,"href":"https:\/\/hibucenter.com\/index.php\/wp-json\/wp\/v2\/media\/8890"}],"wp:attachment":[{"href":"https:\/\/hibucenter.com\/index.php\/wp-json\/wp\/v2\/media?parent=8888"}],"wp:term":[{"taxonomy":"product_cat","embeddable":true,"href":"https:\/\/hibucenter.com\/index.php\/wp-json\/wp\/v2\/product_cat?post=8888"},{"taxonomy":"product_tag","embeddable":true,"href":"https:\/\/hibucenter.com\/index.php\/wp-json\/wp\/v2\/product_tag?post=8888"}],"curies":[{"name":"wp","href":"https:\/\/api.w.org\/{rel}","templated":true}]}}