{"id":8874,"date":"2025-05-22T10:05:24","date_gmt":"2025-05-22T03:05:24","guid":{"rendered":"http:\/\/hibucenter.com\/index.php\/cao-cap-bao-duong-ket-nuoc-senfineco-9911-radiator-complete-care-325ml-chai-hang-chinh-hang\/"},"modified":"2025-05-23T11:10:27","modified_gmt":"2025-05-23T04:10:27","slug":"cao-cap-bao-duong-ket-nuoc-senfineco-9911-radiator-complete-care-325ml-chai-hang-chinh-hang","status":"publish","type":"product","link":"https:\/\/hibucenter.com\/index.php\/cao-cap-bao-duong-ket-nuoc-senfineco-9911-radiator-complete-care-325ml-chai-hang-chinh-hang\/","title":{"rendered":"{Cao C\u1ea5p} B\u1ea3o D\u01b0\u1ee1ng K\u00e9t N\u01b0\u1edbc SENFINECO 9911 Radiator Complete Care 325ML\/ Chai \u2013 H\u00c0NG CH\u00cdNH H\u00c3NG"},"content":{"rendered":"<p>{Cao C\u1ea5p} B\u1ea3o D\u01b0\u1ee1ng K\u00e9t N\u01b0\u1edbc SENFINECO 9911 Radiator Complete Care 325ML\/ Chai \u2013 H\u00c0NG CH\u00cdNH H\u00c3NG <\/p>\n<p>Th\u00f4ng s\u1ed1:<br \/>\n&#8211; Dung t\u00edch: 325 ML<br \/>\n&#8211; Th\u01b0\u01a1ng hi\u1ec7u: Senfineco<br \/>\n&#8211; Xu\u1ea5t x\u1ee9: \u0110\u1ee9c<\/p>\n<p>M\u00f4 t\u1ea3:<br \/>\nCh\u0103m S\u00f3c Ho\u00e0n Ch\u1ec9nh B\u1ed9 T\u1ea3n Nhi\u1ec7t &#8211; 100% K\u00e9t N\u01b0\u1edbc l\u00e0 ch\u1ea5t \u1ee9c ch\u1ebf \u0103n m\u00f2n \u0111\u01b0\u1ee3c thi\u1ebft k\u1ebf \u0111\u1ec3 s\u1eed d\u1ee5ng trong h\u1ec7 th\u1ed1ng l\u00e0m m\u00e1t c\u1ee7a h\u1ea7u h\u1ebft c\u00e1c lo\u1ea1i \u0111\u1ed9ng c\u01a1 \u0111\u1ed1t trong l\u00e0m m\u00e1t b\u1eb1ng n\u01b0\u1edbc. N\u00f3 \u0111\u01b0\u1ee3c pha ch\u1ebf \u0111\u1eb7c bi\u1ec7t \u0111\u1ec3 \u1ee9c ch\u1ebf s\u1ef1 ph\u00e1t tri\u1ec3n c\u1ee7a g\u1ec9 v\u00e0 c\u00e1u c\u1eb7n, \u0111\u1ed3ng th\u1eddi t\u1ea1o th\u00e0nh m\u1ed9t l\u1edbp m\u00e0ng b\u1ea3o v\u1ec7 gi\u00fap b\u00f4i tr\u01a1n c\u00e1c \u1ed5 tr\u1ee5c c\u1ee7a m\u00e1y b\u01a1m n\u01b0\u1edbc v\u00e0 ng\u0103n ng\u1eeba m\u00e0i m\u00f2n do ma s\u00e1t. C\u1ea3i thi\u1ec7n kh\u1ea3 n\u0103ng t\u1ea3n nhi\u1ec7t v\u00e0 gi\u00fap ng\u0103n n\u01b0\u1edbc l\u00e0m m\u00e1t qu\u00e1 nhi\u1ec7t v\u00e0 s\u00f4i. N\u00f3 tr\u1ed9n v\u1edbi t\u1ea5t c\u1ea3 c\u00e1c lo\u1ea1i ch\u1ea5t ch\u1ed1ng \u0111\u00f4ng v\u00e0 kh\u00f4ng ch\u1ee9a axit, do \u0111\u00f3 n\u00f3 an to\u00e0n cho t\u1ea5t c\u1ea3 c\u00e1c b\u1ed9 ph\u1eadn v\u00e0 \u1ed1ng kim lo\u1ea1i c\u1ee7a h\u1ec7 th\u1ed1ng l\u00e0m m\u00e1t.<\/p>\n<p>\u1ee8ng d\u1ee5ng:<br \/>\nL\u1eafc k\u1ef9 tr\u01b0\u1edbc khi s\u1eed d\u1ee5ng. Th\u00eam n\u1ed9i dung v\u00e0o h\u1ec7 th\u1ed1ng l\u00e0m m\u00e1t \u1edf nhi\u1ec7t \u0111\u1ed9 m\u00f4i tr\u01b0\u1eddng. Dung t\u00edch 325ml s\u1ebd x\u1eed l\u00fd t\u1edbi 12 l\u00edt n\u01b0\u1edbc l\u00e0m m\u00e1t.<\/p>\n<p>M\u00e3 s\u1ea3n ph\u1ea9m: 9911 \u2013 Radiator Complete Care \u2013 B\u1ea3o D\u01b0\u1ee1ng K\u00e9t N\u01b0\u1edbc<\/p>\n<p>HIBUCENTER cam k\u1ebft b\u00e1n t\u1ea5t c\u1ea3 c\u00e1c s\u1ea3n ph\u1ea9m c\u1ee7a SENFINECO Ch\u00ednh H\u00e3ng &#8211; Uy T\u00edn &#8211; Ch\u1ea5t L\u01b0\u1ee3ng!!!!<\/p>\n<p>#SENFINECO #HIBUCENTER #ChamSocXeMay #ChamSocOto #MadeInGermany #XuatXuDuc #SenfinecoGermany #CarCare #PhuGiaChamSocXe #Rider #Motorbike #Senfineco9911 #BaoDuongKetNuoc #RadiatorCompleteCare #325ML<\/p>\n","protected":false},"excerpt":{"rendered":"<p>{Cao C\u1ea5p} B\u1ea3o D\u01b0\u1ee1ng K\u00e9t N\u01b0\u1edbc SENFINECO 9911 Radiator Complete Care 325ML\/ Chai \u2013 H\u00c0NG CH\u00cdNH H\u00c3NG Th\u00f4ng s\u1ed1: &#8211; Dung t\u00edch: 325 ML &#8211; Th\u01b0\u01a1ng hi\u1ec7u: Senfineco &#8211; Xu\u1ea5t x\u1ee9: \u0110\u1ee9c M\u00f4 t\u1ea3: Ch\u0103m S\u00f3c Ho\u00e0n Ch\u1ec9nh B\u1ed9 T\u1ea3n Nhi\u1ec7t &#8211; 100% K\u00e9t N\u01b0\u1edbc l\u00e0 ch\u1ea5t \u1ee9c ch\u1ebf \u0103n m\u00f2n \u0111\u01b0\u1ee3c thi\u1ebft k\u1ebf \u0111\u1ec3&hellip;<\/p>\n","protected":false},"featured_media":8876,"comment_status":"closed","ping_status":"open","template":"","meta":[],"product_cat":[118],"product_tag":[187],"class_list":{"0":"post-8874","1":"product","2":"type-product","3":"status-publish","4":"has-post-thumbnail","6":"product_brand-senfineco","7":"product_cat-dung-dich-phu-gia-dau-nhon","8":"product_tag-senfineco","10":"first","11":"instock","12":"product-type-simple","13":"col-xs-6 col-sm-4","14":"col-md-3 col-lg-3","15":"un-4-cols"},"_links":{"self":[{"href":"https:\/\/hibucenter.com\/index.php\/wp-json\/wp\/v2\/product\/8874","targetHints":{"allow":["GET"]}}],"collection":[{"href":"https:\/\/hibucenter.com\/index.php\/wp-json\/wp\/v2\/product"}],"about":[{"href":"https:\/\/hibucenter.com\/index.php\/wp-json\/wp\/v2\/types\/product"}],"replies":[{"embeddable":true,"href":"https:\/\/hibucenter.com\/index.php\/wp-json\/wp\/v2\/comments?post=8874"}],"version-history":[{"count":1,"href":"https:\/\/hibucenter.com\/index.php\/wp-json\/wp\/v2\/product\/8874\/revisions"}],"predecessor-version":[{"id":8875,"href":"https:\/\/hibucenter.com\/index.php\/wp-json\/wp\/v2\/product\/8874\/revisions\/8875"}],"wp:featuredmedia":[{"embeddable":true,"href":"https:\/\/hibucenter.com\/index.php\/wp-json\/wp\/v2\/media\/8876"}],"wp:attachment":[{"href":"https:\/\/hibucenter.com\/index.php\/wp-json\/wp\/v2\/media?parent=8874"}],"wp:term":[{"taxonomy":"product_cat","embeddable":true,"href":"https:\/\/hibucenter.com\/index.php\/wp-json\/wp\/v2\/product_cat?post=8874"},{"taxonomy":"product_tag","embeddable":true,"href":"https:\/\/hibucenter.com\/index.php\/wp-json\/wp\/v2\/product_tag?post=8874"}],"curies":[{"name":"wp","href":"https:\/\/api.w.org\/{rel}","templated":true}]}}