{"id":8863,"date":"2025-05-22T10:05:24","date_gmt":"2025-05-22T03:05:24","guid":{"rendered":"http:\/\/hibucenter.com\/index.php\/nuoc-rua-xe-senfineco-car-wash-wax-shampoo-1-lit-9952-hang-chinh-hang-hibucenter\/"},"modified":"2025-05-23T11:10:27","modified_gmt":"2025-05-23T04:10:27","slug":"nuoc-rua-xe-senfineco-car-wash-wax-shampoo-1-lit-9952-hang-chinh-hang-hibucenter","status":"publish","type":"product","link":"https:\/\/hibucenter.com\/index.php\/nuoc-rua-xe-senfineco-car-wash-wax-shampoo-1-lit-9952-hang-chinh-hang-hibucenter\/","title":{"rendered":"N\u01b0\u1edbc R\u1eeda Xe SENFINECO Car Wash &#038; Wax Shampoo 1 L\u00edt 9952 \u2013 H\u00e0ng Ch\u00ednh H\u00e3ng \u2013 HIBUCENTER"},"content":{"rendered":"<p>\u2728\u2728 {PRO} Dung D\u1ecbch R\u1eeda Xe v\u00e0 Ph\u1ee7 S\u00e1p Senfineco Car Wash &#038; Wax Shampoo 1 L\u00edt 9952 \u2013 H\u00e0ng Ch\u00ednh H\u00e3ng \u2013 HIBUCENTER \u2728\u2728<\/p>\n<p>  Th\u00f4ng s\u1ed1:<br \/>\n&#8211; Dung t\u00edch: 1000ML<br \/>\n&#8211; Th\u01b0\u01a1ng hi\u1ec7u: Senfineco<br \/>\n&#8211; Xu\u1ea5t x\u1ee9: \u0110\u1ee9c<\/p>\n<p>  M\u00f4 t\u1ea3:<br \/>\nWash &#038; Wax l\u00e0 s\u1ea3n ph\u1ea9m c\u00f4 \u0111\u1eb7c r\u1eeda xe chuy\u00ean d\u1ee5ng c\u00f3 th\u1ec3 r\u1eeda v\u00e0 t\u1ea9y l\u00f4ng xe c\u1ee7a b\u1ea1n ch\u1ec9 trong m\u1ed9t \u1ee9ng d\u1ee5ng d\u1ec5 d\u00e0ng. B\u1ecdt l\u00e0m s\u1ea1ch s\u00e2u s\u1ebd h\u00f2a tan v\u00e0 lo\u1ea1i b\u1ecf b\u1ee5i b\u1ea9n v\u00e0 b\u1ee5i \u0111\u01b0\u1eddng trong khi Carnauba Wax d\u1ea1ng gel m\u1ec1m gi\u00fap b\u1ea3o v\u1ec7 b\u1ec1 m\u1eb7t xe c\u1ee7a b\u1ea1n. C\u00f4ng th\u1ee9c b\u1ea3o v\u1ec7 xe c\u1ee7a b\u1ea1n ch\u1ed1ng l\u1ea1i c\u00e1c \u0111i\u1ec1u ki\u1ec7n m\u00f4i tr\u01b0\u1eddng kh\u1eafc nghi\u1ec7t v\u00e0 \u0111\u1ec3 l\u1ea1i v\u1ebb s\u00e1ng b\u00f3ng r\u1ef1c r\u1ee1!<br \/>\nhttps:\/\/cf.shopee.vn\/file\/vn-11134208-7qukw-lhiijmr3ro1x0d<br \/>\n  T\u00ednh ch\u1ea5t:<br \/>\n&#8211; R\u1eeda v\u00e0 wax b\u00f3ng s\u01a1n xe c\u1ee7a b\u1ea1n trong m\u1ed9t \u1ee9ng d\u1ee5ng d\u1ec5 d\u00e0ng<br \/>\n&#8211; B\u1ecdt tan v\u00e0 lo\u1ea1i b\u1ecf b\u1ee5i b\u1ea9n v\u00e0 b\u1ee5i \u0111\u01b0\u1eddng<br \/>\n&#8211; S\u00e1p Carnauba b\u1ea3o v\u1ec7 xe c\u1ee7a b\u1ea1n<br \/>\n&#8211; \u0110\u1ec3 l\u1ea1i \u0111\u1ed9 s\u00e1ng b\u00f3ng v\u00e0 b\u1ea3o qu\u1ea3n s\u01a1n xe kh\u1ecfi t\u00e1c h\u1ea1i c\u1ee7a tia UV.<\/p>\n<p>  \u1ee8ng d\u1ee5ng:<br \/>\n\u0110\u1ec3 c\u00f3 k\u1ebft qu\u1ea3 t\u1ed1t nh\u1ea5t, tr\u00e1nh r\u1eeda xe d\u01b0\u1edbi \u00e1nh n\u1eafng tr\u1ef1c ti\u1ebfp. L\u00e0m s\u1ea1ch b\u1ee5i b\u1ea9n v\u00e0 m\u1ea3nh v\u1ee5n n\u1eb7ng tr\u00ean xe. Th\u00eam 30ml Wash &#038; Wax v\u00e0o m\u1ed9t c\u00e1i x\u00f4 tr\u1ed1ng v\u00e0 d\u00f9ng v\u00f2i \u0111\u1ed5 \u0111\u1ea7y x\u00f4. Kh\u1edfi \u0111\u1ed9ng \u1edf \u0111\u1ea7u xe v\u00e0 d\u00f9ng kh\u0103n lau s\u1ea1ch, b\u1ecdt bi\u1ec3n ho\u1eb7c v\u1ea3i s\u1ee3i nh\u1ecf thoa n\u01b0\u1edbc x\u00e0 ph\u00f2ng l\u00ean m\u1ed9t ph\u1ea7n b\u1ec1 m\u1eb7t c\u1ee7a xe. R\u1eeda s\u1ea1ch b\u1eb1ng n\u01b0\u1edbc s\u1ea1ch. Lau kh\u00f4 b\u1eb1ng kh\u0103n lau da ho\u1eb7c v\u1ea3i s\u1ee3i nh\u1ecf.<\/p>\n<p>  M\u00e3 s\u1ea3n ph\u1ea9m: 9952 \u2013 Car Wash &#038; Wax Shampoo \u2013 Dung D\u1ecbch R\u1eeda Xe &#038; Ph\u1ee7 S\u00e1p<\/p>\n<p>\u2728\u2728 HIBUCENTER cam k\u1ebft b\u00e1n t\u1ea5t c\u1ea3 c\u00e1c s\u1ea3n ph\u1ea9m c\u1ee7a SENFINECO Ch\u00ednh H\u00e3ng &#8211; Uy T\u00edn &#8211; Ch\u1ea5t L\u01b0\u1ee3ng!!!! \u2728\u2728 <\/p>\n<p>#NUOC_RUA_XE#SENFINECO #HIBUCENTER #ChamSocXeMay #ChamSocOto #MadeInGermany #XuatXuDuc #SenfinecoGermany #CarCare #PhuGiaChamSocXe #Rider #Motorbike #Senfineco9952 #DungDichRuaXevaPhuSap #1000ML #CarWashAndWaxShampoo<\/p>\n","protected":false},"excerpt":{"rendered":"<p>\u2728\u2728 {PRO} Dung D\u1ecbch R\u1eeda Xe v\u00e0 Ph\u1ee7 S\u00e1p Senfineco Car Wash &#038; Wax Shampoo 1 L\u00edt 9952 \u2013 H\u00e0ng Ch\u00ednh H\u00e3ng \u2013 HIBUCENTER \u2728\u2728 Th\u00f4ng s\u1ed1: &#8211; Dung t\u00edch: 1000ML &#8211; Th\u01b0\u01a1ng hi\u1ec7u: Senfineco &#8211; Xu\u1ea5t x\u1ee9: \u0110\u1ee9c M\u00f4 t\u1ea3: Wash &#038; Wax l\u00e0 s\u1ea3n ph\u1ea9m c\u00f4 \u0111\u1eb7c r\u1eeda xe chuy\u00ean d\u1ee5ng c\u00f3 th\u1ec3&hellip;<\/p>\n","protected":false},"featured_media":8866,"comment_status":"closed","ping_status":"open","template":"","meta":[],"product_cat":[118],"product_tag":[187],"class_list":{"0":"post-8863","1":"product","2":"type-product","3":"status-publish","4":"has-post-thumbnail","6":"product_brand-senfineco","7":"product_cat-dung-dich-phu-gia-dau-nhon","8":"product_tag-senfineco","10":"first","11":"instock","12":"product-type-simple","13":"col-xs-6 col-sm-4","14":"col-md-3 col-lg-3","15":"un-4-cols"},"_links":{"self":[{"href":"https:\/\/hibucenter.com\/index.php\/wp-json\/wp\/v2\/product\/8863","targetHints":{"allow":["GET"]}}],"collection":[{"href":"https:\/\/hibucenter.com\/index.php\/wp-json\/wp\/v2\/product"}],"about":[{"href":"https:\/\/hibucenter.com\/index.php\/wp-json\/wp\/v2\/types\/product"}],"replies":[{"embeddable":true,"href":"https:\/\/hibucenter.com\/index.php\/wp-json\/wp\/v2\/comments?post=8863"}],"version-history":[{"count":1,"href":"https:\/\/hibucenter.com\/index.php\/wp-json\/wp\/v2\/product\/8863\/revisions"}],"predecessor-version":[{"id":8865,"href":"https:\/\/hibucenter.com\/index.php\/wp-json\/wp\/v2\/product\/8863\/revisions\/8865"}],"wp:featuredmedia":[{"embeddable":true,"href":"https:\/\/hibucenter.com\/index.php\/wp-json\/wp\/v2\/media\/8866"}],"wp:attachment":[{"href":"https:\/\/hibucenter.com\/index.php\/wp-json\/wp\/v2\/media?parent=8863"}],"wp:term":[{"taxonomy":"product_cat","embeddable":true,"href":"https:\/\/hibucenter.com\/index.php\/wp-json\/wp\/v2\/product_cat?post=8863"},{"taxonomy":"product_tag","embeddable":true,"href":"https:\/\/hibucenter.com\/index.php\/wp-json\/wp\/v2\/product_tag?post=8863"}],"curies":[{"name":"wp","href":"https:\/\/api.w.org\/{rel}","templated":true}]}}