{"id":8805,"date":"2025-05-22T10:05:24","date_gmt":"2025-05-22T03:05:24","guid":{"rendered":"http:\/\/hibucenter.com\/index.php\/chai-suc-rua-ket-nuoc-senfineco-9983-325ml-radiator-flush-hang-duc-chinh-hang-hibucenter\/"},"modified":"2025-05-23T11:10:27","modified_gmt":"2025-05-23T04:10:27","slug":"chai-suc-rua-ket-nuoc-senfineco-9983-325ml-radiator-flush-hang-duc-chinh-hang-hibucenter","status":"publish","type":"product","link":"https:\/\/hibucenter.com\/index.php\/chai-suc-rua-ket-nuoc-senfineco-9983-325ml-radiator-flush-hang-duc-chinh-hang-hibucenter\/","title":{"rendered":"Chai S\u00fac R\u1eeda K\u00e9t N\u01b0\u1edbc Senfineco 9983 \u2013 325ML Radiator Flush H\u00e0ng \u0110\u1ee9c Ch\u00ednh H\u00e3ng \u2013 HIBUCENTER"},"content":{"rendered":"<p>Chai S\u00fac R\u1eeda K\u00e9t N\u01b0\u1edbc Senfineco 9983 \u2013 325ML Radiator Flush H\u00e0ng \u0110\u1ee9c Ch\u00ednh H\u00e3ng \u2013 HIBUCENTER<\/p>\n<p>Chai S\u00fac R\u1eeda K\u00e9t N\u01b0\u1edbc Senfineco 9983 \u2013 325ML Radiator Flush l\u00e0 h\u1ed7n h\u1ee3p ch\u1ea5t t\u1ea9y r\u1eeda v\u00e0 chuy\u1ec3n \u0111\u1ed5i \u0111\u01b0\u1ee3c thi\u1ebft k\u1ebf \u0111\u1ec3 lo\u1ea1i b\u1ecf v\u00f4i v\u00e0 ch\u1ea5t g\u00e2y \u00f4 nhi\u1ec5m trong h\u1ec7 th\u1ed1ng l\u00e0m m\u00e1t. Ph\u1ee5c h\u1ed3i hi\u1ec7u su\u1ea5t l\u00e0m m\u00e1t ban \u0111\u1ea7u, \u0111\u1ea3m b\u1ea3o ho\u1ea1t \u0111\u1ed9ng tr\u01a1n tru c\u1ee7a b\u1ed9 \u0111i\u1ec1u ch\u1ec9nh nhi\u1ec7t v\u00e0 c\u01a1 ch\u1ebf \u0111i\u1ec1u ch\u1ec9nh. Gi\u1ea3m r\u1ee7i ro h\u1ecfng h\u00f3c \u0111\u1ed9ng c\u01a1, ti\u00eau th\u1ee5 nhi\u00ean li\u1ec7u v\u00e0 hao m\u00f2n. T\u01b0\u01a1ng th\u00edch v\u1edbi t\u1ea5t c\u1ea3 c\u00e1c ch\u1ea5t ch\u1ed1ng \u0111\u00f4ng v\u00e0 l\u00e0m m\u00e1t. Kh\u00f4ng ch\u1ee9a b\u1ea5t k\u1ef3 axit m\u1ea1nh, l\u00e0 trung t\u00ednh \u0111\u1ed1i v\u1edbi kim lo\u1ea1i, cao su v\u00e0 nh\u1ef1a.<\/p>\n<p>&#8211; Dung t\u00edch: 325ML<br \/>\n&#8211; Th\u01b0\u01a1ng hi\u1ec7u: Senfineco<br \/>\n&#8211; Nh\u1eadp Kh\u1ea9u: Germany &#8211; \u0110\u1ee9c<\/p>\n<p>\u0110\u1eb7c t\u00ednh:<br \/>\n&#8211; Ph\u1ee5c h\u1ed3i hi\u1ec7u su\u1ea5t l\u00e0m m\u00e1t ban \u0111\u1ea7u c\u1ee7a h\u1ec7 th\u1ed1ng l\u00e0m m\u00e1t<br \/>\n&#8211; Lo\u1ea1i b\u1ecf nguy c\u01a1 qu\u00e1 nhi\u1ec7t<br \/>\n&#8211; Ng\u0103n ch\u1eb7n c\u00e1c ph\u1ea3n \u1ee9ng kh\u00f4ng mong mu\u1ed1n do thay \u0111\u1ed5i ch\u1ea5t l\u00e0m m\u00e1t<br \/>\n&#8211; Kh\u00f4ng c\u1ea7n th\u00e1o g\u1ee1 h\u1ec7 th\u1ed1ng l\u00e0m m\u00e1t<br \/>\n&#8211; Trung t\u00ednh \u0111\u1ed1i v\u1edbi \u1ed1ng cao su, con d\u1ea5u v\u00e0 t\u1ea5t c\u1ea3 c\u00e1c kim lo\u1ea1i trong h\u1ec7 th\u1ed1ng l\u00e0m m\u00e1t<br \/>\n&#8211; Lo\u1ea1i b\u1ecf c\u00e1c ch\u1ea5t g\u00e2y \u00f4 nhi\u1ec5m, t\u1eafc ngh\u1ebdn v\u00e0 \u0103n m\u00f2n<br \/>\n&#8211; T\u01b0\u01a1ng th\u00edch v\u1edbi t\u1ea5t c\u1ea3 c\u00e1c ch\u1ea5t ch\u1ed1ng \u0111\u00f4ng v\u00e0 l\u00e0m m\u00e1t, k\u1ec3 c\u1ea3 ch\u1ea5t l\u00e0m m\u00e1t OAT.<\/p>\n<p>\u1ee8ng d\u1ee5ng:<br \/>\n&#8211; \u0110\u1ec1 xu\u1ea5t cho t\u1ea5t c\u1ea3 c\u00e1c \u0111\u1ed9ng c\u01a1 x\u0103ng v\u00e0 diesel l\u00e0m m\u00e1t b\u1eb1ng n\u01b0\u1edbc<br \/>\n&#8211; 325 ml l\u00e0 \u0111\u1ee7 cho 12 l n\u01b0\u1edbc l\u00e0m m\u00e1t<br \/>\n&#8211; Cho s\u1ea3n ph\u1ea9m v\u00e0o h\u1ec7 th\u1ed1ng l\u00e0m m\u00e1t \u1edf nhi\u1ec7t \u0111\u1ed9 m\u00f4i tr\u01b0\u1eddng. Kh\u1edfi \u0111\u1ed9ng m\u00e1y s\u01b0\u1edfi. Sau \u0111\u00f3 gi\u1eef cho \u0111\u1ed9ng c\u01a1 ch\u1ea1y trong \u00edt nh\u1ea5t 20-30 ph\u00fat. X\u1ea3 n\u01b0\u1edbc s\u1ea1ch h\u01a1n v\u00e0 x\u1ea3 s\u1ea1ch h\u1ec7 th\u1ed1ng l\u00e0m m\u00e1t b\u1eb1ng n\u01b0\u1edbc.<\/p>\n<p>HIBUCENTER cam k\u1ebft b\u00e1n t\u1ea5t c\u1ea3 c\u00e1c s\u1ea3n ph\u1ea9m c\u1ee7a SENFINECO Ch\u00ednh H\u00e3ng \u2013 Uy T\u00edn \u2013 Ch\u1ea5t L\u01b0\u1ee3ng!!!!<\/p>\n<p>#SENFINECO #HIBUCENTER #ChamSocXeMay #ChamSocOto #MadeInGermany #XuatXuDuc #SenfinecoGermany #CarCare #PhuGiaChamSocXe #Rider #Motorbike #Senfineco9983 #SucRuaKetNuoc9983<\/p>\n","protected":false},"excerpt":{"rendered":"<p>Chai S\u00fac R\u1eeda K\u00e9t N\u01b0\u1edbc Senfineco 9983 \u2013 325ML Radiator Flush H\u00e0ng \u0110\u1ee9c Ch\u00ednh H\u00e3ng \u2013 HIBUCENTER Chai S\u00fac R\u1eeda K\u00e9t N\u01b0\u1edbc Senfineco 9983 \u2013 325ML Radiator Flush l\u00e0 h\u1ed7n h\u1ee3p ch\u1ea5t t\u1ea9y r\u1eeda v\u00e0 chuy\u1ec3n \u0111\u1ed5i \u0111\u01b0\u1ee3c thi\u1ebft k\u1ebf \u0111\u1ec3 lo\u1ea1i b\u1ecf v\u00f4i v\u00e0 ch\u1ea5t g\u00e2y \u00f4 nhi\u1ec5m trong h\u1ec7 th\u1ed1ng l\u00e0m m\u00e1t. Ph\u1ee5c&hellip;<\/p>\n","protected":false},"featured_media":8807,"comment_status":"closed","ping_status":"open","template":"","meta":[],"product_cat":[118],"product_tag":[187],"class_list":{"0":"post-8805","1":"product","2":"type-product","3":"status-publish","4":"has-post-thumbnail","6":"product_brand-senfineco","7":"product_cat-dung-dich-phu-gia-dau-nhon","8":"product_tag-senfineco","10":"first","11":"instock","12":"product-type-simple","13":"col-xs-6 col-sm-4","14":"col-md-3 col-lg-3","15":"un-4-cols"},"_links":{"self":[{"href":"https:\/\/hibucenter.com\/index.php\/wp-json\/wp\/v2\/product\/8805","targetHints":{"allow":["GET"]}}],"collection":[{"href":"https:\/\/hibucenter.com\/index.php\/wp-json\/wp\/v2\/product"}],"about":[{"href":"https:\/\/hibucenter.com\/index.php\/wp-json\/wp\/v2\/types\/product"}],"replies":[{"embeddable":true,"href":"https:\/\/hibucenter.com\/index.php\/wp-json\/wp\/v2\/comments?post=8805"}],"version-history":[{"count":1,"href":"https:\/\/hibucenter.com\/index.php\/wp-json\/wp\/v2\/product\/8805\/revisions"}],"predecessor-version":[{"id":8806,"href":"https:\/\/hibucenter.com\/index.php\/wp-json\/wp\/v2\/product\/8805\/revisions\/8806"}],"wp:featuredmedia":[{"embeddable":true,"href":"https:\/\/hibucenter.com\/index.php\/wp-json\/wp\/v2\/media\/8807"}],"wp:attachment":[{"href":"https:\/\/hibucenter.com\/index.php\/wp-json\/wp\/v2\/media?parent=8805"}],"wp:term":[{"taxonomy":"product_cat","embeddable":true,"href":"https:\/\/hibucenter.com\/index.php\/wp-json\/wp\/v2\/product_cat?post=8805"},{"taxonomy":"product_tag","embeddable":true,"href":"https:\/\/hibucenter.com\/index.php\/wp-json\/wp\/v2\/product_tag?post=8805"}],"curies":[{"name":"wp","href":"https:\/\/api.w.org\/{rel}","templated":true}]}}