{"id":8753,"date":"2025-05-22T10:03:25","date_gmt":"2025-05-22T03:03:25","guid":{"rendered":"http:\/\/hibucenter.com\/index.php\/chuyen-nghiep-dung-dich-phu-gam-senfineco-9975-650ml-anticor-underbody-protection-hang-chinh-hang-hibucenter\/"},"modified":"2025-05-23T11:10:27","modified_gmt":"2025-05-23T04:10:27","slug":"chuyen-nghiep-dung-dich-phu-gam-senfineco-9975-650ml-anticor-underbody-protection-hang-chinh-hang-hibucenter","status":"publish","type":"product","link":"https:\/\/hibucenter.com\/index.php\/chuyen-nghiep-dung-dich-phu-gam-senfineco-9975-650ml-anticor-underbody-protection-hang-chinh-hang-hibucenter\/","title":{"rendered":"{Chuy\u00ean Nghi\u1ec7p} Dung D\u1ecbch Ph\u1ee7 G\u1ea7m Senfineco 9975 \u2013 650ML Anticor Underbody Protection \u2013 H\u00e0ng Ch\u00ednh H\u00e3ng \u2013 HIBUCENTER"},"content":{"rendered":"<p>{Chuy\u00ean Nghi\u1ec7p} Dung D\u1ecbch Ph\u1ee7 G\u1ea7m Senfineco 9975 \u2013 650ML Anticor Underbody Protection \u2013 H\u00e0ng Ch\u00ednh H\u00e3ng \u2013 HIBUCENTER<\/p>\n<p>  Th\u00f4ng s\u1ed1:<br \/>\n&#8211; Dung t\u00edch: 650ML<br \/>\n&#8211; Th\u01b0\u01a1ng hi\u1ec7u: Senfineco<br \/>\n&#8211; Xu\u1ea5t x\u1ee9: \u0110\u1ee9c<\/p>\n<p>  M\u00f4 t\u1ea3:<br \/>\nAnticor l\u00e0 v\u1eadt li\u1ec7u ph\u1ee7 g\u1ed1c bitum \u0111\u01b0\u1ee3c s\u1eed d\u1ee5ng l\u00e0m ch\u1ea5t ch\u1ed1ng \u0103n m\u00f2n \u0111\u1ec3 b\u1ea3o v\u1ec7 g\u1ea7m xe, v\u00f2m b\u00e1nh xe c\u0169ng nh\u01b0 d\u1ea7m d\u1ecdc, \u0111\u1ed3ng th\u1eddi k\u00e9o d\u00e0i tu\u1ed5i th\u1ecd l\u00e0m vi\u1ec7c c\u1ee7a ch\u00fang. Khuy\u1ebfn ngh\u1ecb \u0111\u1ec3 s\u1eeda ch\u1eefa v\u00e0 ni\u00eam phong c\u00e1c khu v\u1ef1c ti\u1ebfp x\u00fac. N\u00f3 t\u1ea1o th\u00e0nh m\u1ed9t l\u1edbp m\u00e0u \u0111en b\u1ec1n v\u00e0 \u0111\u00e0n h\u1ed3i b\u1ea3o v\u1ec7 kh\u1ecfi s\u1ecfi b\u1ecb nghi\u1ec1n n\u00e1t v\u00e0 t\u00e1ch ra. N\u00f3 c\u00f3 kh\u1ea3 n\u0103ng ch\u1ed1ng \u1ea9m, mu\u1ed1i v\u00e0 nhi\u1ec7t \u0111\u1ed9 thay \u0111\u1ed5i tuy\u1ec7t v\u1eddi. Ngo\u00e0i ra, n\u00f3 t\u1ea1o th\u00e0nh m\u1ed9t l\u1edbp ch\u1ed1ng \u1ed3n v\u00e0 ch\u1ed1ng rung. N\u00f3 \u0111\u01b0\u1ee3c \u00e1p d\u1ee5ng cho s\u1eaft, s\u01a1n m\u00e0i, ch\u1ea5t ch\u1ed1ng \u0103n m\u00f2n v\u00e0 nh\u1ef1a c\u1ee9ng. S\u1ea3n ph\u1ea9m n\u00e0y t\u1ea1o n\u00ean m\u1ed9t l\u1edbp ph\u1ee7 b\u1ec1n, m\u1ecbn, kh\u00f4 nhanh (2 gi\u1edd) v\u00e0 kh\u00f4ng th\u1ec3 x\u00f3a nh\u00f2a.<\/p>\n<p>  T\u00ednh ch\u1ea5t:<br \/>\n&#8211; D\u1ec5 s\u1eed d\u1ee5ng &#8211; b\u00ecnh x\u1ecbt<br \/>\n&#8211; V\u1eadt li\u1ec7u ph\u1ee7 d\u1ef1a tr\u00ean bitum<br \/>\n&#8211; B\u1ea3o v\u1ec7 hi\u1ec7u qu\u1ea3 kh\u1ecfi s\u1ef1 \u0103n m\u00f2n<br \/>\n&#8211; T\u1ea1o th\u00e0nh m\u1ed9t l\u1edbp b\u1ec1n nh\u01b0ng \u0111\u00e0n h\u1ed3i<br \/>\n&#8211; M\u00e0u \u0111en \u0111\u1eadm<\/p>\n<p>  \u1ee8ng d\u1ee5ng:<br \/>\n&#8211; S\u1eed d\u1ee5ng \u1edf n\u01a1i tho\u00e1ng m\u00e1t. L\u00e0m s\u1ea1ch b\u1ec1 m\u1eb7t \u0111\u00e3 x\u1eed l\u00fd kh\u1ecfi r\u1ec9 s\u00e9t, s\u01a1n c\u0169, d\u1ea7u v\u00e0 b\u1ee5i b\u1ea9n, lau kh\u00f4.<br \/>\n&#8211; L\u1eafc lon 2 ph\u00fat tr\u01b0\u1edbc khi s\u1eed d\u1ee5ng v\u00e0 th\u01b0\u1eddng xuy\u00ean trong qu\u00e1 tr\u00ecnh s\u1eed d\u1ee5ng.<br \/>\n&#8211; Gi\u1eef lon \u1edf t\u01b0 th\u1ebf th\u1eb3ng \u0111\u1ee9ng. Phun t\u1eeb kho\u1ea3ng c\u00e1ch 40 cm v\u00e0 trong m\u1ed9t chuy\u1ec3n \u0111\u1ed9ng \u1ed5n \u0111\u1ecbnh. C\u00e1c c\u1ea1nh phun n\u00ean ch\u1ed3ng l\u00ean nhau kho\u1ea3ng. 10 cm.<br \/>\n&#8211; Lau s\u1ea1ch c\u00e1c khu v\u1ef1c b\u1ecb b\u1ea9n ngay l\u1eadp t\u1ee9c.<br \/>\n&#8211; Thi c\u00f4ng 2 &#8211; 3 l\u1edbp c\u00e1ch nhau \u00edt nh\u1ea5t 20 ph\u00fat.<br \/>\n&#8211; Sau khi ho\u00e0n th\u00e0nh c\u00f4ng vi\u1ec7c, h\u00e3y v\u1ec7 sinh m\u00e1y phun s\u01b0\u01a1ng b\u1eb1ng c\u00e1ch l\u1eadt ng\u01b0\u1ee3c n\u1eafp h\u1ed9p v\u00e0 nh\u1ea5n \u0111\u1ea7u phun trong v\u00e0i gi\u00e2y.<br \/>\n&#8211; Kh\u00f4 ho\u00e0n to\u00e0n trong v\u00f2ng 24 gi\u1edd.<\/p>\n<p>  M\u00e3 s\u1ea3n ph\u1ea9m: 9975 \u2013 Anticor Underbody Protection \u2013 Dung D\u1ecbch Ph\u1ee7 G\u1ea7m <\/p>\n<p>HIBUCENTER cam k\u1ebft b\u00e1n t\u1ea5t c\u1ea3 c\u00e1c s\u1ea3n ph\u1ea9m c\u1ee7a SENFINECO Ch\u00ednh H\u00e3ng &#8211; Uy T\u00edn &#8211; Ch\u1ea5t L\u01b0\u1ee3ng!!!!<\/p>\n<p>#SENFINECO #HIBUCENTER #ChamSocXeMay #ChamSocOto #MadeInGermany #XuatXuDuc #SenfinecoGermany #CarCare #PhuGiaChamSocXe #Rider #Motorbike #Senfineco9975 #DungDichPhuGam #AnticorUnderbodyProtection<\/p>\n","protected":false},"excerpt":{"rendered":"<p>{Chuy\u00ean Nghi\u1ec7p} Dung D\u1ecbch Ph\u1ee7 G\u1ea7m Senfineco 9975 \u2013 650ML Anticor Underbody Protection \u2013 H\u00e0ng Ch\u00ednh H\u00e3ng \u2013 HIBUCENTER Th\u00f4ng s\u1ed1: &#8211; Dung t\u00edch: 650ML &#8211; Th\u01b0\u01a1ng hi\u1ec7u: Senfineco &#8211; Xu\u1ea5t x\u1ee9: \u0110\u1ee9c M\u00f4 t\u1ea3: Anticor l\u00e0 v\u1eadt li\u1ec7u ph\u1ee7 g\u1ed1c bitum \u0111\u01b0\u1ee3c s\u1eed d\u1ee5ng l\u00e0m ch\u1ea5t ch\u1ed1ng \u0103n m\u00f2n \u0111\u1ec3 b\u1ea3o v\u1ec7 g\u1ea7m xe,&hellip;<\/p>\n","protected":false},"featured_media":8755,"comment_status":"closed","ping_status":"open","template":"","meta":[],"product_cat":[118],"product_tag":[187],"class_list":{"0":"post-8753","1":"product","2":"type-product","3":"status-publish","4":"has-post-thumbnail","6":"product_brand-senfineco","7":"product_cat-dung-dich-phu-gia-dau-nhon","8":"product_tag-senfineco","10":"first","11":"instock","12":"product-type-simple","13":"col-xs-6 col-sm-4","14":"col-md-3 col-lg-3","15":"un-4-cols"},"_links":{"self":[{"href":"https:\/\/hibucenter.com\/index.php\/wp-json\/wp\/v2\/product\/8753","targetHints":{"allow":["GET"]}}],"collection":[{"href":"https:\/\/hibucenter.com\/index.php\/wp-json\/wp\/v2\/product"}],"about":[{"href":"https:\/\/hibucenter.com\/index.php\/wp-json\/wp\/v2\/types\/product"}],"replies":[{"embeddable":true,"href":"https:\/\/hibucenter.com\/index.php\/wp-json\/wp\/v2\/comments?post=8753"}],"version-history":[{"count":1,"href":"https:\/\/hibucenter.com\/index.php\/wp-json\/wp\/v2\/product\/8753\/revisions"}],"predecessor-version":[{"id":8754,"href":"https:\/\/hibucenter.com\/index.php\/wp-json\/wp\/v2\/product\/8753\/revisions\/8754"}],"wp:featuredmedia":[{"embeddable":true,"href":"https:\/\/hibucenter.com\/index.php\/wp-json\/wp\/v2\/media\/8755"}],"wp:attachment":[{"href":"https:\/\/hibucenter.com\/index.php\/wp-json\/wp\/v2\/media?parent=8753"}],"wp:term":[{"taxonomy":"product_cat","embeddable":true,"href":"https:\/\/hibucenter.com\/index.php\/wp-json\/wp\/v2\/product_cat?post=8753"},{"taxonomy":"product_tag","embeddable":true,"href":"https:\/\/hibucenter.com\/index.php\/wp-json\/wp\/v2\/product_tag?post=8753"}],"curies":[{"name":"wp","href":"https:\/\/api.w.org\/{rel}","templated":true}]}}