{"id":8741,"date":"2025-05-22T10:03:25","date_gmt":"2025-05-22T03:03:25","guid":{"rendered":"http:\/\/hibucenter.com\/index.php\/chai-ve-sinh-lop-xe-senfineco-9917-400ml-tire-schine-tire-foam-cleaner-hang-duc-chinh-hang-hibucenter\/"},"modified":"2025-05-23T11:10:27","modified_gmt":"2025-05-23T04:10:27","slug":"chai-ve-sinh-lop-xe-senfineco-9917-400ml-tire-schine-tire-foam-cleaner-hang-duc-chinh-hang-hibucenter","status":"publish","type":"product","link":"https:\/\/hibucenter.com\/index.php\/chai-ve-sinh-lop-xe-senfineco-9917-400ml-tire-schine-tire-foam-cleaner-hang-duc-chinh-hang-hibucenter\/","title":{"rendered":"Chai V\u1ec7 Sinh L\u1ed1p Xe SENFINECO 9917 \u2013 400ML Tire Schine Tire Foam Cleaner \u2013 H\u00e0ng \u0110\u1ee9c Ch\u00ednh H\u00e3ng \u2013 HIBUCENTER"},"content":{"rendered":"<p>Chai V\u1ec7 Sinh L\u1ed1p Xe SENFINECO 9917 \u2013 400ML Tire Schine Tire Foam Cleaner \u2013 H\u00e0ng \u0110\u1ee9c Ch\u00ednh H\u00e3ng \u2013 HIBUCENTER<\/p>\n<p>Chai V\u1ec7 Sinh L\u1ed1p Xe SENFINECO 9917 \u2013 400ML Tire Schine Tire Foam Cleaner l\u00e0 s\u1ea3n ph\u1ea9m l\u00e0m b\u00f3ng v\u1ecf xe \u00f4 t\u00f4, ph\u1ee5c h\u1ed3i m\u00e0u \u0111en c\u1ee7a v\u1ecf xe m\u00e0 kh\u00f4ng c\u1ea7n n\u01b0\u1edbc, b\u00e0n ch\u1ea3i ch\u00e0 m\u1ea1nh l\u00e0m s\u1ea1ch v\u1ecf. S\u1ea3n ph\u1ea9m ch\u1ee9a m\u1ed9t l\u01b0\u1ee3ng l\u1edbn c\u00e1c th\u00e0nh ph\u1ea7n ho\u1ea1t t\u00ednh v\u00e0 polyme gi\u00fap b\u1ea3o v\u1ec7 cao su trong th\u1eddi gian d\u00e0i. S\u1eed d\u1ee5ng \u0111\u1ec3 l\u00e0m s\u1ea1ch, \u0111\u00e1nh b\u00f3ng v\u00e0 b\u1ea3o v\u1ec7 v\u1ecf xe kh\u1ecfi b\u1ecb l\u00e3o h\u00f3a v\u00e0 b\u1ecb n\u1ee9t n\u1ebb. T\u1ea1o th\u00e0nh m\u1ed9t l\u1edbp b\u1ecdt c\u00f3 \u0111\u1eb7c t\u00ednh th\u1ea9m th\u1ea5u cao. L\u00e0m s\u1ea1ch ho\u00e0n h\u1ea3o l\u1ed1p xe kh\u1ecfi b\u1ee5i b\u1ea9n v\u00e0 b\u1ee5i \u0111\u01b0\u1eddng. H\u00ecnh th\u00e0nh tr\u00ean b\u1ec1 m\u1eb7t cao su m\u1ed9t m\u00e0u \u0111en s\u00e1ng b\u00f3ng t\u1ef1 nhi\u00ean.<\/p>\n<p>&#8211; Dung t\u00edch: 400ML<br \/>\n&#8211; Th\u01b0\u01a1ng hi\u1ec7u: Senfineco<br \/>\n&#8211; Nh\u1eadp Kh\u1ea9u: Germany &#8211; \u0110\u1ee9c<br \/>\n&#8211; T\u00ean s\u1ea3n ph\u1ea9m: V\u1ec7 sinh l\u1ed1p xe &#8211; Tire Schine Tire foam cleaner<br \/>\n&#8211; M\u00e3 s\u1ea3n ph\u1ea9m: 9917<\/p>\n<p>\u0110\u1eb7c \u0111i\u1ec3m n\u1ed5i b\u1eadt:<br \/>\n* L\u00e0m s\u1ea1ch v\u00e0 ph\u1ee5c h\u1ed3i m\u00e0u \u0111en c\u1ee7a v\u1ecf xe<br \/>\n* C\u00f3 1 l\u1edbp Polyme b\u1ea3o v\u1ec7 b\u1ec1 m\u1eb7t v\u1ecf<br \/>\n* Ch\u1ed1ng l\u00e3o h\u00f3a v\u00e0 n\u1ee9t v\u1ecf xe<br \/>\n* B\u1ecdt l\u00e0m b\u00f3ng v\u1ecf th\u1ea9m th\u1ea5u cao v\u00e0 l\u00e0m s\u1ea1ch nhanh<br \/>\n* Lo\u1ea1i b\u1ecf b\u1ee5i b\u1ea9n, b\u1ee5i \u0111\u01b0\u1eddng nhanh ch\u00f3ng<br \/>\n* T\u1ea1o \u0111\u1ed9 b\u00f3ng tr\u00ean b\u1ec1 m\u1eb7t v\u1ecf xe<\/p>\n<p>HIBUCENTER cam k\u1ebft b\u00e1n t\u1ea5t c\u1ea3 c\u00e1c s\u1ea3n ph\u1ea9m c\u1ee7a SENFINECO Ch\u00ednh H\u00e3ng \u2013 Uy T\u00edn \u2013 Ch\u1ea5t L\u01b0\u1ee3ng!!!!<\/p>\n<p>#SENFINECO #HIBUCENTER #ChamSocXeMay #ChamSocOto #MadeInGermany #XuatXuDuc #SenfinecoGermany #CarCare #PhuGiaChamSocXe #Rider #Motorbike #Senfineco9917 # V\u1ec7_Sinh_L\u1ed1p_Xe_SENFINECO_9917<\/p>\n","protected":false},"excerpt":{"rendered":"<p>Chai V\u1ec7 Sinh L\u1ed1p Xe SENFINECO 9917 \u2013 400ML Tire Schine Tire Foam Cleaner \u2013 H\u00e0ng \u0110\u1ee9c Ch\u00ednh H\u00e3ng \u2013 HIBUCENTER Chai V\u1ec7 Sinh L\u1ed1p Xe SENFINECO 9917 \u2013 400ML Tire Schine Tire Foam Cleaner l\u00e0 s\u1ea3n ph\u1ea9m l\u00e0m b\u00f3ng v\u1ecf xe \u00f4 t\u00f4, ph\u1ee5c h\u1ed3i m\u00e0u \u0111en c\u1ee7a v\u1ecf xe m\u00e0 kh\u00f4ng c\u1ea7n n\u01b0\u1edbc,&hellip;<\/p>\n","protected":false},"featured_media":8743,"comment_status":"closed","ping_status":"open","template":"","meta":[],"product_cat":[118],"product_tag":[187],"class_list":{"0":"post-8741","1":"product","2":"type-product","3":"status-publish","4":"has-post-thumbnail","6":"product_brand-senfineco","7":"product_cat-dung-dich-phu-gia-dau-nhon","8":"product_tag-senfineco","10":"first","11":"instock","12":"product-type-simple","13":"col-xs-6 col-sm-4","14":"col-md-3 col-lg-3","15":"un-4-cols"},"_links":{"self":[{"href":"https:\/\/hibucenter.com\/index.php\/wp-json\/wp\/v2\/product\/8741","targetHints":{"allow":["GET"]}}],"collection":[{"href":"https:\/\/hibucenter.com\/index.php\/wp-json\/wp\/v2\/product"}],"about":[{"href":"https:\/\/hibucenter.com\/index.php\/wp-json\/wp\/v2\/types\/product"}],"replies":[{"embeddable":true,"href":"https:\/\/hibucenter.com\/index.php\/wp-json\/wp\/v2\/comments?post=8741"}],"version-history":[{"count":1,"href":"https:\/\/hibucenter.com\/index.php\/wp-json\/wp\/v2\/product\/8741\/revisions"}],"predecessor-version":[{"id":8742,"href":"https:\/\/hibucenter.com\/index.php\/wp-json\/wp\/v2\/product\/8741\/revisions\/8742"}],"wp:featuredmedia":[{"embeddable":true,"href":"https:\/\/hibucenter.com\/index.php\/wp-json\/wp\/v2\/media\/8743"}],"wp:attachment":[{"href":"https:\/\/hibucenter.com\/index.php\/wp-json\/wp\/v2\/media?parent=8741"}],"wp:term":[{"taxonomy":"product_cat","embeddable":true,"href":"https:\/\/hibucenter.com\/index.php\/wp-json\/wp\/v2\/product_cat?post=8741"},{"taxonomy":"product_tag","embeddable":true,"href":"https:\/\/hibucenter.com\/index.php\/wp-json\/wp\/v2\/product_tag?post=8741"}],"curies":[{"name":"wp","href":"https:\/\/api.w.org\/{rel}","templated":true}]}}