{"id":8727,"date":"2025-05-22T10:03:25","date_gmt":"2025-05-22T03:03:25","guid":{"rendered":"http:\/\/hibucenter.com\/index.php\/phu-gia-on-dinh-nhot-senfineco-9976-300ml-engine-oil-treatment-hang-chinh-hang-hibucenter\/"},"modified":"2025-05-23T11:10:27","modified_gmt":"2025-05-23T04:10:27","slug":"phu-gia-on-dinh-nhot-senfineco-9976-300ml-engine-oil-treatment-hang-chinh-hang-hibucenter","status":"publish","type":"product","link":"https:\/\/hibucenter.com\/index.php\/phu-gia-on-dinh-nhot-senfineco-9976-300ml-engine-oil-treatment-hang-chinh-hang-hibucenter\/","title":{"rendered":"Ph\u1ee5 Gia \u1ed4n \u0110\u1ecbnh Nh\u1edbt Senfineco 9976 \u2013 300ML Engine Oil Treatment \u2013 H\u00e0ng Ch\u00ednh H\u00e3ng \u2013 HIBUCENTER"},"content":{"rendered":"<p>Ph\u1ee5 Gia \u1ed4n \u0110\u1ecbnh Nh\u1edbt Senfineco 9976 \u2013 300ML Engine Oil Treatment \u2013 H\u00e0ng Ch\u00ednh H\u00e3ng \u2013 HIBUCENTER<\/p>\n<p>Ph\u1ee5 Gia \u1ed4n \u0110\u1ecbnh Nh\u1edbt Senfineco 9976 \u2013 300ML Engine Oil Treatment l\u00e0 m\u1ed9t ch\u1ea5t ph\u1ee5 gia hi\u1ec7n \u0111\u1ea1i, hi\u1ec7u su\u1ea5t cao \u0111\u1ec3 \u1ed5n \u0111\u1ecbnh \u0111\u1ed9 nh\u1edbt c\u1ee7a d\u1ea7u \u0111\u1ed9ng c\u01a1. N\u00f3 l\u00e0m gi\u1ea3m ti\u00eau th\u1ee5 d\u1ea7u th\u00f4ng qua v\u00f2ng piston v\u00e0 h\u01b0\u1edbng d\u1eabn van trong \u0111\u1ed9ng c\u01a1 x\u0103ng v\u00e0 diesel. N\u00f3 ng\u0103n ch\u1eb7n kh\u00f3i xanh v\u00e0 s\u01b0\u01a1ng m\u00f9 d\u1ea7u v\u00e0 b\u1ea3o v\u1ec7 \u0111\u1ed9 nh\u1edbt c\u1ee7a d\u1ea7u \u0111\u1ed9ng c\u01a1. T\u0103ng \u0111\u1ed9 n\u00e9n v\u00e0 gi\u1ea3m ti\u1ebfng \u1ed3n \u0111\u1ed9ng c\u01a1 tr\u00ean c\u00e1c v\u00f2i th\u1ee7y l\u1ef1c. N\u00f3 cung c\u1ea5p b\u1ea3o v\u1ec7 th\u00eam cho \u0111\u1ed9ng c\u01a1 hao m\u00f2n cao, k\u00e9o d\u00e0i tu\u1ed5i th\u1ecd c\u1ee7a b\u1ed9 chuy\u1ec3n \u0111\u1ed5i x\u00fac t\u00e1c. Ph\u1ee5 gia d\u1ea7u \u0111\u1ed9ng c\u01a1 cho \u0111\u1ed9ng c\u01a1 c\u00f3 tri\u1ec7u ch\u1ee9ng hao m\u00f2n.<\/p>\n<p>\u0110\u1eb7c t\u00ednh:<br \/>\n&#8211; Ph\u1ee5c h\u1ed3i \u00e1p l\u1ef1c d\u1ea7u<br \/>\n&#8211; T\u0103ng ch\u1ec9 s\u1ed1 \u0111\u1ed9 nh\u1edbt c\u1ee7a d\u1ea7u b\u00f4i tr\u01a1n<br \/>\n&#8211; Gi\u1ea3m ti\u00eau th\u1ee5 d\u1ea7u qu\u00e1 m\u1ee9c v\u00e0 kh\u00f3i th\u1ea3i do ti\u00eau th\u1ee5 d\u1ea7u<br \/>\n&#8211; Gi\u1ea3m ti\u1ebfng \u1ed3n \u0111\u1ed9ng c\u01a1<br \/>\n&#8211; T\u0103ng c\u01b0\u1eddng m\u00e0ng d\u1ea7u \u1edf nhi\u1ec7t \u0111\u1ed9 cao<br \/>\n&#8211; C\u1ea3i thi\u1ec7n \u0111\u1ed9 tin c\u1eady v\u00e0 hi\u1ec7u su\u1ea5t c\u1ee7a \u0111\u1ed9ng c\u01a1b\u1eb1ng c\u00e1ch kh\u00f4i ph\u1ee5c n\u00e9n<br \/>\n&#8211; B\u1ea3o v\u1ec7 ch\u1ed1ng \u0103n m\u00f2n, oxy h\u00f3a, r\u1ec9 s\u00e9t v\u00e0 m\u00f2n<br \/>\n&#8211; T\u01b0\u01a1ng th\u00edch v\u1edbi t\u1ea5t c\u1ea3 c\u00e1c lo\u1ea1i d\u1ea7u kho\u00e1ng v\u00e0 t\u1ed5ng h\u1ee3p<br \/>\n&#8211; Kh\u00f4ng g\u00e2y h\u1ea1i cho b\u1ed9 chuy\u1ec3n \u0111\u1ed5i x\u00fac t\u00e1c ho\u1eb7c B\u1ed9 l\u1ecdc h\u1ea1t Diesel<\/p>\n<p>+ Dung t\u00edch: 300ML<br \/>\n+ Th\u01b0\u01a1ng hi\u1ec7u: Senfineco<br \/>\n+ Nh\u1eadp Kh\u1ea9u: Germany &#8211; \u0110\u1ee9c<br \/>\n+ M\u00e3 s\u1ea3n ph\u1ea9m: 9976<\/p>\n<p>\u1ee8ng d\u1ee5ng:<br \/>\n&#8211; 1 chai c\u00f3 th\u1ec3 l\u00e0 \u0111\u1ee7 cho d\u1ea7u \u0111\u1ed9ng c\u01a1 l\u00ean \u0111\u1ebfn 6L.<br \/>\n&#8211; \u0110\u1ec1 xu\u1ea5t cho t\u1ea5t c\u1ea3 c\u00e1c \u0111\u1ed9ng c\u01a1x\u0103ng v\u00e0 diesel c\u1ee7a xe v\u00e0 thi\u1ebft b\u1ecb \u0111\u1ee9ng y\u00ean v\u1edbi m\u1ee9c ti\u00eau th\u1ee5 d\u1ea7u cao, \u00e1p su\u1ea5t d\u1ea7u th\u1ea5p v\u00e0 n\u00e9n th\u1ea5p v\u00e0 \u0111\u1ed9ng c\u01a1 t\u1ea1o ra ti\u1ebfng \u1ed3n do hao m\u00f2n. \u0110\u1eb7c bi\u1ec7t hi\u1ec7u qu\u1ea3 trong \u0111\u1ed9ng c\u01a1 c\u0169.<br \/>\n&#8211; Sau khi th\u00eam v\u00e0o d\u1ea7u \u0111\u1ed9ng c\u01a1, l\u00e0m n\u00f3ng \u0111\u1ed9ng c\u01a1b\u1eb1ng c\u00e1ch ch\u1ea1y kh\u00f4ng t\u1ea3i.<br \/>\n&#8211; Vi\u1ec7c b\u1ed5 sung c\u00f3 th\u1ec3 \u0111\u01b0\u1ee3c th\u1ef1c hi\u1ec7n b\u1ea5t c\u1ee9 l\u00fac n\u00e0o.<\/p>\n<p>HIBUCENTER cam k\u1ebft b\u00e1n t\u1ea5t c\u1ea3 c\u00e1c s\u1ea3n ph\u1ea9m c\u1ee7a SENFINECO Ch\u00ednh H\u00e3ng \u2013 Uy T\u00edn \u2013 Ch\u1ea5t L\u01b0\u1ee3ng!!!!<\/p>\n<p>#SENFINECO #HIBUCENTER #ChamSocXeMay #ChamSocOto #MadeInGermany #XuatXuDuc #SenfinecoGermany #CarCare #PhuGiaChamSocXe #Rider #Motorbike #Senfineco9976 #PhuGiaOnDinhDoNhotSenfineco9976<\/p>\n","protected":false},"excerpt":{"rendered":"<p>Ph\u1ee5 Gia \u1ed4n \u0110\u1ecbnh Nh\u1edbt Senfineco 9976 \u2013 300ML Engine Oil Treatment \u2013 H\u00e0ng Ch\u00ednh H\u00e3ng \u2013 HIBUCENTER Ph\u1ee5 Gia \u1ed4n \u0110\u1ecbnh Nh\u1edbt Senfineco 9976 \u2013 300ML Engine Oil Treatment l\u00e0 m\u1ed9t ch\u1ea5t ph\u1ee5 gia hi\u1ec7n \u0111\u1ea1i, hi\u1ec7u su\u1ea5t cao \u0111\u1ec3 \u1ed5n \u0111\u1ecbnh \u0111\u1ed9 nh\u1edbt c\u1ee7a d\u1ea7u \u0111\u1ed9ng c\u01a1. N\u00f3 l\u00e0m gi\u1ea3m ti\u00eau th\u1ee5 d\u1ea7u&hellip;<\/p>\n","protected":false},"featured_media":8729,"comment_status":"closed","ping_status":"open","template":"","meta":[],"product_cat":[118],"product_tag":[187],"class_list":{"0":"post-8727","1":"product","2":"type-product","3":"status-publish","4":"has-post-thumbnail","6":"product_brand-senfineco","7":"product_cat-dung-dich-phu-gia-dau-nhon","8":"product_tag-senfineco","10":"first","11":"instock","12":"product-type-simple","13":"col-xs-6 col-sm-4","14":"col-md-3 col-lg-3","15":"un-4-cols"},"_links":{"self":[{"href":"https:\/\/hibucenter.com\/index.php\/wp-json\/wp\/v2\/product\/8727","targetHints":{"allow":["GET"]}}],"collection":[{"href":"https:\/\/hibucenter.com\/index.php\/wp-json\/wp\/v2\/product"}],"about":[{"href":"https:\/\/hibucenter.com\/index.php\/wp-json\/wp\/v2\/types\/product"}],"replies":[{"embeddable":true,"href":"https:\/\/hibucenter.com\/index.php\/wp-json\/wp\/v2\/comments?post=8727"}],"version-history":[{"count":1,"href":"https:\/\/hibucenter.com\/index.php\/wp-json\/wp\/v2\/product\/8727\/revisions"}],"predecessor-version":[{"id":8728,"href":"https:\/\/hibucenter.com\/index.php\/wp-json\/wp\/v2\/product\/8727\/revisions\/8728"}],"wp:featuredmedia":[{"embeddable":true,"href":"https:\/\/hibucenter.com\/index.php\/wp-json\/wp\/v2\/media\/8729"}],"wp:attachment":[{"href":"https:\/\/hibucenter.com\/index.php\/wp-json\/wp\/v2\/media?parent=8727"}],"wp:term":[{"taxonomy":"product_cat","embeddable":true,"href":"https:\/\/hibucenter.com\/index.php\/wp-json\/wp\/v2\/product_cat?post=8727"},{"taxonomy":"product_tag","embeddable":true,"href":"https:\/\/hibucenter.com\/index.php\/wp-json\/wp\/v2\/product_tag?post=8727"}],"curies":[{"name":"wp","href":"https:\/\/api.w.org\/{rel}","templated":true}]}}