{"id":8692,"date":"2025-05-22T10:03:25","date_gmt":"2025-05-22T03:03:25","guid":{"rendered":"http:\/\/hibucenter.com\/index.php\/100-germany-xit-duong-sen-senfineco-9924-200ml-chain-lub-extreme-hibucenter\/"},"modified":"2025-05-23T11:10:28","modified_gmt":"2025-05-23T04:10:28","slug":"100-germany-xit-duong-sen-senfineco-9924-200ml-chain-lub-extreme-hibucenter","status":"publish","type":"product","link":"https:\/\/hibucenter.com\/index.php\/100-germany-xit-duong-sen-senfineco-9924-200ml-chain-lub-extreme-hibucenter\/","title":{"rendered":"[100% Germany] X\u1ecbt D\u01b0\u1ee1ng S\u00ean SENFINECO 9924 &#8211; 200ML Chain Lub Extreme | HIBUCENTER"},"content":{"rendered":"<p>[100% Germany] X\u1ecbt D\u01b0\u1ee1ng S\u00ean Senfineco 9924 &#8211; 200ML Chain Lub Extreme<\/p>\n<p>[100% Germany] X\u1ecbt D\u01b0\u1ee1ng S\u00ean Senfineco 9924 &#8211; 200ML Chain Lub Extreme l\u00e0 M\u1ee1 ch\u1ecbu nhi\u1ec7t \u0111\u1ed9 cao t\u1ed5ng h\u1ee3p ho\u00e0n to\u00e0n m\u00e0u xanh lam, \u0111\u01b0\u1ee3c gia c\u1ed1 b\u1eb1ng c\u00f4ng ngh\u1ec7 CeraMol, th\u1ec3 hi\u1ec7n \u0111\u1eb7c t\u00ednh nhi\u1ec7t \u0111\u1ed9 cao v\u00e0 th\u1ea5p tuy\u1ec7t v\u1eddi, d\u00e0nh cho \u00f4 t\u00f4 v\u00e0 xe m\u00e1y, x\u00edch chuy\u1ec3n \u0111\u1ed9ng nhanh. L\u1edbp m\u1ee1 m\u1ec1m kh\u00f4ng d\u00ednh \u0111\u01b0\u1ee3c t\u1ea1o th\u00e0nh b\u00e1m ch\u1eb7t v\u00e0o \u0111i\u1ec3m ti\u1ebfp x\u00fac, gi\u1ea3m ma s\u00e1t c\u1ee7a c\u00e1c b\u1ed9 ph\u1eadn v\u00e0 ch\u1ed1ng b\u1ee5i b\u1ea9n, n\u01b0\u1edbc x\u00e2m nh\u1eadp, v\u00e0o m\u00f9a \u0111\u00f4ng ng\u0103n ch\u1eb7n s\u1ef1 \u0111\u00f3ng b\u0103ng c\u1ee7a m\u1eaft x\u00edch. N\u00f3 c\u1ef1c k\u1ef3 k\u1ebft d\u00ednh, cung c\u1ea5p kh\u1ea3 n\u0103ng b\u1ea3o v\u1ec7 ch\u1ed1ng \u0103n m\u00f2n \u0111\u00e1ng tin c\u1eady v\u00e0 c\u00f3 \u0111\u1ed9 tu\u1ed5i v\u00e0 \u0111\u1ed9 b\u1ec1n cao. \u0110\u1ea3m b\u1ea3o b\u00f4i tr\u01a1n v\u00e0 b\u1ea3o v\u1ec7 l\u00e2u d\u00e0i.<\/p>\n<p>&#8211; Dung t\u00edch: 200ML<br \/>\n&#8211; Th\u01b0\u01a1ng hi\u1ec7u: Senfineco<br \/>\n&#8211; Nh\u1eadp Kh\u1ea9u: Germany &#8211; \u0110\u1ee9c<br \/>\n&#8211; T\u00ean s\u1ea3n ph\u1ea9m: X\u1ecbt D\u01b0\u1ee1ng S\u00ean<br \/>\n&#8211; M\u00e3 s\u1ea3n ph\u1ea9m: 9924<\/p>\n<p>T\u00ednh ch\u1ea5t<br \/>\n&#8211; \u0110\u01b0\u1ee3c thi\u1ebft k\u1ebf cho c\u00e1c \u0111i\u1ec1u ki\u1ec7n ho\u1ea1t \u0111\u1ed9ng kh\u00f3 kh\u0103n v\u00e0 nhi\u1ec1u b\u1ee5i<br \/>\n&#8211; B\u1ea3o v\u1ec7 \u0111\u00e1ng tin c\u1eady ch\u1ed1ng r\u1ec9 s\u00e9t v\u00e0 \u0103n m\u00f2n<br \/>\n&#8211; Ch\u1ea5t ch\u1ed1ng th\u1ea5m<br \/>\n&#8211; \u0110\u1eb7c t\u00ednh th\u00e2m nh\u1eadp v\u01b0\u1ee3t tr\u1ed9i<br \/>\n&#8211; Ph\u1ea1m vi nhi\u1ec7t \u0111\u1ed9 cao: -35 \u00b0 C \u0111\u1ebfn + 265 \u00b0 C<br \/>\n&#8211; Trung l\u1eadp \u0111\u1ed1i v\u1edbi kim lo\u1ea1i, v\u00e9c ni, nh\u1ef1a v\u00e0 cao su<\/p>\n<p>\u1ee8ng d\u1ee5ng<br \/>\n&#8211; D\u00e0nh cho t\u1ea5t c\u1ea3 c\u00e1c lo\u1ea1i x\u00edch v\u00e0 x\u00edch ti\u00eau chu\u1ea9n v\u1edbi O-RING, X-RING v\u00e0 Z-RING cho xe m\u00e1y, xe go-kart v\u00e0 \u1ed5 \u0111i\u1ec7n c\u00f4ng nghi\u1ec7p.<\/p>\n<p>HIBUCENTER cam k\u1ebft b\u00e1n t\u1ea5t c\u1ea3 c\u00e1c s\u1ea3n ph\u1ea9m c\u1ee7a SENFINECO Ch\u00ednh H\u00e3ng \u2013 Uy T\u00edn \u2013 Ch\u1ea5t L\u01b0\u1ee3ng!!!!<\/p>\n<p>#SENFINECO #HIBUCENTER #ChamSocXeMay #ChamSocOto #MadeInGermany #XuatXuDuc #SenfinecoGermany #CarCare #PhuGiaChamSocXe #Rider #Motorbike #Senfineco9924 #V\u1ec7_Sinh_H\u1ec7_Th\u1ed1ng_N\u1ea1p_Bu\u1ed3ng_\u0110\u1ed1t_v\u00e0_X\u1ea3_M\u00e1y_D\u1ea7u #SenfinecoDieselIntakeSystemCleaner # Senfineco9924-200ML<\/p>\n","protected":false},"excerpt":{"rendered":"<p>[100% Germany] X\u1ecbt D\u01b0\u1ee1ng S\u00ean Senfineco 9924 &#8211; 200ML Chain Lub Extreme [100% Germany] X\u1ecbt D\u01b0\u1ee1ng S\u00ean Senfineco 9924 &#8211; 200ML Chain Lub Extreme l\u00e0 M\u1ee1 ch\u1ecbu nhi\u1ec7t \u0111\u1ed9 cao t\u1ed5ng h\u1ee3p ho\u00e0n to\u00e0n m\u00e0u xanh lam, \u0111\u01b0\u1ee3c gia c\u1ed1 b\u1eb1ng c\u00f4ng ngh\u1ec7 CeraMol, th\u1ec3 hi\u1ec7n \u0111\u1eb7c t\u00ednh nhi\u1ec7t \u0111\u1ed9 cao v\u00e0 th\u1ea5p tuy\u1ec7t v\u1eddi,&hellip;<\/p>\n","protected":false},"featured_media":8694,"comment_status":"closed","ping_status":"open","template":"","meta":[],"product_cat":[118],"product_tag":[187],"class_list":{"0":"post-8692","1":"product","2":"type-product","3":"status-publish","4":"has-post-thumbnail","6":"product_brand-senfineco","7":"product_cat-dung-dich-phu-gia-dau-nhon","8":"product_tag-senfineco","10":"first","11":"instock","12":"product-type-simple","13":"col-xs-6 col-sm-4","14":"col-md-3 col-lg-3","15":"un-4-cols"},"_links":{"self":[{"href":"https:\/\/hibucenter.com\/index.php\/wp-json\/wp\/v2\/product\/8692","targetHints":{"allow":["GET"]}}],"collection":[{"href":"https:\/\/hibucenter.com\/index.php\/wp-json\/wp\/v2\/product"}],"about":[{"href":"https:\/\/hibucenter.com\/index.php\/wp-json\/wp\/v2\/types\/product"}],"replies":[{"embeddable":true,"href":"https:\/\/hibucenter.com\/index.php\/wp-json\/wp\/v2\/comments?post=8692"}],"version-history":[{"count":1,"href":"https:\/\/hibucenter.com\/index.php\/wp-json\/wp\/v2\/product\/8692\/revisions"}],"predecessor-version":[{"id":8693,"href":"https:\/\/hibucenter.com\/index.php\/wp-json\/wp\/v2\/product\/8692\/revisions\/8693"}],"wp:featuredmedia":[{"embeddable":true,"href":"https:\/\/hibucenter.com\/index.php\/wp-json\/wp\/v2\/media\/8694"}],"wp:attachment":[{"href":"https:\/\/hibucenter.com\/index.php\/wp-json\/wp\/v2\/media?parent=8692"}],"wp:term":[{"taxonomy":"product_cat","embeddable":true,"href":"https:\/\/hibucenter.com\/index.php\/wp-json\/wp\/v2\/product_cat?post=8692"},{"taxonomy":"product_tag","embeddable":true,"href":"https:\/\/hibucenter.com\/index.php\/wp-json\/wp\/v2\/product_tag?post=8692"}],"curies":[{"name":"wp","href":"https:\/\/api.w.org\/{rel}","templated":true}]}}