{"id":8685,"date":"2025-05-22T10:03:25","date_gmt":"2025-05-22T03:03:25","guid":{"rendered":"http:\/\/hibucenter.com\/index.php\/binh-xit-silicone-senfineco-9990-450ml-silicone-spray-lam-kin-joan-cao-su-cua-den-vv\/"},"modified":"2025-05-23T11:10:28","modified_gmt":"2025-05-23T04:10:28","slug":"binh-xit-silicone-senfineco-9990-450ml-silicone-spray-lam-kin-joan-cao-su-cua-den-vv","status":"publish","type":"product","link":"https:\/\/hibucenter.com\/index.php\/binh-xit-silicone-senfineco-9990-450ml-silicone-spray-lam-kin-joan-cao-su-cua-den-vv\/","title":{"rendered":"B\u00ecnh X\u1ecbt Silicone SENFINECO 9990 \u2013 450ML Silicone Spray L\u00e0m K\u00edn Joan Cao Su C\u1eeda, \u0110\u00e8n, vv &#8230;"},"content":{"rendered":"<p>[C\u1ea7n Thi\u1ebft] B\u00ecnh X\u1ecbt Silicone Senfineco 9990 \u2013 450ML Silicone Spray L\u00e0m K\u00edn Joan Cao Su C\u1eeda, \u0110\u00e8n, vv &#8230;<\/p>\n<p>B\u00ecnh X\u1ecbt Silicone Senfineco 9990 \u2013 450ML Silicone Spray L\u00e0m K\u00edn Joan Cao Su C\u1eeda, \u0110\u00e8n, vv &#8230; l\u00e0 ch\u1ea5t gi\u1ea3i ph\u00f3ng kh\u00f4ng ch\u1ee9a d\u1ea7u kho\u00e1ng, kh\u00f4ng ch\u1ee9a d\u1ea7u m\u1ee1, ch\u1ea5t b\u00f4i tr\u01a1n v\u00e0 l\u1edbp ph\u1ee7 b\u1ea3o v\u1ec7 d\u1ef1a tr\u00ean silicon h\u00f2a tan trong dung m\u00f4i kh\u00f4ng ch\u1ee9a clo. N\u00f3 b\u1ea3o v\u1ec7, b\u00f4i tr\u01a1n v\u00e0 c\u00e1ch nhi\u1ec7t t\u1ea5t c\u1ea3 c\u00e1c b\u1ec1 m\u1eb7t nh\u1edd m\u1ed9t l\u1edbp m\u00e0ng b\u1ea3o v\u1ec7 trong su\u1ed1t, v\u0129nh vi\u1ec5n.<\/p>\n<p>&#8211; Dung t\u00edch: 450ML<br \/>\n&#8211; Th\u01b0\u01a1ng hi\u1ec7u: Senfineco<br \/>\n&#8211; Nh\u1eadp Kh\u1ea9u: Germany &#8211; \u0110\u1ee9c<br \/>\n&#8211; T\u00ean s\u1ea3n ph\u1ea9m: B\u00ecnh X\u1ecbt Silicone<br \/>\n&#8211; M\u00e3 s\u1ea3n ph\u1ea9m: 9990<\/p>\n<p>T\u00ednh ch\u1ea5t<br \/>\n&#8211; T\u1ea1o vi phim b\u00f4i tr\u01a1n b\u1ec1n tr\u00ean b\u1ec1 m\u1eb7t<br \/>\n&#8211; Mang l\u1ea1i b\u1ec1 m\u1eb7t kh\u00f4ng th\u1ea5m n\u01b0\u1edbc<br \/>\n&#8211; Ng\u0103n ch\u1eb7n s\u1ef1 \u0111\u00f3ng b\u0103ng \/ d\u00ednh c\u00e1c b\u1ec1 m\u1eb7t ti\u1ebfp x\u00fac<br \/>\n&#8211; Thu\u1ed9c t\u00ednh ch\u1ed1ng t\u0129nh \u0111i\u1ec7n<br \/>\n&#8211; L\u00e0m m\u1edbi cao su v\u00e0 nh\u1ef1a<br \/>\n&#8211; B\u1ea3o v\u1ec7 ch\u1ed1ng g\u1ec9 v\u00e0 \u0103n m\u00f2n<br \/>\n&#8211; Kh\u00f4ng ch\u1ee9a clo ho\u1eb7c axeton<br \/>\n&#8211; Trung l\u1eadp \u0111\u1ed1i v\u1edbi c\u00e1c b\u1ec1 m\u1eb7t cao su, nh\u1ef1a, vecni v\u00e0 kim lo\u1ea1i<\/p>\n<p>\u1ee8ng d\u1ee5ng<br \/>\n&#8211; Silicone Spray c\u00f3 th\u1ec3 \u0111\u01b0\u1ee3c s\u1eed d\u1ee5ng cho nhi\u1ec1u lo\u1ea1i \u1ee9ng d\u1ee5ng.<br \/>\n&#8211; Ch\u1ed1ng \u0111\u00f4ng &#8211; B\u1ea3o v\u1ec7 ch\u1ed1ng k\u1eb9t ho\u1eb7c \u0111\u00f3ng b\u0103ng c\u1eeda ra v\u00e0o, c\u1eeda s\u1ed5, c\u1eeda tr\u01b0\u1ee3t, v.v.<br \/>\n&#8211; B\u00f4i tr\u01a1n &#8211; S\u1eed d\u1ee5ng tr\u00ean t\u1ea5t c\u1ea3 c\u00e1c b\u1ec1 m\u1eb7t tr\u01b0\u1ee3t \u0111\u1ec3 b\u00f4i tr\u01a1n s\u1ea1ch, kh\u00f4 v\u00e0 v\u00f4 h\u00ecnh.<br \/>\n&#8211; Ch\u0103m s\u00f3c b\u1ec1 m\u1eb7t &#8211; gi\u1eef cho cao su v\u00e0 nh\u1ef1a \u0111\u00e0n h\u1ed3i, ch\u1ed1ng n\u1ee9t, l\u00e0m m\u1edbi m\u00e0u.<\/p>\n<p>HIBUCENTER cam k\u1ebft b\u00e1n t\u1ea5t c\u1ea3 c\u00e1c s\u1ea3n ph\u1ea9m c\u1ee7a SENFINECO Ch\u00ednh H\u00e3ng \u2013 Uy T\u00edn \u2013 Ch\u1ea5t L\u01b0\u1ee3ng!!!!<\/p>\n<p>#SENFINECO #HIBUCENTER #ChamSocXeMay #ChamSocOto #MadeInGermany #XuatXuDuc #SenfinecoGermany #CarCare #PhuGiaChamSocXe #Rider #Motorbike #Senfineco9990 #B\u00ecnh_X\u1ecbt_Silicone #Senfineco9990\u2013450ML #SiliconeSpray #L\u00e0mK\u00ednJoanCaoSu<\/p>\n","protected":false},"excerpt":{"rendered":"<p>[C\u1ea7n Thi\u1ebft] B\u00ecnh X\u1ecbt Silicone Senfineco 9990 \u2013 450ML Silicone Spray L\u00e0m K\u00edn Joan Cao Su C\u1eeda, \u0110\u00e8n, vv &#8230; B\u00ecnh X\u1ecbt Silicone Senfineco 9990 \u2013 450ML Silicone Spray L\u00e0m K\u00edn Joan Cao Su C\u1eeda, \u0110\u00e8n, vv &#8230; l\u00e0 ch\u1ea5t gi\u1ea3i ph\u00f3ng kh\u00f4ng ch\u1ee9a d\u1ea7u kho\u00e1ng, kh\u00f4ng ch\u1ee9a d\u1ea7u m\u1ee1, ch\u1ea5t b\u00f4i tr\u01a1n v\u00e0 l\u1edbp&hellip;<\/p>\n","protected":false},"featured_media":8687,"comment_status":"closed","ping_status":"open","template":"","meta":[],"product_cat":[118],"product_tag":[187],"class_list":{"0":"post-8685","1":"product","2":"type-product","3":"status-publish","4":"has-post-thumbnail","6":"product_brand-senfineco","7":"product_cat-dung-dich-phu-gia-dau-nhon","8":"product_tag-senfineco","10":"first","11":"instock","12":"product-type-simple","13":"col-xs-6 col-sm-4","14":"col-md-3 col-lg-3","15":"un-4-cols"},"_links":{"self":[{"href":"https:\/\/hibucenter.com\/index.php\/wp-json\/wp\/v2\/product\/8685","targetHints":{"allow":["GET"]}}],"collection":[{"href":"https:\/\/hibucenter.com\/index.php\/wp-json\/wp\/v2\/product"}],"about":[{"href":"https:\/\/hibucenter.com\/index.php\/wp-json\/wp\/v2\/types\/product"}],"replies":[{"embeddable":true,"href":"https:\/\/hibucenter.com\/index.php\/wp-json\/wp\/v2\/comments?post=8685"}],"version-history":[{"count":1,"href":"https:\/\/hibucenter.com\/index.php\/wp-json\/wp\/v2\/product\/8685\/revisions"}],"predecessor-version":[{"id":8686,"href":"https:\/\/hibucenter.com\/index.php\/wp-json\/wp\/v2\/product\/8685\/revisions\/8686"}],"wp:featuredmedia":[{"embeddable":true,"href":"https:\/\/hibucenter.com\/index.php\/wp-json\/wp\/v2\/media\/8687"}],"wp:attachment":[{"href":"https:\/\/hibucenter.com\/index.php\/wp-json\/wp\/v2\/media?parent=8685"}],"wp:term":[{"taxonomy":"product_cat","embeddable":true,"href":"https:\/\/hibucenter.com\/index.php\/wp-json\/wp\/v2\/product_cat?post=8685"},{"taxonomy":"product_tag","embeddable":true,"href":"https:\/\/hibucenter.com\/index.php\/wp-json\/wp\/v2\/product_tag?post=8685"}],"curies":[{"name":"wp","href":"https:\/\/api.w.org\/{rel}","templated":true}]}}