{"id":8657,"date":"2025-05-22T10:03:25","date_gmt":"2025-05-22T03:03:25","guid":{"rendered":"http:\/\/hibucenter.com\/index.php\/chai-ve-sinh-he-thong-xang-senfineco-9997-300ml-max-cleaner-fuel-system-cleaner-hang-duc-chinh-hang\/"},"modified":"2025-05-23T11:10:28","modified_gmt":"2025-05-23T04:10:28","slug":"chai-ve-sinh-he-thong-xang-senfineco-9997-300ml-max-cleaner-fuel-system-cleaner-hang-duc-chinh-hang","status":"publish","type":"product","link":"https:\/\/hibucenter.com\/index.php\/chai-ve-sinh-he-thong-xang-senfineco-9997-300ml-max-cleaner-fuel-system-cleaner-hang-duc-chinh-hang\/","title":{"rendered":"Chai V\u1ec7 Sinh H\u1ec7 Th\u1ed1ng X\u0103ng Senfineco 9997\u2013300ML Max Cleaner Fuel System Cleaner, H\u00e0ng \u0110\u1ee9c Ch\u00ednh H\u00e3ng"},"content":{"rendered":"<p>Chai V\u1ec7 Sinh H\u1ec7 Th\u1ed1ng X\u0103ng Senfineco 9997 \u2013 300ML Max Cleaner Fuel System Cleaner, H\u00e0ng \u0110\u1ee9c Ch\u00ednh H\u00e3ng \u2013 HIBUCENTER <\/p>\n<p>Chai V\u1ec7 Sinh H\u1ec7 Th\u1ed1ng X\u0103ng Senfineco 9997 \u2013 300ML Max Cleaner Fuel System Cleaner l\u00e0m s\u1ea1ch v\u00e0 lo\u1ea1i b\u1ecf c\u1eb7n b\u1ea9n trong to\u00e0n b\u1ed9 h\u1ec7 th\u1ed1ng phun, b\u1eb1ng c\u00e1ch s\u1eed d\u1ee5ng c\u00e1c ch\u1ea5t ph\u1ee5 gia hi\u1ec7u qu\u1ea3 cao v\u1edbi hi\u1ec7u qu\u1ea3 kh\u00f4ng th\u1ec3 \u0111\u1ea1t \u0111\u01b0\u1ee3c. \u0110\u00e2y l\u00e0 m\u1ed9t gi\u1ea3i ph\u00e1p hi\u1ec7u qu\u1ea3 cao v\u1edbi nhi\u1ec7m v\u1ee5 cho ph\u00e9p v\u00e0 duy tr\u00ec c\u00f4ng su\u1ea5t \u0111\u1ed9ng c\u01a1 t\u1ed1i \u0111a b\u1eb1ng c\u00e1ch t\u0103ng s\u1ea3n l\u01b0\u1ee3ng n\u0103ng l\u01b0\u1ee3ng v\u00e0 t\u1ea1o \u0111i\u1ec1u ki\u1ec7n t\u1ed1i \u01b0u cho qu\u00e1 tr\u00ecnh \u0111\u1ed1t ch\u00e1y nhi\u00ean li\u1ec7u. \u0110\u1ea1i di\u1ec7n cho m\u1ed9t gi\u1ea3i ph\u00e1p thay th\u1ebf \u0111\u1ea7y \u0111\u1ee7 cho vi\u1ec7c v\u1ec7 sinh chuy\u00ean nghi\u1ec7p h\u1ec7 th\u1ed1ng phun nhi\u00ean li\u1ec7u.<\/p>\n<p>&#8211; Dung t\u00edch: 300ML<br \/>\n&#8211; Th\u01b0\u01a1ng hi\u1ec7u: Senfineco<br \/>\n&#8211; T\u00ean s\u1ea3n ph\u1ea9m: V\u1ec7 Sinh H\u1ec7 Th\u1ed1ng X\u0103ng<br \/>\n&#8211; M\u00e3 s\u1ea3n ph\u1ea9m: 9997<\/p>\n<p>T\u00ednh ch\u1ea5t<br \/>\n&#8211; Lo\u1ea1i b\u1ecf c\u1eb7n b\u1ea9n trong to\u00e0n b\u1ed9 h\u1ec7 th\u1ed1ng nhi\u00ean li\u1ec7u<br \/>\n&#8211; Hi\u1ec7u su\u1ea5t \u0111\u01b0\u1ee3c t\u1ed1i \u01b0u h\u00f3a, c\u1ea3i thi\u1ec7n ph\u1ea3n h\u1ed3i<br \/>\n&#8211; \u0110\u1ed9ng c\u01a1 ch\u1ea1y \u00eam h\u01a1n<br \/>\n&#8211; Gi\u1ea3m ti\u1ebfng \u1ed3n v\u00e0 \u0111\u1ed9 rung c\u1ee7a \u0111\u1ed9ng c\u01a1<br \/>\n&#8211; \u1ee8ng d\u1ee5ng kh\u00f4ng y\u00eau c\u1ea7u m\u1ed9t chuy\u1ebfn th\u0103m h\u1ed9i th\u1ea3o<\/p>\n<p>\u1ee8ng d\u1ee5ng<br \/>\n&#8211; C\u00f3 th\u1ec3 \u00e1p d\u1ee5ng \u0111\u1ec3 ph\u00f2ng ng\u1eeba c\u0169ng nh\u01b0 gi\u1ea3i quy\u1ebft v\u1ea5n \u0111\u1ec1.<br \/>\n&#8211; N\u00ean s\u1eed d\u1ee5ng Maxcleane Fuel System Cleaner cho m\u1ed7i l\u1ea7n ch\u1ea1y d\u1ea7u D\u1ecbch v\u1ee5 10.000 ~ 15.000 Km.<br \/>\n&#8211; Ch\u00fang t\u00f4i khuy\u00ean b\u1ea1n n\u00ean s\u1eed d\u1ee5ng s\u1ea3n ph\u1ea9m nh\u01b0 m\u1ed9t gi\u1ea3i ph\u00e1p kh\u1eafc ph\u1ee5c s\u1ef1 c\u1ed1 trong tr\u01b0\u1eddng h\u1ee3p h\u1ecfng h\u00f3c ho\u1eb7c tr\u1ee5c tr\u1eb7c \u0111\u1ed9ng c\u01a1.<br \/>\n&#8211; Th\u00edch h\u1ee3p cho m\u1ecdi lo\u1ea1i \u0111\u1ed9ng c\u01a1.<br \/>\n&#8211; Th\u00eam s\u1ea3n ph\u1ea9m v\u00e0o b\u1ec3 ch\u1ee9a tr\u01b0\u1edbc khi \u0111ong l\u1ea1i ~ 50L. L\u00e1i xe trong t\u00ecnh tr\u1ea1ng b\u00ecnh th\u01b0\u1eddng.<br \/>\n&#8211; Th\u00edch h\u1ee3p cho t\u1ea5t c\u1ea3 c\u00e1c \u0111\u1ed9ng c\u01a1 X\u0103ng k\u1ec3 c\u1ea3 th\u1ebf h\u1ec7 m\u1edbi nh\u1ea5t \u0111\u01b0\u1ee3c b\u01a1m tr\u1ef1c ti\u1ebfp v\u00e0o h\u1ec7 th\u1ed1ng x\u1eed l\u00fd kh\u00ed th\u1ea3i.<\/p>\n<p>HIBUCENTER cam k\u1ebft b\u00e1n t\u1ea5t c\u1ea3 c\u00e1c s\u1ea3n ph\u1ea9m c\u1ee7a SENFINECO Ch\u00ednh H\u00e3ng \u2013 Uy T\u00edn \u2013 Ch\u1ea5t L\u01b0\u1ee3ng!!!!<\/p>\n<p>#SENFINECO #HIBUCENTER #ChamSocXeMay #ChamSocOto #MadeInGermany #XuatXuDuc #SenfinecoGermany #CarCare #PhuGiaChamSocXe #Rider #Motorbike #Senfineco9997 #V\u1ec7_Sinh_H\u1ec7_Th\u1ed1ng_X\u0103ng #Senfineco9997\u2013300ML #MaxCleanerFuelSystemCleaner<\/p>\n","protected":false},"excerpt":{"rendered":"<p>Chai V\u1ec7 Sinh H\u1ec7 Th\u1ed1ng X\u0103ng Senfineco 9997 \u2013 300ML Max Cleaner Fuel System Cleaner, H\u00e0ng \u0110\u1ee9c Ch\u00ednh H\u00e3ng \u2013 HIBUCENTER Chai V\u1ec7 Sinh H\u1ec7 Th\u1ed1ng X\u0103ng Senfineco 9997 \u2013 300ML Max Cleaner Fuel System Cleaner l\u00e0m s\u1ea1ch v\u00e0 lo\u1ea1i b\u1ecf c\u1eb7n b\u1ea9n trong to\u00e0n b\u1ed9 h\u1ec7 th\u1ed1ng phun, b\u1eb1ng c\u00e1ch s\u1eed d\u1ee5ng c\u00e1c ch\u1ea5t&hellip;<\/p>\n","protected":false},"featured_media":8659,"comment_status":"closed","ping_status":"open","template":"","meta":[],"product_cat":[118],"product_tag":[187],"class_list":{"0":"post-8657","1":"product","2":"type-product","3":"status-publish","4":"has-post-thumbnail","6":"product_brand-senfineco","7":"product_cat-dung-dich-phu-gia-dau-nhon","8":"product_tag-senfineco","10":"first","11":"instock","12":"product-type-simple","13":"col-xs-6 col-sm-4","14":"col-md-3 col-lg-3","15":"un-4-cols"},"_links":{"self":[{"href":"https:\/\/hibucenter.com\/index.php\/wp-json\/wp\/v2\/product\/8657","targetHints":{"allow":["GET"]}}],"collection":[{"href":"https:\/\/hibucenter.com\/index.php\/wp-json\/wp\/v2\/product"}],"about":[{"href":"https:\/\/hibucenter.com\/index.php\/wp-json\/wp\/v2\/types\/product"}],"replies":[{"embeddable":true,"href":"https:\/\/hibucenter.com\/index.php\/wp-json\/wp\/v2\/comments?post=8657"}],"version-history":[{"count":1,"href":"https:\/\/hibucenter.com\/index.php\/wp-json\/wp\/v2\/product\/8657\/revisions"}],"predecessor-version":[{"id":8658,"href":"https:\/\/hibucenter.com\/index.php\/wp-json\/wp\/v2\/product\/8657\/revisions\/8658"}],"wp:featuredmedia":[{"embeddable":true,"href":"https:\/\/hibucenter.com\/index.php\/wp-json\/wp\/v2\/media\/8659"}],"wp:attachment":[{"href":"https:\/\/hibucenter.com\/index.php\/wp-json\/wp\/v2\/media?parent=8657"}],"wp:term":[{"taxonomy":"product_cat","embeddable":true,"href":"https:\/\/hibucenter.com\/index.php\/wp-json\/wp\/v2\/product_cat?post=8657"},{"taxonomy":"product_tag","embeddable":true,"href":"https:\/\/hibucenter.com\/index.php\/wp-json\/wp\/v2\/product_tag?post=8657"}],"curies":[{"name":"wp","href":"https:\/\/api.w.org\/{rel}","templated":true}]}}