{"id":8598,"date":"2025-05-22T10:01:06","date_gmt":"2025-05-22T03:01:06","guid":{"rendered":"http:\/\/hibucenter.com\/index.php\/suc-bec-xang-xe-mo-to-senfineco-motorbike-fuel-injection-cleaner-9926-60ml-hibucenter\/"},"modified":"2025-05-23T11:10:28","modified_gmt":"2025-05-23T04:10:28","slug":"suc-bec-xang-xe-mo-to-senfineco-motorbike-fuel-injection-cleaner-9926-60ml-hibucenter","status":"publish","type":"product","link":"https:\/\/hibucenter.com\/index.php\/suc-bec-xang-xe-mo-to-senfineco-motorbike-fuel-injection-cleaner-9926-60ml-hibucenter\/","title":{"rendered":"Su\u0301c Be\u0301c X\u0103ng Xe M\u00f4 T\u00f4 SENFINECO Motorbike Fuel Injection Cleaner 9926 60ml | HIBUCENTER"},"content":{"rendered":"<p>Fuel Injector Cleaner l\u00e0 s\u1ea3n ph\u1ea9m chuy\u00ean nghi\u1ec7p th\u1ebf h\u1ec7 m\u1edbi nh\u1ea5t d\u00e0nh cho t\u1ea5t c\u1ea3 c\u00e1c lo\u1ea1i \u0111\u1ed9ng c\u01a1 Xe m\u00e1y. H\u1ec7 th\u1ed1ng phun \u0111\u01b0\u1ee3c l\u00e0m s\u1ea1ch b\u1eb1ng c\u00e1c ch\u1ea5t ph\u1ee5 gia hi\u1ec7u qu\u1ea3 cao \u0111\u01b0\u1ee3c s\u1eed d\u1ee5ng v\u1edbi hi\u1ec7u qu\u1ea3 kh\u00f4ng th\u1ec3 \u0111\u1ea1t \u0111\u01b0\u1ee3c. \u0110\u01b0\u1ee3c s\u1eed d\u1ee5ng th\u01b0\u1eddng xuy\u00ean, n\u00f3 ph\u1ee5c h\u1ed3i t\u00ecnh tr\u1ea1ng ban \u0111\u1ea7u c\u1ee7a h\u1ec7 th\u1ed1ng nhi\u00ean li\u1ec7u. N\u00f3 gi\u00fap lo\u1ea1i b\u1ecf c\u1eb7n b\u1ea9n trong to\u00e0n b\u1ed9 h\u1ec7 th\u1ed1ng nhi\u00ean li\u1ec7u nh\u01b0 b\u00ecnh ch\u1ee9a, \u0111\u01b0\u1eddng \u1ed1ng, b\u01a1m nhi\u00ean li\u1ec7u, van n\u1ea1p v\u00e0 kim phun. \u0110\u1ea1i di\u1ec7n cho m\u1ed9t gi\u1ea3i ph\u00e1p thay th\u1ebf \u0111\u1ea7y \u0111\u1ee7 cho vi\u1ec7c v\u1ec7 sinh kim phun m\u1ed9t c\u00e1ch chuy\u00ean nghi\u1ec7p, n\u00f3 t\u00e1i t\u1ea1o h\u1ec7 th\u1ed1ng phun, c\u0169ng nh\u01b0 c\u00e1c b\u1ed9 ph\u1eadn cung c\u1ea5p nhi\u00ean li\u1ec7u. Ph\u1ee5c h\u1ed3i hi\u1ec7u su\u1ea5t c\u1ee7a \u0111\u1ed9ng c\u01a1 v\u1ec1 c\u00e1c th\u00f4ng s\u1ed1 thi\u1ebft l\u1eadp ban \u0111\u1ea7u.<\/p>\n<p>\u2b50\u2b50T\u00ednh ch\u1ea5t<br \/>\n\u2022\tT\u00edch c\u1ef1c l\u00e0m s\u1ea1ch kim phun v\u00e0 van<br \/>\n\u2022\tK\u1ebft qu\u1ea3 ngay l\u1eadp t\u1ee9c<br \/>\n\u2022\tT\u0103ng c\u00f4ng su\u1ea5t v\u00e0 m\u00f4-men xo\u1eafn c\u1ee7a \u0111\u1ed9ng c\u01a1<br \/>\n\u2022\tC\u1ea3i thi\u1ec7n \u0111\u1ed9 n\u00e9n c\u1ee7a \u0111\u1ed9ng c\u01a1<br \/>\n\u2022\t\u0110\u1ed9ng c\u01a1 v\u1eadn h\u00e0nh \u00eam \u00e1i, gi\u1ea3m ti\u1ebfng \u1ed3n v\u00e0 \u0111\u1ed9 rung<br \/>\n\u2022\tGi\u1ea3m ti\u00eau th\u1ee5 nhi\u00ean li\u1ec7u<br \/>\n\u2022\tLi\u00ean k\u1ebft n\u01b0\u1edbc th\u1eeba trong h\u1ec7 th\u1ed1ng nhi\u00ean li\u1ec7u &#8211; b\u1ea3o v\u1ec7 ch\u1ed1ng l\u1ea1i s\u1ef1 \u0103n m\u00f2n<br \/>\n\u2022\tC\u1ea3i thi\u1ec7n l\u01b0\u1ee3ng kh\u00ed th\u1ea3i &#8211; Gi\u1ea3m l\u01b0\u1ee3ng kh\u00ed th\u1ea3i CO 2 v\u00e0 NO x<\/p>\n<p>\u2b50\u2b50\u0110\u1ed9 t\u01b0\u01a1ng th\u00edch<br \/>\n\u2022\tTh\u00edch h\u1ee3p cho t\u1ea5t c\u1ea3 c\u00e1c lo\u1ea1i Xe m\u00e1y c\u00f3 \u0111\u1ed9ng c\u01a1 x\u0103ng<br \/>\n\u2022\tC\u00f3 th\u1ec3 \u0111\u01b0\u1ee3c s\u1eed d\u1ee5ng cho c\u1ea3 ph\u00f2ng ng\u1eeba v\u00e0 gi\u1ea3i quy\u1ebft v\u1ea5n \u0111\u1ec1 c\u1ea5p t\u00ednh<br \/>\n\u2022\tKhuy\u1ebfn ngh\u1ecb s\u1eed d\u1ee5ng Ch\u1ea5t l\u00e0m s\u1ea1ch Phun nhi\u00ean li\u1ec7u \u1edf m\u1ed7i kho\u1ea3ng th\u1eddi gian b\u1ea3o d\u01b0\u1ee1ng<br \/>\n\u2022\tC\u00f3 th\u1ec3 \u0111\u01b0\u1ee3c s\u1eed d\u1ee5ng \u0111\u1ec3 gi\u1ea3i quy\u1ebft v\u1ea5n \u0111\u1ec1 c\u1ea5p t\u00ednh trong tr\u01b0\u1eddng h\u1ee3p ti\u00eau th\u1ee5 nhi\u1ec1u nhi\u00ean li\u1ec7u ho\u1eb7c \u0111\u1ed9ng c\u01a1 tr\u1ee5c tr\u1eb7c<br \/>\n\u2022\tM\u1ed9t lon 60 ML \u0111\u1ee7 cho t\u1ed1i \u0111a 10 l\u00edt nhi\u00ean li\u1ec7u<\/p>\n<p>#HIBUCENTER#HIBU#HIBUAUTO#HIBUDDY#HIBUSHOP<br \/>\n#XEMAY#MOTO#SUCBECXANG#SENFINECO#FUELEJECTIONCLEANER#CLEANER<br \/>\n#SENFINECOCHINHHANG<\/p>\n","protected":false},"excerpt":{"rendered":"<p>Fuel Injector Cleaner l\u00e0 s\u1ea3n ph\u1ea9m chuy\u00ean nghi\u1ec7p th\u1ebf h\u1ec7 m\u1edbi nh\u1ea5t d\u00e0nh cho t\u1ea5t c\u1ea3 c\u00e1c lo\u1ea1i \u0111\u1ed9ng c\u01a1 Xe m\u00e1y. H\u1ec7 th\u1ed1ng phun \u0111\u01b0\u1ee3c l\u00e0m s\u1ea1ch b\u1eb1ng c\u00e1c ch\u1ea5t ph\u1ee5 gia hi\u1ec7u qu\u1ea3 cao \u0111\u01b0\u1ee3c s\u1eed d\u1ee5ng v\u1edbi hi\u1ec7u qu\u1ea3 kh\u00f4ng th\u1ec3 \u0111\u1ea1t \u0111\u01b0\u1ee3c. \u0110\u01b0\u1ee3c s\u1eed d\u1ee5ng th\u01b0\u1eddng xuy\u00ean, n\u00f3 ph\u1ee5c h\u1ed3i t\u00ecnh&hellip;<\/p>\n","protected":false},"featured_media":8600,"comment_status":"closed","ping_status":"open","template":"","meta":[],"product_cat":[118],"product_tag":[187],"class_list":{"0":"post-8598","1":"product","2":"type-product","3":"status-publish","4":"has-post-thumbnail","6":"product_brand-senfineco","7":"product_cat-dung-dich-phu-gia-dau-nhon","8":"product_tag-senfineco","10":"first","11":"instock","12":"product-type-simple","13":"col-xs-6 col-sm-4","14":"col-md-3 col-lg-3","15":"un-4-cols"},"_links":{"self":[{"href":"https:\/\/hibucenter.com\/index.php\/wp-json\/wp\/v2\/product\/8598","targetHints":{"allow":["GET"]}}],"collection":[{"href":"https:\/\/hibucenter.com\/index.php\/wp-json\/wp\/v2\/product"}],"about":[{"href":"https:\/\/hibucenter.com\/index.php\/wp-json\/wp\/v2\/types\/product"}],"replies":[{"embeddable":true,"href":"https:\/\/hibucenter.com\/index.php\/wp-json\/wp\/v2\/comments?post=8598"}],"version-history":[{"count":1,"href":"https:\/\/hibucenter.com\/index.php\/wp-json\/wp\/v2\/product\/8598\/revisions"}],"predecessor-version":[{"id":8599,"href":"https:\/\/hibucenter.com\/index.php\/wp-json\/wp\/v2\/product\/8598\/revisions\/8599"}],"wp:featuredmedia":[{"embeddable":true,"href":"https:\/\/hibucenter.com\/index.php\/wp-json\/wp\/v2\/media\/8600"}],"wp:attachment":[{"href":"https:\/\/hibucenter.com\/index.php\/wp-json\/wp\/v2\/media?parent=8598"}],"wp:term":[{"taxonomy":"product_cat","embeddable":true,"href":"https:\/\/hibucenter.com\/index.php\/wp-json\/wp\/v2\/product_cat?post=8598"},{"taxonomy":"product_tag","embeddable":true,"href":"https:\/\/hibucenter.com\/index.php\/wp-json\/wp\/v2\/product_tag?post=8598"}],"curies":[{"name":"wp","href":"https:\/\/api.w.org\/{rel}","templated":true}]}}