{"id":8580,"date":"2025-05-22T10:01:06","date_gmt":"2025-05-22T03:01:06","guid":{"rendered":"http:\/\/hibucenter.com\/index.php\/ve-sinh-he-thong-nap-buong-dot-xa-may-xang-senfineco-9921-450ml-petrol-intake-system-cleaner-hibucenter\/"},"modified":"2025-05-23T11:10:28","modified_gmt":"2025-05-23T04:10:28","slug":"ve-sinh-he-thong-nap-buong-dot-xa-may-xang-senfineco-9921-450ml-petrol-intake-system-cleaner-hibucenter","status":"publish","type":"product","link":"https:\/\/hibucenter.com\/index.php\/ve-sinh-he-thong-nap-buong-dot-xa-may-xang-senfineco-9921-450ml-petrol-intake-system-cleaner-hibucenter\/","title":{"rendered":"V\u1ec7 Sinh H\u1ec7 Th\u1ed1ng N\u1ea1p, Bu\u1ed3ng \u0110\u1ed1t &#038; X\u1ea3 M\u00e1y X\u0103ng SENFINECO 9921 \u2013 450ML Petrol Intake System Cleaner | HIBUCENTER"},"content":{"rendered":"<p>V\u1ec7 sinh h\u1ec7 th\u1ed1ng n\u1ea1p, bu\u1ed3ng \u0111\u1ed1t v\u00e0 x\u1ea3 m\u00e1y x\u0103ng \u00f4 t\u00f4<\/p>\n<p>\u2b50\u2b50T\u00ednh ch\u1ea5t:<br \/>\n&#8211; H\u00f2a tan cao su, s\u01a1n m\u00e0i, h\u1eafc \u00edn, carbon v\u00e0 c\u1eb7n b\u1ea9n<br \/>\n&#8211; Ph\u1ee5c h\u1ed3i lu\u1ed3ng kh\u00f4ng kh\u00ed ho\u00e0n h\u1ea3o h\u01b0\u1edbng v\u00e0o bu\u1ed3ng \u0111\u1ed1t.<br \/>\n&#8211; Ph\u1ee5c h\u1ed3i ho\u1eb7c duy tr\u00ec hi\u1ec7u su\u1ea5t \u0111\u1ed9ng c\u01a1 v\u00e0 m\u1ee9c ti\u00eau th\u1ee5 nhi\u00ean li\u1ec7u.<br \/>\n&#8211; Gi\u1ea3m l\u01b0\u1ee3ng kh\u00ed th\u1ea3i \u0111en.<br \/>\n&#8211; \u1ea2nh h\u01b0\u1edfng t\u00edch c\u1ef1c \u0111\u1ebfn ho\u1ea1t \u0111\u1ed9ng c\u1ee7a c\u00e1c \u0111\u1ea7u d\u00f2 lambda v\u00e0 b\u1ed9 chuy\u1ec3n \u0111\u1ed5i x\u00fac t\u00e1c<br \/>\n&#8211; L\u00e0m s\u1ea1ch hi\u1ec7u qu\u1ea3 b\u1ed9 ph\u1eadn n\u1ea1p kh\u00ed: van EGR \u2013 van dideuf khi\u1ec3n kh\u00f4ng kh\u00ed kh\u00f4ng v\u1eadn t\u1ea1i \u2013 van ti\u1ebft l\u01b0u v\u00e0 v\u1ecf \u2013 M\u00f4-\u0111un b\u01b0\u1edbm ga \u0111i\u1ec7n t\u1eed ( ETM ) \u2013 c\u1ea3m bi\u1ebfn \u00e1p su\u1ea5t v\u00e0 \u0111\u01b0\u1eddng \u1ed1ng \u0111\u1ea7u v\u00e0o \u2013 van \u0111\u1ea7u v\u00e0o -\u2013h\u1ec7 th\u1ed1ng th\u00f4ng gi\u00f3 cacte<\/p>\n<p>\u2b50\u2b50\u1ee8ng d\u1ee5ng<br \/>\n\u0110\u1ec3 l\u00e0m s\u1ea1ch hi\u1ec7u qu\u1ea3 ph\u1ea7n n\u1ea1p: Van EGR &#8211; van \u0111i\u1ec1u khi\u1ec3n kh\u00f4ng kh\u00ed kh\u00f4ng t\u1ea3i &#8211; van ti\u1ebft l\u01b0u v\u00e0 v\u1ecf &#8211; M\u00f4-\u0111un b\u01b0\u1edbm ga \u0111i\u1ec7n t\u1eed (ETM) &#8211; c\u1ea3m bi\u1ebfn \u00e1p su\u1ea5t \u0111\u01b0\u1eddng \u1ed1ng \u0111\u1ea7u v\u00e0o &#8211; van \u0111\u1ea7u v\u00e0o &#8211; h\u1ec7 th\u1ed1ng th\u00f4ng gi\u00f3 cacte.<br \/>\n1. K\u1ebft n\u1ed1i b\u1ed9 truy\u1ec1n d\u1ecbch v\u1edbi \u1ed1ng \u0111\u1ef1ng.<br \/>\n2. \u0110\u01b0a kim ti\u00eam truy\u1ec1n v\u00e0o \u1ed1ng c\u1ee7a h\u1ec7 th\u1ed1ng th\u00f4ng gi\u00f3 cacte ho\u1eb7c tr\u1ef1c ti\u1ebfp v\u00e0o \u1ed1ng h\u00fat kh\u00ed b\u1eb1ng c\u00e1ch n\u1edbi l\u1ecfng k\u1eb9p.<br \/>\n3. Treo ng\u01b0\u1ee3c h\u1ed9p \u0111\u1ef1ng \u0111\u1ec3 b\u1eaft \u0111\u1ea7u qu\u00e1 tr\u00ecnh l\u00e0m s\u1ea1ch. \u0110i\u1ec1u ch\u1ec9nh nh\u1ecf gi\u1ecdt th\u00e0nh 80-90 gi\u1ecdt m\u1ed7i ph\u00fat.<br \/>\n4. \u0110\u1ec3 \u0111\u1ed9ng c\u01a1 ch\u1ea1y kh\u00f4ng t\u1ea3i \u1edf t\u1ed1c \u0111\u1ed9 1.000 v\u00f2ng \/ ph\u00fat trong kho\u1ea3ng 30-45 ph\u00fat. \u0110\u1ea3m b\u1ea3o th\u00f4ng gi\u00f3 t\u1ed1t khi s\u1eed d\u1ee5ng s\u1ea3n ph\u1ea9m. Trong tr\u01b0\u1eddng h\u1ee3p \u1ed1ng x\u1ea3 ph\u00e1t s\u00e1ng m\u00e0u \u0111\u1ecf do nhi\u1ec7t \u0111\u1ed9 cao trong b\u1ed9 chuy\u1ec3n \u0111\u1ed5i x\u00fac t\u00e1c, h\u00e3y d\u1eebng ngay qu\u00e1 tr\u00ecnh l\u00e0m s\u1ea1ch. <\/p>\n<p>#HIBU#HIBUCENTER#HIBUAUTO#HIBUDDY<br \/>\n#VESINHHETHONGNAP#XAXANG#SENFINECO#9921#PETROLINTAKE#CLEANERPETROL#SYSTEMCLEANER<br \/>\n#SENFINECOCHINHHANG<\/p>\n","protected":false},"excerpt":{"rendered":"<p>V\u1ec7 sinh h\u1ec7 th\u1ed1ng n\u1ea1p, bu\u1ed3ng \u0111\u1ed1t v\u00e0 x\u1ea3 m\u00e1y x\u0103ng \u00f4 t\u00f4 \u2b50\u2b50T\u00ednh ch\u1ea5t: &#8211; H\u00f2a tan cao su, s\u01a1n m\u00e0i, h\u1eafc \u00edn, carbon v\u00e0 c\u1eb7n b\u1ea9n &#8211; Ph\u1ee5c h\u1ed3i lu\u1ed3ng kh\u00f4ng kh\u00ed ho\u00e0n h\u1ea3o h\u01b0\u1edbng v\u00e0o bu\u1ed3ng \u0111\u1ed1t. &#8211; Ph\u1ee5c h\u1ed3i ho\u1eb7c duy tr\u00ec hi\u1ec7u su\u1ea5t \u0111\u1ed9ng c\u01a1 v\u00e0 m\u1ee9c ti\u00eau th\u1ee5 nhi\u00ean&hellip;<\/p>\n","protected":false},"featured_media":8582,"comment_status":"closed","ping_status":"open","template":"","meta":[],"product_cat":[118],"product_tag":[187],"class_list":{"0":"post-8580","1":"product","2":"type-product","3":"status-publish","4":"has-post-thumbnail","6":"product_brand-senfineco","7":"product_cat-dung-dich-phu-gia-dau-nhon","8":"product_tag-senfineco","10":"first","11":"instock","12":"product-type-simple","13":"col-xs-6 col-sm-4","14":"col-md-3 col-lg-3","15":"un-4-cols"},"_links":{"self":[{"href":"https:\/\/hibucenter.com\/index.php\/wp-json\/wp\/v2\/product\/8580","targetHints":{"allow":["GET"]}}],"collection":[{"href":"https:\/\/hibucenter.com\/index.php\/wp-json\/wp\/v2\/product"}],"about":[{"href":"https:\/\/hibucenter.com\/index.php\/wp-json\/wp\/v2\/types\/product"}],"replies":[{"embeddable":true,"href":"https:\/\/hibucenter.com\/index.php\/wp-json\/wp\/v2\/comments?post=8580"}],"version-history":[{"count":1,"href":"https:\/\/hibucenter.com\/index.php\/wp-json\/wp\/v2\/product\/8580\/revisions"}],"predecessor-version":[{"id":8581,"href":"https:\/\/hibucenter.com\/index.php\/wp-json\/wp\/v2\/product\/8580\/revisions\/8581"}],"wp:featuredmedia":[{"embeddable":true,"href":"https:\/\/hibucenter.com\/index.php\/wp-json\/wp\/v2\/media\/8582"}],"wp:attachment":[{"href":"https:\/\/hibucenter.com\/index.php\/wp-json\/wp\/v2\/media?parent=8580"}],"wp:term":[{"taxonomy":"product_cat","embeddable":true,"href":"https:\/\/hibucenter.com\/index.php\/wp-json\/wp\/v2\/product_cat?post=8580"},{"taxonomy":"product_tag","embeddable":true,"href":"https:\/\/hibucenter.com\/index.php\/wp-json\/wp\/v2\/product_tag?post=8580"}],"curies":[{"name":"wp","href":"https:\/\/api.w.org\/{rel}","templated":true}]}}