{"id":8536,"date":"2025-05-22T10:01:06","date_gmt":"2025-05-22T03:01:06","guid":{"rendered":"http:\/\/hibucenter.com\/index.php\/nhot-dong-co-senfineco-8969-5w-40-synthpro-api-sn-acea-c3-1l-tong-hop-hoan-toan\/"},"modified":"2025-05-23T11:10:30","modified_gmt":"2025-05-23T04:10:30","slug":"nhot-dong-co-senfineco-8969-5w-40-synthpro-api-sn-acea-c3-1l-tong-hop-hoan-toan","status":"publish","type":"product","link":"https:\/\/hibucenter.com\/index.php\/nhot-dong-co-senfineco-8969-5w-40-synthpro-api-sn-acea-c3-1l-tong-hop-hoan-toan\/","title":{"rendered":"Nh\u1edbt \u0110\u1ed9ng C\u01a1 SENFINECO 8969 5W-40 SynthPro API SN ACEA C3 &#8211; 1L &#8211; T\u1ed5ng h\u1ee3p ho\u00e0n to\u00e0n"},"content":{"rendered":"<p>&#8211; Nh\u1edbt senfineco 8969 t\u1ed5ng h\u1ee3p to\u00e0n ph\u1ea7n 5W40 API SN ACEA C3 b\u1ea3o v\u1ec7 ch\u1ed1ng m\u00e0i m\u00f2n v\u00e0 t\u1ed1i \u01b0u kh\u1ea3 n\u0103ng kh\u1edfi \u0111\u1ed9ng ngu\u1ed9i. Cho \u0111\u1ed9ng c\u01a1 ho\u1ea1t \u0111\u1ed9ng \u1ed5n \u0111\u1ecbnh v\u00e0 \u00eam \u00e1i c\u00f9ng v\u1edbi kh\u1ea3 n\u0103ng ti\u1ebft ki\u1ec7m nhi\u00ean li\u1ec7u \u0111\u00e1ng k\u1ec3<br \/>\n&#8211; T\u01b0\u01a1ng th\u00edch v\u1edbi b\u1ed9 chuy\u1ec3n \u0111\u1ed5i x\u00fac t\u00e1c v\u00e0 b\u1ed9 l\u1ecdc h\u1ea1t (DPF, FAP). Th\u00edch h\u1ee3p l\u00fd t\u01b0\u1edfng cho c\u00e1c kho\u1ea3ng th\u1eddi gian thay d\u1ea7u k\u00e9o d\u00e0i v\u00e0 c\u00e1c y\u00eau c\u1ea7u kh\u1eafc nghi\u1ec7t \u0111\u1ed1i v\u1edbi \u0111\u1ed9ng c\u01a1. S\u1eed d\u1ee5ng \u0111\u01b0\u1ee3c cho c\u1ea3 m\u00e1y x\u0103ng v\u00e0 m\u00e1y d\u1ea7u<\/p>\n<p>&#8211; \u01afu \u0111i\u1ec3m c\u1ee7a nh\u1edbt senfineco 8969 SynthPro:<br \/>\n   + H\u1ed7n h\u1ee3p \u0111\u1eb7c bi\u1ec7t c\u1ee7a d\u1ea7u g\u1ed1c t\u1ed5ng h\u1ee3p hi\u1ec7u su\u1ea5t cao v\u00e0 c\u00e1c ch\u1ea5t ph\u1ee5 gia c\u00f4ng ngh\u1ec7 cao. C\u00f9ng v\u1edbi nhau, ch\u00fang t\u1ea1o th\u00e0nh m\u1ed9t l\u1edbp m\u00e0ng b\u1ea3o v\u1ec7 c\u1ef1c k\u1ef3 b\u1ec1n gi\u00fap gi\u1ea3m \u0111\u00e1ng k\u1ec3 s\u1ef1 m\u00e0i m\u00f2n v\u00e0 ma s\u00e1t.<br \/>\n  + Ngay c\u1ea3 khi \u0111\u1ed9ng c\u01a1 kh\u00f4ng ch\u1ea1y, m\u00e0ng n\u00e0y v\u1eabn c\u00f2n tr\u00ean c\u00e1c b\u1ed9 ph\u1eadn b\u00ean trong \u0111\u1ed9ng c\u01a1, \u0111\u1ea3m b\u1ea3o b\u1ea3o v\u1ec7 t\u1ed1i \u01b0u trong qu\u00e1 tr\u00ecnh kh\u1edfi \u0111\u1ed9ng ngu\u1ed9i.<br \/>\n  + Ch\u1ec9 s\u1ed1 \u0111\u1ed9 nh\u1edbt cao cho kh\u1ea3n n\u0103ng ho\u1ea1t \u0111\u1ed9ng \u00eam \u00e1i v\u00e0 \u1ed5n \u0111\u1ecbnh<br \/>\n  + Gi\u1ea3m ma s\u00e1t v\u00e0 gi\u1ea3m ti\u1ebfng \u1ed3n c\u1ee7a \u0111\u1ed9ng c\u01a1. C\u1ea3i thi\u1ec7n kh\u1edfi \u0111\u1ed9ng ngu\u1ed9i<br \/>\n  + Gi\u1eef cho \u0111\u1ed9ng c\u01a1 s\u1ea1ch h\u01a1n<\/p>\n<p>&#8211; Th\u00f4ng s\u1ed1 k\u1ef9 thu\u1eadt\u00a0nh\u1edbt senfineco 8969:<br \/>\n  + SAE 5W-30<br \/>\n  + API SN<br \/>\n  + ACEA C3<br \/>\n  + BMW Longlife-04<br \/>\n  + GM dexos2<br \/>\n  + MB 226,5\/229,51\/229,52<br \/>\n  + Renault RN 0700\/RN 0710<br \/>\n  + VW 502 00\/505 01<br \/>\n  + Fiat 9.55535-S2<\/p>\n<p>#HANGCHINHHANG#SENFINECO#HIBUCENTER<br \/>\n#nhotdongco#nhotcaocap#nhotdongcoma8969<\/p>\n","protected":false},"excerpt":{"rendered":"<p>&#8211; Nh\u1edbt senfineco 8969 t\u1ed5ng h\u1ee3p to\u00e0n ph\u1ea7n 5W40 API SN ACEA C3 b\u1ea3o v\u1ec7 ch\u1ed1ng m\u00e0i m\u00f2n v\u00e0 t\u1ed1i \u01b0u kh\u1ea3 n\u0103ng kh\u1edfi \u0111\u1ed9ng ngu\u1ed9i. Cho \u0111\u1ed9ng c\u01a1 ho\u1ea1t \u0111\u1ed9ng \u1ed5n \u0111\u1ecbnh v\u00e0 \u00eam \u00e1i c\u00f9ng v\u1edbi kh\u1ea3 n\u0103ng ti\u1ebft ki\u1ec7m nhi\u00ean li\u1ec7u \u0111\u00e1ng k\u1ec3 &#8211; T\u01b0\u01a1ng th\u00edch v\u1edbi b\u1ed9 chuy\u1ec3n \u0111\u1ed5i x\u00fac t\u00e1c&hellip;<\/p>\n","protected":false},"featured_media":8538,"comment_status":"closed","ping_status":"open","template":"","meta":[],"product_cat":[118],"product_tag":[187],"class_list":{"0":"post-8536","1":"product","2":"type-product","3":"status-publish","4":"has-post-thumbnail","6":"product_brand-senfineco","7":"product_cat-dung-dich-phu-gia-dau-nhon","8":"product_tag-senfineco","10":"first","11":"instock","12":"product-type-simple","13":"col-xs-6 col-sm-4","14":"col-md-3 col-lg-3","15":"un-4-cols"},"_links":{"self":[{"href":"https:\/\/hibucenter.com\/index.php\/wp-json\/wp\/v2\/product\/8536","targetHints":{"allow":["GET"]}}],"collection":[{"href":"https:\/\/hibucenter.com\/index.php\/wp-json\/wp\/v2\/product"}],"about":[{"href":"https:\/\/hibucenter.com\/index.php\/wp-json\/wp\/v2\/types\/product"}],"replies":[{"embeddable":true,"href":"https:\/\/hibucenter.com\/index.php\/wp-json\/wp\/v2\/comments?post=8536"}],"version-history":[{"count":1,"href":"https:\/\/hibucenter.com\/index.php\/wp-json\/wp\/v2\/product\/8536\/revisions"}],"predecessor-version":[{"id":8537,"href":"https:\/\/hibucenter.com\/index.php\/wp-json\/wp\/v2\/product\/8536\/revisions\/8537"}],"wp:featuredmedia":[{"embeddable":true,"href":"https:\/\/hibucenter.com\/index.php\/wp-json\/wp\/v2\/media\/8538"}],"wp:attachment":[{"href":"https:\/\/hibucenter.com\/index.php\/wp-json\/wp\/v2\/media?parent=8536"}],"wp:term":[{"taxonomy":"product_cat","embeddable":true,"href":"https:\/\/hibucenter.com\/index.php\/wp-json\/wp\/v2\/product_cat?post=8536"},{"taxonomy":"product_tag","embeddable":true,"href":"https:\/\/hibucenter.com\/index.php\/wp-json\/wp\/v2\/product_tag?post=8536"}],"curies":[{"name":"wp","href":"https:\/\/api.w.org\/{rel}","templated":true}]}}