{"id":8525,"date":"2025-05-22T10:01:06","date_gmt":"2025-05-22T03:01:06","guid":{"rendered":"http:\/\/hibucenter.com\/index.php\/nhot-dong-co-senfineco-8946-5w-30-synthpro-api-sp-ilsac-gf-6-tong-hop-hoan-toan\/"},"modified":"2025-05-23T11:10:30","modified_gmt":"2025-05-23T04:10:30","slug":"nhot-dong-co-senfineco-8946-5w-30-synthpro-api-sp-ilsac-gf-6-tong-hop-hoan-toan","status":"publish","type":"product","link":"https:\/\/hibucenter.com\/index.php\/nhot-dong-co-senfineco-8946-5w-30-synthpro-api-sp-ilsac-gf-6-tong-hop-hoan-toan\/","title":{"rendered":"Nh\u1edbt \u0110\u1ed9ng C\u01a1 SENFINECO 8946 5W-30 SynthPro API SP ILSAC GF-6 T\u1ed5ng H\u1ee3p Ho\u00e0n To\u00e0n ."},"content":{"rendered":"<p>TH\u00d4NG TIN S\u1ea2N PH\u1ea8M:<br \/>\n + Th\u01b0\u01a1ng hi\u1ec7u : SENFINECO<br \/>\n + Xu\u1ea5t x\u1ee9 : \u0110\u1ee9c<br \/>\n + Dung t\u00edch :1lit<br \/>\n + T\u00ean s\u1ea3n ph\u1ea9m : 8946<br \/>\n + \u0110\u1ed9 nh\u1edbt :  5W-30 <\/p>\n<p> Senfineco 8946  SynthPro 5W30 API SP ILSAC GF-6 DEXOS 2 Nh\u1edbt \u0111\u1ed9ng c\u01a1 t\u1ed5ng h\u1ee3p ho\u00e0n to\u00e0n \u0111\u01b0\u1ee3c thi\u1ebft k\u1ebf \u0111\u1ec3 s\u1eed d\u1ee5ng cho t\u1ea5t c\u1ea3 c\u00e1c \u0111\u1ed9ng c\u01a1 b\u1ed1n th\u00ec c\u1ee7a c\u00e1c lo\u1ea1i xe h\u1ea1ng nh\u1eb9, xe t\u1ea3i nh\u1ecf v\u00e0 SUV c\u1ee7a Nh\u1eadt B\u1ea3n, H\u00e0n Qu\u1ed1c v\u00e0 M\u1ef9. L\u00fd t\u01b0\u1edfng cho \u0111\u1ed9ng c\u01a1 x\u0103ng hi\u1ec7n \u0111\u1ea1i v\u1edbi h\u1ec7 th\u1ed1ng phun nhi\u00ean li\u1ec7u tr\u1ef1c ti\u1ebfp, t\u0103ng \u00e1p v\u00e0 \u0111i\u1ec1u ph\u1ed1i van bi\u1ebfn thi\u00ean (VTEC, VVT-i, VTC, CVVT, VVL, VVTL-i, MIVEC, v.v.). \u0110\u1ea3m b\u1ea3o kh\u1edfi \u0111\u1ed9ng khi ngu\u1ed9i tuy\u1ec7t v\u1eddi, b\u1ea3o v\u1ec7 ch\u1ed1ng m\u00e0i m\u00f2n t\u1ed1i \u01b0u v\u00e0 \u0111\u1ed9 s\u1ea1ch v\u01b0\u1ee3t tr\u1ed9i c\u1ee7a \u0111\u1ed9ng c\u01a1.<br \/>\n  S\u1ea3n ph\u1ea9m \u0111\u01b0\u1ee3c s\u1eed d\u1ee5ng cho c\u1ea3 xe oto m\u00e1y x\u0103ng v\u00e0 d\u1ea7u<\/p>\n<p>*  Th\u00f4ng s\u1ed1 k\u1ef9 thu\u1eadt:<\/p>\n<p>    + SAE 5W-30<br \/>\n    +  API SP<br \/>\n    + ILSAC GF-5\/GF-6<br \/>\n    + Chrysler MS-6395<br \/>\n    + GM dexos1 Gen 2<br \/>\n    + Ford WSS-M2C946-A<br \/>\n    + Honda\/Acura HTO-6<br \/>\n    + NISSAN<br \/>\n    + subaru<br \/>\n    + Toyota<br \/>\n    + Lexus<\/p>\n<p>#HANGCHINHHANG#SENFINECO#hibucenter<br \/>\n#nhotdongco#nhotcaocap#nhotdongco#ma8946<\/p>\n","protected":false},"excerpt":{"rendered":"<p>TH\u00d4NG TIN S\u1ea2N PH\u1ea8M: + Th\u01b0\u01a1ng hi\u1ec7u : SENFINECO + Xu\u1ea5t x\u1ee9 : \u0110\u1ee9c + Dung t\u00edch :1lit + T\u00ean s\u1ea3n ph\u1ea9m : 8946 + \u0110\u1ed9 nh\u1edbt : 5W-30 Senfineco 8946 SynthPro 5W30 API SP ILSAC GF-6 DEXOS 2 Nh\u1edbt \u0111\u1ed9ng c\u01a1 t\u1ed5ng h\u1ee3p ho\u00e0n to\u00e0n \u0111\u01b0\u1ee3c thi\u1ebft k\u1ebf \u0111\u1ec3 s\u1eed d\u1ee5ng cho t\u1ea5t c\u1ea3&hellip;<\/p>\n","protected":false},"featured_media":8527,"comment_status":"closed","ping_status":"open","template":"","meta":[],"product_cat":[118],"product_tag":[187],"class_list":{"0":"post-8525","1":"product","2":"type-product","3":"status-publish","4":"has-post-thumbnail","6":"product_brand-senfineco","7":"product_cat-dung-dich-phu-gia-dau-nhon","8":"product_tag-senfineco","10":"first","11":"instock","12":"product-type-simple","13":"col-xs-6 col-sm-4","14":"col-md-3 col-lg-3","15":"un-4-cols"},"_links":{"self":[{"href":"https:\/\/hibucenter.com\/index.php\/wp-json\/wp\/v2\/product\/8525","targetHints":{"allow":["GET"]}}],"collection":[{"href":"https:\/\/hibucenter.com\/index.php\/wp-json\/wp\/v2\/product"}],"about":[{"href":"https:\/\/hibucenter.com\/index.php\/wp-json\/wp\/v2\/types\/product"}],"replies":[{"embeddable":true,"href":"https:\/\/hibucenter.com\/index.php\/wp-json\/wp\/v2\/comments?post=8525"}],"version-history":[{"count":1,"href":"https:\/\/hibucenter.com\/index.php\/wp-json\/wp\/v2\/product\/8525\/revisions"}],"predecessor-version":[{"id":8526,"href":"https:\/\/hibucenter.com\/index.php\/wp-json\/wp\/v2\/product\/8525\/revisions\/8526"}],"wp:featuredmedia":[{"embeddable":true,"href":"https:\/\/hibucenter.com\/index.php\/wp-json\/wp\/v2\/media\/8527"}],"wp:attachment":[{"href":"https:\/\/hibucenter.com\/index.php\/wp-json\/wp\/v2\/media?parent=8525"}],"wp:term":[{"taxonomy":"product_cat","embeddable":true,"href":"https:\/\/hibucenter.com\/index.php\/wp-json\/wp\/v2\/product_cat?post=8525"},{"taxonomy":"product_tag","embeddable":true,"href":"https:\/\/hibucenter.com\/index.php\/wp-json\/wp\/v2\/product_tag?post=8525"}],"curies":[{"name":"wp","href":"https:\/\/api.w.org\/{rel}","templated":true}]}}