{"id":8487,"date":"2025-05-21T15:41:05","date_gmt":"2025-05-21T08:41:05","guid":{"rendered":"https:\/\/hibucenter.com\/?post_type=product&#038;p=8487"},"modified":"2025-05-21T15:52:57","modified_gmt":"2025-05-21T08:52:57","slug":"dao-bep-petromax-all-purpose-knife-14-cm","status":"publish","type":"product","link":"https:\/\/hibucenter.com\/index.php\/dao-bep-petromax-all-purpose-knife-14-cm\/","title":{"rendered":"Dao B\u1ebfp PETROMAX All-Purpose Knife 14 cm"},"content":{"rendered":"<div class=\"swiper-tabs description description-block\">\n<div class=\"title_chir\">\n<h2 class=\"\">M\u00f4 t\u1ea3 s\u1ea3n ph\u1ea9m Dao B\u1ebfp PETROMAX All-Purpose Knife 14 cm<\/h2>\n<p><img decoding=\"async\" src=\"https:\/\/pos.nvncdn.com\/498d20-79593\/ps\/20240708_D0uceesMa5.jpeg\" \/><\/p>\n<\/div>\n<div class=\"content-text bg_w\">\n<p>\u0110\u01b0\u1ee3c l\u00e0m th\u1ee7 c\u00f4ng t\u1ea1i Solingen, th\u00e0nh ph\u1ed1 c\u1ee7a nh\u1eefng l\u01b0\u1ee1i dao, m\u1ed7i m\u1ea3nh l\u00e0 duy nh\u1ea5t: l\u1edbp oxit ri\u00eang l\u1ebb mang l\u1ea1i cho m\u1ed7i con dao m\u1ed9t v\u1ebb ngo\u00e0i \u0111\u1eb7c bi\u1ec7t<\/p>\n<p>V\u1eadt li\u1ec7u ch\u1eafc ch\u1eafn:\u00a0th\u00e9p kh\u00f4ng g\u1ec9 v\u00e0 tay c\u1ea7m b\u1eb1ng g\u1ed7 \u00f3c ch\u00f3<\/p>\n<p>\u0110\u01b0a cu\u1ed9c phi\u00eau l\u01b0u n\u1ea5u \u0103n ngo\u00e0i tr\u1eddi c\u1ee7a b\u1ea1n l\u00ean m\u1ed9t t\u1ea7m cao m\u1edbi v\u1edbi D\u1ee5ng c\u1ee5 l\u00e0m b\u1ebfp Petromax Knife bao g\u1ed3m Dao \u0111a n\u0103ng, Dao \u0111\u1ea7u b\u1ebfp v\u00e0 Dao phay. Nh\u1eefng con dao b\u1eb1ng th\u00e9p kh\u00f4ng g\u1ec9 ch\u1ea5t l\u01b0\u1ee3ng cao k\u1ebft h\u1ee3p s\u1ef1 kh\u00e9o l\u00e9o \u0111\u1ed9c \u0111\u00e1o, \u0111\u1eb7c bi\u1ec7t s\u1eafc, b\u1ec1n v\u00e0 c\u1ee9ng.<\/p>\n<p>L\u1edbp oxit ri\u00eang l\u1ebb mang l\u1ea1i cho nh\u1eefng con dao v\u1ebb ngo\u00e0i m\u1ed9c m\u1ea1c v\u00e0 khi\u1ebfn ch\u00fang tr\u1edf n\u00ean \u0111\u1ed9c \u0111\u00e1o. Th\u00e9p \u0111\u01b0\u1ee3c t\u00f4i luy\u1ec7n v\u00e0 tay c\u1ea7m t\u00e1n \u0111inh li\u1ec1n m\u1ea1ch \u0111\u1ea3m b\u1ea3o x\u1eed l\u00fd v\u00e0 v\u1ec7 sinh an to\u00e0n.<\/p>\n<p>Con dao ti\u1ec7n d\u1ee5ng \u0111\u1ec3 s\u1eed d\u1ee5ng h\u00e0ng ng\u00e0y<br \/>\nDao \u0111a n\u0103ng Petromax l\u00e0 con dao nh\u1ecf g\u1ecdn \u0111\u1ec3 n\u1ea5u \u0103n ngo\u00e0i tr\u1eddi. L\u01b0\u1ee1i dao c\u00f3 chi\u1ec1u d\u00e0i 14 cm m\u00e0 b\u1ea1n c\u00f3 th\u1ec3 d\u1ec5 d\u00e0ng c\u1eaft c\u00e1c lo\u1ea1i rau, c\u00e0 chua ho\u1eb7c c\u1eaft h\u00e0nh t\u00e2y. Tr\u1ea3i nghi\u1ec7m n\u1ea5u \u0103n ngo\u00e0i tr\u1eddi \u0111\u1ed9c \u0111\u00e1o v\u00ec l\u01b0\u1ee1i dao d\u00e0y 2 mm c\u1eaft d\u1ec5 d\u00e0ng b\u1ea5t k\u1ef3 nguy\u00ean li\u1ec7u n\u00e0o c\u1ee7a b\u1ea1n.<\/p>\n<p><img decoding=\"async\" src=\"https:\/\/pos.nvncdn.com\/498d20-79593\/ps\/20240708_ZKQH0tUO95.jpeg\" \/><\/p>\n<\/div>\n<\/div>\n<div class=\"swiper-tabs description product-detail-tab\">\n<div class=\"title_chir\">\n<h2 class=\"\">Chi ti\u1ebft s\u1ea3n ph\u1ea9m<br \/>\n<span style=\"font-size: 14px; color: #666666; font-family: Arial, 'Times New Roman', 'Bitstream Charter', Times, serif;\">&#8211; Th\u01b0\u01a1ng hi\u1ec7u: Petromax<br \/>\n<\/span><span style=\"font-size: 14px; color: #666666; font-family: Arial, 'Times New Roman', 'Bitstream Charter', Times, serif;\">&#8211; Xu\u1ea5t x\u1ee9: \u0110\u1ee9c<\/span><\/h2>\n<\/div>\n<div class=\"content-text bg_w desDetails\">\n<p>* Dao c\u1eaft g\u1ecdt (all-purpose) &#8211; 14 cm<br \/>\n&#8211; Ch\u1ea5t li\u1ec7u: th\u00e9p kh\u00f4ng g\u1ec9, s\u1ed1 v\u1eadt li\u1ec7u: 1.4116<br \/>\n&#8211; K\u00edch th\u01b0\u1edbc, x\u1ea5p x\u1ec9: 1,8 x 28 x 3,3 cm<br \/>\n&#8211; Tr\u1ecdng l\u01b0\u1ee3ng, x\u1ea5p x\u1ec9: 130 g<br \/>\n&#8211; Chi\u1ec1u d\u00e0i l\u01b0\u1ee1i: 14 cm<br \/>\n&#8211; \u0110\u1ed9 d\u00e0y: 2 mm<br \/>\n&#8211; G\u00f3c m\u00e0i: 20\u00b0<br \/>\n&#8211; \u0110\u1ed9 c\u1ee9ng Rockwell: 56 HRC<\/p>\n<p><img decoding=\"async\" src=\"https:\/\/pos.nvncdn.com\/498d20-79593\/ps\/20240708_QyY2FVZoow.jpeg\" \/><\/p>\n<\/div>\n<\/div>\n","protected":false},"excerpt":{"rendered":"<p>M\u00f4 t\u1ea3 s\u1ea3n ph\u1ea9m Dao B\u1ebfp PETROMAX All-Purpose Knife 14 cm \u0110\u01b0\u1ee3c l\u00e0m th\u1ee7 c\u00f4ng t\u1ea1i Solingen, th\u00e0nh ph\u1ed1 c\u1ee7a nh\u1eefng l\u01b0\u1ee1i dao, m\u1ed7i m\u1ea3nh l\u00e0 duy nh\u1ea5t: l\u1edbp oxit ri\u00eang l\u1ebb mang l\u1ea1i cho m\u1ed7i con dao m\u1ed9t v\u1ebb ngo\u00e0i \u0111\u1eb7c bi\u1ec7t V\u1eadt li\u1ec7u ch\u1eafc ch\u1eafn:\u00a0th\u00e9p kh\u00f4ng g\u1ec9 v\u00e0 tay c\u1ea7m b\u1eb1ng g\u1ed7 \u00f3c&hellip;<\/p>\n","protected":false},"featured_media":8484,"comment_status":"open","ping_status":"closed","template":"","meta":[],"product_cat":[161],"product_tag":[175,173,176,177],"class_list":{"0":"post-8487","1":"product","2":"type-product","3":"status-publish","4":"has-post-thumbnail","6":"product_brand-petromax","7":"product_cat-do-outdoor-camping","8":"product_tag-dao-bep-cao-cap","9":"product_tag-dao-bep-petromax","10":"product_tag-dao-bep-petromax-all-purpose-knife-14-cm","11":"product_tag-petromax","13":"first","14":"instock","15":"shipping-taxable","16":"purchasable","17":"product-type-simple","18":"col-xs-6 col-sm-4","19":"col-md-3 col-lg-3","20":"un-4-cols"},"_links":{"self":[{"href":"https:\/\/hibucenter.com\/index.php\/wp-json\/wp\/v2\/product\/8487","targetHints":{"allow":["GET"]}}],"collection":[{"href":"https:\/\/hibucenter.com\/index.php\/wp-json\/wp\/v2\/product"}],"about":[{"href":"https:\/\/hibucenter.com\/index.php\/wp-json\/wp\/v2\/types\/product"}],"replies":[{"embeddable":true,"href":"https:\/\/hibucenter.com\/index.php\/wp-json\/wp\/v2\/comments?post=8487"}],"version-history":[{"count":1,"href":"https:\/\/hibucenter.com\/index.php\/wp-json\/wp\/v2\/product\/8487\/revisions"}],"predecessor-version":[{"id":8488,"href":"https:\/\/hibucenter.com\/index.php\/wp-json\/wp\/v2\/product\/8487\/revisions\/8488"}],"wp:featuredmedia":[{"embeddable":true,"href":"https:\/\/hibucenter.com\/index.php\/wp-json\/wp\/v2\/media\/8484"}],"wp:attachment":[{"href":"https:\/\/hibucenter.com\/index.php\/wp-json\/wp\/v2\/media?parent=8487"}],"wp:term":[{"taxonomy":"product_cat","embeddable":true,"href":"https:\/\/hibucenter.com\/index.php\/wp-json\/wp\/v2\/product_cat?post=8487"},{"taxonomy":"product_tag","embeddable":true,"href":"https:\/\/hibucenter.com\/index.php\/wp-json\/wp\/v2\/product_tag?post=8487"}],"curies":[{"name":"wp","href":"https:\/\/api.w.org\/{rel}","templated":true}]}}