{"id":8371,"date":"2025-05-19T11:03:46","date_gmt":"2025-05-19T04:03:46","guid":{"rendered":"https:\/\/hibucenter.com\/?post_type=product&#038;p=8371"},"modified":"2025-05-19T14:02:35","modified_gmt":"2025-05-19T07:02:35","slug":"den-pin-chong-chay-no-ledlenser-exc6r","status":"publish","type":"product","link":"https:\/\/hibucenter.com\/index.php\/den-pin-chong-chay-no-ledlenser-exc6r\/","title":{"rendered":"\u0110\u00e8n pin ch\u1ed1ng ch\u00e1y n\u1ed5 LEDLENSER EXC6R"},"content":{"rendered":"<p>\u0110\u00e8n pin ch\u1ed1ng ch\u00e1y n\u1ed5 LEDLENSER EXC6R<\/p>\n<p><strong>Ledlenser EXC6R<\/strong>\u00a0( Zone 0\/21) ( M\u00e3 : 502406 )<br \/>\nTi\u1ec7n d\u1ee5ng, \u0111a n\u0103ng v\u00e0 t\u00edch h\u1ee3p nhi\u1ec1u t\u00ednh n\u0103ng \u0111\u1ed9c \u0111\u00e1o: EXC6R l\u00e0 \u0111\u00e8n g\u00f3c vu\u00f4ng chuy\u00ean nghi\u1ec7p, si\u00eau nh\u1ecf g\u1ecdn d\u00e0nh cho l\u00ednh c\u1ee9u h\u1ecfa theo ti\u00eau chu\u1ea9n DIN 14649. \u0110\u01b0\u1ee3c ph\u00e1t tri\u1ec3n v\u1edbi s\u1ef1 h\u1ee3p t\u00e1c ch\u1eb7t ch\u1ebd v\u1edbi l\u00ednh c\u1ee9u h\u1ecfa gi\u00e0u kinh nghi\u1ec7m, EXC6R cung c\u1ea5p nhi\u1ec1u t\u00ednh n\u0103ng t\u1ea1o n\u00ean s\u1ef1 kh\u00e1c bi\u1ec7t khi t\u00ecnh hu\u1ed1ng tr\u1edf n\u00ean nghi\u00eam tr\u1ecdng. \u0110\u00e8n c\u00f3 th\u1ec3 \u0111i\u1ec1u ch\u1ec9nh \u0111\u1ed9 s\u00e1ng m\u1ea1nh m\u1ebd v\u1edbi\u00a0 ch\u1ee9c n\u0103ng \u0111\u00e8n pha \u0111\u1ec3 chi\u1ebfu s\u00e1ng r\u1ed9ng kh\u1eafp khu v\u1ef1c l\u00e0m vi\u1ec7c , h\u01a1n chi\u1ebfc \u0111\u00e8n pin c\u1ed5 \u0111i\u1ec3n. \u0110\u1ea7u \u0111\u00e8n c\u00f3 th\u1ec3 xoay l\u00ean tr\u00ean v\u00e0 xu\u1ed1ng d\u01b0\u1edbi, cung c\u1ea5p \u00e1nh s\u00e1ng l\u00fd t\u01b0\u1edfng \u0111\u1ec3 chi\u1ebfu s\u00e1ng \u0111\u01b0\u1eddng \u0111i ho\u1eb7c tr\u00e1nh l\u00e0m ch\u00f3i m\u1eaft ng\u01b0\u1eddi kh\u00e1c. Nh\u1edd k\u1eb9p linh ho\u1ea1t, EXC6R c\u00f3 th\u1ec3 \u0111\u01b0\u1ee3c g\u1eafn v\u00e0o thi\u1ebft b\u1ecb theo nhi\u1ec1u c\u00e1ch kh\u00e1c nhau. Pin m\u1ea1nh m\u1ebd c\u00f3 th\u1ec3 thay th\u1ebf khi c\u1ea7n thi\u1ebft, mang l\u1ea1i tu\u1ed5i th\u1ecd pin d\u00e0i v\u00e0 \u0111\u1ed9 b\u1ec1n t\u1ed1t. B\u1ea3o v\u1ec7 ch\u1ed1ng ch\u00e1y n\u1ed5 ( Zone 0\/21) : Ex ia IIC T4 Ga, Ex ib IIIC T135 \u00b0C Db.<\/p>\n<h4>Th\u00f4ng s\u1ed1 \u0110\u00e8n pin ch\u1ed1ng ch\u00e1y n\u1ed5 LEDLENSER EXC6R<\/h4>\n<p><strong>\u0110\u00e1p \u1ee9ng ca\u0301c ti\u00eau chu\u00e2\u0309n ch\u00f4\u0301ng cha\u0301y n\u00f4\u0309:<\/strong><\/p>\n<p>\u2013 Ch\u01b0\u0301ng nh\u00e2\u0323n ATEX: SGS22ATEX0039<br \/>\n\u2013 Ch\u01b0\u0301ng nh\u00e2\u0323n IEC Ex: IECEx BAS 22.0027<br \/>\n\u2013 Chu\u00e2\u0309n Ex : II 1G Ex ia IIC T4 Ga<br \/>\nII 2D Ex ib IIIC T135\u00b0C Db<br \/>\n\u2013 Ex-Zone Gas:\u00a0 \u00a00<br \/>\n\u2013 Nho\u0301m Gas : IIA, IIB, IIC<br \/>\n\u2013 C\u00e2\u0301p nhi\u00ea\u0323t Gas: T4<br \/>\n\u2013 Ex-Zone Bu\u0323i: 21<br \/>\n\u2013 Nho\u0301m Bu\u0323i: IIIA, IIIB,IIIC<br \/>\n\u2013 C\u00e2\u0301p Bu\u0323i Nhi\u00ea\u0323t: 135\u00b0C.<\/p>\n<p><img decoding=\"async\" src=\"https:\/\/www.torchdirect.co.uk\/cdn\/shop\/files\/Ledlenser-EXC6R-ATEX-Zone-021-Rechargeable-LED-Angle-Torch-6.jpg?v=1710781247&amp;width=1214\" alt=\"Ledlenser EXC6R ATEX Zone 0\/21 Rechargeable LED Angle Torch\" \/><\/p>\n<h4>Hi\u1ec7u su\u1ea5t \u0110\u00e8n pin ch\u1ed1ng ch\u00e1y n\u1ed5 LEDLENSER EXC6R<\/h4>\n<div class=\"performance-wrap\">\n<table class=\"table-performance\" style=\"width: 79.4552%; height: 394px;\">\n<tbody>\n<tr>\n<td><strong>Ti\u00eau chu\u1ea9n FL1<\/strong><\/td>\n<td><strong>T\u1ed1i \u0111a<\/strong><\/td>\n<td><strong>T\u1ed1i thi\u1ec3u<\/strong><\/td>\n<\/tr>\n<tr>\n<td><img decoding=\"async\" title=\"Lumens\" src=\"https:\/\/www.ledlenser.vn\/wp-content\/uploads\/2017\/03\/icon_lumens.png\" alt=\"Lumens\" \/><\/td>\n<td>300<br \/>\nLUMENS<\/td>\n<td>120<br \/>\nLUMENS<\/td>\n<\/tr>\n<tr>\n<td><img decoding=\"async\" title=\"Kho\u1ea3ng c\u00e1ch\" src=\"https:\/\/www.ledlenser.vn\/wp-content\/uploads\/2017\/03\/icon_distance.png\" alt=\"Kho\u1ea3ng c\u00e1ch\" \/><\/td>\n<td>180<\/td>\n<td>30<\/td>\n<\/tr>\n<tr>\n<td><img decoding=\"async\" title=\"Th\u1eddi l\u01b0\u1ee3ng Pin\" src=\"https:\/\/www.ledlenser.vn\/wp-content\/uploads\/2017\/03\/icon_time.png\" alt=\"Th\u1eddi l\u01b0\u1ee3ng Pin\" \/><\/td>\n<td>3<\/td>\n<td>10<\/td>\n<\/tr>\n<tr>\n<td><img decoding=\"async\" title=\"Ch\u1ed1ng n\u01b0\u1edbc\" src=\"https:\/\/www.ledlenser.vn\/wp-content\/uploads\/2017\/03\/icon_water.png\" alt=\"Ch\u1ed1ng n\u01b0\u1edbc\" \/><\/td>\n<td colspan=\"2\">IP68<\/td>\n<\/tr>\n<\/tbody>\n<\/table>\n<p>&nbsp;<\/p>\n<\/div>\n<p><strong>Th\u00f4ng s\u00f4\u0301 ky\u0303 thu\u00e2\u0323t \u0110\u00e8n pin ch\u1ed1ng ch\u00e1y n\u1ed5 LEDLENSER EXC6R<br \/>\n<\/strong><\/p>\n<p>\u2013 \u0110\u00e8n g\u00f3c vu\u00f4ng si\u00eau nh\u1ecf g\u1ecdn d\u00e0nh cho l\u00ednh c\u1ee9u h\u1ecfa theo ti\u00eau chu\u1ea9n DIN 14649<br \/>\n\u2013 \u0110\u00e8n LED ri\u00eang bi\u1ec7t cho ch\u00f9m s\u00e1ng cao t\u1eadp trung ho\u1eb7c \u0111\u00e8n l\u00e0m vi\u1ec7c \u0111\u1ed3ng nh\u1ea5t, kh\u00f4ng ch\u00f3i \u1edf c\u1ef1 ly g\u1ea7n<br \/>\n\u2013 \u0110\u1ea7u \u0111\u00e8n c\u00f3 th\u1ec3 xoay 135\u00b0 theo c\u1ea3 hai h\u01b0\u1edbng, do \u0111\u00f3, ch\u00f3a \u0111\u00e8n c\u00f3 th\u1ec3 \u0111\u01b0\u1ee3c \u0111\u1ecbnh h\u01b0\u1edbng l\u00fd t\u01b0\u1edfng \u0111\u1ec3 ph\u00f9 h\u1ee3p v\u1edbi t\u00ecnh hu\u1ed1ng<br \/>\n\u2013 K\u1eb9p v\u00e0 v\u00f2ng xoay \u0111\u1ec3 l\u1eafp linh ho\u1ea1t, v\u00ed d\u1ee5 nh\u01b0 tr\u00ean t\u00fai ho\u1eb7c thi\u1ebft b\u1ecb b\u1ea3o v\u1ec7 h\u00f4 h\u1ea5p<br \/>\n\u2013 Pin t\u00edch h\u1ee3p, c\u00f3 th\u1ec3 thay th\u1ebf v\u1edbi tr\u1ea1m s\u1ea1c \u0111\u1ec3 l\u1eafp tr\u00ean xe; ch\u1ec9 b\u00e1o m\u1ee9c pin v\u00e0 s\u1ea1c t\u00edch h\u1ee3p<br \/>\n\u2013 K\u00edch th\u01b0\u1edbc: 69 x 67 x 138 mm<br \/>\n\u2013 Tr\u1ecdng l\u01b0\u1ee3ng: 285 g<br \/>\n\u2013 Pin 1 x li-ion 3.7V 1900mAh<br \/>\n\u2013 CRI: 70<br \/>\n\u2013 Nhi\u1ec7t \u0111\u1ed9 m\u00e0u : 4600 \u2013 5400 K<br \/>\n\u2013 Ph\u1ee5 ki\u1ec7n \u0111\u00ednh k\u00e8m : 1 x set of rechargeable batteries,\u00a0 Adaptor cable, Charging station, Pocket clip, Power adapter<\/p>\n<p><img decoding=\"async\" src=\"https:\/\/www.torchdirect.co.uk\/cdn\/shop\/files\/Ledlenser-EXC6R-ATEX-Zone-021-Rechargeable-LED-Angle-Torch-2.jpg?v=1710781231&amp;width=1214\" alt=\"Ledlenser EXC6R ATEX Zone 0\/21 Rechargeable LED Angle Torch\" \/><\/p>\n<p class=\"hasIframe\"><iframe title=\"Ledlenser EXC6R ATEX Sertifikal\u0131 El Feneri \u0130ncelemesi\" src=\"https:\/\/www.youtube.com\/embed\/rjoKyMcSSQ8?feature=oembed\" width=\"650\" height=\"366\" frameborder=\"0\" allowfullscreen=\"allowfullscreen\" data-mce-fragment=\"1\"><\/iframe><\/p>\n<div class=\"specs-file\"><a href=\"https:\/\/www.ledlenser.vn\/wp-content\/uploads\/2024\/11\/EXC6R_en.pdf\" download=\"EXC6R\" target=\"_blank\" rel=\"noopener\"><i class=\"fa fa-file-text-o\"><\/i>\u00a0T\u1ea3i t\u00e0i li\u1ec7u PDF<\/a><\/div>\n","protected":false},"excerpt":{"rendered":"<p><strong>Ledlenser EXC6R<\/strong>\u00a0( Zone 0\/21) ( M\u00e3 : 502406 )<br \/>\nTi\u1ec7n d\u1ee5ng, \u0111a n\u0103ng v\u00e0 t\u00edch h\u1ee3p nhi\u1ec1u t\u00ednh n\u0103ng \u0111\u1ed9c \u0111\u00e1o: EXC6R l\u00e0 \u0111\u00e8n g\u00f3c vu\u00f4ng chuy\u00ean nghi\u1ec7p, si\u00eau nh\u1ecf g\u1ecdn d\u00e0nh cho l\u00ednh c\u1ee9u h\u1ecfa theo ti\u00eau chu\u1ea9n DIN 14649. \u0110\u01b0\u1ee3c ph\u00e1t tri\u1ec3n v\u1edbi s\u1ef1 h\u1ee3p t\u00e1c ch\u1eb7t ch\u1ebd v\u1edbi l\u00ednh c\u1ee9u h\u1ecfa gi\u00e0u kinh nghi\u1ec7m, EXC6R cung c\u1ea5p nhi\u1ec1u t\u00ednh n\u0103ng t\u1ea1o n\u00ean s\u1ef1 kh\u00e1c bi\u1ec7t khi t\u00ecnh hu\u1ed1ng tr\u1edf n\u00ean nghi\u00eam tr\u1ecdng. \u0110\u00e8n c\u00f3 th\u1ec3 \u0111i\u1ec1u ch\u1ec9nh \u0111\u1ed9 s\u00e1ng m\u1ea1nh m\u1ebd v\u1edbi\u00a0 ch\u1ee9c n\u0103ng \u0111\u00e8n pha \u0111\u1ec3 chi\u1ebfu s\u00e1ng r\u1ed9ng kh\u1eafp khu v\u1ef1c l\u00e0m vi\u1ec7c , h\u01a1n chi\u1ebfc \u0111\u00e8n pin c\u1ed5 \u0111i\u1ec3n. \u0110\u1ea7u \u0111\u00e8n c\u00f3 th\u1ec3 xoay l\u00ean tr\u00ean v\u00e0 xu\u1ed1ng d\u01b0\u1edbi, cung c\u1ea5p \u00e1nh s\u00e1ng l\u00fd t\u01b0\u1edfng \u0111\u1ec3 chi\u1ebfu s\u00e1ng \u0111\u01b0\u1eddng \u0111i ho\u1eb7c tr\u00e1nh l\u00e0m ch\u00f3i m\u1eaft ng\u01b0\u1eddi kh\u00e1c. Nh\u1edd k\u1eb9p linh ho\u1ea1t, EXC6R c\u00f3 th\u1ec3 \u0111\u01b0\u1ee3c g\u1eafn v\u00e0o thi\u1ebft b\u1ecb theo nhi\u1ec1u c\u00e1ch kh\u00e1c nhau. Pin m\u1ea1nh m\u1ebd c\u00f3 th\u1ec3 thay th\u1ebf khi c\u1ea7n thi\u1ebft, mang l\u1ea1i tu\u1ed5i th\u1ecd pin d\u00e0i v\u00e0 \u0111\u1ed9 b\u1ec1n t\u1ed1t. B\u1ea3o v\u1ec7 ch\u1ed1ng ch\u00e1y n\u1ed5 ( Zone 0\/21) : Ex ia IIC T4 Ga, Ex ib IIIC T135 \u00b0C Db.<\/p>\n","protected":false},"featured_media":8372,"comment_status":"open","ping_status":"closed","template":"","meta":[],"product_cat":[80],"product_tag":[121,99,88,104,125,83,124],"class_list":{"0":"post-8371","1":"product","2":"type-product","3":"status-publish","4":"has-post-thumbnail","6":"product_brand-ledlenser","7":"product_cat-den-pin-cao-cap","8":"product_tag-den-pin-chong-chay-no","9":"product_tag-den-pin-cong-nghiep","10":"product_tag-den-pin-duc","11":"product_tag-den-pin-ledlenser","12":"product_tag-exc6r","13":"product_tag-ledlenser","14":"product_tag-ledlenser-exc6r","16":"first","17":"instock","18":"shipping-taxable","19":"purchasable","20":"product-type-simple","21":"col-xs-6 col-sm-4","22":"col-md-3 col-lg-3","23":"un-4-cols"},"_links":{"self":[{"href":"https:\/\/hibucenter.com\/index.php\/wp-json\/wp\/v2\/product\/8371","targetHints":{"allow":["GET"]}}],"collection":[{"href":"https:\/\/hibucenter.com\/index.php\/wp-json\/wp\/v2\/product"}],"about":[{"href":"https:\/\/hibucenter.com\/index.php\/wp-json\/wp\/v2\/types\/product"}],"replies":[{"embeddable":true,"href":"https:\/\/hibucenter.com\/index.php\/wp-json\/wp\/v2\/comments?post=8371"}],"version-history":[{"count":2,"href":"https:\/\/hibucenter.com\/index.php\/wp-json\/wp\/v2\/product\/8371\/revisions"}],"predecessor-version":[{"id":8378,"href":"https:\/\/hibucenter.com\/index.php\/wp-json\/wp\/v2\/product\/8371\/revisions\/8378"}],"wp:featuredmedia":[{"embeddable":true,"href":"https:\/\/hibucenter.com\/index.php\/wp-json\/wp\/v2\/media\/8372"}],"wp:attachment":[{"href":"https:\/\/hibucenter.com\/index.php\/wp-json\/wp\/v2\/media?parent=8371"}],"wp:term":[{"taxonomy":"product_cat","embeddable":true,"href":"https:\/\/hibucenter.com\/index.php\/wp-json\/wp\/v2\/product_cat?post=8371"},{"taxonomy":"product_tag","embeddable":true,"href":"https:\/\/hibucenter.com\/index.php\/wp-json\/wp\/v2\/product_tag?post=8371"}],"curies":[{"name":"wp","href":"https:\/\/api.w.org\/{rel}","templated":true}]}}