{"id":8353,"date":"2025-05-16T13:49:54","date_gmt":"2025-05-16T06:49:54","guid":{"rendered":"https:\/\/hibucenter.com\/index.php\/sonax-dung-dich-danh-bong-son-kho-xtreme-brilliant-shine-detailer-287400-750ml\/"},"modified":"2025-05-23T11:11:02","modified_gmt":"2025-05-23T04:11:02","slug":"sonax-dung-dich-danh-bong-son-kho-xtreme-brilliant-shine-detailer-287400-750ml","status":"publish","type":"product","link":"https:\/\/hibucenter.com\/index.php\/sonax-dung-dich-danh-bong-son-kho-xtreme-brilliant-shine-detailer-287400-750ml\/","title":{"rendered":"SONAX Dung D\u1ecbch \u0110\u00e1nh B\u00f3ng S\u01a1n Kh\u00f4 Xtreme Brilliant Shine Detailer 287400 750ml"},"content":{"rendered":"<p>[ 287400 ] Dung D\u1ecbch \u0110\u00e1nh B\u00f3ng S\u01a1n Kh\u00f4 SONAX Xtreme Brilliant Shine Detailer 287400 750ml<\/p>\n<p>HB Center xin gi\u1edbi thi\u1ec7u s\u1ea3n ph\u1ea9m Dung d\u1ecbch \u0111\u00e1nh b\u00f3ng s\u01a1n kh\u00f4 Sonax Xtreme Brilliant Shine Detailer 287400 L\u00e0 s\u1ea3n ph\u1ea9m \u0111\u00e1nh b\u00f3ng v\u00e0 b\u1ea3o v\u1ec7 ho\u00e0n h\u1ea3o cho chi\u1ebfc xe c\u1ee7a b\u1ea1n.<\/p>\n<p>< > M\u00f4 t\u1ea3 s\u1ea3n ph\u1ea9m:<br \/>\n+ Dung d\u1ecbch \u0111\u00e1nh b\u00f3ng s\u01a1n kh\u00f4 Sonax Xtreme Brilliant Shine Detailer 287400 L\u00e0m s\u1ea1ch b\u1ec1 m\u1eb7t b\u1ea9n nh\u1eb9 nh\u00e0ng v\u00e0 k\u1ef9 l\u01b0\u1ee1ng, kh\u00f4ng b\u1ecb tr\u1ea7y x\u01b0\u1edbc.<br \/>\n+ D\u00f9ng cho vi\u1ec7c l\u00e0m s\u1ea1ch, \u0111\u00e1nh b\u00f3ng v\u00e0 b\u1ea3o v\u1ec7 b\u1ec1 m\u1eb7t s\u01a1n \u00f4 t\u00f4 1 c\u00e1ch nhanh ch\u00f3ng.<br \/>\n+ Dung d\u1ecbch \u0111\u00e1nh b\u00f3ng s\u01a1n kh\u00f4 Sonax Xtreme Brilliant Shine Detailer 287400 t\u0103ng c\u01b0\u1eddng \u0111\u1ed9 b\u00f3ng s\u01a1n v\u00e0 mang l\u1ea1i cho s\u01a1n m\u1ed9t b\u1ec1 m\u1eb7t m\u1ecbn m\u01b0\u1ee3t v\u00e0 b\u00f3ng s\u00e1ng r\u1ef1c r\u1ee1.<br \/>\n+ S\u1ea3n ph\u1ea9m cung c\u1ea5p th\u00eam hi\u1ec7u \u1ee9ng ch\u1ed1ng th\u1ea5m n\u01b0\u1edbc<br \/>\n+ V\u1edbi Sonax Xtreme Brilliant Shine Detailer 287400 b\u1ea1n c\u00f3 th\u1ec3 ch\u0103m s\u00f3c s\u01a1n xe nhanh ch\u00f3ng v\u00e0 b\u1ea5t c\u1ee9 l\u00fac n\u00e0o.<\/p>\n<p>< > Th\u00f4ng s\u1ed1 k\u1ef9 thu\u1eadt:<br \/>\n* Th\u01b0\u01a1ng hi\u1ec7u: SONAX Ch\u00ednh h\u00e3ng<br \/>\n* Xu\u1ea5t x\u1ee9: \u0110\u1ee9c<br \/>\n* S\u1ea3n xu\u1ea5t t\u1ea1i: \u0110\u1ee9c<br \/>\n* M\u00e3 s\u1ea3n ph\u1ea9m: 287400<br \/>\n* Dung t\u00edch: 750ml<br \/>\n* M\u00e0u s\u1eafc: xanh da tr\u1eddi<\/p>\n<p>< > H\u01b0\u1edbng d\u1eabn s\u1eed d\u1ee5ng<br \/>\n\u2013 R\u1eeda x\u1ea1ch xe tr\u01b0\u1edbc ( khuy\u00ean d\u00f9ng n\u01b0\u1edbc r\u1eeda xe Sonax Gloss Shampoo )<br \/>\n\u2013 L\u1eafc \u0111\u1ec1u chai Sonax Xtreme Brilliant Shine Detailer tr\u01b0\u1edbc khi s\u1eed d\u1ee5ng<br \/>\n\u2013 B\u00f3p &#038; Xoay \u0111\u1ea7u phun 180\u00b0 \u0111\u1ec3 m\u1edf kh\u00f3a \u0111\u1ea7u phun.<br \/>\n\u2013 Phun m\u1ed9t \u00edt dung d\u1ecbch l\u00ean b\u1ec1 m\u1eb7t s\u01a1n v\u1eabn \u0111ang c\u00f2n \u01b0\u1edbt ho\u1eb7c kh\u00f4.<br \/>\n\u2013 D\u00f9ng kh\u0103n s\u1ea1ch m\u1ec1m lau l\u1ea1i \u0111\u1ec3 \u0111\u1ea1t \u0111\u1ed9 b\u00f3ng t\u1ed1i \u0111a.<br \/>\n\u2013 Ch\u1ec9 phun v\u00e0 \u0111\u00e1nh b\u00f3ng t\u1eebng g\u00f3c nh\u1ecf m\u1ed9t<br \/>\n\u2013 N\u1ebfu dung d\u1ecbch \u0111\u00e1nh b\u00f3ng \u0111\u00e3 kh\u00f4, ch\u1ec9 c\u1ea7n phun l\u1ea1i r\u1ed3i lau ngay<br \/>\n\u2013 Khuy\u00ean d\u00f9ng ngay sau khi r\u1eeda xe xong \u0111\u1ec3 \u0111\u1ea1t \u0111\u01b0\u1ee3c \u0111\u1ed9 s\u00e1ng b\u00f3ng t\u1ed1i \u0111a.<\/p>\n<p>< > Gi\u1edbi thi\u1ec7u v\u1ec1 th\u01b0\u01a1ng hi\u1ec7u<br \/>\n&#8211; Th\u01b0\u01a1ng hi\u1ec7u Sonax l\u00e0 m\u1ed9t trong nh\u1eefng th\u01b0\u01a1ng hi\u1ec7u th\u00e0nh c\u00f4ng nh\u1ea5t v\u1ec1 c\u00e1c s\u1ea3n ph\u1ea9m ch\u0103m s\u00f3c xe h\u01a1i tr\u00ean to\u00e0n th\u1ebf gi\u1edbi \u0111\u01b0\u1ee3c ra \u0111\u1eddi v\u00e0o n\u0103m 1949 t\u1ea1i \u0110\u1ee9c.<br \/>\n&#8211; C\u00e1c s\u1ea3n ph\u1ea9m c\u1ee7a Sonax tu\u00e2n th\u1ee7 nghi\u00eam ng\u1eb7t c\u00e1c quy \u0111\u1ecbnh, ti\u00eau chu\u1ea9n ch\u1ea5t l\u01b0\u1ee3ng ch\u00e2u \u00c2u, ti\u00eau chu\u1ea9n v\u1ec1 m\u00f4i tr\u01b0\u1eddng v\u00e0 \u0111\u1ea1t ch\u1ee9ng nh\u1eadn ISO-9001.<br \/>\n&#8211; Sonax \u0111\u01b0\u1ee3c c\u00e1c t\u1ea1p ch\u00ed xe h\u01a1i n\u1ed5i ti\u1ebfng nh\u01b0 Auto Motor and Sport, 4WheelFun, Motorsport News b\u00ecnh ch\u1ecdn l\u00e0 th\u01b0\u01a1ng hi\u1ec7u t\u1ed1t h\u00e0ng \u0111\u1ea7u Th\u1ebf Gi\u1edbi.<\/p>\n<p>(*) HB Center xin cam k\u1ebft b\u00e1n t\u1ea5t c\u1ea3 s\u1ea3n ph\u1ea9m Sonax Ch\u00ednh H\u00e3ng &#8211; Uy T\u00edn &#8211; Ch\u1ea5t L\u01b0\u1ee3ng.<\/p>\n<p>#HiBuddyShop #HibuShop #HibuAuto #HBCenter #Sonax #ChaiXitDanhBongSonUotSonaxXtremeBrilliantShineDetailer287400 #SonaxXtremeBrilliantShineDetailer287400 #phugiaxemay #phugiaxeoto<\/p>\n","protected":false},"excerpt":{"rendered":"<p>[ 287400 ] Dung D\u1ecbch \u0110\u00e1nh B\u00f3ng S\u01a1n Kh\u00f4 SONAX Xtreme Brilliant Shine Detailer 287400 750ml HB Center xin gi\u1edbi thi\u1ec7u s\u1ea3n ph\u1ea9m Dung d\u1ecbch \u0111\u00e1nh b\u00f3ng s\u01a1n kh\u00f4 Sonax Xtreme Brilliant Shine Detailer 287400 L\u00e0 s\u1ea3n ph\u1ea9m \u0111\u00e1nh b\u00f3ng v\u00e0 b\u1ea3o v\u1ec7 ho\u00e0n h\u1ea3o cho chi\u1ebfc xe c\u1ee7a b\u1ea1n. < > M\u00f4 t\u1ea3 s\u1ea3n&hellip;<\/p>\n","protected":false},"featured_media":8355,"comment_status":"closed","ping_status":"open","template":"","meta":[],"product_cat":[118],"product_tag":[188],"class_list":{"0":"post-8353","1":"product","2":"type-product","3":"status-publish","4":"has-post-thumbnail","6":"product_brand-sonax","7":"product_cat-dung-dich-phu-gia-dau-nhon","8":"product_tag-sonax","10":"first","11":"instock","12":"purchasable","13":"product-type-simple","14":"col-xs-6 col-sm-4","15":"col-md-3 col-lg-3","16":"un-4-cols"},"_links":{"self":[{"href":"https:\/\/hibucenter.com\/index.php\/wp-json\/wp\/v2\/product\/8353","targetHints":{"allow":["GET"]}}],"collection":[{"href":"https:\/\/hibucenter.com\/index.php\/wp-json\/wp\/v2\/product"}],"about":[{"href":"https:\/\/hibucenter.com\/index.php\/wp-json\/wp\/v2\/types\/product"}],"replies":[{"embeddable":true,"href":"https:\/\/hibucenter.com\/index.php\/wp-json\/wp\/v2\/comments?post=8353"}],"version-history":[{"count":1,"href":"https:\/\/hibucenter.com\/index.php\/wp-json\/wp\/v2\/product\/8353\/revisions"}],"predecessor-version":[{"id":8354,"href":"https:\/\/hibucenter.com\/index.php\/wp-json\/wp\/v2\/product\/8353\/revisions\/8354"}],"wp:featuredmedia":[{"embeddable":true,"href":"https:\/\/hibucenter.com\/index.php\/wp-json\/wp\/v2\/media\/8355"}],"wp:attachment":[{"href":"https:\/\/hibucenter.com\/index.php\/wp-json\/wp\/v2\/media?parent=8353"}],"wp:term":[{"taxonomy":"product_cat","embeddable":true,"href":"https:\/\/hibucenter.com\/index.php\/wp-json\/wp\/v2\/product_cat?post=8353"},{"taxonomy":"product_tag","embeddable":true,"href":"https:\/\/hibucenter.com\/index.php\/wp-json\/wp\/v2\/product_tag?post=8353"}],"curies":[{"name":"wp","href":"https:\/\/api.w.org\/{rel}","templated":true}]}}